{"id":4201,"date":"2023-09-04T13:45:38","date_gmt":"2023-09-04T13:45:38","guid":{"rendered":"https:\/\/fastcar.shop\/?post_type=product&#038;p=4201"},"modified":"2026-03-20T11:02:54","modified_gmt":"2026-03-20T09:02:54","slug":"competition-running-in-oil","status":"publish","type":"product","link":"https:\/\/fastcar.shop\/lt\/product\/competition-running-in-oil\/","title":{"rendered":"MILLERS OILS Competition Running In Oil"},"content":{"rendered":"<p style=\"text-align: left;\">Savyb\u0117s ir privalumai<\/p>\n<ul style=\"text-align: left;\">\n<li>Sukurta atsi\u017evelgiant \u012f profesionali\u0173 varikli\u0173 montuotoj\u0173 poreikius.<\/li>\n<li>Maksimaliai padidina galios i\u0161vest\u012f, optimizuodama \u012fdirbimo proces\u0105.<\/li>\n<li>Suteikia piln\u0105 apsaug\u0105 intensyviai apkrautiems komponentams, u\u017etikrinant optimal\u0173 st\u016bmoklio \u017eied\u0173 ir cilindr\u0173 \u012fdirbim\u0105.<\/li>\n<li>Pried\u0173 technologija leid\u017eia trumpalaikius pilno kr\u016bvio veikimus.<\/li>\n<li>Pasirinktos viskometrin\u0117s savyb\u0117s u\u017etikrina, kad net esant stipriam pried\u0173 sistemos veikimui, st\u016bmokliai gal\u0117t\u0173 pasiekti patenkinam\u0105 ribin\u012f sutepim\u0105 \u012fdirbimo tikslais.<\/li>\n<\/ul>\n<p style=\"text-align: left;\">Var\u017eybin\u0117 \u012fdirbimo alyva, skirta bandymams iki 4 valand\u0173. Pa\u017eangios formul\u0117s auk\u0161tos kokyb\u0117s tirpikli\u0173 rafinuoti mineraliniai aliejai, praturtinti specialiais ma\u017eo laki\u0173j\u0173 komponentais ir tinkamais priedais. Kruop\u0161\u010diai sukurta, kad u\u017etikrint\u0173 labai auk\u0161t\u0105 apsaugos lyg\u012f naujiems variklio komponentams ir paspartint\u0173 \u012fdirbimo proces\u0105.<br \/>\nIdealiai tinka bandym\u0173 stendo bandymams.<\/p>\n<p style=\"text-align: left;\">\u012eDIRBIMO PROCED\u016aRA IR ATSAKOMYB\u0116S<\/p>\n<p style=\"text-align: left;\">Millers Oils \u012fdirbimo alyva buvo sukurta taip, kad tarnaut\u0173 vis\u0105 \u012fdirbimo proced\u016br\u0105. Nenaudokite pilnai sintetini\u0173 ar pusiau sintetini\u0173 alyv\u0173, kol procesas n\u0117ra visi\u0161kai u\u017ebaigtas, nes tai gali sukelti cilindro sienel\u0117s glaz\u016bravim\u0105.<\/p>\n<ul style=\"text-align: left;\">\n<li>Kai variklis yra kokybi\u0161kai sumontuotas, pripilkite \u012fdirbimo alyvos iki maksimalios \u017eym\u0117s ant alyvos matuoklio.<\/li>\n<li>Variklis turi b\u016bti dirbamas did\u017eiausio sukimo momento re\u017eimu apie 500 myli\u0173 kelyje arba bandym\u0173 stende.<\/li>\n<li>\u012edirbimo proced\u016bros u\u017ebaigimo po\u017eymiai yra:<\/li>\n<li>Suspaudimo santykis atitinka gamintojo specifikacijas.<\/li>\n<li>Padid\u0117jusi variklio galia, pvz., pagreitis.<\/li>\n<li>Pager\u0117jusi efektyvumas.<\/li>\n<li>Suma\u017e\u0117j\u0119s alyvos sunaudojimas.<\/li>\n<\/ul>\n<p style=\"text-align: left;\">Nors Millers Oils pateikia bendras \u012fdirbimo proceso gaires, atsakomyb\u0117 tenka variklio montuotojui u\u017etikrinti, kad kiekvienam varikliui tinkama proced\u016bra b\u016bt\u0173 atlikta efektyviai.<\/p>\n<p style=\"text-align: left;\" class=\"translation-block\">D\u0117l vis\u0173 i\u0161samios informacijos apie na\u0161umo profilius ir specifikacijas \u017ei\u016br\u0117ti gaminio duomen\u0173 lap\u0105.<\/p>\n<p style=\"text-align: left;\"><a href=\"https:\/\/fastcar.shop\/wp-content\/uploads\/2023\/09\/Competition-Running-In-Oil.pdf\">Gaminio duomen\u0173 lapas <img loading=\"lazy\" decoding=\"async\" class=\"alignnone size-full wp-image-3251\" src=\"https:\/\/fastcar.shop\/wp-content\/uploads\/2022\/01\/pdf-e1641824783993.png\" alt=\"\" width=\"30\" height=\"23\" \/><\/a><\/p>","protected":false},"excerpt":{"rendered":"<p style=\"text-align: left;\">Mineralin\u0117, daugiaklamp\u0117 variklio \u012fdirbimo alyva<\/p>","protected":false},"featured_media":4203,"template":"","meta":[],"product_brand":[],"product_cat":[1786,1792,885],"product_tag":[],"class_list":{"0":"post-4201","1":"product","2":"type-product","3":"status-publish","4":"has-post-thumbnail","6":"product_cat-engine-oil","7":"product_cat-racing","8":"product_cat-oils_lubricants","9":"product_provider-millers-oils","11":"first","12":"instock","13":"taxable","14":"shipping-taxable","15":"purchasable","16":"product-type-variable"},"aioseo_notices":[],"yoast_head":"<!-- This site is optimized with the Yoast SEO plugin v27.3 - https:\/\/yoast.com\/product\/yoast-seo-wordpress\/ -->\n<title>Competition Running In Oil<\/title>\n<meta name=\"robots\" content=\"index, follow, max-snippet:-1, max-image-preview:large, max-video-preview:-1\" \/>\n<link rel=\"canonical\" href=\"https:\/\/fastcar.shop\/lt\/produktas\/competition-running-in-oil\/\" \/>\n<meta property=\"og:locale\" content=\"lt_LT\" \/>\n<meta property=\"og:type\" content=\"article\" \/>\n<meta property=\"og:title\" content=\"Competition Running In Oil\" \/>\n<meta property=\"og:description\" content=\"Mineral, Multi Viscosity running in oil\" \/>\n<meta property=\"og:url\" content=\"https:\/\/fastcar.shop\/lt\/produktas\/competition-running-in-oil\/\" \/>\n<meta property=\"og:site_name\" content=\"Fast Car Shop\" \/>\n<meta property=\"article:publisher\" content=\"https:\/\/www.facebook.com\/FastcarLt?locale=lt_LT\" \/>\n<meta property=\"article:modified_time\" content=\"2026-03-20T09:02:54+00:00\" \/>\n<meta property=\"og:image\" content=\"https:\/\/fastcar.shop\/wp-content\/uploads\/2023\/09\/motorsport-competition-running-in-oil.png\" \/>\n\t<meta property=\"og:image:width\" content=\"518\" \/>\n\t<meta property=\"og:image:height\" content=\"550\" \/>\n\t<meta property=\"og:image:type\" content=\"image\/png\" \/>\n<meta name=\"twitter:card\" content=\"summary_large_image\" \/>\n<meta name=\"twitter:label1\" content=\"Est. reading time\" \/>\n\t<meta name=\"twitter:data1\" content=\"2 minut\u0117s\" \/>\n<!-- \/ Yoast SEO plugin. -->","yoast_head_json":{"title":"Competition Running In Oil","robots":{"index":"index","follow":"follow","max-snippet":"max-snippet:-1","max-image-preview":"max-image-preview:large","max-video-preview":"max-video-preview:-1"},"canonical":"https:\/\/fastcar.shop\/lt\/produktas\/competition-running-in-oil\/","og_locale":"lt_LT","og_type":"article","og_title":"Competition Running In Oil","og_description":"Mineral, Multi Viscosity running in oil","og_url":"https:\/\/fastcar.shop\/lt\/produktas\/competition-running-in-oil\/","og_site_name":"Fast Car Shop","article_publisher":"https:\/\/www.facebook.com\/FastcarLt?locale=lt_LT","article_modified_time":"2026-03-20T09:02:54+00:00","og_image":[{"width":518,"height":550,"url":"https:\/\/fastcar.shop\/wp-content\/uploads\/2023\/09\/motorsport-competition-running-in-oil.png","type":"image\/png"}],"twitter_card":"summary_large_image","twitter_misc":{"Est. reading time":"2 minut\u0117s"},"schema":{"@context":"https:\/\/schema.org","@graph":[{"@type":"WebPage","@id":"https:\/\/fastcar.shop\/product\/competition-running-in-oil\/","url":"https:\/\/fastcar.shop\/product\/competition-running-in-oil\/","name":"Competition Running In Oil","isPartOf":{"@id":"https:\/\/fastcar.shop\/#website"},"primaryImageOfPage":{"@id":"https:\/\/fastcar.shop\/product\/competition-running-in-oil\/#primaryimage"},"image":{"@id":"https:\/\/fastcar.shop\/product\/competition-running-in-oil\/#primaryimage"},"thumbnailUrl":"https:\/\/fastcar.shop\/wp-content\/uploads\/2023\/09\/motorsport-competition-running-in-oil.png","datePublished":"2023-09-04T13:45:38+00:00","dateModified":"2026-03-20T09:02:54+00:00","breadcrumb":{"@id":"https:\/\/fastcar.shop\/product\/competition-running-in-oil\/#breadcrumb"},"inLanguage":"lt-LT","potentialAction":[{"@type":"ReadAction","target":["https:\/\/fastcar.shop\/product\/competition-running-in-oil\/"]}]},{"@type":"ImageObject","inLanguage":"lt-LT","@id":"https:\/\/fastcar.shop\/product\/competition-running-in-oil\/#primaryimage","url":"https:\/\/fastcar.shop\/wp-content\/uploads\/2023\/09\/motorsport-competition-running-in-oil.png","contentUrl":"https:\/\/fastcar.shop\/wp-content\/uploads\/2023\/09\/motorsport-competition-running-in-oil.png","width":518,"height":550},{"@type":"BreadcrumbList","@id":"https:\/\/fastcar.shop\/product\/competition-running-in-oil\/#breadcrumb","itemListElement":[{"@type":"ListItem","position":1,"name":"Home","item":"https:\/\/fastcar.shop\/"},{"@type":"ListItem","position":2,"name":"Shop","item":"https:\/\/fastcar.shop\/shop\/"},{"@type":"ListItem","position":3,"name":"MILLERS OILS Competition Running In Oil"}]},{"@type":"WebSite","@id":"https:\/\/fastcar.shop\/#website","url":"https:\/\/fastcar.shop\/","name":"Greit\u0173 automobili\u0173 parduotuv\u0117","description":"","publisher":{"@id":"https:\/\/fastcar.shop\/#organization"},"potentialAction":[{"@type":"SearchAction","target":{"@type":"EntryPoint","urlTemplate":"https:\/\/fastcar.shop\/?s={search_term_string}"},"query-input":{"@type":"PropertyValueSpecification","valueRequired":true,"valueName":"search_term_string"}}],"inLanguage":"lt-LT"},{"@type":"Organization","@id":"https:\/\/fastcar.shop\/#organization","name":"Fastcar.shop","url":"https:\/\/fastcar.shop\/","logo":{"@type":"ImageObject","inLanguage":"lt-LT","@id":"https:\/\/fastcar.shop\/#\/schema\/logo\/image\/","url":"https:\/\/fastcar.shop\/wp-content\/uploads\/2017\/08\/FCS_JPEG-01-scaled.jpg","contentUrl":"https:\/\/fastcar.shop\/wp-content\/uploads\/2017\/08\/FCS_JPEG-01-scaled.jpg","width":2560,"height":1379,"caption":"Fastcar.shop"},"image":{"@id":"https:\/\/fastcar.shop\/#\/schema\/logo\/image\/"},"sameAs":["https:\/\/www.facebook.com\/FastcarLt?locale=lt_LT","https:\/\/www.instagram.com\/fastcar.shop\/"]}]}},"jetpack_sharing_enabled":true,"_links":{"self":[{"href":"https:\/\/fastcar.shop\/lt\/wp-json\/wp\/v2\/product\/4201","targetHints":{"allow":["GET"]}}],"collection":[{"href":"https:\/\/fastcar.shop\/lt\/wp-json\/wp\/v2\/product"}],"about":[{"href":"https:\/\/fastcar.shop\/lt\/wp-json\/wp\/v2\/types\/product"}],"wp:featuredmedia":[{"embeddable":true,"href":"https:\/\/fastcar.shop\/lt\/wp-json\/wp\/v2\/media\/4203"}],"wp:attachment":[{"href":"https:\/\/fastcar.shop\/lt\/wp-json\/wp\/v2\/media?parent=4201"}],"wp:term":[{"taxonomy":"product_brand","embeddable":true,"href":"https:\/\/fastcar.shop\/lt\/wp-json\/wp\/v2\/product_brand?post=4201"},{"taxonomy":"product_cat","embeddable":true,"href":"https:\/\/fastcar.shop\/lt\/wp-json\/wp\/v2\/product_cat?post=4201"},{"taxonomy":"product_tag","embeddable":true,"href":"https:\/\/fastcar.shop\/lt\/wp-json\/wp\/v2\/product_tag?post=4201"}],"curies":[{"name":"wp","href":"https:\/\/api.w.org\/{rel}","templated":true}]}}