{"id":4197,"date":"2023-09-04T09:46:49","date_gmt":"2023-09-04T09:46:49","guid":{"rendered":"https:\/\/fastcar.shop\/?post_type=product&#038;p=4197"},"modified":"2025-04-09T16:10:55","modified_gmt":"2025-04-09T13:10:55","slug":"dpf-cleaner-and-regenerator-250ml","status":"publish","type":"product","link":"https:\/\/fastcar.shop\/lt\/product\/dpf-cleaner-and-regenerator-250ml\/","title":{"rendered":"MILLERS OILS DPF Cleaner and Regenerator 250ml"},"content":{"rendered":"<p style=\"text-align: left;\">Savyb\u0117s ir privalumai<\/p>\n<ul style=\"text-align: left;\">\n<li>Vienkartin\u0117 priemon\u0117 greitiems rezultatams pasiekti, be i\u0161laid\u0173 i\u0161ardant i\u0161metimo sistem\u0105 ar kei\u010diant filtr\u0105.<\/li>\n<li>Suma\u017eina regeneracijos temperat\u016br\u0105, pad\u0117dama pa\u0161alinti susikaupusius suod\u017ei\u0173 daleles.<\/li>\n<li>I\u0161valo DPF, u\u017etikrina optimali\u0105 kuro ekonomij\u0105, suma\u017eina i\u0161metamus ter\u0161alus ir atkuria variklio gali\u0105.<\/li>\n<li>Labai tinkama naudoti, kai trumpi va\u017eiavimai ir da\u017enas sustojimas yra \u012fprasta praktika.<\/li>\n<\/ul>\n<p style=\"text-align: left;\">Vienkartinis dyzelinio kuro priedas, skirtas regeneruoti dyzelinio kiet\u0173j\u0173 daleli\u0173 filtrus (DPF). Trumpi va\u017eiavimai ir da\u017enas sustojimas nepakankamai \u012fkaitina filtr\u0105, kad jis gal\u0117t\u0173 regeneruotis ir tod\u0117l negali i\u0161valyti DPF. Tai gali sukelti DPF u\u017esikim\u0161im\u0105, d\u0117l kurio variklis taps neefektyvus, o kai kuriais atvejais \u012fsijungs \u012fsp\u0117jamoji lemput\u0117, reikalaujanti nedelsiant imtis veiksm\u0173 arba transporto priemon\u0117 persijungs \u012f suma\u017eintos galios re\u017eim\u0105.<\/p>\n<p style=\"text-align: left;\">DPF valiklis ir regeneravimo priemon\u0117 suma\u017eins reikiam\u0105 regeneracijos temperat\u016br\u0105, kad susikaup\u0119 suod\u017ei\u0173 daleles b\u016bt\u0173 sudegintos. Tai i\u0161valys DPF ir gr\u0105\u017eins transporto priemon\u0119 \u012f \u012fprast\u0105 darbo b\u016bsen\u0105.<\/p>\n<p style=\"text-align: left;\">\u012epilkite \u012f kuro bak\u0105 prie\u0161 pildymi kur\u0105. Vienas 250 ml buteliukas apdoroja 50 litr\u0173 kuro kaip prevencin\u0117 priemon\u0117, ma\u017edaug kas 2 000 myli\u0173 (3 000 km). Galima naudoti da\u017eniau, jei DPF u\u017esikim\u0161imas yra da\u017ena problema.<\/p>\n<p style=\"text-align: left;\"><a href=\"https:\/\/fastcar.shop\/wp-content\/uploads\/2023\/09\/DPF-Cleaner-Regenerator.pdf\">Gaminio duomen\u0173 lapas <img loading=\"lazy\" decoding=\"async\" class=\"alignnone size-full wp-image-3251\" src=\"https:\/\/fastcar.shop\/wp-content\/uploads\/2022\/01\/pdf-e1641824783993.png\" alt=\"\" width=\"30\" height=\"23\" \/> <\/a><\/p>","protected":false},"excerpt":{"rendered":"<p style=\"text-align: left;\">Vienkartin\u0117 kuro apdorojimo priemon\u0117, skirta i\u0161valyti ir regeneruoti dyzelinio kiet\u0173j\u0173 daleli\u0173 filtrus (DPF).<\/p>","protected":false},"featured_media":4199,"template":"","meta":[],"product_brand":[],"product_cat":[1788,885],"product_tag":[],"class_list":{"0":"post-4197","1":"product","2":"type-product","3":"status-publish","4":"has-post-thumbnail","6":"product_cat-fuel-treatments","7":"product_cat-oils_lubricants","8":"product_provider-millers-oils","10":"first","11":"instock","12":"taxable","13":"shipping-taxable","14":"purchasable","15":"product-type-simple"},"aioseo_notices":[],"yoast_head":"<!-- This site is optimized with the Yoast SEO plugin v27.3 - https:\/\/yoast.com\/product\/yoast-seo-wordpress\/ -->\n<title>DPF Cleaner and Regenerator 250ml<\/title>\n<meta name=\"robots\" content=\"index, follow, max-snippet:-1, max-image-preview:large, max-video-preview:-1\" \/>\n<link rel=\"canonical\" href=\"https:\/\/fastcar.shop\/lt\/produktas\/dpf-cleaner-and-regenerator-250ml\/\" \/>\n<meta property=\"og:locale\" content=\"lt_LT\" \/>\n<meta property=\"og:type\" content=\"article\" \/>\n<meta property=\"og:title\" content=\"DPF Cleaner and Regenerator 250ml\" \/>\n<meta property=\"og:description\" content=\"One-shot fuel treatment to clean &amp; regenerate Diesel Particulate Filters.\" \/>\n<meta property=\"og:url\" content=\"https:\/\/fastcar.shop\/lt\/produktas\/dpf-cleaner-and-regenerator-250ml\/\" \/>\n<meta property=\"og:site_name\" content=\"Fast Car Shop\" \/>\n<meta property=\"article:publisher\" content=\"https:\/\/www.facebook.com\/FastcarLt?locale=lt_LT\" \/>\n<meta property=\"article:modified_time\" content=\"2025-04-09T13:10:55+00:00\" \/>\n<meta property=\"og:image\" content=\"https:\/\/fastcar.shop\/wp-content\/uploads\/2023\/09\/dpf-cleaner-regenerator.jpg\" \/>\n\t<meta property=\"og:image:width\" content=\"800\" \/>\n\t<meta property=\"og:image:height\" content=\"800\" \/>\n\t<meta property=\"og:image:type\" content=\"image\/jpeg\" \/>\n<meta name=\"twitter:card\" content=\"summary_large_image\" \/>\n<meta name=\"twitter:label1\" content=\"Est. reading time\" \/>\n\t<meta name=\"twitter:data1\" content=\"1 minut\u0117\" \/>\n<!-- \/ Yoast SEO plugin. -->","yoast_head_json":{"title":"DPF valiklis ir regeneravimo priemon\u0117 250ml","robots":{"index":"index","follow":"follow","max-snippet":"max-snippet:-1","max-image-preview":"max-image-preview:large","max-video-preview":"max-video-preview:-1"},"canonical":"https:\/\/fastcar.shop\/lt\/produktas\/dpf-cleaner-and-regenerator-250ml\/","og_locale":"lt_LT","og_type":"article","og_title":"DPF Cleaner and Regenerator 250ml","og_description":"One-shot fuel treatment to clean &amp; regenerate Diesel Particulate Filters.","og_url":"https:\/\/fastcar.shop\/lt\/produktas\/dpf-cleaner-and-regenerator-250ml\/","og_site_name":"Fast Car Shop","article_publisher":"https:\/\/www.facebook.com\/FastcarLt?locale=lt_LT","article_modified_time":"2025-04-09T13:10:55+00:00","og_image":[{"width":800,"height":800,"url":"https:\/\/fastcar.shop\/wp-content\/uploads\/2023\/09\/dpf-cleaner-regenerator.jpg","type":"image\/jpeg"}],"twitter_card":"summary_large_image","twitter_misc":{"Est. reading time":"1 minut\u0117"},"schema":{"@context":"https:\/\/schema.org","@graph":[{"@type":"WebPage","@id":"https:\/\/fastcar.shop\/product\/dpf-cleaner-and-regenerator-250ml\/","url":"https:\/\/fastcar.shop\/product\/dpf-cleaner-and-regenerator-250ml\/","name":"DPF valiklis ir regeneravimo priemon\u0117 250ml","isPartOf":{"@id":"https:\/\/fastcar.shop\/#website"},"primaryImageOfPage":{"@id":"https:\/\/fastcar.shop\/product\/dpf-cleaner-and-regenerator-250ml\/#primaryimage"},"image":{"@id":"https:\/\/fastcar.shop\/product\/dpf-cleaner-and-regenerator-250ml\/#primaryimage"},"thumbnailUrl":"https:\/\/fastcar.shop\/wp-content\/uploads\/2023\/09\/dpf-cleaner-regenerator.jpg","datePublished":"2023-09-04T09:46:49+00:00","dateModified":"2025-04-09T13:10:55+00:00","breadcrumb":{"@id":"https:\/\/fastcar.shop\/product\/dpf-cleaner-and-regenerator-250ml\/#breadcrumb"},"inLanguage":"lt-LT","potentialAction":[{"@type":"ReadAction","target":["https:\/\/fastcar.shop\/product\/dpf-cleaner-and-regenerator-250ml\/"]}]},{"@type":"ImageObject","inLanguage":"lt-LT","@id":"https:\/\/fastcar.shop\/product\/dpf-cleaner-and-regenerator-250ml\/#primaryimage","url":"https:\/\/fastcar.shop\/wp-content\/uploads\/2023\/09\/dpf-cleaner-regenerator.jpg","contentUrl":"https:\/\/fastcar.shop\/wp-content\/uploads\/2023\/09\/dpf-cleaner-regenerator.jpg","width":800,"height":800},{"@type":"BreadcrumbList","@id":"https:\/\/fastcar.shop\/product\/dpf-cleaner-and-regenerator-250ml\/#breadcrumb","itemListElement":[{"@type":"ListItem","position":1,"name":"Home","item":"https:\/\/fastcar.shop\/"},{"@type":"ListItem","position":2,"name":"Shop","item":"https:\/\/fastcar.shop\/shop\/"},{"@type":"ListItem","position":3,"name":"MILLERS OILS DPF Cleaner and Regenerator 250ml"}]},{"@type":"WebSite","@id":"https:\/\/fastcar.shop\/#website","url":"https:\/\/fastcar.shop\/","name":"Greit\u0173 automobili\u0173 parduotuv\u0117","description":"","publisher":{"@id":"https:\/\/fastcar.shop\/#organization"},"potentialAction":[{"@type":"SearchAction","target":{"@type":"EntryPoint","urlTemplate":"https:\/\/fastcar.shop\/?s={search_term_string}"},"query-input":{"@type":"PropertyValueSpecification","valueRequired":true,"valueName":"search_term_string"}}],"inLanguage":"lt-LT"},{"@type":"Organization","@id":"https:\/\/fastcar.shop\/#organization","name":"Fastcar.shop","url":"https:\/\/fastcar.shop\/","logo":{"@type":"ImageObject","inLanguage":"lt-LT","@id":"https:\/\/fastcar.shop\/#\/schema\/logo\/image\/","url":"https:\/\/fastcar.shop\/wp-content\/uploads\/2017\/08\/FCS_JPEG-01-scaled.jpg","contentUrl":"https:\/\/fastcar.shop\/wp-content\/uploads\/2017\/08\/FCS_JPEG-01-scaled.jpg","width":2560,"height":1379,"caption":"Fastcar.shop"},"image":{"@id":"https:\/\/fastcar.shop\/#\/schema\/logo\/image\/"},"sameAs":["https:\/\/www.facebook.com\/FastcarLt?locale=lt_LT","https:\/\/www.instagram.com\/fastcar.shop\/"]}]}},"jetpack_sharing_enabled":true,"_links":{"self":[{"href":"https:\/\/fastcar.shop\/lt\/wp-json\/wp\/v2\/product\/4197","targetHints":{"allow":["GET"]}}],"collection":[{"href":"https:\/\/fastcar.shop\/lt\/wp-json\/wp\/v2\/product"}],"about":[{"href":"https:\/\/fastcar.shop\/lt\/wp-json\/wp\/v2\/types\/product"}],"wp:featuredmedia":[{"embeddable":true,"href":"https:\/\/fastcar.shop\/lt\/wp-json\/wp\/v2\/media\/4199"}],"wp:attachment":[{"href":"https:\/\/fastcar.shop\/lt\/wp-json\/wp\/v2\/media?parent=4197"}],"wp:term":[{"taxonomy":"product_brand","embeddable":true,"href":"https:\/\/fastcar.shop\/lt\/wp-json\/wp\/v2\/product_brand?post=4197"},{"taxonomy":"product_cat","embeddable":true,"href":"https:\/\/fastcar.shop\/lt\/wp-json\/wp\/v2\/product_cat?post=4197"},{"taxonomy":"product_tag","embeddable":true,"href":"https:\/\/fastcar.shop\/lt\/wp-json\/wp\/v2\/product_tag?post=4197"}],"curies":[{"name":"wp","href":"https:\/\/api.w.org\/{rel}","templated":true}]}}