{"id":4190,"date":"2023-08-31T10:11:46","date_gmt":"2023-08-31T10:11:46","guid":{"rendered":"https:\/\/fastcar.shop\/?post_type=product&#038;p=4190"},"modified":"2025-04-09T16:11:02","modified_gmt":"2025-04-09T13:11:02","slug":"zfs-2t-1l","status":"publish","type":"product","link":"https:\/\/fastcar.shop\/lt\/product\/zfs-2t-1l\/","title":{"rendered":"MILLERS OILS ZFS 2T 1L"},"content":{"rendered":"<p style=\"text-align: left;\">Savyb\u0117s ir privalumai<\/p>\n<ul style=\"text-align: left;\">\n<li>Visi\u0161kai sintetin\u0117s bazin\u0117s alyvos, pasi\u017eymin\u010dios ma\u017eo d\u016bmingumo sud\u0117timi<\/li>\n<li>Bepeleni\u0173 pried\u0173 paketas apsaugo nuo \u017eied\u0173 klijavimo, st\u016bmoklio u\u017estrigimo ir \u017evaki\u0173 u\u017esiter\u0161imo.<\/li>\n<li>Pagerina sandarum\u0105 tarp st\u016bmoklio, st\u016bmoklini\u0173 \u017eied\u0173 ir cilindro, kad padid\u0117t\u0173 variklio efektyvumas.<\/li>\n<li>Da\u017eyta m\u0117lynai, kad b\u016bt\u0173 lengva atpa\u017einti gamin\u012f ir apdorot\u0105 kur\u0105.<\/li>\n<\/ul>\n<p style=\"text-align: left;\">\"ZFS 2T\" yra visi\u0161kai sintetin\u0117 dvitakt\u0117 alyva. Sukurta naudojant sintetines bazines alyvas ir bepeleninius priedus, u\u017etikrinan\u010dius ilgalaik\u0119 apsaug\u0105 ir auk\u0161t\u0105 na\u0161um\u0105.<\/p>\n<p style=\"text-align: left;\">Tinka naudoti motocikl\u0173, motoroleri\u0173 ir keturra\u010di\u0173 varikliuose, \u012fskaitant karting\u0173 variklius, kai reikia 2 takt\u0173 alyvos.<\/p>\n<p style=\"text-align: left;\">Naudojimo instrukcijos: Jei naudojama automatin\u0117 tepimo sistema, \u012fpilkite \u012f tam skirt\u0105 bak\u0105. Jei naudojama savaiminio mai\u0161ymo sistema, mai\u0161ykite su benzinu \u012frangos gamintojo rekomenduojamu santykiu, paprastai nuo 40:1 iki 50:1.<\/p>\n<p style=\"text-align: left;\">Vis\u0105 patvirtinim\u0173 ir specifikacij\u0173 s\u0105ra\u0161\u0105 rasite technini\u0173 duomen\u0173 lape.<\/p>\n<p style=\"text-align: left;\"><a href=\"https:\/\/fastcar.shop\/wp-content\/uploads\/2023\/08\/ZFS-2T.pdf\">Gaminio duomen\u0173 lapas <img loading=\"lazy\" decoding=\"async\" class=\"alignnone size-full wp-image-3251\" src=\"https:\/\/fastcar.shop\/wp-content\/uploads\/2022\/01\/pdf-e1641824783993.png\" alt=\"\" width=\"30\" height=\"23\" \/> <\/a><\/p>","protected":false},"excerpt":{"rendered":"<p>Visi\u0161kai sintetin\u0117 2 takt\u0173 motocikl\u0173 varikli\u0173 alyva<\/p>","protected":false},"featured_media":4192,"template":"","meta":[],"product_brand":[],"product_cat":[1806,885],"product_tag":[],"class_list":{"0":"post-4190","1":"product","2":"type-product","3":"status-publish","4":"has-post-thumbnail","6":"product_cat-motorcycle-scooter-atv","7":"product_cat-oils_lubricants","8":"product_provider-millers-oils","10":"first","11":"instock","12":"taxable","13":"shipping-taxable","14":"purchasable","15":"product-type-simple"},"aioseo_notices":[],"yoast_head":"<!-- This site is optimized with the Yoast SEO plugin v27.3 - https:\/\/yoast.com\/product\/yoast-seo-wordpress\/ -->\n<title>ZFS 2T 1L<\/title>\n<meta name=\"robots\" content=\"index, follow, max-snippet:-1, max-image-preview:large, max-video-preview:-1\" \/>\n<link rel=\"canonical\" href=\"https:\/\/fastcar.shop\/lt\/produktas\/zfs-2t-1l\/\" \/>\n<meta property=\"og:locale\" content=\"lt_LT\" \/>\n<meta property=\"og:type\" content=\"article\" \/>\n<meta property=\"og:title\" content=\"ZFS 2T 1L\" \/>\n<meta property=\"og:description\" content=\"Fully synthetic 2 stroke motorcycle engine oil\" \/>\n<meta property=\"og:url\" content=\"https:\/\/fastcar.shop\/lt\/produktas\/zfs-2t-1l\/\" \/>\n<meta property=\"og:site_name\" content=\"Fast Car Shop\" \/>\n<meta property=\"article:publisher\" content=\"https:\/\/www.facebook.com\/FastcarLt?locale=lt_LT\" \/>\n<meta property=\"article:modified_time\" content=\"2025-04-09T13:11:02+00:00\" \/>\n<meta property=\"og:image\" content=\"https:\/\/fastcar.shop\/wp-content\/uploads\/2023\/08\/ZFS-2T.png\" \/>\n\t<meta property=\"og:image:width\" content=\"768\" \/>\n\t<meta property=\"og:image:height\" content=\"816\" \/>\n\t<meta property=\"og:image:type\" content=\"image\/png\" \/>\n<meta name=\"twitter:card\" content=\"summary_large_image\" \/>\n<meta name=\"twitter:label1\" content=\"Est. reading time\" \/>\n\t<meta name=\"twitter:data1\" content=\"1 minut\u0117\" \/>\n<!-- \/ Yoast SEO plugin. -->","yoast_head_json":{"title":"ZFS 2T 1L","robots":{"index":"index","follow":"follow","max-snippet":"max-snippet:-1","max-image-preview":"max-image-preview:large","max-video-preview":"max-video-preview:-1"},"canonical":"https:\/\/fastcar.shop\/lt\/produktas\/zfs-2t-1l\/","og_locale":"lt_LT","og_type":"article","og_title":"ZFS 2T 1L","og_description":"Fully synthetic 2 stroke motorcycle engine oil","og_url":"https:\/\/fastcar.shop\/lt\/produktas\/zfs-2t-1l\/","og_site_name":"Fast Car Shop","article_publisher":"https:\/\/www.facebook.com\/FastcarLt?locale=lt_LT","article_modified_time":"2025-04-09T13:11:02+00:00","og_image":[{"width":768,"height":816,"url":"https:\/\/fastcar.shop\/wp-content\/uploads\/2023\/08\/ZFS-2T.png","type":"image\/png"}],"twitter_card":"summary_large_image","twitter_misc":{"Est. reading time":"1 minut\u0117"},"schema":{"@context":"https:\/\/schema.org","@graph":[{"@type":"WebPage","@id":"https:\/\/fastcar.shop\/product\/zfs-2t-1l\/","url":"https:\/\/fastcar.shop\/product\/zfs-2t-1l\/","name":"ZFS 2T 1L","isPartOf":{"@id":"https:\/\/fastcar.shop\/#website"},"primaryImageOfPage":{"@id":"https:\/\/fastcar.shop\/product\/zfs-2t-1l\/#primaryimage"},"image":{"@id":"https:\/\/fastcar.shop\/product\/zfs-2t-1l\/#primaryimage"},"thumbnailUrl":"https:\/\/fastcar.shop\/wp-content\/uploads\/2023\/08\/ZFS-2T.png","datePublished":"2023-08-31T10:11:46+00:00","dateModified":"2025-04-09T13:11:02+00:00","breadcrumb":{"@id":"https:\/\/fastcar.shop\/product\/zfs-2t-1l\/#breadcrumb"},"inLanguage":"lt-LT","potentialAction":[{"@type":"ReadAction","target":["https:\/\/fastcar.shop\/product\/zfs-2t-1l\/"]}]},{"@type":"ImageObject","inLanguage":"lt-LT","@id":"https:\/\/fastcar.shop\/product\/zfs-2t-1l\/#primaryimage","url":"https:\/\/fastcar.shop\/wp-content\/uploads\/2023\/08\/ZFS-2T.png","contentUrl":"https:\/\/fastcar.shop\/wp-content\/uploads\/2023\/08\/ZFS-2T.png","width":768,"height":816},{"@type":"BreadcrumbList","@id":"https:\/\/fastcar.shop\/product\/zfs-2t-1l\/#breadcrumb","itemListElement":[{"@type":"ListItem","position":1,"name":"Home","item":"https:\/\/fastcar.shop\/"},{"@type":"ListItem","position":2,"name":"Shop","item":"https:\/\/fastcar.shop\/shop\/"},{"@type":"ListItem","position":3,"name":"MILLERS OILS ZFS 2T 1L"}]},{"@type":"WebSite","@id":"https:\/\/fastcar.shop\/#website","url":"https:\/\/fastcar.shop\/","name":"Greit\u0173 automobili\u0173 parduotuv\u0117","description":"","publisher":{"@id":"https:\/\/fastcar.shop\/#organization"},"potentialAction":[{"@type":"SearchAction","target":{"@type":"EntryPoint","urlTemplate":"https:\/\/fastcar.shop\/?s={search_term_string}"},"query-input":{"@type":"PropertyValueSpecification","valueRequired":true,"valueName":"search_term_string"}}],"inLanguage":"lt-LT"},{"@type":"Organization","@id":"https:\/\/fastcar.shop\/#organization","name":"Fastcar.shop","url":"https:\/\/fastcar.shop\/","logo":{"@type":"ImageObject","inLanguage":"lt-LT","@id":"https:\/\/fastcar.shop\/#\/schema\/logo\/image\/","url":"https:\/\/fastcar.shop\/wp-content\/uploads\/2017\/08\/FCS_JPEG-01-scaled.jpg","contentUrl":"https:\/\/fastcar.shop\/wp-content\/uploads\/2017\/08\/FCS_JPEG-01-scaled.jpg","width":2560,"height":1379,"caption":"Fastcar.shop"},"image":{"@id":"https:\/\/fastcar.shop\/#\/schema\/logo\/image\/"},"sameAs":["https:\/\/www.facebook.com\/FastcarLt?locale=lt_LT","https:\/\/www.instagram.com\/fastcar.shop\/"]}]}},"jetpack_sharing_enabled":true,"_links":{"self":[{"href":"https:\/\/fastcar.shop\/lt\/wp-json\/wp\/v2\/product\/4190","targetHints":{"allow":["GET"]}}],"collection":[{"href":"https:\/\/fastcar.shop\/lt\/wp-json\/wp\/v2\/product"}],"about":[{"href":"https:\/\/fastcar.shop\/lt\/wp-json\/wp\/v2\/types\/product"}],"wp:featuredmedia":[{"embeddable":true,"href":"https:\/\/fastcar.shop\/lt\/wp-json\/wp\/v2\/media\/4192"}],"wp:attachment":[{"href":"https:\/\/fastcar.shop\/lt\/wp-json\/wp\/v2\/media?parent=4190"}],"wp:term":[{"taxonomy":"product_brand","embeddable":true,"href":"https:\/\/fastcar.shop\/lt\/wp-json\/wp\/v2\/product_brand?post=4190"},{"taxonomy":"product_cat","embeddable":true,"href":"https:\/\/fastcar.shop\/lt\/wp-json\/wp\/v2\/product_cat?post=4190"},{"taxonomy":"product_tag","embeddable":true,"href":"https:\/\/fastcar.shop\/lt\/wp-json\/wp\/v2\/product_tag?post=4190"}],"curies":[{"name":"wp","href":"https:\/\/api.w.org\/{rel}","templated":true}]}}