{"id":4183,"date":"2023-08-31T09:53:17","date_gmt":"2023-08-31T09:53:17","guid":{"rendered":"https:\/\/fastcar.shop\/?post_type=product&#038;p=4183"},"modified":"2025-04-09T16:11:08","modified_gmt":"2025-04-09T13:11:08","slug":"zfs-4t-10w50","status":"publish","type":"product","link":"https:\/\/fastcar.shop\/lt\/product\/zfs-4t-10w50\/","title":{"rendered":"MILLERS OILS ZFS 4T 10w50"},"content":{"rendered":"<p style=\"text-align: left;\">Savyb\u0117s ir privalumai<\/p>\n<ul style=\"text-align: left;\">\n<li>Pastovus auk\u0161tas trinties profilis \u0161lapios sankabos eksploatacin\u0117ms savyb\u0117ms, vir\u0161ijan\u010dioms JASO MA2 specifikacij\u0105<\/li>\n<li>Visi\u0161kai sintetin\u0117 bazin\u0117 alyva ir priedai u\u017etikrina atsparum\u0105 auk\u0161toms temperat\u016broms<\/li>\n<li>Keturtak\u010di\u0173 varikli\u0173 optimizavimas siekiant u\u017etikrinti \u0161var\u0105 ir geresn\u012f veikim\u0105<\/li>\n<li>Puikus atsparumas oksidacijai ir apsauga nuo vo\u017etuv\u0173 dilimo<\/li>\n<li>Sandarikli\u0173 suderinamumas<\/li>\n<li>Tinka naudoti ma\u0161inose, kuriose sumontuotos alyva panardinamos \"\u0161lapiosios\" sankabos<\/li>\n<\/ul>\n<p style=\"text-align: left;\">ZFS 10w50 yra visi\u0161kai sintetin\u0117 alyva, skirta varikliams ir transmisijoms (kai taikoma), kuriems reikia 10w50 klampumo. Sukurta naudojant naujausi\u0105 pried\u0173 technologij\u0105, u\u017etikrinan\u010di\u0105 maksimal\u0173 na\u0161um\u0105 4 takt\u0173 varikliuose. Sud\u0117tyje yra pastovaus didelio trinties profilio, u\u017etikrinan\u010dio \u0161lapios sankabos veikim\u0105, atitinkant\u012f JASO MA2 specifikacij\u0105.<\/p>\n<p style=\"text-align: left;\">Tinka naudoti motocikl\u0173, motoroleri\u0173 ir keturra\u010di\u0173 motocikl\u0173 varikliuose ir transmisijose, kai reikia maksimalaus na\u0161umo. Specialiai sukurtas naudoti tiek keliuose, tiek trasose, tiek oru ir vandeniu au\u0161inamuose motocikluose.<\/p>\n<p style=\"text-align: left;\">Specifikacijas rasite technini\u0173 duomen\u0173 lape.<\/p>\n<p style=\"text-align: left;\"><a href=\"https:\/\/fastcar.shop\/wp-content\/uploads\/2023\/08\/ZFS-4T-10w50.pdf\">Gaminio duomen\u0173 lapas <img loading=\"lazy\" decoding=\"async\" class=\"alignnone size-full wp-image-3251\" src=\"https:\/\/fastcar.shop\/wp-content\/uploads\/2022\/01\/pdf-e1641824783993.png\" alt=\"\" width=\"30\" height=\"23\" \/><\/a><\/p>","protected":false},"excerpt":{"rendered":"<p style=\"text-align: left;\">Visi\u0161kai sintetin\u0117 4 takt\u0173 motocikl\u0173 varikli\u0173 alyva<\/p>","protected":false},"featured_media":4184,"template":"","meta":[],"product_brand":[],"product_cat":[1806,885],"product_tag":[],"class_list":{"0":"post-4183","1":"product","2":"type-product","3":"status-publish","4":"has-post-thumbnail","6":"product_cat-motorcycle-scooter-atv","7":"product_cat-oils_lubricants","8":"product_provider-millers-oils","10":"first","11":"instock","12":"taxable","13":"shipping-taxable","14":"purchasable","15":"product-type-variable"},"aioseo_notices":[],"yoast_head":"<!-- This site is optimized with the Yoast SEO plugin v27.3 - https:\/\/yoast.com\/product\/yoast-seo-wordpress\/ -->\n<title>ZFS 4T 10w50<\/title>\n<meta name=\"robots\" content=\"index, follow, max-snippet:-1, max-image-preview:large, max-video-preview:-1\" \/>\n<link rel=\"canonical\" href=\"https:\/\/fastcar.shop\/lt\/produktas\/zfs-4t-10w50\/\" \/>\n<meta property=\"og:locale\" content=\"lt_LT\" \/>\n<meta property=\"og:type\" content=\"article\" \/>\n<meta property=\"og:title\" content=\"ZFS 4T 10w50\" \/>\n<meta property=\"og:description\" content=\"Fully synthetic 4 stroke motorcycle engine oil\" \/>\n<meta property=\"og:url\" content=\"https:\/\/fastcar.shop\/lt\/produktas\/zfs-4t-10w50\/\" \/>\n<meta property=\"og:site_name\" content=\"Fast Car Shop\" \/>\n<meta property=\"article:publisher\" content=\"https:\/\/www.facebook.com\/FastcarLt?locale=lt_LT\" \/>\n<meta property=\"article:modified_time\" content=\"2025-04-09T13:11:08+00:00\" \/>\n<meta property=\"og:image\" content=\"https:\/\/fastcar.shop\/wp-content\/uploads\/2023\/08\/ZFS-4T-10w50.png\" \/>\n\t<meta property=\"og:image:width\" content=\"768\" \/>\n\t<meta property=\"og:image:height\" content=\"816\" \/>\n\t<meta property=\"og:image:type\" content=\"image\/png\" \/>\n<meta name=\"twitter:card\" content=\"summary_large_image\" \/>\n<meta name=\"twitter:label1\" content=\"Est. reading time\" \/>\n\t<meta name=\"twitter:data1\" content=\"1 minut\u0117\" \/>\n<!-- \/ Yoast SEO plugin. -->","yoast_head_json":{"title":"ZFS 4T 10w50","robots":{"index":"index","follow":"follow","max-snippet":"max-snippet:-1","max-image-preview":"max-image-preview:large","max-video-preview":"max-video-preview:-1"},"canonical":"https:\/\/fastcar.shop\/lt\/produktas\/zfs-4t-10w50\/","og_locale":"lt_LT","og_type":"article","og_title":"ZFS 4T 10w50","og_description":"Fully synthetic 4 stroke motorcycle engine oil","og_url":"https:\/\/fastcar.shop\/lt\/produktas\/zfs-4t-10w50\/","og_site_name":"Fast Car Shop","article_publisher":"https:\/\/www.facebook.com\/FastcarLt?locale=lt_LT","article_modified_time":"2025-04-09T13:11:08+00:00","og_image":[{"width":768,"height":816,"url":"https:\/\/fastcar.shop\/wp-content\/uploads\/2023\/08\/ZFS-4T-10w50.png","type":"image\/png"}],"twitter_card":"summary_large_image","twitter_misc":{"Est. reading time":"1 minut\u0117"},"schema":{"@context":"https:\/\/schema.org","@graph":[{"@type":"WebPage","@id":"https:\/\/fastcar.shop\/product\/zfs-4t-10w50\/","url":"https:\/\/fastcar.shop\/product\/zfs-4t-10w50\/","name":"ZFS 4T 10w50","isPartOf":{"@id":"https:\/\/fastcar.shop\/#website"},"primaryImageOfPage":{"@id":"https:\/\/fastcar.shop\/product\/zfs-4t-10w50\/#primaryimage"},"image":{"@id":"https:\/\/fastcar.shop\/product\/zfs-4t-10w50\/#primaryimage"},"thumbnailUrl":"https:\/\/fastcar.shop\/wp-content\/uploads\/2023\/08\/ZFS-4T-10w50.png","datePublished":"2023-08-31T09:53:17+00:00","dateModified":"2025-04-09T13:11:08+00:00","breadcrumb":{"@id":"https:\/\/fastcar.shop\/product\/zfs-4t-10w50\/#breadcrumb"},"inLanguage":"lt-LT","potentialAction":[{"@type":"ReadAction","target":["https:\/\/fastcar.shop\/product\/zfs-4t-10w50\/"]}]},{"@type":"ImageObject","inLanguage":"lt-LT","@id":"https:\/\/fastcar.shop\/product\/zfs-4t-10w50\/#primaryimage","url":"https:\/\/fastcar.shop\/wp-content\/uploads\/2023\/08\/ZFS-4T-10w50.png","contentUrl":"https:\/\/fastcar.shop\/wp-content\/uploads\/2023\/08\/ZFS-4T-10w50.png","width":768,"height":816},{"@type":"BreadcrumbList","@id":"https:\/\/fastcar.shop\/product\/zfs-4t-10w50\/#breadcrumb","itemListElement":[{"@type":"ListItem","position":1,"name":"Home","item":"https:\/\/fastcar.shop\/"},{"@type":"ListItem","position":2,"name":"Shop","item":"https:\/\/fastcar.shop\/shop\/"},{"@type":"ListItem","position":3,"name":"MILLERS OILS ZFS 4T 10w50"}]},{"@type":"WebSite","@id":"https:\/\/fastcar.shop\/#website","url":"https:\/\/fastcar.shop\/","name":"Greit\u0173 automobili\u0173 parduotuv\u0117","description":"","publisher":{"@id":"https:\/\/fastcar.shop\/#organization"},"potentialAction":[{"@type":"SearchAction","target":{"@type":"EntryPoint","urlTemplate":"https:\/\/fastcar.shop\/?s={search_term_string}"},"query-input":{"@type":"PropertyValueSpecification","valueRequired":true,"valueName":"search_term_string"}}],"inLanguage":"lt-LT"},{"@type":"Organization","@id":"https:\/\/fastcar.shop\/#organization","name":"Fastcar.shop","url":"https:\/\/fastcar.shop\/","logo":{"@type":"ImageObject","inLanguage":"lt-LT","@id":"https:\/\/fastcar.shop\/#\/schema\/logo\/image\/","url":"https:\/\/fastcar.shop\/wp-content\/uploads\/2017\/08\/FCS_JPEG-01-scaled.jpg","contentUrl":"https:\/\/fastcar.shop\/wp-content\/uploads\/2017\/08\/FCS_JPEG-01-scaled.jpg","width":2560,"height":1379,"caption":"Fastcar.shop"},"image":{"@id":"https:\/\/fastcar.shop\/#\/schema\/logo\/image\/"},"sameAs":["https:\/\/www.facebook.com\/FastcarLt?locale=lt_LT","https:\/\/www.instagram.com\/fastcar.shop\/"]}]}},"jetpack_sharing_enabled":true,"_links":{"self":[{"href":"https:\/\/fastcar.shop\/lt\/wp-json\/wp\/v2\/product\/4183","targetHints":{"allow":["GET"]}}],"collection":[{"href":"https:\/\/fastcar.shop\/lt\/wp-json\/wp\/v2\/product"}],"about":[{"href":"https:\/\/fastcar.shop\/lt\/wp-json\/wp\/v2\/types\/product"}],"wp:featuredmedia":[{"embeddable":true,"href":"https:\/\/fastcar.shop\/lt\/wp-json\/wp\/v2\/media\/4184"}],"wp:attachment":[{"href":"https:\/\/fastcar.shop\/lt\/wp-json\/wp\/v2\/media?parent=4183"}],"wp:term":[{"taxonomy":"product_brand","embeddable":true,"href":"https:\/\/fastcar.shop\/lt\/wp-json\/wp\/v2\/product_brand?post=4183"},{"taxonomy":"product_cat","embeddable":true,"href":"https:\/\/fastcar.shop\/lt\/wp-json\/wp\/v2\/product_cat?post=4183"},{"taxonomy":"product_tag","embeddable":true,"href":"https:\/\/fastcar.shop\/lt\/wp-json\/wp\/v2\/product_tag?post=4183"}],"curies":[{"name":"wp","href":"https:\/\/api.w.org\/{rel}","templated":true}]}}