{"id":4169,"date":"2023-08-31T09:07:23","date_gmt":"2023-08-31T09:07:23","guid":{"rendered":"https:\/\/fastcar.shop\/?post_type=product&#038;p=4169"},"modified":"2025-04-09T16:11:23","modified_gmt":"2025-04-09T13:11:23","slug":"xf-premium-engine-oil-lspi-5w30","status":"publish","type":"product","link":"https:\/\/fastcar.shop\/lt\/product\/xf-premium-engine-oil-lspi-5w30\/","title":{"rendered":"MILLERS OILS XF Premium Engine Oil LSPI 5w30"},"content":{"rendered":"<p style=\"text-align: left;\">Savyb\u0117s ir privalumai<\/p>\n<ul style=\"text-align: left;\">\n<li>\"XF Premium\" variklin\u0117 alyva su \"Millers Oils Dynamic Fluid Technology\" (DFT) u\u017etikrina geresn\u012f \u017eemos temperat\u016bros sraut\u0105 u\u017evedant \u0161alt\u0105 varikl\u012f ir akimirksniu apsaugo gyvybi\u0161kai svarbius variklio komponentus nuo pat kiekvienos kelion\u0117s prad\u017eios.<\/li>\n<li>\"XF Premium\" variklin\u0117 alyva su DFT padidina klampumo stabilum\u0105 esant auk\u0161tai temperat\u016brai. Tai suma\u017eina variklio dilim\u0105 ir u\u017etikrina puiki\u0105 komponent\u0173, \u012fskaitant st\u016bmoklius, \u017eiedus, paskirstymo grandin\u0119, guolius ir vo\u017etuv\u0173 keltuvus, apsaug\u0105.<\/li>\n<li>DFT u\u017etikrina puiki\u0105 momentin\u0119 apsaug\u0105 esant kar\u0161toms ir \u0161altoms temperat\u016broms, kartu suma\u017eindamas degal\u0173 s\u0105naudas ir i\u0161metam\u0173j\u0173 ter\u0161al\u0173 kiek\u012f.<\/li>\n<li>\"XF Premium\" variklin\u0117 alyva su DFT u\u017etikrina i\u0161skirtin\u0119 LSPI apsaug\u0105 ir geriausi\u0105 turbokompresoriaus prie\u017ei\u016br\u0105 net ekstremaliausiomis eksploatavimo s\u0105lygomis.<\/li>\n<li>\"XF Premium\" variklin\u0117 alyva su DFT yra specialiai sukurta naudoti visose hibridin\u0117se sistemose, \u012fskaitant savaime \u012fkraunamas hibridines elektrines transporto priemones (HEV) ir \u012fkraunamas hibridines elektrines transporto priemones (PHEV).<\/li>\n<li>Suderinama su biodegalais, DFT u\u017etikrina i\u0161skirtines eksploatacines savybes ir apsaug\u0105 nuo nuos\u0117d\u0173, dumblo ir variklio nusid\u0117v\u0117jimo.<\/li>\n<\/ul>\n<p style=\"text-align: left;\">Auk\u0161\u010diausios kokyb\u0117s benzinini\u0173 varikli\u0173 alyva, sukurta naudojant naujausias technologijas, skirta originalios \u012frangos gamintojams, kuriems reikalinga 5w30 klampa, u\u017etikrinanti apsaug\u0105 nuo ma\u017eo grei\u010dio i\u0161ankstinio u\u017esidegimo (LSPI) ir krumpliara\u010di\u0173 grandin\u0117s nusid\u0117v\u0117jimo.<\/p>\n<p style=\"text-align: left;\">Visi\u0161kai sintetinis, skirtas naudoti benzininiuose ir hibridiniuose varikliuose.<\/p>\n<p style=\"text-align: left;\">Idealiai tinka \"Opel\" ir Azijos gamintojams, \u012fskaitant \"Lexus\", \"Nissan\", \"Suzuki\" ir \"Toyota\".<\/p>\n<p style=\"text-align: left;\"><a href=\"https:\/\/fastcar.shop\/wp-content\/uploads\/2023\/08\/XF-Premium-LSPI-5w30.pdf\">Gaminio duomen\u0173 lapas <img loading=\"lazy\" decoding=\"async\" class=\"alignnone size-full wp-image-3251\" src=\"https:\/\/fastcar.shop\/wp-content\/uploads\/2022\/01\/pdf-e1641824783993.png\" alt=\"\" width=\"30\" height=\"23\" \/> <\/a><\/p>","protected":false},"excerpt":{"rendered":"<p style=\"text-align: left;\">Auk\u0161\u010diausios kokyb\u0117s benzinini\u0173 varikli\u0173 alyva, sukurta naudojant naujausias technologijas, skirta originalios \u012frangos gamintojams, kuriems reikalinga 5w30 klampumo alyva.<\/p>","protected":false},"featured_media":4171,"template":"","meta":[],"product_brand":[],"product_cat":[1786,885],"product_tag":[],"class_list":{"0":"post-4169","1":"product","2":"type-product","3":"status-publish","4":"has-post-thumbnail","6":"product_cat-engine-oil","7":"product_cat-oils_lubricants","8":"product_provider-millers-oils","10":"first","11":"instock","12":"taxable","13":"shipping-taxable","14":"purchasable","15":"product-type-variable"},"aioseo_notices":[],"yoast_head":"<!-- This site is optimized with the Yoast SEO plugin v27.3 - https:\/\/yoast.com\/product\/yoast-seo-wordpress\/ -->\n<title>XF Premium Engine Oil LSPI 5w30<\/title>\n<meta name=\"robots\" content=\"index, follow, max-snippet:-1, max-image-preview:large, max-video-preview:-1\" \/>\n<link rel=\"canonical\" href=\"https:\/\/fastcar.shop\/lt\/produktas\/xf-premium-engine-oil-lspi-5w30\/\" \/>\n<meta property=\"og:locale\" content=\"lt_LT\" \/>\n<meta property=\"og:type\" content=\"article\" \/>\n<meta property=\"og:title\" content=\"XF Premium Engine Oil LSPI 5w30\" \/>\n<meta property=\"og:description\" content=\"A premium gasoline engine oil formulated using the latest technology for OEM applications requiring a 5w30 viscosity.\" \/>\n<meta property=\"og:url\" content=\"https:\/\/fastcar.shop\/lt\/produktas\/xf-premium-engine-oil-lspi-5w30\/\" \/>\n<meta property=\"og:site_name\" content=\"Fast Car Shop\" \/>\n<meta property=\"article:publisher\" content=\"https:\/\/www.facebook.com\/FastcarLt?locale=lt_LT\" \/>\n<meta property=\"article:modified_time\" content=\"2025-04-09T13:11:23+00:00\" \/>\n<meta property=\"og:image\" content=\"https:\/\/fastcar.shop\/wp-content\/uploads\/2023\/08\/XF-LSPI-5w30.png\" \/>\n\t<meta property=\"og:image:width\" content=\"768\" \/>\n\t<meta property=\"og:image:height\" content=\"816\" \/>\n\t<meta property=\"og:image:type\" content=\"image\/png\" \/>\n<meta name=\"twitter:card\" content=\"summary_large_image\" \/>\n<meta name=\"twitter:label1\" content=\"Est. reading time\" \/>\n\t<meta name=\"twitter:data1\" content=\"1 minut\u0117\" \/>\n<!-- \/ Yoast SEO plugin. -->","yoast_head_json":{"title":"XF Premium variklio alyva LSPI 5w30","robots":{"index":"index","follow":"follow","max-snippet":"max-snippet:-1","max-image-preview":"max-image-preview:large","max-video-preview":"max-video-preview:-1"},"canonical":"https:\/\/fastcar.shop\/lt\/produktas\/xf-premium-engine-oil-lspi-5w30\/","og_locale":"lt_LT","og_type":"article","og_title":"XF Premium Engine Oil LSPI 5w30","og_description":"A premium gasoline engine oil formulated using the latest technology for OEM applications requiring a 5w30 viscosity.","og_url":"https:\/\/fastcar.shop\/lt\/produktas\/xf-premium-engine-oil-lspi-5w30\/","og_site_name":"Fast Car Shop","article_publisher":"https:\/\/www.facebook.com\/FastcarLt?locale=lt_LT","article_modified_time":"2025-04-09T13:11:23+00:00","og_image":[{"width":768,"height":816,"url":"https:\/\/fastcar.shop\/wp-content\/uploads\/2023\/08\/XF-LSPI-5w30.png","type":"image\/png"}],"twitter_card":"summary_large_image","twitter_misc":{"Est. reading time":"1 minut\u0117"},"schema":{"@context":"https:\/\/schema.org","@graph":[{"@type":"WebPage","@id":"https:\/\/fastcar.shop\/product\/xf-premium-engine-oil-lspi-5w30\/","url":"https:\/\/fastcar.shop\/product\/xf-premium-engine-oil-lspi-5w30\/","name":"XF Premium variklio alyva LSPI 5w30","isPartOf":{"@id":"https:\/\/fastcar.shop\/#website"},"primaryImageOfPage":{"@id":"https:\/\/fastcar.shop\/product\/xf-premium-engine-oil-lspi-5w30\/#primaryimage"},"image":{"@id":"https:\/\/fastcar.shop\/product\/xf-premium-engine-oil-lspi-5w30\/#primaryimage"},"thumbnailUrl":"https:\/\/fastcar.shop\/wp-content\/uploads\/2023\/08\/XF-LSPI-5w30.png","datePublished":"2023-08-31T09:07:23+00:00","dateModified":"2025-04-09T13:11:23+00:00","breadcrumb":{"@id":"https:\/\/fastcar.shop\/product\/xf-premium-engine-oil-lspi-5w30\/#breadcrumb"},"inLanguage":"lt-LT","potentialAction":[{"@type":"ReadAction","target":["https:\/\/fastcar.shop\/product\/xf-premium-engine-oil-lspi-5w30\/"]}]},{"@type":"ImageObject","inLanguage":"lt-LT","@id":"https:\/\/fastcar.shop\/product\/xf-premium-engine-oil-lspi-5w30\/#primaryimage","url":"https:\/\/fastcar.shop\/wp-content\/uploads\/2023\/08\/XF-LSPI-5w30.png","contentUrl":"https:\/\/fastcar.shop\/wp-content\/uploads\/2023\/08\/XF-LSPI-5w30.png","width":768,"height":816},{"@type":"BreadcrumbList","@id":"https:\/\/fastcar.shop\/product\/xf-premium-engine-oil-lspi-5w30\/#breadcrumb","itemListElement":[{"@type":"ListItem","position":1,"name":"Home","item":"https:\/\/fastcar.shop\/"},{"@type":"ListItem","position":2,"name":"Shop","item":"https:\/\/fastcar.shop\/shop\/"},{"@type":"ListItem","position":3,"name":"MILLERS OILS XF Premium Engine Oil LSPI 5w30"}]},{"@type":"WebSite","@id":"https:\/\/fastcar.shop\/#website","url":"https:\/\/fastcar.shop\/","name":"Greit\u0173 automobili\u0173 parduotuv\u0117","description":"","publisher":{"@id":"https:\/\/fastcar.shop\/#organization"},"potentialAction":[{"@type":"SearchAction","target":{"@type":"EntryPoint","urlTemplate":"https:\/\/fastcar.shop\/?s={search_term_string}"},"query-input":{"@type":"PropertyValueSpecification","valueRequired":true,"valueName":"search_term_string"}}],"inLanguage":"lt-LT"},{"@type":"Organization","@id":"https:\/\/fastcar.shop\/#organization","name":"Fastcar.shop","url":"https:\/\/fastcar.shop\/","logo":{"@type":"ImageObject","inLanguage":"lt-LT","@id":"https:\/\/fastcar.shop\/#\/schema\/logo\/image\/","url":"https:\/\/fastcar.shop\/wp-content\/uploads\/2017\/08\/FCS_JPEG-01-scaled.jpg","contentUrl":"https:\/\/fastcar.shop\/wp-content\/uploads\/2017\/08\/FCS_JPEG-01-scaled.jpg","width":2560,"height":1379,"caption":"Fastcar.shop"},"image":{"@id":"https:\/\/fastcar.shop\/#\/schema\/logo\/image\/"},"sameAs":["https:\/\/www.facebook.com\/FastcarLt?locale=lt_LT","https:\/\/www.instagram.com\/fastcar.shop\/"]}]}},"jetpack_sharing_enabled":true,"_links":{"self":[{"href":"https:\/\/fastcar.shop\/lt\/wp-json\/wp\/v2\/product\/4169","targetHints":{"allow":["GET"]}}],"collection":[{"href":"https:\/\/fastcar.shop\/lt\/wp-json\/wp\/v2\/product"}],"about":[{"href":"https:\/\/fastcar.shop\/lt\/wp-json\/wp\/v2\/types\/product"}],"wp:featuredmedia":[{"embeddable":true,"href":"https:\/\/fastcar.shop\/lt\/wp-json\/wp\/v2\/media\/4171"}],"wp:attachment":[{"href":"https:\/\/fastcar.shop\/lt\/wp-json\/wp\/v2\/media?parent=4169"}],"wp:term":[{"taxonomy":"product_brand","embeddable":true,"href":"https:\/\/fastcar.shop\/lt\/wp-json\/wp\/v2\/product_brand?post=4169"},{"taxonomy":"product_cat","embeddable":true,"href":"https:\/\/fastcar.shop\/lt\/wp-json\/wp\/v2\/product_cat?post=4169"},{"taxonomy":"product_tag","embeddable":true,"href":"https:\/\/fastcar.shop\/lt\/wp-json\/wp\/v2\/product_tag?post=4169"}],"curies":[{"name":"wp","href":"https:\/\/api.w.org\/{rel}","templated":true}]}}