{"id":4121,"date":"2023-08-29T21:02:02","date_gmt":"2023-08-29T21:02:02","guid":{"rendered":"https:\/\/fastcar.shop\/?post_type=product&#038;p=4121"},"modified":"2025-04-09T16:12:03","modified_gmt":"2025-04-09T13:12:03","slug":"motorsport-kr2t-1l","status":"publish","type":"product","link":"https:\/\/fastcar.shop\/lt\/product\/motorsport-kr2t-1l\/","title":{"rendered":"MILLERS OILS Motorsport KR2T 1L"},"content":{"rendered":"<p style=\"text-align: left;\">Savyb\u0117s ir privalumai<\/p>\n<p style=\"text-align: left;\">- Unikali formul\u0117 pagerina ang\u0173 sandarum\u0105, tod\u0117l padid\u0117ja galia ir sukimo momentas.<br \/>\n- \u0160variai dega, tod\u0117l pager\u0117ja reakcija \u012f akceleratoriaus sklend\u0119<br \/>\n- Did\u017eiausias tepumas ma\u017eesniam nusid\u0117v\u0117jimui<br \/>\n- Apsaugo nuo akceleratoriaus u\u017estrigimo<br \/>\n- Pa\u0161alinamos karterio nuos\u0117dos, tod\u0117l lengviau rekonstruoti varikl\u012f<br \/>\n- Tinka visiems didelio na\u0161umo oru ir vandeniu au\u0161inamiems dvitak\u010diams varikliams<br \/>\n- Galima naudoti pakabinamuosiuose varikliuose, kuriems nereikia bepeleni\u0173 alyv\u0173<br \/>\n- Nuda\u017eytas m\u0117lynai, kad b\u016bt\u0173 lengva \u012fsitikinti, jog kuras buvo apdorotas<\/p>\n<p style=\"text-align: left;\">KR2T yra unikali SAE 40 formul\u0117,<br \/>\nDvitak\u010di\u0173 varikli\u0173 alyva, pasi\u017eyminti dideliu na\u0161umu ir ma\u017eu pelen\u0173 kiekiu.<br \/>\nSpecialiai sukurtas didel\u0117s apsukos dvitak\u010diams varikliams<br \/>\nTaip pat tinka motociklams, kartingams ir visiems kitiems dvitak\u010diams motociklams.<br \/>\nMai\u0161ant su benzinu variklio gamintojo rekomenduojamu santykiu, kai reikia did\u017eiausio na\u0161umo. (Paprastai 40:1-50:1 santykis tur\u0117t\u0173 b\u016bti geriausias).<\/p>\n<p style=\"text-align: left;\" class=\"translation-block\">D\u0117l vis\u0173 i\u0161samios informacijos apie na\u0161umo profilius ir specifikacijas \u017ei\u016br\u0117ti gaminio duomen\u0173 lap\u0105.<\/p>\n<p style=\"text-align: left;\"><a href=\"https:\/\/fastcar.shop\/wp-content\/uploads\/2023\/08\/KR2T.pdf\">Gaminio duomen\u0173 lapas <img loading=\"lazy\" decoding=\"async\" class=\"alignnone size-full wp-image-3251\" src=\"https:\/\/fastcar.shop\/wp-content\/uploads\/2022\/01\/pdf-e1641824783993.png\" alt=\"\" width=\"30\" height=\"23\" \/><\/a><\/p>","protected":false},"excerpt":{"rendered":"<p style=\"text-align: left;\">Var\u017eybin\u0117 2 takt\u0173 variklio alyva<\/p>","protected":false},"featured_media":4123,"template":"","meta":[],"product_brand":[],"product_cat":[1786,1806,885],"product_tag":[],"class_list":{"0":"post-4121","1":"product","2":"type-product","3":"status-publish","4":"has-post-thumbnail","6":"product_cat-engine-oil","7":"product_cat-motorcycle-scooter-atv","8":"product_cat-oils_lubricants","9":"product_provider-millers-oils","11":"first","12":"instock","13":"taxable","14":"shipping-taxable","15":"purchasable","16":"product-type-simple"},"aioseo_notices":[],"yoast_head":"<!-- This site is optimized with the Yoast SEO plugin v27.3 - https:\/\/yoast.com\/product\/yoast-seo-wordpress\/ -->\n<title>Motorsport KR2T 1L<\/title>\n<meta name=\"robots\" content=\"index, follow, max-snippet:-1, max-image-preview:large, max-video-preview:-1\" \/>\n<link rel=\"canonical\" href=\"https:\/\/fastcar.shop\/lt\/produktas\/motorsport-kr2t-1l\/\" \/>\n<meta property=\"og:locale\" content=\"lt_LT\" \/>\n<meta property=\"og:type\" content=\"article\" \/>\n<meta property=\"og:title\" content=\"Motorsport KR2T 1L\" \/>\n<meta property=\"og:description\" content=\"Competition 2 Stroke Engine Oil\" \/>\n<meta property=\"og:url\" content=\"https:\/\/fastcar.shop\/lt\/produktas\/motorsport-kr2t-1l\/\" \/>\n<meta property=\"og:site_name\" content=\"Fast Car Shop\" \/>\n<meta property=\"article:publisher\" content=\"https:\/\/www.facebook.com\/FastcarLt?locale=lt_LT\" \/>\n<meta property=\"article:modified_time\" content=\"2025-04-09T13:12:03+00:00\" \/>\n<meta property=\"og:image\" content=\"https:\/\/fastcar.shop\/wp-content\/uploads\/2023\/08\/kr-2t.jpg\" \/>\n\t<meta property=\"og:image:width\" content=\"800\" \/>\n\t<meta property=\"og:image:height\" content=\"800\" \/>\n\t<meta property=\"og:image:type\" content=\"image\/jpeg\" \/>\n<meta name=\"twitter:card\" content=\"summary_large_image\" \/>\n<meta name=\"twitter:label1\" content=\"Est. reading time\" \/>\n\t<meta name=\"twitter:data1\" content=\"1 minut\u0117\" \/>\n<!-- \/ Yoast SEO plugin. -->","yoast_head_json":{"title":"Motorsport KR2T 1L","robots":{"index":"index","follow":"follow","max-snippet":"max-snippet:-1","max-image-preview":"max-image-preview:large","max-video-preview":"max-video-preview:-1"},"canonical":"https:\/\/fastcar.shop\/lt\/produktas\/motorsport-kr2t-1l\/","og_locale":"lt_LT","og_type":"article","og_title":"Motorsport KR2T 1L","og_description":"Competition 2 Stroke Engine Oil","og_url":"https:\/\/fastcar.shop\/lt\/produktas\/motorsport-kr2t-1l\/","og_site_name":"Fast Car Shop","article_publisher":"https:\/\/www.facebook.com\/FastcarLt?locale=lt_LT","article_modified_time":"2025-04-09T13:12:03+00:00","og_image":[{"width":800,"height":800,"url":"https:\/\/fastcar.shop\/wp-content\/uploads\/2023\/08\/kr-2t.jpg","type":"image\/jpeg"}],"twitter_card":"summary_large_image","twitter_misc":{"Est. reading time":"1 minut\u0117"},"schema":{"@context":"https:\/\/schema.org","@graph":[{"@type":"WebPage","@id":"https:\/\/fastcar.shop\/product\/motorsport-kr2t-1l\/","url":"https:\/\/fastcar.shop\/product\/motorsport-kr2t-1l\/","name":"Motorsport KR2T 1L","isPartOf":{"@id":"https:\/\/fastcar.shop\/#website"},"primaryImageOfPage":{"@id":"https:\/\/fastcar.shop\/product\/motorsport-kr2t-1l\/#primaryimage"},"image":{"@id":"https:\/\/fastcar.shop\/product\/motorsport-kr2t-1l\/#primaryimage"},"thumbnailUrl":"https:\/\/fastcar.shop\/wp-content\/uploads\/2023\/08\/kr-2t.jpg","datePublished":"2023-08-29T21:02:02+00:00","dateModified":"2025-04-09T13:12:03+00:00","breadcrumb":{"@id":"https:\/\/fastcar.shop\/product\/motorsport-kr2t-1l\/#breadcrumb"},"inLanguage":"lt-LT","potentialAction":[{"@type":"ReadAction","target":["https:\/\/fastcar.shop\/product\/motorsport-kr2t-1l\/"]}]},{"@type":"ImageObject","inLanguage":"lt-LT","@id":"https:\/\/fastcar.shop\/product\/motorsport-kr2t-1l\/#primaryimage","url":"https:\/\/fastcar.shop\/wp-content\/uploads\/2023\/08\/kr-2t.jpg","contentUrl":"https:\/\/fastcar.shop\/wp-content\/uploads\/2023\/08\/kr-2t.jpg","width":800,"height":800},{"@type":"BreadcrumbList","@id":"https:\/\/fastcar.shop\/product\/motorsport-kr2t-1l\/#breadcrumb","itemListElement":[{"@type":"ListItem","position":1,"name":"Home","item":"https:\/\/fastcar.shop\/"},{"@type":"ListItem","position":2,"name":"Shop","item":"https:\/\/fastcar.shop\/shop\/"},{"@type":"ListItem","position":3,"name":"MILLERS OILS Motorsport KR2T 1L"}]},{"@type":"WebSite","@id":"https:\/\/fastcar.shop\/#website","url":"https:\/\/fastcar.shop\/","name":"Greit\u0173 automobili\u0173 parduotuv\u0117","description":"","publisher":{"@id":"https:\/\/fastcar.shop\/#organization"},"potentialAction":[{"@type":"SearchAction","target":{"@type":"EntryPoint","urlTemplate":"https:\/\/fastcar.shop\/?s={search_term_string}"},"query-input":{"@type":"PropertyValueSpecification","valueRequired":true,"valueName":"search_term_string"}}],"inLanguage":"lt-LT"},{"@type":"Organization","@id":"https:\/\/fastcar.shop\/#organization","name":"Fastcar.shop","url":"https:\/\/fastcar.shop\/","logo":{"@type":"ImageObject","inLanguage":"lt-LT","@id":"https:\/\/fastcar.shop\/#\/schema\/logo\/image\/","url":"https:\/\/fastcar.shop\/wp-content\/uploads\/2017\/08\/FCS_JPEG-01-scaled.jpg","contentUrl":"https:\/\/fastcar.shop\/wp-content\/uploads\/2017\/08\/FCS_JPEG-01-scaled.jpg","width":2560,"height":1379,"caption":"Fastcar.shop"},"image":{"@id":"https:\/\/fastcar.shop\/#\/schema\/logo\/image\/"},"sameAs":["https:\/\/www.facebook.com\/FastcarLt?locale=lt_LT","https:\/\/www.instagram.com\/fastcar.shop\/"]}]}},"jetpack_sharing_enabled":true,"_links":{"self":[{"href":"https:\/\/fastcar.shop\/lt\/wp-json\/wp\/v2\/product\/4121","targetHints":{"allow":["GET"]}}],"collection":[{"href":"https:\/\/fastcar.shop\/lt\/wp-json\/wp\/v2\/product"}],"about":[{"href":"https:\/\/fastcar.shop\/lt\/wp-json\/wp\/v2\/types\/product"}],"wp:featuredmedia":[{"embeddable":true,"href":"https:\/\/fastcar.shop\/lt\/wp-json\/wp\/v2\/media\/4123"}],"wp:attachment":[{"href":"https:\/\/fastcar.shop\/lt\/wp-json\/wp\/v2\/media?parent=4121"}],"wp:term":[{"taxonomy":"product_brand","embeddable":true,"href":"https:\/\/fastcar.shop\/lt\/wp-json\/wp\/v2\/product_brand?post=4121"},{"taxonomy":"product_cat","embeddable":true,"href":"https:\/\/fastcar.shop\/lt\/wp-json\/wp\/v2\/product_cat?post=4121"},{"taxonomy":"product_tag","embeddable":true,"href":"https:\/\/fastcar.shop\/lt\/wp-json\/wp\/v2\/product_tag?post=4121"}],"curies":[{"name":"wp","href":"https:\/\/api.w.org\/{rel}","templated":true}]}}