{"id":4117,"date":"2023-08-29T20:44:21","date_gmt":"2023-08-29T20:44:21","guid":{"rendered":"https:\/\/fastcar.shop\/?post_type=product&#038;p=4117"},"modified":"2025-04-09T16:12:16","modified_gmt":"2025-04-09T13:12:16","slug":"hi-mol-20-500g","status":"publish","type":"product","link":"https:\/\/fastcar.shop\/lt\/product\/hi-mol-20-500g\/","title":{"rendered":"MILLERS OILS Hi-Mol 20 500g"},"content":{"rendered":"<p style=\"text-align: left;\">Privalumai:<\/p>\n<ul>\n<li style=\"text-align: left;\">Labai didelis molibdeno kiekis, palyginti su \u012fprastais juodaisiais tepalais<\/li>\n<li style=\"text-align: left;\">\u012erodyta var\u017eybose per daugel\u012f sezon\u0173<\/li>\n<li style=\"text-align: left;\">Idealiai tinka labai apkrautiems nuolatinio grei\u010dio (CV) \u0161arnyrams automobili\u0173 sporte<\/li>\n<li style=\"text-align: left;\">Pa\u0161alina slankiojan\u010di\u0173 krumpliara\u010di\u0173 sukibim\u0105 esant didel\u0117ms pagrei\u010dio apkrovoms<\/li>\n<li style=\"text-align: left;\">Didelis molibdeno disulfido kiekis u\u017etikrina didel\u0119 apkrov\u0105, tod\u0117l gamin\u012f galima naudoti ir kitose didel\u0117s apkrovos srityse.<\/li>\n<\/ul>\n<p style=\"text-align: left;\">Technin\u0117 informacija:<\/p>\n<p style=\"text-align: left;\">NGLI Klas\u0117: 2<br \/>\nKiet\u0173j\u0173 med\u017eiag\u0173 kiekis: 20%<\/p>\n<p style=\"text-align: left;\"><a href=\"https:\/\/fastcar.shop\/wp-content\/uploads\/2023\/08\/Hi-Mol-20-2.pdf\">Gaminio duomen\u0173 lapas <img loading=\"lazy\" decoding=\"async\" class=\"alignnone size-full wp-image-3251\" src=\"https:\/\/fastcar.shop\/wp-content\/uploads\/2022\/01\/pdf-e1641824783993.png\" alt=\"\" width=\"30\" height=\"23\" \/><\/a><\/p>","protected":false},"excerpt":{"rendered":"<p style=\"text-align: left;\">\"Millers Oils Hi-Mol 20 Specialist Competition Grease\" tepalas<\/p>\n<p style=\"text-align: left;\">\"Millers Oils Hi-Mol 20\" yra specializuotas var\u017eyb\u0173 tepalas, kurio pagrind\u0105 sudaro li\u010dio muilas ir 20 % molibdeno disulfido.<\/p>\n<p style=\"text-align: left;\">Naudoti kaip gaut\u0105, idealiai tinka pastovaus grei\u010dio \u0161arnyrams ir labai apkrautiems slankiojantiems krumpliaratiniams varantiesiems velenams.<\/p>","protected":false},"featured_media":4119,"template":"","meta":[],"product_brand":[],"product_cat":[1790,885],"product_tag":[],"class_list":{"0":"post-4117","1":"product","2":"type-product","3":"status-publish","4":"has-post-thumbnail","6":"product_cat-grease","7":"product_cat-oils_lubricants","8":"product_provider-millers-oils","10":"first","11":"instock","12":"taxable","13":"shipping-taxable","14":"purchasable","15":"product-type-simple"},"aioseo_notices":[],"yoast_head":"<!-- This site is optimized with the Yoast SEO plugin v27.3 - https:\/\/yoast.com\/product\/yoast-seo-wordpress\/ -->\n<title>Hi-Mol 20 500g<\/title>\n<meta name=\"robots\" content=\"index, follow, max-snippet:-1, max-image-preview:large, max-video-preview:-1\" \/>\n<link rel=\"canonical\" href=\"https:\/\/fastcar.shop\/lt\/produktas\/hi-mol-20-500g\/\" \/>\n<meta property=\"og:locale\" content=\"lt_LT\" \/>\n<meta property=\"og:type\" content=\"article\" \/>\n<meta property=\"og:title\" content=\"Hi-Mol 20 500g\" \/>\n<meta property=\"og:description\" content=\"Millers Oils Hi-Mol 20 Specialist Competition Grease Millers Oils Hi-Mol 20 is a specialised competition grease based on lithium soap and 20% molybdenum disulphide. Use as received, ideal for constant velocity joints and highly loaded sliding spline drive shafts.\" \/>\n<meta property=\"og:url\" content=\"https:\/\/fastcar.shop\/lt\/produktas\/hi-mol-20-500g\/\" \/>\n<meta property=\"og:site_name\" content=\"Fast Car Shop\" \/>\n<meta property=\"article:publisher\" content=\"https:\/\/www.facebook.com\/FastcarLt?locale=lt_LT\" \/>\n<meta property=\"article:modified_time\" content=\"2025-04-09T13:12:16+00:00\" \/>\n<meta property=\"og:image\" content=\"https:\/\/fastcar.shop\/wp-content\/uploads\/2023\/08\/hi-mol-500g.jpg\" \/>\n\t<meta property=\"og:image:width\" content=\"750\" \/>\n\t<meta property=\"og:image:height\" content=\"750\" \/>\n\t<meta property=\"og:image:type\" content=\"image\/jpeg\" \/>\n<meta name=\"twitter:card\" content=\"summary_large_image\" \/>\n<!-- \/ Yoast SEO plugin. -->","yoast_head_json":{"title":"Hi-Mol 20 500g","robots":{"index":"index","follow":"follow","max-snippet":"max-snippet:-1","max-image-preview":"max-image-preview:large","max-video-preview":"max-video-preview:-1"},"canonical":"https:\/\/fastcar.shop\/lt\/produktas\/hi-mol-20-500g\/","og_locale":"lt_LT","og_type":"article","og_title":"Hi-Mol 20 500g","og_description":"Millers Oils Hi-Mol 20 Specialist Competition Grease Millers Oils Hi-Mol 20 is a specialised competition grease based on lithium soap and 20% molybdenum disulphide. Use as received, ideal for constant velocity joints and highly loaded sliding spline drive shafts.","og_url":"https:\/\/fastcar.shop\/lt\/produktas\/hi-mol-20-500g\/","og_site_name":"Fast Car Shop","article_publisher":"https:\/\/www.facebook.com\/FastcarLt?locale=lt_LT","article_modified_time":"2025-04-09T13:12:16+00:00","og_image":[{"width":750,"height":750,"url":"https:\/\/fastcar.shop\/wp-content\/uploads\/2023\/08\/hi-mol-500g.jpg","type":"image\/jpeg"}],"twitter_card":"summary_large_image","schema":{"@context":"https:\/\/schema.org","@graph":[{"@type":"WebPage","@id":"https:\/\/fastcar.shop\/product\/hi-mol-20-500g\/","url":"https:\/\/fastcar.shop\/product\/hi-mol-20-500g\/","name":"Hi-Mol 20 500g","isPartOf":{"@id":"https:\/\/fastcar.shop\/#website"},"primaryImageOfPage":{"@id":"https:\/\/fastcar.shop\/product\/hi-mol-20-500g\/#primaryimage"},"image":{"@id":"https:\/\/fastcar.shop\/product\/hi-mol-20-500g\/#primaryimage"},"thumbnailUrl":"https:\/\/fastcar.shop\/wp-content\/uploads\/2023\/08\/hi-mol-500g.jpg","datePublished":"2023-08-29T20:44:21+00:00","dateModified":"2025-04-09T13:12:16+00:00","breadcrumb":{"@id":"https:\/\/fastcar.shop\/product\/hi-mol-20-500g\/#breadcrumb"},"inLanguage":"lt-LT","potentialAction":[{"@type":"ReadAction","target":["https:\/\/fastcar.shop\/product\/hi-mol-20-500g\/"]}]},{"@type":"ImageObject","inLanguage":"lt-LT","@id":"https:\/\/fastcar.shop\/product\/hi-mol-20-500g\/#primaryimage","url":"https:\/\/fastcar.shop\/wp-content\/uploads\/2023\/08\/hi-mol-500g.jpg","contentUrl":"https:\/\/fastcar.shop\/wp-content\/uploads\/2023\/08\/hi-mol-500g.jpg","width":750,"height":750},{"@type":"BreadcrumbList","@id":"https:\/\/fastcar.shop\/product\/hi-mol-20-500g\/#breadcrumb","itemListElement":[{"@type":"ListItem","position":1,"name":"Home","item":"https:\/\/fastcar.shop\/"},{"@type":"ListItem","position":2,"name":"Shop","item":"https:\/\/fastcar.shop\/shop\/"},{"@type":"ListItem","position":3,"name":"MILLERS OILS Hi-Mol 20 500g"}]},{"@type":"WebSite","@id":"https:\/\/fastcar.shop\/#website","url":"https:\/\/fastcar.shop\/","name":"Greit\u0173 automobili\u0173 parduotuv\u0117","description":"","publisher":{"@id":"https:\/\/fastcar.shop\/#organization"},"potentialAction":[{"@type":"SearchAction","target":{"@type":"EntryPoint","urlTemplate":"https:\/\/fastcar.shop\/?s={search_term_string}"},"query-input":{"@type":"PropertyValueSpecification","valueRequired":true,"valueName":"search_term_string"}}],"inLanguage":"lt-LT"},{"@type":"Organization","@id":"https:\/\/fastcar.shop\/#organization","name":"Fastcar.shop","url":"https:\/\/fastcar.shop\/","logo":{"@type":"ImageObject","inLanguage":"lt-LT","@id":"https:\/\/fastcar.shop\/#\/schema\/logo\/image\/","url":"https:\/\/fastcar.shop\/wp-content\/uploads\/2017\/08\/FCS_JPEG-01-scaled.jpg","contentUrl":"https:\/\/fastcar.shop\/wp-content\/uploads\/2017\/08\/FCS_JPEG-01-scaled.jpg","width":2560,"height":1379,"caption":"Fastcar.shop"},"image":{"@id":"https:\/\/fastcar.shop\/#\/schema\/logo\/image\/"},"sameAs":["https:\/\/www.facebook.com\/FastcarLt?locale=lt_LT","https:\/\/www.instagram.com\/fastcar.shop\/"]}]}},"jetpack_sharing_enabled":true,"_links":{"self":[{"href":"https:\/\/fastcar.shop\/lt\/wp-json\/wp\/v2\/product\/4117","targetHints":{"allow":["GET"]}}],"collection":[{"href":"https:\/\/fastcar.shop\/lt\/wp-json\/wp\/v2\/product"}],"about":[{"href":"https:\/\/fastcar.shop\/lt\/wp-json\/wp\/v2\/types\/product"}],"wp:featuredmedia":[{"embeddable":true,"href":"https:\/\/fastcar.shop\/lt\/wp-json\/wp\/v2\/media\/4119"}],"wp:attachment":[{"href":"https:\/\/fastcar.shop\/lt\/wp-json\/wp\/v2\/media?parent=4117"}],"wp:term":[{"taxonomy":"product_brand","embeddable":true,"href":"https:\/\/fastcar.shop\/lt\/wp-json\/wp\/v2\/product_brand?post=4117"},{"taxonomy":"product_cat","embeddable":true,"href":"https:\/\/fastcar.shop\/lt\/wp-json\/wp\/v2\/product_cat?post=4117"},{"taxonomy":"product_tag","embeddable":true,"href":"https:\/\/fastcar.shop\/lt\/wp-json\/wp\/v2\/product_tag?post=4117"}],"curies":[{"name":"wp","href":"https:\/\/api.w.org\/{rel}","templated":true}]}}