{"id":4092,"date":"2023-08-17T13:25:07","date_gmt":"2023-08-17T13:25:07","guid":{"rendered":"https:\/\/fastcar.shop\/?post_type=product&#038;p=4092"},"modified":"2025-10-05T21:42:26","modified_gmt":"2025-10-05T18:42:26","slug":"ee-performance-engine-oil-c3-5w30","status":"publish","type":"product","link":"https:\/\/fastcar.shop\/lt\/product\/ee-performance-engine-oil-c3-5w30\/","title":{"rendered":"MILLERS OILS EE Performance Engine Oil C3 5w30"},"content":{"rendered":"<p style=\"text-align: left;\">Savyb\u0117s ir privalumai<\/p>\n<ul style=\"text-align: left;\">\n<li>Didesn\u0117 variklio galia ir sukimo momentas d\u0117l apdovanojimus pelniusios NANODRIVE ma\u017eos trinties technologijos ir sintetini\u0173 esteri\u0173 sud\u0117ties.<\/li>\n<li>D\u0117l greito sutepimo naudojant NANODRIVE ma\u017eos trinties technologij\u0105, pailg\u0117ja komponent\u0173 tarnavimo laikas ir suma\u017einta darbin\u0117 temperat\u016bra.<\/li>\n<li>\u201eTrack day ready\u201c, didelio efektyvumo aliejus; u\u017etikrina maksimal\u0173 variklio na\u0161um\u0105, kartu atitinka gamintojo specifikacijas ir rekomenduojam\u0105 alyvos i\u0161leidimo interval\u0105 naudojant kelyje.<\/li>\n<li>Naujausia vidutinio dyd\u017eio SAPS technologija apsaugo variklius ir papildomo apdorojimo sistemas, \u012fskaitant kiet\u0173j\u0173 daleli\u0173 filtrus (DPF\/GPF) ir selektyv\u0173 katalizatoriaus ma\u017einim\u0105 (SCR),<br \/>\nu\u017etikrinanti auk\u0161\u010diausi\u0105 suod\u017ei\u0173 kontrol\u0119 ir aplinkos apsaug\u0105.<\/li>\n<\/ul>\n<p style=\"text-align: left;\">Produkto informacija<\/p>\n<p style=\"text-align: left;\">Efektyvi variklio alyva su NANODRIVE ma\u017eos trinties technologija, skirta transporto priemon\u0117ms, kurioms reikalinga C3 5w30 specifikacija. Sukurta \u201eVolkswagen Audi Group\u201c (VAG), \u012fskaitant \u201eBentley\u201c, \u201eLamborghini\u201c, \u201eSeat\u201c, \u201eSkoda\u201c ir \u201ePorsche\u201c. Kita apr\u0117ptis apima BMW ir Mercedes Benz.<\/p>\n<p style=\"text-align: left;\">Rekomenduojama:<\/p>\n<p style=\"text-align: left;\">ACEA C3<br \/>\nAPI SN, SM, SL<br \/>\nBMW Longlife-04<br \/>\nChrysler MS-11106<br \/>\nFiat 9.55535-S3<br \/>\nMB 229.51, MB 229.31<br \/>\nPorsche C30<br \/>\nVW 504 00 \/ 507 00, VW 506 00 \/ 506 01<br \/>\nVW 503 00 \/ 503 01, VW 502 00 \/ 505 01<br \/>\nVW 502 00 \/ 505 00, VW 500 00 \/ 501 01<br \/>\nAudi, Bentley, Lamborghini, Seat, Skoda<br \/>\nAzijos gamintojai<br \/>\nMillers Oils garantuoja \u0161io produkto GM<br \/>\ndexos 2 program\u0105<\/p>\n<p style=\"text-align: left;\"><a href=\"https:\/\/fastcar.shop\/wp-content\/uploads\/2023\/08\/EE-PERFORMANCE-C3-5w30.pdf\">Gaminio duomen\u0173 lapas <img loading=\"lazy\" decoding=\"async\" class=\"alignnone size-full wp-image-3251\" src=\"https:\/\/fastcar.shop\/wp-content\/uploads\/2022\/01\/pdf-e1641824783993.png\" alt=\"\" width=\"30\" height=\"23\" \/><\/a><\/p>","protected":false},"excerpt":{"rendered":"<p>Efektyvi variklio alyva su NANODRIVE ma\u017eos trinties technologija, skirta transporto priemon\u0117ms, kurioms reikalinga C3 5w30 specifikacija.<\/p>","protected":false},"featured_media":4093,"template":"","meta":[],"product_brand":[],"product_cat":[1786,885],"product_tag":[],"class_list":{"0":"post-4092","1":"product","2":"type-product","3":"status-publish","4":"has-post-thumbnail","6":"product_cat-engine-oil","7":"product_cat-oils_lubricants","8":"product_provider-millers-oils","10":"first","11":"outofstock","12":"taxable","13":"shipping-taxable","14":"purchasable","15":"product-type-variable"},"aioseo_notices":[],"yoast_head":"<!-- This site is optimized with the Yoast SEO plugin v27.4 - https:\/\/yoast.com\/product\/yoast-seo-wordpress\/ -->\n<title>EE Performance Engine Oil C3 5w30<\/title>\n<meta name=\"robots\" content=\"index, follow, max-snippet:-1, max-image-preview:large, max-video-preview:-1\" \/>\n<link rel=\"canonical\" href=\"https:\/\/fastcar.shop\/lt\/produktas\/ee-performance-engine-oil-c3-5w30\/\" \/>\n<meta property=\"og:locale\" content=\"lt_LT\" \/>\n<meta property=\"og:type\" content=\"article\" \/>\n<meta property=\"og:title\" content=\"EE Performance Engine Oil C3 5w30\" \/>\n<meta property=\"og:description\" content=\"A performance engine oil featuring NANODRIVE low friction technology for vehicles requiring a C3 5w30 specification.\" \/>\n<meta property=\"og:url\" content=\"https:\/\/fastcar.shop\/lt\/produktas\/ee-performance-engine-oil-c3-5w30\/\" \/>\n<meta property=\"og:site_name\" content=\"Fast Car Shop\" \/>\n<meta property=\"article:publisher\" content=\"https:\/\/www.facebook.com\/FastcarLt?locale=lt_LT\" \/>\n<meta property=\"article:modified_time\" content=\"2025-10-05T18:42:26+00:00\" \/>\n<meta property=\"og:image\" content=\"https:\/\/fastcar.shop\/wp-content\/uploads\/2023\/08\/ee-performance-c3-5w30-engine-oil.jpeg\" \/>\n\t<meta property=\"og:image:width\" content=\"1563\" \/>\n\t<meta property=\"og:image:height\" content=\"1661\" \/>\n\t<meta property=\"og:image:type\" content=\"image\/jpeg\" \/>\n<meta name=\"twitter:card\" content=\"summary_large_image\" \/>\n<meta name=\"twitter:label1\" content=\"Est. reading time\" \/>\n\t<meta name=\"twitter:data1\" content=\"1 minut\u0117\" \/>\n<!-- \/ Yoast SEO plugin. -->","yoast_head_json":{"title":"EE Performance variklio alyva C3 5w30","robots":{"index":"index","follow":"follow","max-snippet":"max-snippet:-1","max-image-preview":"max-image-preview:large","max-video-preview":"max-video-preview:-1"},"canonical":"https:\/\/fastcar.shop\/lt\/produktas\/ee-performance-engine-oil-c3-5w30\/","og_locale":"lt_LT","og_type":"article","og_title":"EE Performance Engine Oil C3 5w30","og_description":"A performance engine oil featuring NANODRIVE low friction technology for vehicles requiring a C3 5w30 specification.","og_url":"https:\/\/fastcar.shop\/lt\/produktas\/ee-performance-engine-oil-c3-5w30\/","og_site_name":"Fast Car Shop","article_publisher":"https:\/\/www.facebook.com\/FastcarLt?locale=lt_LT","article_modified_time":"2025-10-05T18:42:26+00:00","og_image":[{"width":1563,"height":1661,"url":"https:\/\/fastcar.shop\/wp-content\/uploads\/2023\/08\/ee-performance-c3-5w30-engine-oil.jpeg","type":"image\/jpeg"}],"twitter_card":"summary_large_image","twitter_misc":{"Est. reading time":"1 minut\u0117"},"schema":{"@context":"https:\/\/schema.org","@graph":[{"@type":"WebPage","@id":"https:\/\/fastcar.shop\/product\/ee-performance-engine-oil-c3-5w30\/","url":"https:\/\/fastcar.shop\/product\/ee-performance-engine-oil-c3-5w30\/","name":"EE Performance variklio alyva C3 5w30","isPartOf":{"@id":"https:\/\/fastcar.shop\/#website"},"primaryImageOfPage":{"@id":"https:\/\/fastcar.shop\/product\/ee-performance-engine-oil-c3-5w30\/#primaryimage"},"image":{"@id":"https:\/\/fastcar.shop\/product\/ee-performance-engine-oil-c3-5w30\/#primaryimage"},"thumbnailUrl":"https:\/\/fastcar.shop\/wp-content\/uploads\/2023\/08\/ee-performance-c3-5w30-engine-oil.jpeg","datePublished":"2023-08-17T13:25:07+00:00","dateModified":"2025-10-05T18:42:26+00:00","breadcrumb":{"@id":"https:\/\/fastcar.shop\/product\/ee-performance-engine-oil-c3-5w30\/#breadcrumb"},"inLanguage":"lt-LT","potentialAction":[{"@type":"ReadAction","target":["https:\/\/fastcar.shop\/product\/ee-performance-engine-oil-c3-5w30\/"]}]},{"@type":"ImageObject","inLanguage":"lt-LT","@id":"https:\/\/fastcar.shop\/product\/ee-performance-engine-oil-c3-5w30\/#primaryimage","url":"https:\/\/fastcar.shop\/wp-content\/uploads\/2023\/08\/ee-performance-c3-5w30-engine-oil.jpeg","contentUrl":"https:\/\/fastcar.shop\/wp-content\/uploads\/2023\/08\/ee-performance-c3-5w30-engine-oil.jpeg","width":1563,"height":1661},{"@type":"BreadcrumbList","@id":"https:\/\/fastcar.shop\/product\/ee-performance-engine-oil-c3-5w30\/#breadcrumb","itemListElement":[{"@type":"ListItem","position":1,"name":"Home","item":"https:\/\/fastcar.shop\/"},{"@type":"ListItem","position":2,"name":"Shop","item":"https:\/\/fastcar.shop\/shop\/"},{"@type":"ListItem","position":3,"name":"MILLERS OILS EE Performance Engine Oil C3 5w30"}]},{"@type":"WebSite","@id":"https:\/\/fastcar.shop\/#website","url":"https:\/\/fastcar.shop\/","name":"Greit\u0173 automobili\u0173 parduotuv\u0117","description":"","publisher":{"@id":"https:\/\/fastcar.shop\/#organization"},"potentialAction":[{"@type":"SearchAction","target":{"@type":"EntryPoint","urlTemplate":"https:\/\/fastcar.shop\/?s={search_term_string}"},"query-input":{"@type":"PropertyValueSpecification","valueRequired":true,"valueName":"search_term_string"}}],"inLanguage":"lt-LT"},{"@type":"Organization","@id":"https:\/\/fastcar.shop\/#organization","name":"Fastcar.shop","url":"https:\/\/fastcar.shop\/","logo":{"@type":"ImageObject","inLanguage":"lt-LT","@id":"https:\/\/fastcar.shop\/#\/schema\/logo\/image\/","url":"https:\/\/fastcar.shop\/wp-content\/uploads\/2017\/08\/FCS_JPEG-01-scaled.jpg","contentUrl":"https:\/\/fastcar.shop\/wp-content\/uploads\/2017\/08\/FCS_JPEG-01-scaled.jpg","width":2560,"height":1379,"caption":"Fastcar.shop"},"image":{"@id":"https:\/\/fastcar.shop\/#\/schema\/logo\/image\/"},"sameAs":["https:\/\/www.facebook.com\/FastcarLt?locale=lt_LT","https:\/\/www.instagram.com\/fastcar.shop\/"]}]}},"jetpack_sharing_enabled":true,"_links":{"self":[{"href":"https:\/\/fastcar.shop\/lt\/wp-json\/wp\/v2\/product\/4092","targetHints":{"allow":["GET"]}}],"collection":[{"href":"https:\/\/fastcar.shop\/lt\/wp-json\/wp\/v2\/product"}],"about":[{"href":"https:\/\/fastcar.shop\/lt\/wp-json\/wp\/v2\/types\/product"}],"wp:featuredmedia":[{"embeddable":true,"href":"https:\/\/fastcar.shop\/lt\/wp-json\/wp\/v2\/media\/4093"}],"wp:attachment":[{"href":"https:\/\/fastcar.shop\/lt\/wp-json\/wp\/v2\/media?parent=4092"}],"wp:term":[{"taxonomy":"product_brand","embeddable":true,"href":"https:\/\/fastcar.shop\/lt\/wp-json\/wp\/v2\/product_brand?post=4092"},{"taxonomy":"product_cat","embeddable":true,"href":"https:\/\/fastcar.shop\/lt\/wp-json\/wp\/v2\/product_cat?post=4092"},{"taxonomy":"product_tag","embeddable":true,"href":"https:\/\/fastcar.shop\/lt\/wp-json\/wp\/v2\/product_tag?post=4092"}],"curies":[{"name":"wp","href":"https:\/\/api.w.org\/{rel}","templated":true}]}}