{"id":4063,"date":"2023-05-12T11:10:40","date_gmt":"2023-05-12T11:10:40","guid":{"rendered":"https:\/\/fastcar.shop\/?post_type=product&#038;p=4063"},"modified":"2024-07-18T22:27:30","modified_gmt":"2024-07-18T19:27:30","slug":"hoosier-rear-drag-racing-slick-tyre-cross-ply-bias-29x9x15%e2%80%b3","status":"publish","type":"product","link":"https:\/\/fastcar.shop\/lt\/product\/hoosier-rear-drag-racing-slick-tyre-cross-ply-bias-29x9x15%e2%80%b3\/","title":{"rendered":"\u201eHoosier\u201c galin\u0117 drag lenktyni\u0173 lygaus kry\u017eminio sluoksnio padanga 29x9x15"},"content":{"rendered":"<div class=\"row align-items-start\">\n<div class=\"row align-items-start\">\n<div class=\"row align-items-start\">\n<div class=\"row align-items-start\">\n<div class=\"row align-items-start\">\n<div class=\"col-lg-6 col-md-6 col-sm-12\">\n<p style=\"text-align: left;\">Tai 15 coli\u0173 galin\u0117 drag lenktyni\u0173 padanga. Ji yra 9 x 29 coli\u0173 dyd\u017eio, tinkanti ant 8 coli\u0173 plo\u010dio ratlanki\u0173.<\/p>\n<p style=\"text-align: left;\">Hoosier jau daugiau nei 27 metus gamina laimin\u010dias ir pasiteisinusias lenktyni\u0173 padangas JAV. Kurios yra gaminamos naudojant pa\u017eangiausi\u0105 technologij\u0105 ir paremtos realiais bandymais trasoje, kad padangos b\u016bt\u0173 prana\u0161esn\u0117s lenktyn\u0117se.<\/p>\n<\/div>\n<div class=\"col-lg-6 col-md-6 col-sm-12\">\n<p style=\"text-align: left;\">\u201eHoosier\u201c specialiai sukurtos \u201eCross Ply Bias\u201c drag lenktyni\u0173 padangos yra patikimos, greitos ir prieinamos nuo profesionalaus lenktynininko iki savaitgalio sportininko \u201edrag trasoje\u201c.<\/p>\n<\/div>\n<\/div>\n<\/div>\n<\/div>\n<\/div>\n<\/div>","protected":false},"excerpt":{"rendered":"<p style=\"text-align: left;\">Perduokite daugiau galios \u012f ratus, suma\u017einkite rat\u0173 prasisukim\u0105 ir va\u017eiuokite grei\u010diau!<\/p>","protected":false},"featured_media":4039,"template":"","meta":[],"product_brand":[],"product_cat":[888],"product_tag":[],"class_list":{"0":"post-4063","1":"product","2":"type-product","3":"status-publish","4":"has-post-thumbnail","6":"product_cat-tyres-wheels","7":"product_provider-hoosier-tire","9":"first","10":"instock","11":"taxable","12":"shipping-taxable","13":"purchasable","14":"product-type-simple"},"aioseo_notices":[],"yoast_head":"<!-- This site is optimized with the Yoast SEO plugin v27.3 - https:\/\/yoast.com\/product\/yoast-seo-wordpress\/ -->\n<title>Hoosier Rear Drag Racing Slick Tyre Cross Ply Bias 29x9x15\u2033<\/title>\n<meta name=\"description\" content=\"This is a 15-inch rear bias drag racing tyre. It measures 9 by 29 inches to fit a 8 inch wide wheel rim with a measured rim width of 8 inches.\" \/>\n<meta name=\"robots\" content=\"index, follow, max-snippet:-1, max-image-preview:large, max-video-preview:-1\" \/>\n<link rel=\"canonical\" href=\"https:\/\/fastcar.shop\/lt\/produktas\/hoosier-rear-drag-racing-slick-tyre-cross-ply-bias-29x9x15\u2033\/\" \/>\n<meta property=\"og:locale\" content=\"lt_LT\" \/>\n<meta property=\"og:type\" content=\"article\" \/>\n<meta property=\"og:title\" content=\"Hoosier Rear Drag Racing Slick Tyre Cross Ply Bias 29x9x15\u2033\" \/>\n<meta property=\"og:description\" content=\"This is a 15-inch rear bias drag racing tyre. It measures 9 by 29 inches to fit a 8 inch wide wheel rim with a measured rim width of 8 inches.\" \/>\n<meta property=\"og:url\" content=\"https:\/\/fastcar.shop\/lt\/produktas\/hoosier-rear-drag-racing-slick-tyre-cross-ply-bias-29x9x15\u2033\/\" \/>\n<meta property=\"og:site_name\" content=\"Fast Car Shop\" \/>\n<meta property=\"article:publisher\" content=\"https:\/\/www.facebook.com\/FastcarLt?locale=lt_LT\" \/>\n<meta property=\"article:modified_time\" content=\"2024-07-18T19:27:30+00:00\" \/>\n<meta property=\"og:image\" content=\"https:\/\/fastcar.shop\/wp-content\/uploads\/2023\/04\/24.5x8x13-Drag-Slick.png\" \/>\n\t<meta property=\"og:image:width\" content=\"500\" \/>\n\t<meta property=\"og:image:height\" content=\"500\" \/>\n\t<meta property=\"og:image:type\" content=\"image\/png\" \/>\n<meta name=\"twitter:card\" content=\"summary_large_image\" \/>\n<meta name=\"twitter:label1\" content=\"Est. reading time\" \/>\n\t<meta name=\"twitter:data1\" content=\"1 minut\u0117\" \/>\n<!-- \/ Yoast SEO plugin. -->","yoast_head_json":{"title":"\u201eHoosier\u201c galin\u0117 drag lenktyni\u0173 lygaus kry\u017eminio sluoksnio padanga 29x9x15","description":"Tai 15 coli\u0173 galin\u0117 drag lenktyni\u0173 padanga. Ji yra 9 x 29 coli\u0173 dyd\u017eio, tinkanti ant 8 coli\u0173 plo\u010dio ratlanki\u0173.","robots":{"index":"index","follow":"follow","max-snippet":"max-snippet:-1","max-image-preview":"max-image-preview:large","max-video-preview":"max-video-preview:-1"},"canonical":"https:\/\/fastcar.shop\/lt\/produktas\/hoosier-rear-drag-racing-slick-tyre-cross-ply-bias-29x9x15\u2033\/","og_locale":"lt_LT","og_type":"article","og_title":"Hoosier Rear Drag Racing Slick Tyre Cross Ply Bias 29x9x15\u2033","og_description":"This is a 15-inch rear bias drag racing tyre. It measures 9 by 29 inches to fit a 8 inch wide wheel rim with a measured rim width of 8 inches.","og_url":"https:\/\/fastcar.shop\/lt\/produktas\/hoosier-rear-drag-racing-slick-tyre-cross-ply-bias-29x9x15\u2033\/","og_site_name":"Fast Car Shop","article_publisher":"https:\/\/www.facebook.com\/FastcarLt?locale=lt_LT","article_modified_time":"2024-07-18T19:27:30+00:00","og_image":[{"width":500,"height":500,"url":"https:\/\/fastcar.shop\/wp-content\/uploads\/2023\/04\/24.5x8x13-Drag-Slick.png","type":"image\/png"}],"twitter_card":"summary_large_image","twitter_misc":{"Est. reading time":"1 minut\u0117"},"schema":{"@context":"https:\/\/schema.org","@graph":[{"@type":"WebPage","@id":"https:\/\/fastcar.shop\/product\/hoosier-rear-drag-racing-slick-tyre-cross-ply-bias-29x9x15%e2%80%b3\/","url":"https:\/\/fastcar.shop\/product\/hoosier-rear-drag-racing-slick-tyre-cross-ply-bias-29x9x15%e2%80%b3\/","name":"\u201eHoosier\u201c galin\u0117 drag lenktyni\u0173 lygaus kry\u017eminio sluoksnio padanga 29x9x15","isPartOf":{"@id":"https:\/\/fastcar.shop\/#website"},"primaryImageOfPage":{"@id":"https:\/\/fastcar.shop\/product\/hoosier-rear-drag-racing-slick-tyre-cross-ply-bias-29x9x15%e2%80%b3\/#primaryimage"},"image":{"@id":"https:\/\/fastcar.shop\/product\/hoosier-rear-drag-racing-slick-tyre-cross-ply-bias-29x9x15%e2%80%b3\/#primaryimage"},"thumbnailUrl":"https:\/\/fastcar.shop\/wp-content\/uploads\/2023\/04\/24.5x8x13-Drag-Slick.png","datePublished":"2023-05-12T11:10:40+00:00","dateModified":"2024-07-18T19:27:30+00:00","description":"Tai 15 coli\u0173 galin\u0117 drag lenktyni\u0173 padanga. Ji yra 9 x 29 coli\u0173 dyd\u017eio, tinkanti ant 8 coli\u0173 plo\u010dio ratlanki\u0173.","breadcrumb":{"@id":"https:\/\/fastcar.shop\/product\/hoosier-rear-drag-racing-slick-tyre-cross-ply-bias-29x9x15%e2%80%b3\/#breadcrumb"},"inLanguage":"lt-LT","potentialAction":[{"@type":"ReadAction","target":["https:\/\/fastcar.shop\/product\/hoosier-rear-drag-racing-slick-tyre-cross-ply-bias-29x9x15%e2%80%b3\/"]}]},{"@type":"ImageObject","inLanguage":"lt-LT","@id":"https:\/\/fastcar.shop\/product\/hoosier-rear-drag-racing-slick-tyre-cross-ply-bias-29x9x15%e2%80%b3\/#primaryimage","url":"https:\/\/fastcar.shop\/wp-content\/uploads\/2023\/04\/24.5x8x13-Drag-Slick.png","contentUrl":"https:\/\/fastcar.shop\/wp-content\/uploads\/2023\/04\/24.5x8x13-Drag-Slick.png","width":500,"height":500},{"@type":"BreadcrumbList","@id":"https:\/\/fastcar.shop\/product\/hoosier-rear-drag-racing-slick-tyre-cross-ply-bias-29x9x15%e2%80%b3\/#breadcrumb","itemListElement":[{"@type":"ListItem","position":1,"name":"Home","item":"https:\/\/fastcar.shop\/"},{"@type":"ListItem","position":2,"name":"Shop","item":"https:\/\/fastcar.shop\/shop\/"},{"@type":"ListItem","position":3,"name":"Hoosier Rear Drag Racing Slick Tyre Cross Ply Bias 29x9x15\u2033"}]},{"@type":"WebSite","@id":"https:\/\/fastcar.shop\/#website","url":"https:\/\/fastcar.shop\/","name":"Greit\u0173 automobili\u0173 parduotuv\u0117","description":"","publisher":{"@id":"https:\/\/fastcar.shop\/#organization"},"potentialAction":[{"@type":"SearchAction","target":{"@type":"EntryPoint","urlTemplate":"https:\/\/fastcar.shop\/?s={search_term_string}"},"query-input":{"@type":"PropertyValueSpecification","valueRequired":true,"valueName":"search_term_string"}}],"inLanguage":"lt-LT"},{"@type":"Organization","@id":"https:\/\/fastcar.shop\/#organization","name":"Fastcar.shop","url":"https:\/\/fastcar.shop\/","logo":{"@type":"ImageObject","inLanguage":"lt-LT","@id":"https:\/\/fastcar.shop\/#\/schema\/logo\/image\/","url":"https:\/\/fastcar.shop\/wp-content\/uploads\/2017\/08\/FCS_JPEG-01-scaled.jpg","contentUrl":"https:\/\/fastcar.shop\/wp-content\/uploads\/2017\/08\/FCS_JPEG-01-scaled.jpg","width":2560,"height":1379,"caption":"Fastcar.shop"},"image":{"@id":"https:\/\/fastcar.shop\/#\/schema\/logo\/image\/"},"sameAs":["https:\/\/www.facebook.com\/FastcarLt?locale=lt_LT","https:\/\/www.instagram.com\/fastcar.shop\/"]}]}},"jetpack_sharing_enabled":true,"_links":{"self":[{"href":"https:\/\/fastcar.shop\/lt\/wp-json\/wp\/v2\/product\/4063","targetHints":{"allow":["GET"]}}],"collection":[{"href":"https:\/\/fastcar.shop\/lt\/wp-json\/wp\/v2\/product"}],"about":[{"href":"https:\/\/fastcar.shop\/lt\/wp-json\/wp\/v2\/types\/product"}],"wp:featuredmedia":[{"embeddable":true,"href":"https:\/\/fastcar.shop\/lt\/wp-json\/wp\/v2\/media\/4039"}],"wp:attachment":[{"href":"https:\/\/fastcar.shop\/lt\/wp-json\/wp\/v2\/media?parent=4063"}],"wp:term":[{"taxonomy":"product_brand","embeddable":true,"href":"https:\/\/fastcar.shop\/lt\/wp-json\/wp\/v2\/product_brand?post=4063"},{"taxonomy":"product_cat","embeddable":true,"href":"https:\/\/fastcar.shop\/lt\/wp-json\/wp\/v2\/product_cat?post=4063"},{"taxonomy":"product_tag","embeddable":true,"href":"https:\/\/fastcar.shop\/lt\/wp-json\/wp\/v2\/product_tag?post=4063"}],"curies":[{"name":"wp","href":"https:\/\/api.w.org\/{rel}","templated":true}]}}