{"id":3996,"date":"2023-04-05T10:43:01","date_gmt":"2023-04-05T10:43:01","guid":{"rendered":"https:\/\/fastcar.shop\/?post_type=product&#038;p=3996"},"modified":"2025-04-09T16:12:58","modified_gmt":"2025-04-09T13:12:58","slug":"power-steering-fluid-psf-1l","status":"publish","type":"product","link":"https:\/\/fastcar.shop\/lt\/product\/power-steering-fluid-psf-1l\/","title":{"rendered":"MILLERS OILS Power Steering Fluid (PSF) 1L"},"content":{"rendered":"<p style=\"text-align: left;\">Savyb\u0117s ir privalumai<\/p>\n<ul>\n<li style=\"text-align: left;\">Saugo sandariklius ir u\u017ekerta keli\u0105 nuot\u0117kiui, u\u017etikrindamas sistemos ilgaam\u017ei\u0161kum\u0105.<\/li>\n<li style=\"text-align: left;\">Tepa vairo stiprintuvo siurbl\u012f, suma\u017eindamas komponento nusid\u0117v\u0117jim\u0105.<\/li>\n<\/ul>\n<p style=\"text-align: left;\"><a href=\"https:\/\/fastcar.shop\/wp-content\/uploads\/2023\/04\/Power-Steering-Fluid-PSF.pdf\">Gaminio duomen\u0173 lapas <img loading=\"lazy\" decoding=\"async\" class=\"alignnone size-full wp-image-3251\" src=\"https:\/\/fastcar.shop\/wp-content\/uploads\/2022\/01\/pdf-e1641824783993.png\" alt=\"\" width=\"30\" height=\"23\" \/><\/a><\/p>\n<p>&nbsp;<\/p>","protected":false},"excerpt":{"rendered":"<div class=\"product_single__features__content\">\n<p style=\"text-align: left;\">Daugumai vairo stiprintuvo ir hidraulini\u0173 sistem\u0173.<\/p>\n<p style=\"text-align: left;\">Galima naudoti lengvuosiuose automobiliuose ir lengvosiose komercin\u0117se transporto priemon\u0117se.<\/p>\n<p style=\"text-align: left;\">Negalima naudoti sistemose, kuriose reikia CHF skys\u010dio.<\/p>\n<p style=\"text-align: left;\">Suderinamas su ATF skys\u010diu.<\/p>\n<p style=\"text-align: left;\">Rekomenduojama, jei nurodytas raudonos spalvos ATF tipo vairo stiprintuvo skystis.<\/p>\n<\/div>","protected":false},"featured_media":3997,"template":"","meta":[],"product_brand":[],"product_cat":[1791,885],"product_tag":[],"class_list":{"0":"post-3996","1":"product","2":"type-product","3":"status-publish","4":"has-post-thumbnail","6":"product_cat-problem-solvers-utility-lubricants","7":"product_cat-oils_lubricants","8":"product_provider-millers-oils","10":"first","11":"instock","12":"taxable","13":"shipping-taxable","14":"purchasable","15":"product-type-simple"},"aioseo_notices":[],"yoast_head":"<!-- This site is optimized with the Yoast SEO plugin v27.3 - https:\/\/yoast.com\/product\/yoast-seo-wordpress\/ -->\n<title>Power Steering Fluid (PSF) 1L<\/title>\n<meta name=\"robots\" content=\"index, follow, max-snippet:-1, max-image-preview:large, max-video-preview:-1\" \/>\n<link rel=\"canonical\" href=\"https:\/\/fastcar.shop\/lt\/produktas\/power-steering-fluid-psf-1l\/\" \/>\n<meta property=\"og:locale\" content=\"lt_LT\" \/>\n<meta property=\"og:type\" content=\"article\" \/>\n<meta property=\"og:title\" content=\"Power Steering Fluid (PSF) 1L\" \/>\n<meta property=\"og:description\" content=\"For most power steering and hydraulic systems. Can be used in passenger car and light commercial vehicles (LCV). Not to be used in systems that require CHF fluid. Compatible with ATF fluid. Recommended where a red coloured ATF type power steering fluid is specified.\" \/>\n<meta property=\"og:url\" content=\"https:\/\/fastcar.shop\/lt\/produktas\/power-steering-fluid-psf-1l\/\" \/>\n<meta property=\"og:site_name\" content=\"Fast Car Shop\" \/>\n<meta property=\"article:publisher\" content=\"https:\/\/www.facebook.com\/FastcarLt?locale=lt_LT\" \/>\n<meta property=\"article:modified_time\" content=\"2025-04-09T13:12:58+00:00\" \/>\n<meta property=\"og:image\" content=\"https:\/\/fastcar.shop\/wp-content\/uploads\/2023\/04\/power-steering-fluid-psf-1-litre.jpeg\" \/>\n\t<meta property=\"og:image:width\" content=\"550\" \/>\n\t<meta property=\"og:image:height\" content=\"550\" \/>\n\t<meta property=\"og:image:type\" content=\"image\/jpeg\" \/>\n<meta name=\"twitter:card\" content=\"summary_large_image\" \/>\n<!-- \/ Yoast SEO plugin. -->","yoast_head_json":{"title":"Power Steering Fluid (PSF) 1L","robots":{"index":"index","follow":"follow","max-snippet":"max-snippet:-1","max-image-preview":"max-image-preview:large","max-video-preview":"max-video-preview:-1"},"canonical":"https:\/\/fastcar.shop\/lt\/produktas\/power-steering-fluid-psf-1l\/","og_locale":"lt_LT","og_type":"article","og_title":"Power Steering Fluid (PSF) 1L","og_description":"For most power steering and hydraulic systems. Can be used in passenger car and light commercial vehicles (LCV). Not to be used in systems that require CHF fluid. Compatible with ATF fluid. Recommended where a red coloured ATF type power steering fluid is specified.","og_url":"https:\/\/fastcar.shop\/lt\/produktas\/power-steering-fluid-psf-1l\/","og_site_name":"Fast Car Shop","article_publisher":"https:\/\/www.facebook.com\/FastcarLt?locale=lt_LT","article_modified_time":"2025-04-09T13:12:58+00:00","og_image":[{"width":550,"height":550,"url":"https:\/\/fastcar.shop\/wp-content\/uploads\/2023\/04\/power-steering-fluid-psf-1-litre.jpeg","type":"image\/jpeg"}],"twitter_card":"summary_large_image","schema":{"@context":"https:\/\/schema.org","@graph":[{"@type":"WebPage","@id":"https:\/\/fastcar.shop\/product\/power-steering-fluid-psf-1l\/","url":"https:\/\/fastcar.shop\/product\/power-steering-fluid-psf-1l\/","name":"Power Steering Fluid (PSF) 1L","isPartOf":{"@id":"https:\/\/fastcar.shop\/#website"},"primaryImageOfPage":{"@id":"https:\/\/fastcar.shop\/product\/power-steering-fluid-psf-1l\/#primaryimage"},"image":{"@id":"https:\/\/fastcar.shop\/product\/power-steering-fluid-psf-1l\/#primaryimage"},"thumbnailUrl":"https:\/\/fastcar.shop\/wp-content\/uploads\/2023\/04\/power-steering-fluid-psf-1-litre.jpeg","datePublished":"2023-04-05T10:43:01+00:00","dateModified":"2025-04-09T13:12:58+00:00","breadcrumb":{"@id":"https:\/\/fastcar.shop\/product\/power-steering-fluid-psf-1l\/#breadcrumb"},"inLanguage":"lt-LT","potentialAction":[{"@type":"ReadAction","target":["https:\/\/fastcar.shop\/product\/power-steering-fluid-psf-1l\/"]}]},{"@type":"ImageObject","inLanguage":"lt-LT","@id":"https:\/\/fastcar.shop\/product\/power-steering-fluid-psf-1l\/#primaryimage","url":"https:\/\/fastcar.shop\/wp-content\/uploads\/2023\/04\/power-steering-fluid-psf-1-litre.jpeg","contentUrl":"https:\/\/fastcar.shop\/wp-content\/uploads\/2023\/04\/power-steering-fluid-psf-1-litre.jpeg","width":550,"height":550},{"@type":"BreadcrumbList","@id":"https:\/\/fastcar.shop\/product\/power-steering-fluid-psf-1l\/#breadcrumb","itemListElement":[{"@type":"ListItem","position":1,"name":"Home","item":"https:\/\/fastcar.shop\/"},{"@type":"ListItem","position":2,"name":"Shop","item":"https:\/\/fastcar.shop\/shop\/"},{"@type":"ListItem","position":3,"name":"MILLERS OILS Power Steering Fluid (PSF) 1L"}]},{"@type":"WebSite","@id":"https:\/\/fastcar.shop\/#website","url":"https:\/\/fastcar.shop\/","name":"Greit\u0173 automobili\u0173 parduotuv\u0117","description":"","publisher":{"@id":"https:\/\/fastcar.shop\/#organization"},"potentialAction":[{"@type":"SearchAction","target":{"@type":"EntryPoint","urlTemplate":"https:\/\/fastcar.shop\/?s={search_term_string}"},"query-input":{"@type":"PropertyValueSpecification","valueRequired":true,"valueName":"search_term_string"}}],"inLanguage":"lt-LT"},{"@type":"Organization","@id":"https:\/\/fastcar.shop\/#organization","name":"Fastcar.shop","url":"https:\/\/fastcar.shop\/","logo":{"@type":"ImageObject","inLanguage":"lt-LT","@id":"https:\/\/fastcar.shop\/#\/schema\/logo\/image\/","url":"https:\/\/fastcar.shop\/wp-content\/uploads\/2017\/08\/FCS_JPEG-01-scaled.jpg","contentUrl":"https:\/\/fastcar.shop\/wp-content\/uploads\/2017\/08\/FCS_JPEG-01-scaled.jpg","width":2560,"height":1379,"caption":"Fastcar.shop"},"image":{"@id":"https:\/\/fastcar.shop\/#\/schema\/logo\/image\/"},"sameAs":["https:\/\/www.facebook.com\/FastcarLt?locale=lt_LT","https:\/\/www.instagram.com\/fastcar.shop\/"]}]}},"jetpack_sharing_enabled":true,"_links":{"self":[{"href":"https:\/\/fastcar.shop\/lt\/wp-json\/wp\/v2\/product\/3996","targetHints":{"allow":["GET"]}}],"collection":[{"href":"https:\/\/fastcar.shop\/lt\/wp-json\/wp\/v2\/product"}],"about":[{"href":"https:\/\/fastcar.shop\/lt\/wp-json\/wp\/v2\/types\/product"}],"wp:featuredmedia":[{"embeddable":true,"href":"https:\/\/fastcar.shop\/lt\/wp-json\/wp\/v2\/media\/3997"}],"wp:attachment":[{"href":"https:\/\/fastcar.shop\/lt\/wp-json\/wp\/v2\/media?parent=3996"}],"wp:term":[{"taxonomy":"product_brand","embeddable":true,"href":"https:\/\/fastcar.shop\/lt\/wp-json\/wp\/v2\/product_brand?post=3996"},{"taxonomy":"product_cat","embeddable":true,"href":"https:\/\/fastcar.shop\/lt\/wp-json\/wp\/v2\/product_cat?post=3996"},{"taxonomy":"product_tag","embeddable":true,"href":"https:\/\/fastcar.shop\/lt\/wp-json\/wp\/v2\/product_tag?post=3996"}],"curies":[{"name":"wp","href":"https:\/\/api.w.org\/{rel}","templated":true}]}}