{"id":3987,"date":"2023-04-05T07:29:25","date_gmt":"2023-04-05T07:29:25","guid":{"rendered":"https:\/\/fastcar.shop\/?post_type=product&#038;p=3987"},"modified":"2025-12-17T22:43:39","modified_gmt":"2025-12-17T20:43:39","slug":"ee-performance-engine-oil-eco-5w30","status":"publish","type":"product","link":"https:\/\/fastcar.shop\/lt\/product\/ee-performance-engine-oil-eco-5w30\/","title":{"rendered":"MILLERS OILS EE Performance Engine Oil ECO 5w30"},"content":{"rendered":"<div class=\"product_single__features\">\n<div class=\"product_single__features__title\">\n<p style=\"text-align: left;\">Savyb\u0117s ir privalumai<\/p>\n<\/div>\n<div class=\"product_single__features__content\">\n<div class=\"wprt-container\">\n<ul>\n<li style=\"text-align: left;\">Didesn\u0117 variklio galia ir sukimo momentas d\u0117l apdovanojimus pelniusios NANODRIVE ma\u017eos trinties technologijos ir sintetini\u0173 esteri\u0173 sud\u0117ties.<\/li>\n<li style=\"text-align: left;\">D\u0117l greito sutepimo naudojant NANODRIVE ma\u017eos trinties technologij\u0105, pailg\u0117ja komponent\u0173 tarnavimo laikas ir suma\u017einta darbin\u0117 temperat\u016bra.<\/li>\n<li style=\"text-align: left;\">\u201eTrack day ready\u201c, didelio efektyvumo aliejus; u\u017etikrina maksimal\u0173 variklio na\u0161um\u0105, kartu atitinka gamintojo specifikacijas ir rekomenduojam\u0105 alyvos i\u0161leidimo interval\u0105 naudojant kelyje.<\/li>\n<li style=\"text-align: left;\">Full SAPS alyva kartu su NANODRIVE technologija u\u017etikrina auk\u0161\u010diausi\u0105 variklio apsaug\u0105.<\/li>\n<\/ul>\n<p style=\"text-align: left;\"><a href=\"https:\/\/fastcar.shop\/wp-content\/uploads\/2023\/04\/EE-Performance-ECO-5w30.pdf\">Gaminio duomen\u0173 lapas <img loading=\"lazy\" decoding=\"async\" class=\"alignnone size-full wp-image-3251\" src=\"https:\/\/fastcar.shop\/wp-content\/uploads\/2022\/01\/pdf-e1641824783993.png\" alt=\"\" width=\"30\" height=\"23\" \/><\/a><\/p>\n<\/div>\n<\/div>\n<\/div>","protected":false},"excerpt":{"rendered":"<div class=\"product_single__features__content\">\n<div class=\"wprt-container\">\n<p style=\"text-align: left;\">Efektyvi variklio alyva su NANODRIVE ma\u017eos trinties technologija, skirta transporto priemon\u0117ms, kurioms reikalinga A5\/B5 arba A1\/B1 5w30 specifikacija, daugiausia didel\u0117s galios Ford, Jaguar Land Rover ir Azijos gamintojams.<\/p>\n<p style=\"text-align: left;\">Rekomenduojama:<\/p>\n<p style=\"text-align: left;\">ACEA A5\/B5, ACEA A1\/B1<br \/>\nAPI SL, CF<br \/>\nFiat 9.55535-G1<br \/>\nFord WSS-M2C913-D<br \/>\nFord WSS-M2C913-C, Ford WSS-M2C913-B<br \/>\nFord WSS-M2C913-A<br \/>\nILSAC GF-4<br \/>\nJaguar Land Rover STJLR.03.5003<br \/>\nRenault RN0700<br \/>\nDacia, Renault Sport<br \/>\nAzijos gamintojai<\/p>\n<\/div>\n<\/div>","protected":false},"featured_media":3994,"template":"","meta":[],"product_brand":[],"product_cat":[1786,885],"product_tag":[],"class_list":{"0":"post-3987","1":"product","2":"type-product","3":"status-publish","4":"has-post-thumbnail","6":"product_cat-engine-oil","7":"product_cat-oils_lubricants","8":"product_provider-millers-oils","10":"first","11":"instock","12":"taxable","13":"shipping-taxable","14":"purchasable","15":"product-type-variable"},"aioseo_notices":[],"yoast_head":"<!-- This site is optimized with the Yoast SEO plugin v27.3 - https:\/\/yoast.com\/product\/yoast-seo-wordpress\/ -->\n<title>EE Performance Engine Oil ECO 5w30<\/title>\n<meta name=\"robots\" content=\"index, follow, max-snippet:-1, max-image-preview:large, max-video-preview:-1\" \/>\n<link rel=\"canonical\" href=\"https:\/\/fastcar.shop\/lt\/produktas\/ee-performance-engine-oil-eco-5w30\/\" \/>\n<meta property=\"og:locale\" content=\"lt_LT\" \/>\n<meta property=\"og:type\" content=\"article\" \/>\n<meta property=\"og:title\" content=\"EE Performance Engine Oil ECO 5w30\" \/>\n<meta property=\"og:description\" content=\"A performance engine oil featuring NANODRIVE low friction technology for vehicles requiring an A5\/B5 or A1\/B1 5w30 specification, predominantly for high power Ford, Jaguar Land Rover and Asian manufacturers. Recommended for: ACEA A5\/B5, ACEA A1\/B1 API SL, CF Fiat 9.55535-G1 Ford WSS-M2C913-D Ford WSS-M2C913-C, Ford WSS-M2C913-B Ford WSS-M2C913-A ILSAC GF-4 Jaguar Land Rover STJLR.03.5003 Renault RN0700 Dacia, Renault Sport Asian manufacturers\" \/>\n<meta property=\"og:url\" content=\"https:\/\/fastcar.shop\/lt\/produktas\/ee-performance-engine-oil-eco-5w30\/\" \/>\n<meta property=\"og:site_name\" content=\"Fast Car Shop\" \/>\n<meta property=\"article:publisher\" content=\"https:\/\/www.facebook.com\/FastcarLt?locale=lt_LT\" \/>\n<meta property=\"article:modified_time\" content=\"2025-12-17T20:43:39+00:00\" \/>\n<meta property=\"og:image\" content=\"https:\/\/fastcar.shop\/wp-content\/uploads\/2023\/04\/ee-performance-eco-5w30.jpeg\" \/>\n\t<meta property=\"og:image:width\" content=\"518\" \/>\n\t<meta property=\"og:image:height\" content=\"550\" \/>\n\t<meta property=\"og:image:type\" content=\"image\/jpeg\" \/>\n<meta name=\"twitter:card\" content=\"summary_large_image\" \/>\n<!-- \/ Yoast SEO plugin. -->","yoast_head_json":{"title":"EE Performance variklio alyva ECO 5w30","robots":{"index":"index","follow":"follow","max-snippet":"max-snippet:-1","max-image-preview":"max-image-preview:large","max-video-preview":"max-video-preview:-1"},"canonical":"https:\/\/fastcar.shop\/lt\/produktas\/ee-performance-engine-oil-eco-5w30\/","og_locale":"lt_LT","og_type":"article","og_title":"EE Performance Engine Oil ECO 5w30","og_description":"A performance engine oil featuring NANODRIVE low friction technology for vehicles requiring an A5\/B5 or A1\/B1 5w30 specification, predominantly for high power Ford, Jaguar Land Rover and Asian manufacturers. Recommended for: ACEA A5\/B5, ACEA A1\/B1 API SL, CF Fiat 9.55535-G1 Ford WSS-M2C913-D Ford WSS-M2C913-C, Ford WSS-M2C913-B Ford WSS-M2C913-A ILSAC GF-4 Jaguar Land Rover STJLR.03.5003 Renault RN0700 Dacia, Renault Sport Asian manufacturers","og_url":"https:\/\/fastcar.shop\/lt\/produktas\/ee-performance-engine-oil-eco-5w30\/","og_site_name":"Fast Car Shop","article_publisher":"https:\/\/www.facebook.com\/FastcarLt?locale=lt_LT","article_modified_time":"2025-12-17T20:43:39+00:00","og_image":[{"width":518,"height":550,"url":"https:\/\/fastcar.shop\/wp-content\/uploads\/2023\/04\/ee-performance-eco-5w30.jpeg","type":"image\/jpeg"}],"twitter_card":"summary_large_image","schema":{"@context":"https:\/\/schema.org","@graph":[{"@type":"WebPage","@id":"https:\/\/fastcar.shop\/product\/ee-performance-engine-oil-eco-5w30\/","url":"https:\/\/fastcar.shop\/product\/ee-performance-engine-oil-eco-5w30\/","name":"EE Performance variklio alyva ECO 5w30","isPartOf":{"@id":"https:\/\/fastcar.shop\/#website"},"primaryImageOfPage":{"@id":"https:\/\/fastcar.shop\/product\/ee-performance-engine-oil-eco-5w30\/#primaryimage"},"image":{"@id":"https:\/\/fastcar.shop\/product\/ee-performance-engine-oil-eco-5w30\/#primaryimage"},"thumbnailUrl":"https:\/\/fastcar.shop\/wp-content\/uploads\/2023\/04\/ee-performance-eco-5w30.jpeg","datePublished":"2023-04-05T07:29:25+00:00","dateModified":"2025-12-17T20:43:39+00:00","breadcrumb":{"@id":"https:\/\/fastcar.shop\/product\/ee-performance-engine-oil-eco-5w30\/#breadcrumb"},"inLanguage":"lt-LT","potentialAction":[{"@type":"ReadAction","target":["https:\/\/fastcar.shop\/product\/ee-performance-engine-oil-eco-5w30\/"]}]},{"@type":"ImageObject","inLanguage":"lt-LT","@id":"https:\/\/fastcar.shop\/product\/ee-performance-engine-oil-eco-5w30\/#primaryimage","url":"https:\/\/fastcar.shop\/wp-content\/uploads\/2023\/04\/ee-performance-eco-5w30.jpeg","contentUrl":"https:\/\/fastcar.shop\/wp-content\/uploads\/2023\/04\/ee-performance-eco-5w30.jpeg","width":518,"height":550},{"@type":"BreadcrumbList","@id":"https:\/\/fastcar.shop\/product\/ee-performance-engine-oil-eco-5w30\/#breadcrumb","itemListElement":[{"@type":"ListItem","position":1,"name":"Home","item":"https:\/\/fastcar.shop\/"},{"@type":"ListItem","position":2,"name":"Shop","item":"https:\/\/fastcar.shop\/shop\/"},{"@type":"ListItem","position":3,"name":"MILLERS OILS EE Performance Engine Oil ECO 5w30"}]},{"@type":"WebSite","@id":"https:\/\/fastcar.shop\/#website","url":"https:\/\/fastcar.shop\/","name":"Greit\u0173 automobili\u0173 parduotuv\u0117","description":"","publisher":{"@id":"https:\/\/fastcar.shop\/#organization"},"potentialAction":[{"@type":"SearchAction","target":{"@type":"EntryPoint","urlTemplate":"https:\/\/fastcar.shop\/?s={search_term_string}"},"query-input":{"@type":"PropertyValueSpecification","valueRequired":true,"valueName":"search_term_string"}}],"inLanguage":"lt-LT"},{"@type":"Organization","@id":"https:\/\/fastcar.shop\/#organization","name":"Fastcar.shop","url":"https:\/\/fastcar.shop\/","logo":{"@type":"ImageObject","inLanguage":"lt-LT","@id":"https:\/\/fastcar.shop\/#\/schema\/logo\/image\/","url":"https:\/\/fastcar.shop\/wp-content\/uploads\/2017\/08\/FCS_JPEG-01-scaled.jpg","contentUrl":"https:\/\/fastcar.shop\/wp-content\/uploads\/2017\/08\/FCS_JPEG-01-scaled.jpg","width":2560,"height":1379,"caption":"Fastcar.shop"},"image":{"@id":"https:\/\/fastcar.shop\/#\/schema\/logo\/image\/"},"sameAs":["https:\/\/www.facebook.com\/FastcarLt?locale=lt_LT","https:\/\/www.instagram.com\/fastcar.shop\/"]}]}},"jetpack_sharing_enabled":true,"_links":{"self":[{"href":"https:\/\/fastcar.shop\/lt\/wp-json\/wp\/v2\/product\/3987","targetHints":{"allow":["GET"]}}],"collection":[{"href":"https:\/\/fastcar.shop\/lt\/wp-json\/wp\/v2\/product"}],"about":[{"href":"https:\/\/fastcar.shop\/lt\/wp-json\/wp\/v2\/types\/product"}],"wp:featuredmedia":[{"embeddable":true,"href":"https:\/\/fastcar.shop\/lt\/wp-json\/wp\/v2\/media\/3994"}],"wp:attachment":[{"href":"https:\/\/fastcar.shop\/lt\/wp-json\/wp\/v2\/media?parent=3987"}],"wp:term":[{"taxonomy":"product_brand","embeddable":true,"href":"https:\/\/fastcar.shop\/lt\/wp-json\/wp\/v2\/product_brand?post=3987"},{"taxonomy":"product_cat","embeddable":true,"href":"https:\/\/fastcar.shop\/lt\/wp-json\/wp\/v2\/product_cat?post=3987"},{"taxonomy":"product_tag","embeddable":true,"href":"https:\/\/fastcar.shop\/lt\/wp-json\/wp\/v2\/product_tag?post=3987"}],"curies":[{"name":"wp","href":"https:\/\/api.w.org\/{rel}","templated":true}]}}