{"id":3982,"date":"2023-03-27T10:40:08","date_gmt":"2023-03-27T10:40:08","guid":{"rendered":"https:\/\/fastcar.shop\/?post_type=product&#038;p=3982"},"modified":"2025-04-09T16:13:20","modified_gmt":"2025-04-09T13:13:20","slug":"diesel-power-ecomax-one-shot-boost-250ml","status":"publish","type":"product","link":"https:\/\/fastcar.shop\/lt\/product\/diesel-power-ecomax-one-shot-boost-250ml\/","title":{"rendered":"MILLERS OILS Diesel Power EcoMax One Shot Boost 250ml"},"content":{"rendered":"<div class=\"product_single__features__title\">\n<p style=\"text-align: left;\">SAVYB\u0116S IR PRIVALUMAI<\/p>\n<\/div>\n<div class=\"product_single__features__content\">\n<div class=\"wprt-container\">\n<ul>\n<li style=\"text-align: left;\">Padidina dyzelinio kuro cetano skai\u010di\u0173 iki 5 vienet\u0173, tod\u0117l padid\u0117ja galia ir ekonomi\u0161kumas.<\/li>\n<li style=\"text-align: left;\">Patobulintas plovimo paketas greitesniam valymui ir ilgesniam dyzelini\u0173 purk\u0161tuk\u0173 \u0161varumui palaikyti.<\/li>\n<li style=\"text-align: left;\">Palaiko poapdorojimo sistemos efektyvum\u0105 ir padeda atgaivinti i\u0161metam\u0173j\u0173 ter\u0161al\u0173 kontrol\u0117s sistemas.<\/li>\n<li style=\"text-align: left;\">Patobulintas degimas ir variklio \u0161varumas \u017eenkliai suma\u017eina angliavandenili\u0173 (HC), anglies dioksido (CO2) ir azoto oksid\u0173 (NOx) emisijas.<\/li>\n<li style=\"text-align: left;\">Pastebimai pagerina akceleratoriaus ir variklio atsak\u0105 esant ma\u017eoms apsukoms, siekiant pasi\u016blyti geriausi\u0105 gali\u0105 ir ekonomi\u0161kum\u0105.<\/li>\n<li style=\"text-align: left;\">Prid\u0117ta kuro sutepimo savyb\u0117 suma\u017eina kuro sistemos komponent\u0173 d\u0117v\u0117jim\u0105si ir padidina \u0161i\u0173 dali\u0173 ilgaam\u017ei\u0161kum\u0105.<\/li>\n<\/ul>\n<p style=\"text-align: left;\"><a href=\"https:\/\/fastcar.shop\/wp-content\/uploads\/2023\/03\/Diesel-Power-ECOMAX-One-Shot-1.pdf\">Gaminio duomen\u0173 lapas <img loading=\"lazy\" decoding=\"async\" class=\"alignnone size-full wp-image-3251\" src=\"https:\/\/fastcar.shop\/wp-content\/uploads\/2022\/01\/pdf-e1641824783993.png\" alt=\"\" width=\"30\" height=\"23\" \/> <\/a><\/p>\n<\/div>\n<\/div>","protected":false},"excerpt":{"rendered":"<div class=\"product_single__features__content\">\n<p style=\"text-align: left;\">Dyzelinio kuro apdorojimo ir plovimo priemon\u0117, padidinanti cetano skai\u010di\u0173 (CS) dyzeliniame kure iki 5 vienet\u0173, pvz., nuo 51 iki 56 CS arba nuo 53 iki 58 CS. \u0160i priemon\u0117 taip pat suteikia kuro sistemos sutepim\u0105, ypa\u010d kuro siurbliui. Idealiai tinka naudoti prie\u0161 technin\u0119 ap\u017ei\u016br\u0105.<\/p>\n<p style=\"text-align: left;\">Skirta naudoti visiems dyzeliniams lengviesiems automobiliams ir lengviesiems komerciniams transporto priemon\u0117ms (LCV), \u012fskaitant Euro 6, Euro 5 ir Euro 4 reikalavimus atitinkan\u010dius variklius su arba be dyzelino kiet\u0173j\u0173 daleli\u0173 filtr\u0173 (DPF) ir AdBlue poapdorojimo sistem\u0173. Taip pat galima naudoti keturra\u010diuose ir ma\u017eose statybin\u0117se ma\u0161inose.<\/p>\n<p style=\"text-align: left;\">1 x 250 ml buteliukas apdoroja: 50 litr\u0173 (1 x 50L bak\u0105) dyzelinio kuro.<\/p>\n<p style=\"text-align: left;\">\u012epilkite \u012f kuro bak\u0105 prie\u0161 pildami kur\u0105.<\/p>\n<\/div>","protected":false},"featured_media":3983,"template":"","meta":[],"product_brand":[],"product_cat":[1788,885],"product_tag":[],"class_list":{"0":"post-3982","1":"product","2":"type-product","3":"status-publish","4":"has-post-thumbnail","6":"product_cat-fuel-treatments","7":"product_cat-oils_lubricants","8":"product_provider-millers-oils","10":"first","11":"instock","12":"taxable","13":"shipping-taxable","14":"purchasable","15":"product-type-simple"},"aioseo_notices":[],"yoast_head":"<!-- This site is optimized with the Yoast SEO plugin v27.3 - https:\/\/yoast.com\/product\/yoast-seo-wordpress\/ -->\n<title>Diesel Power EcoMax One Shot Boost 250ml<\/title>\n<meta name=\"robots\" content=\"index, follow, max-snippet:-1, max-image-preview:large, max-video-preview:-1\" \/>\n<link rel=\"canonical\" href=\"https:\/\/fastcar.shop\/lt\/produktas\/diesel-power-ecomax-one-shot-boost-250ml\/\" \/>\n<meta property=\"og:locale\" content=\"lt_LT\" \/>\n<meta property=\"og:type\" content=\"article\" \/>\n<meta property=\"og:title\" content=\"Diesel Power EcoMax One Shot Boost 250ml\" \/>\n<meta property=\"og:description\" content=\"A fuel treatment and detergent package that adds up to 5 cetane numbers (CN) to diesel fuel e.g. 51 to 56 CN &amp; 53 to 58 CN. The treatment also provides lubricity for the fuel system, more specifically the fuel pump. Ideal for use as a pre-MOT test clean-up treatment. For use in all diesel passenger cars and light commercial vehicles (LCV), including Euro 6, Euro 5, and Euro 4 compliant engines with or without a Diesel Particulate Filters (DPF) and AdBlue after treatment systems. Also can be used in ATV\u2019s and small plant machinery. 1 x 250ml bottle treats: 50 Litres (1 x 50L tank) of diesel fuel. Add to fuel tank prior to refuelling.\" \/>\n<meta property=\"og:url\" content=\"https:\/\/fastcar.shop\/lt\/produktas\/diesel-power-ecomax-one-shot-boost-250ml\/\" \/>\n<meta property=\"og:site_name\" content=\"Fast Car Shop\" \/>\n<meta property=\"article:publisher\" content=\"https:\/\/www.facebook.com\/FastcarLt?locale=lt_LT\" \/>\n<meta property=\"article:modified_time\" content=\"2025-04-09T13:13:20+00:00\" \/>\n<meta property=\"og:image\" content=\"https:\/\/fastcar.shop\/wp-content\/uploads\/2023\/03\/diesel-power-ecomax-one-shot.jpg\" \/>\n\t<meta property=\"og:image:width\" content=\"1280\" \/>\n\t<meta property=\"og:image:height\" content=\"1024\" \/>\n\t<meta property=\"og:image:type\" content=\"image\/jpeg\" \/>\n<meta name=\"twitter:card\" content=\"summary_large_image\" \/>\n<meta name=\"twitter:label1\" content=\"Est. reading time\" \/>\n\t<meta name=\"twitter:data1\" content=\"1 minut\u0117\" \/>\n<!-- \/ Yoast SEO plugin. -->","yoast_head_json":{"title":"Diesel Power EcoMax One Shot Boost 250ml","robots":{"index":"index","follow":"follow","max-snippet":"max-snippet:-1","max-image-preview":"max-image-preview:large","max-video-preview":"max-video-preview:-1"},"canonical":"https:\/\/fastcar.shop\/lt\/produktas\/diesel-power-ecomax-one-shot-boost-250ml\/","og_locale":"lt_LT","og_type":"article","og_title":"Diesel Power EcoMax One Shot Boost 250ml","og_description":"A fuel treatment and detergent package that adds up to 5 cetane numbers (CN) to diesel fuel e.g. 51 to 56 CN &amp; 53 to 58 CN. The treatment also provides lubricity for the fuel system, more specifically the fuel pump. Ideal for use as a pre-MOT test clean-up treatment. For use in all diesel passenger cars and light commercial vehicles (LCV), including Euro 6, Euro 5, and Euro 4 compliant engines with or without a Diesel Particulate Filters (DPF) and AdBlue after treatment systems. Also can be used in ATV\u2019s and small plant machinery. 1 x 250ml bottle treats: 50 Litres (1 x 50L tank) of diesel fuel. Add to fuel tank prior to refuelling.","og_url":"https:\/\/fastcar.shop\/lt\/produktas\/diesel-power-ecomax-one-shot-boost-250ml\/","og_site_name":"Fast Car Shop","article_publisher":"https:\/\/www.facebook.com\/FastcarLt?locale=lt_LT","article_modified_time":"2025-04-09T13:13:20+00:00","og_image":[{"width":1280,"height":1024,"url":"https:\/\/fastcar.shop\/wp-content\/uploads\/2023\/03\/diesel-power-ecomax-one-shot.jpg","type":"image\/jpeg"}],"twitter_card":"summary_large_image","twitter_misc":{"Est. reading time":"1 minut\u0117"},"schema":{"@context":"https:\/\/schema.org","@graph":[{"@type":"WebPage","@id":"https:\/\/fastcar.shop\/product\/diesel-power-ecomax-one-shot-boost-250ml\/","url":"https:\/\/fastcar.shop\/product\/diesel-power-ecomax-one-shot-boost-250ml\/","name":"Diesel Power EcoMax One Shot Boost 250ml","isPartOf":{"@id":"https:\/\/fastcar.shop\/#website"},"primaryImageOfPage":{"@id":"https:\/\/fastcar.shop\/product\/diesel-power-ecomax-one-shot-boost-250ml\/#primaryimage"},"image":{"@id":"https:\/\/fastcar.shop\/product\/diesel-power-ecomax-one-shot-boost-250ml\/#primaryimage"},"thumbnailUrl":"https:\/\/fastcar.shop\/wp-content\/uploads\/2023\/03\/diesel-power-ecomax-one-shot.jpg","datePublished":"2023-03-27T10:40:08+00:00","dateModified":"2025-04-09T13:13:20+00:00","breadcrumb":{"@id":"https:\/\/fastcar.shop\/product\/diesel-power-ecomax-one-shot-boost-250ml\/#breadcrumb"},"inLanguage":"lt-LT","potentialAction":[{"@type":"ReadAction","target":["https:\/\/fastcar.shop\/product\/diesel-power-ecomax-one-shot-boost-250ml\/"]}]},{"@type":"ImageObject","inLanguage":"lt-LT","@id":"https:\/\/fastcar.shop\/product\/diesel-power-ecomax-one-shot-boost-250ml\/#primaryimage","url":"https:\/\/fastcar.shop\/wp-content\/uploads\/2023\/03\/diesel-power-ecomax-one-shot.jpg","contentUrl":"https:\/\/fastcar.shop\/wp-content\/uploads\/2023\/03\/diesel-power-ecomax-one-shot.jpg","width":1280,"height":1024},{"@type":"BreadcrumbList","@id":"https:\/\/fastcar.shop\/product\/diesel-power-ecomax-one-shot-boost-250ml\/#breadcrumb","itemListElement":[{"@type":"ListItem","position":1,"name":"Home","item":"https:\/\/fastcar.shop\/"},{"@type":"ListItem","position":2,"name":"Shop","item":"https:\/\/fastcar.shop\/shop\/"},{"@type":"ListItem","position":3,"name":"MILLERS OILS Diesel Power EcoMax One Shot Boost 250ml"}]},{"@type":"WebSite","@id":"https:\/\/fastcar.shop\/#website","url":"https:\/\/fastcar.shop\/","name":"Greit\u0173 automobili\u0173 parduotuv\u0117","description":"","publisher":{"@id":"https:\/\/fastcar.shop\/#organization"},"potentialAction":[{"@type":"SearchAction","target":{"@type":"EntryPoint","urlTemplate":"https:\/\/fastcar.shop\/?s={search_term_string}"},"query-input":{"@type":"PropertyValueSpecification","valueRequired":true,"valueName":"search_term_string"}}],"inLanguage":"lt-LT"},{"@type":"Organization","@id":"https:\/\/fastcar.shop\/#organization","name":"Fastcar.shop","url":"https:\/\/fastcar.shop\/","logo":{"@type":"ImageObject","inLanguage":"lt-LT","@id":"https:\/\/fastcar.shop\/#\/schema\/logo\/image\/","url":"https:\/\/fastcar.shop\/wp-content\/uploads\/2017\/08\/FCS_JPEG-01-scaled.jpg","contentUrl":"https:\/\/fastcar.shop\/wp-content\/uploads\/2017\/08\/FCS_JPEG-01-scaled.jpg","width":2560,"height":1379,"caption":"Fastcar.shop"},"image":{"@id":"https:\/\/fastcar.shop\/#\/schema\/logo\/image\/"},"sameAs":["https:\/\/www.facebook.com\/FastcarLt?locale=lt_LT","https:\/\/www.instagram.com\/fastcar.shop\/"]}]}},"jetpack_sharing_enabled":true,"_links":{"self":[{"href":"https:\/\/fastcar.shop\/lt\/wp-json\/wp\/v2\/product\/3982","targetHints":{"allow":["GET"]}}],"collection":[{"href":"https:\/\/fastcar.shop\/lt\/wp-json\/wp\/v2\/product"}],"about":[{"href":"https:\/\/fastcar.shop\/lt\/wp-json\/wp\/v2\/types\/product"}],"wp:featuredmedia":[{"embeddable":true,"href":"https:\/\/fastcar.shop\/lt\/wp-json\/wp\/v2\/media\/3983"}],"wp:attachment":[{"href":"https:\/\/fastcar.shop\/lt\/wp-json\/wp\/v2\/media?parent=3982"}],"wp:term":[{"taxonomy":"product_brand","embeddable":true,"href":"https:\/\/fastcar.shop\/lt\/wp-json\/wp\/v2\/product_brand?post=3982"},{"taxonomy":"product_cat","embeddable":true,"href":"https:\/\/fastcar.shop\/lt\/wp-json\/wp\/v2\/product_cat?post=3982"},{"taxonomy":"product_tag","embeddable":true,"href":"https:\/\/fastcar.shop\/lt\/wp-json\/wp\/v2\/product_tag?post=3982"}],"curies":[{"name":"wp","href":"https:\/\/api.w.org\/{rel}","templated":true}]}}