{"id":3977,"date":"2023-03-27T09:56:37","date_gmt":"2023-03-27T09:56:37","guid":{"rendered":"https:\/\/fastcar.shop\/?post_type=product&#038;p=3977"},"modified":"2025-12-09T20:13:09","modified_gmt":"2025-12-09T18:13:09","slug":"diesel-injector-cleaner-250ml","status":"publish","type":"product","link":"https:\/\/fastcar.shop\/lt\/product\/diesel-injector-cleaner-250ml\/","title":{"rendered":"MILLERS OILS Diesel Injector Cleaner 250ml"},"content":{"rendered":"<div class=\"product_single__features__title\">\n<p style=\"text-align: left;\">SAVYB\u0116S IR PRIVALUMAI<\/p>\n<\/div>\n<div class=\"product_single__features__content\">\n<div class=\"wprt-container\">\n<ul>\n<li style=\"text-align: left;\">Valymas pilnai atliekamas per vien\u0105 kart\u0105<\/li>\n<li style=\"text-align: left;\">Valymo priemon\u0117s atkurs purk\u0161tuk\u0173 pur\u0161kimo strukt\u016br\u0105, o tai pad\u0117s susigr\u0105\u017einti prarast\u0105 gali\u0105 ar pagreit\u012f ir pagerins vairavimo patirt\u012f.<\/li>\n<li style=\"text-align: left;\">Suma\u017eina i\u0161metam\u0173j\u0173 duj\u0173 kiek\u012f, o tai padeda atlikti MOT i\u0161metam\u0173j\u0173 ter\u0161al\u0173 testus.<\/li>\n<li style=\"text-align: left;\">I\u0161valius degal\u0173 \u012fpur\u0161kimo sistem\u0105, padid\u0117s variklio efektyvumas, o tai savo ruo\u017etu padidins MPG.<\/li>\n<li style=\"text-align: left;\">I\u0161metam\u0173j\u0173 ter\u0161al\u0173 kontrol\u0117s \u012frangai (katalizatoriams, dyzelino daleli\u0173 filtrams) \u0161is apdorojimas \u012ftakos neturi.<\/li>\n<li style=\"text-align: left;\">Visi\u0161kai suderinamas su vis\u0173 r\u016b\u0161i\u0173 dyzeliniais degalais.<\/li>\n<\/ul>\n<p style=\"text-align: left;\"><a href=\"https:\/\/fastcar.shop\/wp-content\/uploads\/2023\/03\/Diesel-Injector-Cleaner-1.pdf\">Gaminio duomen\u0173 lapas <img loading=\"lazy\" decoding=\"async\" class=\"alignnone size-full wp-image-3251\" src=\"https:\/\/fastcar.shop\/wp-content\/uploads\/2022\/01\/pdf-e1641824783993.png\" alt=\"\" width=\"30\" height=\"23\" \/><\/a><\/p>\n<\/div>\n<\/div>","protected":false},"excerpt":{"rendered":"<div class=\"product_single__features__title\">\n<div class=\"product_single__features__content\">\n<p style=\"text-align: left;\">Kuro priedas, sukurtas nuos\u0117doms pa\u0161alinti i\u0161 dyzelinio kuro \u012fpur\u0161kimo sistem\u0173. \u012epylus \u012f degalus, jis pa\u0161alins besikaupian\u010di\u0105 anglies dioksid\u0105, kuris gali suma\u017einti transporto priemon\u0117s eksploatacines savybes. Idealiai tinka naudoti kaip pre-MOT testo valymo priemon\u0117.<\/p>\n<p style=\"text-align: left;\">1 x 250 ml buteliukas apdoroja: 50 litr\u0173 (1 x 50L bak\u0105) dyzelinio kuro.<\/p>\n<p style=\"text-align: left;\">\u012epilkite \u012f kuro bak\u0105 prie\u0161 pildami kur\u0105.<\/p>\n<\/div>\n<\/div>","protected":false},"featured_media":3980,"template":"","meta":[],"product_brand":[],"product_cat":[1788,885],"product_tag":[],"class_list":{"0":"post-3977","1":"product","2":"type-product","3":"status-publish","4":"has-post-thumbnail","6":"product_cat-fuel-treatments","7":"product_cat-oils_lubricants","8":"product_provider-millers-oils","10":"first","11":"instock","12":"taxable","13":"shipping-taxable","14":"purchasable","15":"product-type-simple"},"aioseo_notices":[],"yoast_head":"<!-- This site is optimized with the Yoast SEO plugin v27.3 - https:\/\/yoast.com\/product\/yoast-seo-wordpress\/ -->\n<title>Diesel Injector Cleaner 250ml<\/title>\n<meta name=\"robots\" content=\"index, follow, max-snippet:-1, max-image-preview:large, max-video-preview:-1\" \/>\n<link rel=\"canonical\" href=\"https:\/\/fastcar.shop\/lt\/produktas\/diesel-injector-cleaner-250ml\/\" \/>\n<meta property=\"og:locale\" content=\"lt_LT\" \/>\n<meta property=\"og:type\" content=\"article\" \/>\n<meta property=\"og:title\" content=\"Diesel Injector Cleaner 250ml\" \/>\n<meta property=\"og:description\" content=\"A fuel treatment that contains a cleaning agent developed to remove deposits from diesel fuel injection systems. When added to the fuel it will remove carbon build-up that can reduce the performance of the vehicle. Ideal for use as a pre-MOT test clean-up treatment. 1 x 250ml bottle treats: 50 Litres (1 x 50L tank) of diesel fuel. Add to fuel tank prior to refuelling.\" \/>\n<meta property=\"og:url\" content=\"https:\/\/fastcar.shop\/lt\/produktas\/diesel-injector-cleaner-250ml\/\" \/>\n<meta property=\"og:site_name\" content=\"Fast Car Shop\" \/>\n<meta property=\"article:publisher\" content=\"https:\/\/www.facebook.com\/FastcarLt?locale=lt_LT\" \/>\n<meta property=\"article:modified_time\" content=\"2025-12-09T18:13:09+00:00\" \/>\n<meta property=\"og:image\" content=\"https:\/\/fastcar.shop\/wp-content\/uploads\/2023\/03\/millers-oils-Diesel-Injector-Cleaner.jpg\" \/>\n\t<meta property=\"og:image:width\" content=\"1280\" \/>\n\t<meta property=\"og:image:height\" content=\"1024\" \/>\n\t<meta property=\"og:image:type\" content=\"image\/jpeg\" \/>\n<meta name=\"twitter:card\" content=\"summary_large_image\" \/>\n<!-- \/ Yoast SEO plugin. -->","yoast_head_json":{"title":"Dyzelinio Variklio Purk\u0161tuk\u0173 Valiklis 250ml","robots":{"index":"index","follow":"follow","max-snippet":"max-snippet:-1","max-image-preview":"max-image-preview:large","max-video-preview":"max-video-preview:-1"},"canonical":"https:\/\/fastcar.shop\/lt\/produktas\/diesel-injector-cleaner-250ml\/","og_locale":"lt_LT","og_type":"article","og_title":"Diesel Injector Cleaner 250ml","og_description":"A fuel treatment that contains a cleaning agent developed to remove deposits from diesel fuel injection systems. When added to the fuel it will remove carbon build-up that can reduce the performance of the vehicle. Ideal for use as a pre-MOT test clean-up treatment. 1 x 250ml bottle treats: 50 Litres (1 x 50L tank) of diesel fuel. Add to fuel tank prior to refuelling.","og_url":"https:\/\/fastcar.shop\/lt\/produktas\/diesel-injector-cleaner-250ml\/","og_site_name":"Fast Car Shop","article_publisher":"https:\/\/www.facebook.com\/FastcarLt?locale=lt_LT","article_modified_time":"2025-12-09T18:13:09+00:00","og_image":[{"width":1280,"height":1024,"url":"https:\/\/fastcar.shop\/wp-content\/uploads\/2023\/03\/millers-oils-Diesel-Injector-Cleaner.jpg","type":"image\/jpeg"}],"twitter_card":"summary_large_image","schema":{"@context":"https:\/\/schema.org","@graph":[{"@type":"WebPage","@id":"https:\/\/fastcar.shop\/product\/diesel-injector-cleaner-250ml\/","url":"https:\/\/fastcar.shop\/product\/diesel-injector-cleaner-250ml\/","name":"Dyzelinio Variklio Purk\u0161tuk\u0173 Valiklis 250ml","isPartOf":{"@id":"https:\/\/fastcar.shop\/#website"},"primaryImageOfPage":{"@id":"https:\/\/fastcar.shop\/product\/diesel-injector-cleaner-250ml\/#primaryimage"},"image":{"@id":"https:\/\/fastcar.shop\/product\/diesel-injector-cleaner-250ml\/#primaryimage"},"thumbnailUrl":"https:\/\/fastcar.shop\/wp-content\/uploads\/2023\/03\/millers-oils-Diesel-Injector-Cleaner.jpg","datePublished":"2023-03-27T09:56:37+00:00","dateModified":"2025-12-09T18:13:09+00:00","breadcrumb":{"@id":"https:\/\/fastcar.shop\/product\/diesel-injector-cleaner-250ml\/#breadcrumb"},"inLanguage":"lt-LT","potentialAction":[{"@type":"ReadAction","target":["https:\/\/fastcar.shop\/product\/diesel-injector-cleaner-250ml\/"]}]},{"@type":"ImageObject","inLanguage":"lt-LT","@id":"https:\/\/fastcar.shop\/product\/diesel-injector-cleaner-250ml\/#primaryimage","url":"https:\/\/fastcar.shop\/wp-content\/uploads\/2023\/03\/millers-oils-Diesel-Injector-Cleaner.jpg","contentUrl":"https:\/\/fastcar.shop\/wp-content\/uploads\/2023\/03\/millers-oils-Diesel-Injector-Cleaner.jpg","width":1280,"height":1024},{"@type":"BreadcrumbList","@id":"https:\/\/fastcar.shop\/product\/diesel-injector-cleaner-250ml\/#breadcrumb","itemListElement":[{"@type":"ListItem","position":1,"name":"Home","item":"https:\/\/fastcar.shop\/"},{"@type":"ListItem","position":2,"name":"Shop","item":"https:\/\/fastcar.shop\/shop\/"},{"@type":"ListItem","position":3,"name":"MILLERS OILS Diesel Injector Cleaner 250ml"}]},{"@type":"WebSite","@id":"https:\/\/fastcar.shop\/#website","url":"https:\/\/fastcar.shop\/","name":"Greit\u0173 automobili\u0173 parduotuv\u0117","description":"","publisher":{"@id":"https:\/\/fastcar.shop\/#organization"},"potentialAction":[{"@type":"SearchAction","target":{"@type":"EntryPoint","urlTemplate":"https:\/\/fastcar.shop\/?s={search_term_string}"},"query-input":{"@type":"PropertyValueSpecification","valueRequired":true,"valueName":"search_term_string"}}],"inLanguage":"lt-LT"},{"@type":"Organization","@id":"https:\/\/fastcar.shop\/#organization","name":"Fastcar.shop","url":"https:\/\/fastcar.shop\/","logo":{"@type":"ImageObject","inLanguage":"lt-LT","@id":"https:\/\/fastcar.shop\/#\/schema\/logo\/image\/","url":"https:\/\/fastcar.shop\/wp-content\/uploads\/2017\/08\/FCS_JPEG-01-scaled.jpg","contentUrl":"https:\/\/fastcar.shop\/wp-content\/uploads\/2017\/08\/FCS_JPEG-01-scaled.jpg","width":2560,"height":1379,"caption":"Fastcar.shop"},"image":{"@id":"https:\/\/fastcar.shop\/#\/schema\/logo\/image\/"},"sameAs":["https:\/\/www.facebook.com\/FastcarLt?locale=lt_LT","https:\/\/www.instagram.com\/fastcar.shop\/"]}]}},"jetpack_sharing_enabled":true,"_links":{"self":[{"href":"https:\/\/fastcar.shop\/lt\/wp-json\/wp\/v2\/product\/3977","targetHints":{"allow":["GET"]}}],"collection":[{"href":"https:\/\/fastcar.shop\/lt\/wp-json\/wp\/v2\/product"}],"about":[{"href":"https:\/\/fastcar.shop\/lt\/wp-json\/wp\/v2\/types\/product"}],"wp:featuredmedia":[{"embeddable":true,"href":"https:\/\/fastcar.shop\/lt\/wp-json\/wp\/v2\/media\/3980"}],"wp:attachment":[{"href":"https:\/\/fastcar.shop\/lt\/wp-json\/wp\/v2\/media?parent=3977"}],"wp:term":[{"taxonomy":"product_brand","embeddable":true,"href":"https:\/\/fastcar.shop\/lt\/wp-json\/wp\/v2\/product_brand?post=3977"},{"taxonomy":"product_cat","embeddable":true,"href":"https:\/\/fastcar.shop\/lt\/wp-json\/wp\/v2\/product_cat?post=3977"},{"taxonomy":"product_tag","embeddable":true,"href":"https:\/\/fastcar.shop\/lt\/wp-json\/wp\/v2\/product_tag?post=3977"}],"curies":[{"name":"wp","href":"https:\/\/api.w.org\/{rel}","templated":true}]}}