{"id":3969,"date":"2023-02-27T11:17:40","date_gmt":"2023-02-27T11:17:40","guid":{"rendered":"https:\/\/fastcar.shop\/?post_type=product&#038;p=3969"},"modified":"2023-10-26T12:54:45","modified_gmt":"2023-10-26T12:54:45","slug":"lucas-chain-lube-aerosol-400ml","status":"publish","type":"product","link":"https:\/\/fastcar.shop\/lt\/product\/lucas-chain-lube-aerosol-400ml\/","title":{"rendered":"LUCAS grandin\u0117s tepalas aerozolis 400ml"},"content":{"rendered":"<p style=\"text-align: left;\">\"Lucas Chain Lube\" yra \u017eemo kvapo, pusiau sintetinis pur\u0161kiamasis tepalas, skirtas \u0161iuolaikin\u0117ms auk\u0161tos kokyb\u0117s motocikl\u0173 grandin\u0117ms ir \u017evaig\u017edut\u0117ms. Profesional\u0173 ir lenktyni\u0173 komand\u0173 i\u0161bandytas \"Lucas Chain Lube\" aerozolinis skystis puikiai tinka ilgai i\u0161laikyti nepriekai\u0161ting\u0105 grandin\u0117s b\u016bkl\u0119 ir minimal\u0173 nuslydim\u0105.<\/p>\n<p style=\"text-align: left;\"><strong>Pagrindiniai privalumai<\/strong><\/p>\n<ul>\n<li style=\"text-align: left;\">Skirtas giliai \u012fsiskverbti \u012f grandini\u0173 kai\u0161\u010dius ir \u012fvor\u0119<\/li>\n<li style=\"text-align: left;\">Puikus r\u016bd\u017ei\u0173 ir korozijos inhibitorius, taip pat atsparus vandeniui<\/li>\n<li style=\"text-align: left;\">Palieka apsaugin\u0119 pl\u0117vel\u0119, kad kuo ma\u017eiau d\u0117v\u0117t\u0173si ir vilkt\u0173si<\/li>\n<li style=\"text-align: left;\">Tinka naudoti su visomis grandin\u0117mis, \u012fskaitant O \u017eiedo tipo grandines<\/li>\n<li style=\"text-align: left;\">5\/5 \u017evaig\u017edu\u010di\u0173 \u012fvertinta MCN!<\/li>\n<\/ul>\n<p style=\"text-align: left;\"><a href=\"https:\/\/fastcar.shop\/wp-content\/uploads\/2023\/02\/LUCAS_Chain-Lube-Aerosol.pdf\">Specifikacijos <img loading=\"lazy\" decoding=\"async\" class=\"alignnone size-full wp-image-3251\" src=\"https:\/\/fastcar.shop\/wp-content\/uploads\/2022\/01\/pdf-e1641824783993.png\" alt=\"\" width=\"30\" height=\"23\" \/><\/a><\/p>","protected":false},"excerpt":{"rendered":"<p style=\"text-align: left;\">\"Lucas Chain Lube\" yra silpno kvapo, pusiau sintetinis pur\u0161kiamasis tepalas, sukurtas taip, kad atitikt\u0173 \u0161iuolaikini\u0173 auk\u0161tos kokyb\u0117s motocikl\u0173 grandini\u0173 ir \u017evaig\u017edu\u010di\u0173 reikalavimus.<\/p>","protected":false},"featured_media":3970,"template":"","meta":[],"product_brand":[],"product_cat":[1791,885],"product_tag":[],"class_list":{"0":"post-3969","1":"product","2":"type-product","3":"status-publish","4":"has-post-thumbnail","6":"product_cat-problem-solvers-utility-lubricants","7":"product_cat-oils_lubricants","8":"product_provider-lucas-oil","10":"first","11":"instock","12":"taxable","13":"shipping-taxable","14":"purchasable","15":"product-type-simple"},"aioseo_notices":[],"yoast_head":"<!-- This site is optimized with the Yoast SEO plugin v27.6 - https:\/\/yoast.com\/product\/yoast-seo-wordpress\/ -->\n<title>LUCAS Chain Lube Aerosol 400ml<\/title>\n<meta name=\"robots\" content=\"index, follow, max-snippet:-1, max-image-preview:large, max-video-preview:-1\" \/>\n<link rel=\"canonical\" href=\"https:\/\/fastcar.shop\/lt\/produktas\/lucas-chain-lube-aerosol-400ml\/\" \/>\n<meta property=\"og:locale\" content=\"lt_LT\" \/>\n<meta property=\"og:type\" content=\"article\" \/>\n<meta property=\"og:title\" content=\"LUCAS Chain Lube Aerosol 400ml\" \/>\n<meta property=\"og:description\" content=\"Lucas Chain Lube is a low odour, semi-synthetic spray lubricant designed to meet the demands of today\u2019s high performance motorcycle chains and sprockets.\" \/>\n<meta property=\"og:url\" content=\"https:\/\/fastcar.shop\/lt\/produktas\/lucas-chain-lube-aerosol-400ml\/\" \/>\n<meta property=\"og:site_name\" content=\"Fast Car Shop\" \/>\n<meta property=\"article:publisher\" content=\"https:\/\/www.facebook.com\/FastcarLt?locale=lt_LT\" \/>\n<meta property=\"article:modified_time\" content=\"2023-10-26T12:54:45+00:00\" \/>\n<meta property=\"og:image\" content=\"https:\/\/fastcar.shop\/wp-content\/uploads\/2023\/02\/Lucas-chain-lube.jpg\" \/>\n\t<meta property=\"og:image:width\" content=\"800\" \/>\n\t<meta property=\"og:image:height\" content=\"800\" \/>\n\t<meta property=\"og:image:type\" content=\"image\/jpeg\" \/>\n<meta name=\"twitter:card\" content=\"summary_large_image\" \/>\n<!-- \/ Yoast SEO plugin. -->","yoast_head_json":{"title":"LUCAS grandin\u0117s tepalas aerozolis 400ml","robots":{"index":"index","follow":"follow","max-snippet":"max-snippet:-1","max-image-preview":"max-image-preview:large","max-video-preview":"max-video-preview:-1"},"canonical":"https:\/\/fastcar.shop\/lt\/produktas\/lucas-chain-lube-aerosol-400ml\/","og_locale":"lt_LT","og_type":"article","og_title":"LUCAS Chain Lube Aerosol 400ml","og_description":"Lucas Chain Lube is a low odour, semi-synthetic spray lubricant designed to meet the demands of today\u2019s high performance motorcycle chains and sprockets.","og_url":"https:\/\/fastcar.shop\/lt\/produktas\/lucas-chain-lube-aerosol-400ml\/","og_site_name":"Fast Car Shop","article_publisher":"https:\/\/www.facebook.com\/FastcarLt?locale=lt_LT","article_modified_time":"2023-10-26T12:54:45+00:00","og_image":[{"width":800,"height":800,"url":"https:\/\/fastcar.shop\/wp-content\/uploads\/2023\/02\/Lucas-chain-lube.jpg","type":"image\/jpeg"}],"twitter_card":"summary_large_image","schema":{"@context":"https:\/\/schema.org","@graph":[{"@type":"WebPage","@id":"https:\/\/fastcar.shop\/product\/lucas-chain-lube-aerosol-400ml\/","url":"https:\/\/fastcar.shop\/product\/lucas-chain-lube-aerosol-400ml\/","name":"LUCAS grandin\u0117s tepalas aerozolis 400ml","isPartOf":{"@id":"https:\/\/fastcar.shop\/#website"},"primaryImageOfPage":{"@id":"https:\/\/fastcar.shop\/product\/lucas-chain-lube-aerosol-400ml\/#primaryimage"},"image":{"@id":"https:\/\/fastcar.shop\/product\/lucas-chain-lube-aerosol-400ml\/#primaryimage"},"thumbnailUrl":"https:\/\/fastcar.shop\/wp-content\/uploads\/2023\/02\/Lucas-chain-lube.jpg","datePublished":"2023-02-27T11:17:40+00:00","dateModified":"2023-10-26T12:54:45+00:00","breadcrumb":{"@id":"https:\/\/fastcar.shop\/product\/lucas-chain-lube-aerosol-400ml\/#breadcrumb"},"inLanguage":"lt-LT","potentialAction":[{"@type":"ReadAction","target":["https:\/\/fastcar.shop\/product\/lucas-chain-lube-aerosol-400ml\/"]}]},{"@type":"ImageObject","inLanguage":"lt-LT","@id":"https:\/\/fastcar.shop\/product\/lucas-chain-lube-aerosol-400ml\/#primaryimage","url":"https:\/\/fastcar.shop\/wp-content\/uploads\/2023\/02\/Lucas-chain-lube.jpg","contentUrl":"https:\/\/fastcar.shop\/wp-content\/uploads\/2023\/02\/Lucas-chain-lube.jpg","width":800,"height":800},{"@type":"BreadcrumbList","@id":"https:\/\/fastcar.shop\/product\/lucas-chain-lube-aerosol-400ml\/#breadcrumb","itemListElement":[{"@type":"ListItem","position":1,"name":"Home","item":"https:\/\/fastcar.shop\/"},{"@type":"ListItem","position":2,"name":"Shop","item":"https:\/\/fastcar.shop\/shop\/"},{"@type":"ListItem","position":3,"name":"LUCAS Chain Lube Aerosol 400ml"}]},{"@type":"WebSite","@id":"https:\/\/fastcar.shop\/#website","url":"https:\/\/fastcar.shop\/","name":"Greit\u0173 automobili\u0173 parduotuv\u0117","description":"","publisher":{"@id":"https:\/\/fastcar.shop\/#organization"},"potentialAction":[{"@type":"SearchAction","target":{"@type":"EntryPoint","urlTemplate":"https:\/\/fastcar.shop\/?s={search_term_string}"},"query-input":{"@type":"PropertyValueSpecification","valueRequired":true,"valueName":"search_term_string"}}],"inLanguage":"lt-LT"},{"@type":"Organization","@id":"https:\/\/fastcar.shop\/#organization","name":"Fastcar.shop","url":"https:\/\/fastcar.shop\/","logo":{"@type":"ImageObject","inLanguage":"lt-LT","@id":"https:\/\/fastcar.shop\/#\/schema\/logo\/image\/","url":"https:\/\/fastcar.shop\/wp-content\/uploads\/2017\/08\/FCS_JPEG-01-scaled.jpg","contentUrl":"https:\/\/fastcar.shop\/wp-content\/uploads\/2017\/08\/FCS_JPEG-01-scaled.jpg","width":2560,"height":1379,"caption":"Fastcar.shop"},"image":{"@id":"https:\/\/fastcar.shop\/#\/schema\/logo\/image\/"},"sameAs":["https:\/\/www.facebook.com\/FastcarLt?locale=lt_LT","https:\/\/www.instagram.com\/fastcar.shop\/"]}]}},"jetpack_sharing_enabled":true,"_links":{"self":[{"href":"https:\/\/fastcar.shop\/lt\/wp-json\/wp\/v2\/product\/3969","targetHints":{"allow":["GET"]}}],"collection":[{"href":"https:\/\/fastcar.shop\/lt\/wp-json\/wp\/v2\/product"}],"about":[{"href":"https:\/\/fastcar.shop\/lt\/wp-json\/wp\/v2\/types\/product"}],"wp:featuredmedia":[{"embeddable":true,"href":"https:\/\/fastcar.shop\/lt\/wp-json\/wp\/v2\/media\/3970"}],"wp:attachment":[{"href":"https:\/\/fastcar.shop\/lt\/wp-json\/wp\/v2\/media?parent=3969"}],"wp:term":[{"taxonomy":"product_brand","embeddable":true,"href":"https:\/\/fastcar.shop\/lt\/wp-json\/wp\/v2\/product_brand?post=3969"},{"taxonomy":"product_cat","embeddable":true,"href":"https:\/\/fastcar.shop\/lt\/wp-json\/wp\/v2\/product_cat?post=3969"},{"taxonomy":"product_tag","embeddable":true,"href":"https:\/\/fastcar.shop\/lt\/wp-json\/wp\/v2\/product_tag?post=3969"}],"curies":[{"name":"wp","href":"https:\/\/api.w.org\/{rel}","templated":true}]}}