{"id":3963,"date":"2023-02-27T10:59:37","date_gmt":"2023-02-27T10:59:37","guid":{"rendered":"https:\/\/fastcar.shop\/?post_type=product&#038;p=3963"},"modified":"2026-03-20T20:54:32","modified_gmt":"2026-03-20T18:54:32","slug":"lucas-kenne-bell-synthetic-supercharger-racing-oil-8fl-oz-237ml","status":"publish","type":"product","link":"https:\/\/fastcar.shop\/lt\/product\/lucas-kenne-bell-synthetic-supercharger-racing-oil-8fl-oz-237ml\/","title":{"rendered":"LUCAS Kenne Bell Synthetic Supercharger Racing Oil 8fl Oz 237ml"},"content":{"rendered":"<p style=\"text-align: left;\">Lucas Oil naudojami unikal\u016bs krumpliara\u010diai ir sandarikliai, kuriuos kai kurios alyvos gali neigiamai paveikti. Tod\u0117l \"Kenne Bell\" rekomenduoja naudoti tik \"Kenne Bell\" gamykloje tiekiam\u0105 \"Kenne Bell\" prip\u016btimo alyv\u0105. Mes geriau nei bet kas kitas \u017einome, koks alyvos mi\u0161inys geriausiai veikia m\u016bs\u0173 prip\u016btimo kompresoriuose, ir nenorime su niekuo diskutuoti \u0161iuo klausimu.<\/p>\n<p style=\"text-align: left;\">Mes naudojame specialiai sukurt\u0105 trinties ir put\u0173 susidarym\u0105 ma\u017einan\u010di\u0173 modifikatori\u0173 mi\u0161in\u012f, kurio pagrind\u0105 sudaro \"Lucas\" sintetin\u0117 50W lenktynin\u0117 alyva su m\u0117lyna priemai\u0161a, kuri nuspalvina skaidri\u0105 alyv\u0105, kad j\u0105 b\u016bt\u0173 galima matyti ant prip\u016btimo kompresoriaus alyvos matuoklio. Standartin\u0117 \"Lucas\" alyva yra tokia skaidri ir gryna, kad joje n\u0117ra jokios spalvos.<\/p>\n<p style=\"text-align: left;\">Naudojame \"Lucas\", nes manome, kad tai geriausia pasaulyje prieinama alyva. Tai nerei\u0161kia, kad kitos alyvos n\u0117ra visi\u0161kai tinkamos varikliams ar transmisijoms. Superautomobiliams tiesiog reikia specialios alyvos.<\/p>\n<p style=\"text-align: left;\">Naudojant \u012fprastai, rekomenduojame keisti kompresoriaus alyv\u0105 kas 12 000 myli\u0173. Intensyviai naudojant reik\u0117s keisti da\u017eniau.<\/p>\n<p style=\"text-align: left;\">\u012e standartin\u012f buteliuk\u0105 telpa 8 uncijos, o, priklausomai nuo rinkinio, superchargeriui reikia ma\u017edaug 5 uncij\u0173.<\/p>\n<p style=\"text-align: left;\"><strong>Pagrindiniai privalumai<\/strong><\/p>\n<ul>\n<li style=\"text-align: left;\">Tikrinant alyvos lyg\u012f ant matuoklio matoma m\u0117lyna alyvos spalva. Bespalv\u0117s alyvos - ne.<\/li>\n<li style=\"text-align: left;\">Specialios sud\u0117ties alyvos pried\u0173 paketas su ekstremalaus sl\u0117gio ir s\u016bki\u0173 da\u017enio tepalais, apsaugan\u010diais nuo susid\u0117v\u0117jimo, sukurtas siekiant optimizuoti Twin Screw na\u0161um\u0105 ir ilgaam\u017ei\u0161kum\u0105.<\/li>\n<li style=\"text-align: left;\">8fl.oz - 237 ml plastikinis indas su lengvai u\u017epildomu dangteliu.<\/li>\n<li style=\"text-align: left;\">Dangtelis u\u017eplombuotas siuntoje. Prie\u0161 naudodami nuimkite plomb\u0105.<\/li>\n<li style=\"text-align: left;\">Parduodamose alyvose N\u0116RA specialaus pried\u0173 nuo nusid\u0117v\u0117jimo paketo, esan\u010dio \"Kenne Bell Supercharger Oil\" alyvoje.<\/li>\n<\/ul>\n<p style=\"text-align: left;\"><a href=\"https:\/\/fastcar.shop\/wp-content\/uploads\/2023\/02\/TDS_Lucas_Supercharger_Oil.pdf\">Specifikacijos <img loading=\"lazy\" decoding=\"async\" class=\"alignnone size-full wp-image-3251\" src=\"https:\/\/fastcar.shop\/wp-content\/uploads\/2022\/01\/pdf-e1641824783993.png\" alt=\"\" width=\"30\" height=\"23\" \/><\/a><\/p>","protected":false},"excerpt":{"rendered":"<p style=\"text-align: left;\">\"Kenne Bell High Performance Supercharger\" sintetin\u0119 alyv\u0105 specialiai suk\u016br\u0117 \"Lucas Oil\", kad tinkamai sutept\u0173 guolius ir svarbius sandariklius, suma\u017eint\u0173 trint\u012f ir u\u017etikrint\u0173 termin\u012f stabilum\u0105. Visi\u0161kai sintetin\u0117 alyva - geriausia j\u016bs\u0173 prip\u016btimo kompresoriaus apsauga!<\/p>","protected":false},"featured_media":3968,"template":"","meta":[],"product_brand":[],"product_cat":[1792,885],"product_tag":[],"class_list":{"0":"post-3963","1":"product","2":"type-product","3":"status-publish","4":"has-post-thumbnail","6":"product_cat-racing","7":"product_cat-oils_lubricants","8":"product_provider-lucas-oil","10":"first","11":"outofstock","12":"taxable","13":"shipping-taxable","14":"purchasable","15":"product-type-simple"},"aioseo_notices":[],"yoast_head":"<!-- This site is optimized with the Yoast SEO plugin v27.5 - https:\/\/yoast.com\/product\/yoast-seo-wordpress\/ -->\n<title>Lucas Kenne Bell Synthetic Supercharger Racing Oil 8fl Oz 237ml<\/title>\n<meta name=\"robots\" content=\"index, follow, max-snippet:-1, max-image-preview:large, max-video-preview:-1\" \/>\n<link rel=\"canonical\" href=\"https:\/\/fastcar.shop\/lt\/produktas\/lucas-kenne-bell-synthetic-supercharger-racing-oil-8fl-oz-237ml\/\" \/>\n<meta property=\"og:locale\" content=\"lt_LT\" \/>\n<meta property=\"og:type\" content=\"article\" \/>\n<meta property=\"og:title\" content=\"Lucas Kenne Bell Synthetic Supercharger Racing Oil 8fl Oz 237ml\" \/>\n<meta property=\"og:description\" content=\"The Kenne Bell High Performance Supercharger Synthetic Oil was specifically formulated by Lucas Oil, to properly lubricate bearings and vital seals while reducing friction and providing thermal stability. A Full Synthetic Oil, the ultimate protection for your Supercharger!\" \/>\n<meta property=\"og:url\" content=\"https:\/\/fastcar.shop\/lt\/produktas\/lucas-kenne-bell-synthetic-supercharger-racing-oil-8fl-oz-237ml\/\" \/>\n<meta property=\"og:site_name\" content=\"Fast Car Shop\" \/>\n<meta property=\"article:publisher\" content=\"https:\/\/www.facebook.com\/FastcarLt?locale=lt_LT\" \/>\n<meta property=\"article:modified_time\" content=\"2026-03-20T18:54:32+00:00\" \/>\n<meta property=\"og:image\" content=\"https:\/\/fastcar.shop\/wp-content\/uploads\/2023\/02\/Lucas-Kenne-Bell-Supercharger-Oil.jpg\" \/>\n\t<meta property=\"og:image:width\" content=\"1000\" \/>\n\t<meta property=\"og:image:height\" content=\"1150\" \/>\n\t<meta property=\"og:image:type\" content=\"image\/jpeg\" \/>\n<meta name=\"twitter:card\" content=\"summary_large_image\" \/>\n<meta name=\"twitter:label1\" content=\"Est. reading time\" \/>\n\t<meta name=\"twitter:data1\" content=\"2 minut\u0117s\" \/>\n<!-- \/ Yoast SEO plugin. -->","yoast_head_json":{"title":"LUCAS KENNE BELL sintetin\u0117 lenktynin\u0117 alyva 237ml","robots":{"index":"index","follow":"follow","max-snippet":"max-snippet:-1","max-image-preview":"max-image-preview:large","max-video-preview":"max-video-preview:-1"},"canonical":"https:\/\/fastcar.shop\/lt\/produktas\/lucas-kenne-bell-synthetic-supercharger-racing-oil-8fl-oz-237ml\/","og_locale":"lt_LT","og_type":"article","og_title":"Lucas Kenne Bell Synthetic Supercharger Racing Oil 8fl Oz 237ml","og_description":"The Kenne Bell High Performance Supercharger Synthetic Oil was specifically formulated by Lucas Oil, to properly lubricate bearings and vital seals while reducing friction and providing thermal stability. A Full Synthetic Oil, the ultimate protection for your Supercharger!","og_url":"https:\/\/fastcar.shop\/lt\/produktas\/lucas-kenne-bell-synthetic-supercharger-racing-oil-8fl-oz-237ml\/","og_site_name":"Fast Car Shop","article_publisher":"https:\/\/www.facebook.com\/FastcarLt?locale=lt_LT","article_modified_time":"2026-03-20T18:54:32+00:00","og_image":[{"width":1000,"height":1150,"url":"https:\/\/fastcar.shop\/wp-content\/uploads\/2023\/02\/Lucas-Kenne-Bell-Supercharger-Oil.jpg","type":"image\/jpeg"}],"twitter_card":"summary_large_image","twitter_misc":{"Est. reading time":"2 minut\u0117s"},"schema":{"@context":"https:\/\/schema.org","@graph":[{"@type":"WebPage","@id":"https:\/\/fastcar.shop\/product\/lucas-kenne-bell-synthetic-supercharger-racing-oil-8fl-oz-237ml\/","url":"https:\/\/fastcar.shop\/product\/lucas-kenne-bell-synthetic-supercharger-racing-oil-8fl-oz-237ml\/","name":"LUCAS KENNE BELL sintetin\u0117 lenktynin\u0117 alyva 237ml","isPartOf":{"@id":"https:\/\/fastcar.shop\/#website"},"primaryImageOfPage":{"@id":"https:\/\/fastcar.shop\/product\/lucas-kenne-bell-synthetic-supercharger-racing-oil-8fl-oz-237ml\/#primaryimage"},"image":{"@id":"https:\/\/fastcar.shop\/product\/lucas-kenne-bell-synthetic-supercharger-racing-oil-8fl-oz-237ml\/#primaryimage"},"thumbnailUrl":"https:\/\/fastcar.shop\/wp-content\/uploads\/2023\/02\/Lucas-Kenne-Bell-Supercharger-Oil.jpg","datePublished":"2023-02-27T10:59:37+00:00","dateModified":"2026-03-20T18:54:32+00:00","breadcrumb":{"@id":"https:\/\/fastcar.shop\/product\/lucas-kenne-bell-synthetic-supercharger-racing-oil-8fl-oz-237ml\/#breadcrumb"},"inLanguage":"lt-LT","potentialAction":[{"@type":"ReadAction","target":["https:\/\/fastcar.shop\/product\/lucas-kenne-bell-synthetic-supercharger-racing-oil-8fl-oz-237ml\/"]}]},{"@type":"ImageObject","inLanguage":"lt-LT","@id":"https:\/\/fastcar.shop\/product\/lucas-kenne-bell-synthetic-supercharger-racing-oil-8fl-oz-237ml\/#primaryimage","url":"https:\/\/fastcar.shop\/wp-content\/uploads\/2023\/02\/Lucas-Kenne-Bell-Supercharger-Oil.jpg","contentUrl":"https:\/\/fastcar.shop\/wp-content\/uploads\/2023\/02\/Lucas-Kenne-Bell-Supercharger-Oil.jpg","width":1000,"height":1150},{"@type":"BreadcrumbList","@id":"https:\/\/fastcar.shop\/product\/lucas-kenne-bell-synthetic-supercharger-racing-oil-8fl-oz-237ml\/#breadcrumb","itemListElement":[{"@type":"ListItem","position":1,"name":"Home","item":"https:\/\/fastcar.shop\/"},{"@type":"ListItem","position":2,"name":"Shop","item":"https:\/\/fastcar.shop\/shop\/"},{"@type":"ListItem","position":3,"name":"LUCAS Kenne Bell Synthetic Supercharger Racing Oil 8fl Oz 237ml"}]},{"@type":"WebSite","@id":"https:\/\/fastcar.shop\/#website","url":"https:\/\/fastcar.shop\/","name":"Greit\u0173 automobili\u0173 parduotuv\u0117","description":"","publisher":{"@id":"https:\/\/fastcar.shop\/#organization"},"potentialAction":[{"@type":"SearchAction","target":{"@type":"EntryPoint","urlTemplate":"https:\/\/fastcar.shop\/?s={search_term_string}"},"query-input":{"@type":"PropertyValueSpecification","valueRequired":true,"valueName":"search_term_string"}}],"inLanguage":"lt-LT"},{"@type":"Organization","@id":"https:\/\/fastcar.shop\/#organization","name":"Fastcar.shop","url":"https:\/\/fastcar.shop\/","logo":{"@type":"ImageObject","inLanguage":"lt-LT","@id":"https:\/\/fastcar.shop\/#\/schema\/logo\/image\/","url":"https:\/\/fastcar.shop\/wp-content\/uploads\/2017\/08\/FCS_JPEG-01-scaled.jpg","contentUrl":"https:\/\/fastcar.shop\/wp-content\/uploads\/2017\/08\/FCS_JPEG-01-scaled.jpg","width":2560,"height":1379,"caption":"Fastcar.shop"},"image":{"@id":"https:\/\/fastcar.shop\/#\/schema\/logo\/image\/"},"sameAs":["https:\/\/www.facebook.com\/FastcarLt?locale=lt_LT","https:\/\/www.instagram.com\/fastcar.shop\/"]}]}},"jetpack_sharing_enabled":true,"_links":{"self":[{"href":"https:\/\/fastcar.shop\/lt\/wp-json\/wp\/v2\/product\/3963","targetHints":{"allow":["GET"]}}],"collection":[{"href":"https:\/\/fastcar.shop\/lt\/wp-json\/wp\/v2\/product"}],"about":[{"href":"https:\/\/fastcar.shop\/lt\/wp-json\/wp\/v2\/types\/product"}],"wp:featuredmedia":[{"embeddable":true,"href":"https:\/\/fastcar.shop\/lt\/wp-json\/wp\/v2\/media\/3968"}],"wp:attachment":[{"href":"https:\/\/fastcar.shop\/lt\/wp-json\/wp\/v2\/media?parent=3963"}],"wp:term":[{"taxonomy":"product_brand","embeddable":true,"href":"https:\/\/fastcar.shop\/lt\/wp-json\/wp\/v2\/product_brand?post=3963"},{"taxonomy":"product_cat","embeddable":true,"href":"https:\/\/fastcar.shop\/lt\/wp-json\/wp\/v2\/product_cat?post=3963"},{"taxonomy":"product_tag","embeddable":true,"href":"https:\/\/fastcar.shop\/lt\/wp-json\/wp\/v2\/product_tag?post=3963"}],"curies":[{"name":"wp","href":"https:\/\/api.w.org\/{rel}","templated":true}]}}