{"id":3960,"date":"2023-02-27T10:11:29","date_gmt":"2023-02-27T10:11:29","guid":{"rendered":"https:\/\/fastcar.shop\/?post_type=product&#038;p=3960"},"modified":"2026-01-10T17:37:24","modified_gmt":"2026-01-10T15:37:24","slug":"lucas-fishing-reel-oil-1fl-oz-29-6ml","status":"publish","type":"product","link":"https:\/\/fastcar.shop\/lt\/product\/lucas-fishing-reel-oil-1fl-oz-29-6ml\/","title":{"rendered":"LUCAS \u017evejybini\u0173 rit\u010di\u0173 tepalas 29,6ml"},"content":{"rendered":"<p style=\"text-align: left;\">Lucas Fishing Reel Oil yra specialus alyvos ir pried\u0173 mi\u0161inys. Ji specialiai sukurta visoms judan\u010dioms g\u0117lo ir s\u016braus vandens \u017evejybos ri\u010di\u0173 dalims tepti. M\u016bs\u0173 produktas u\u017etikrina apsaug\u0105 nuo r\u016bd\u017ei\u0173 ir korozijos net nepalankiausiomis s\u0105lygomis. M\u016bs\u0173 naujasis vieno la\u0161o naudojimo b\u016bdas leid\u017eia \u012fpilti reikiam\u0105 tepalo kiek\u012f \u012f sunkiai pasiekiamas vietas; negalima sutepti per daug.<\/p>\n<p style=\"text-align: left;\"><strong>Pagrindiniai privalumai<\/strong><\/p>\n<ul>\n<li style=\"text-align: left;\">Tepa ir \u012fsiskverbia, u\u017etikrindamas ilgalaik\u0119 apsaug\u0105<\/li>\n<li style=\"text-align: left;\">Sukurtas visoms judan\u010dioms g\u0117lo ir s\u016braus vandens \u017evejybos ri\u010di\u0173 dalims tepti<\/li>\n<li style=\"text-align: left;\">Apsaugo nuo r\u016bd\u017ei\u0173 ir korozijos net nepalankiausiomis s\u0105lygomis<\/li>\n<li style=\"text-align: left;\">Naujoji vieno la\u0161o aplikacija leid\u017eia \u012fpilti reikiam\u0105 tepalo kiek\u012f \u012f sunkiai pasiekiamas vietas<\/li>\n<li style=\"text-align: left;\">Patogus buteliukas \u017evejybos \u012franki\u0173 d\u0117\u017eut\u0117je<\/li>\n<\/ul>\n<p style=\"text-align: left;\"><a href=\"https:\/\/fastcar.shop\/wp-content\/uploads\/2023\/02\/LUCAS_Marine_Fishing_Reel_Oil.pdf\">Specifikacijos <img loading=\"lazy\" decoding=\"async\" class=\"alignnone size-full wp-image-3251\" src=\"https:\/\/fastcar.shop\/wp-content\/uploads\/2022\/01\/pdf-e1641824783993.png\" alt=\"\" width=\"30\" height=\"23\" \/><\/a><\/p>","protected":false},"excerpt":{"rendered":"<p style=\"text-align: left;\">Lucas Fishing Reel Oil yra specialus alyvos ir pried\u0173 mi\u0161inys. Ji specialiai sukurta visoms judan\u010dioms g\u0117lo ir s\u016braus vandens \u017evejybos ri\u010di\u0173 dalims tepti.<\/p>","protected":false},"featured_media":3961,"template":"","meta":[],"product_brand":[],"product_cat":[1791,885],"product_tag":[],"class_list":{"0":"post-3960","1":"product","2":"type-product","3":"status-publish","4":"has-post-thumbnail","6":"product_cat-problem-solvers-utility-lubricants","7":"product_cat-oils_lubricants","8":"product_provider-lucas-oil","10":"first","11":"instock","12":"taxable","13":"shipping-taxable","14":"purchasable","15":"product-type-simple"},"aioseo_notices":[],"yoast_head":"<!-- This site is optimized with the Yoast SEO plugin v27.4 - https:\/\/yoast.com\/product\/yoast-seo-wordpress\/ -->\n<title>LUCAS Fishing Reel Oil 1fl oz 29.6ml<\/title>\n<meta name=\"robots\" content=\"index, follow, max-snippet:-1, max-image-preview:large, max-video-preview:-1\" \/>\n<link rel=\"canonical\" href=\"https:\/\/fastcar.shop\/lt\/produktas\/lucas-fishing-reel-oil-1fl-oz-29-6ml\/\" \/>\n<meta property=\"og:locale\" content=\"lt_LT\" \/>\n<meta property=\"og:type\" content=\"article\" \/>\n<meta property=\"og:title\" content=\"LUCAS Fishing Reel Oil 1fl oz 29.6ml\" \/>\n<meta property=\"og:description\" content=\"Lucas Fishing Reel Oil is a special blend of oil and additives. It was specifically designed to lubricate all moving parts in fresh water and salt water fishing reels.\" \/>\n<meta property=\"og:url\" content=\"https:\/\/fastcar.shop\/lt\/produktas\/lucas-fishing-reel-oil-1fl-oz-29-6ml\/\" \/>\n<meta property=\"og:site_name\" content=\"Fast Car Shop\" \/>\n<meta property=\"article:publisher\" content=\"https:\/\/www.facebook.com\/FastcarLt?locale=lt_LT\" \/>\n<meta property=\"article:modified_time\" content=\"2026-01-10T15:37:24+00:00\" \/>\n<meta property=\"og:image\" content=\"https:\/\/fastcar.shop\/wp-content\/uploads\/2023\/02\/Lucas-Fishing-Reel-Oil.jpg\" \/>\n\t<meta property=\"og:image:width\" content=\"950\" \/>\n\t<meta property=\"og:image:height\" content=\"950\" \/>\n\t<meta property=\"og:image:type\" content=\"image\/jpeg\" \/>\n<meta name=\"twitter:card\" content=\"summary_large_image\" \/>\n<meta name=\"twitter:label1\" content=\"Est. reading time\" \/>\n\t<meta name=\"twitter:data1\" content=\"1 minut\u0117\" \/>\n<!-- \/ Yoast SEO plugin. -->","yoast_head_json":{"title":"LUCAS \u017evejybini\u0173 rit\u010di\u0173 tepalas 29,6ml","robots":{"index":"index","follow":"follow","max-snippet":"max-snippet:-1","max-image-preview":"max-image-preview:large","max-video-preview":"max-video-preview:-1"},"canonical":"https:\/\/fastcar.shop\/lt\/produktas\/lucas-fishing-reel-oil-1fl-oz-29-6ml\/","og_locale":"lt_LT","og_type":"article","og_title":"LUCAS Fishing Reel Oil 1fl oz 29.6ml","og_description":"Lucas Fishing Reel Oil is a special blend of oil and additives. It was specifically designed to lubricate all moving parts in fresh water and salt water fishing reels.","og_url":"https:\/\/fastcar.shop\/lt\/produktas\/lucas-fishing-reel-oil-1fl-oz-29-6ml\/","og_site_name":"Fast Car Shop","article_publisher":"https:\/\/www.facebook.com\/FastcarLt?locale=lt_LT","article_modified_time":"2026-01-10T15:37:24+00:00","og_image":[{"width":950,"height":950,"url":"https:\/\/fastcar.shop\/wp-content\/uploads\/2023\/02\/Lucas-Fishing-Reel-Oil.jpg","type":"image\/jpeg"}],"twitter_card":"summary_large_image","twitter_misc":{"Est. reading time":"1 minut\u0117"},"schema":{"@context":"https:\/\/schema.org","@graph":[{"@type":"WebPage","@id":"https:\/\/fastcar.shop\/product\/lucas-fishing-reel-oil-1fl-oz-29-6ml\/","url":"https:\/\/fastcar.shop\/product\/lucas-fishing-reel-oil-1fl-oz-29-6ml\/","name":"LUCAS \u017evejybini\u0173 rit\u010di\u0173 tepalas 29,6ml","isPartOf":{"@id":"https:\/\/fastcar.shop\/#website"},"primaryImageOfPage":{"@id":"https:\/\/fastcar.shop\/product\/lucas-fishing-reel-oil-1fl-oz-29-6ml\/#primaryimage"},"image":{"@id":"https:\/\/fastcar.shop\/product\/lucas-fishing-reel-oil-1fl-oz-29-6ml\/#primaryimage"},"thumbnailUrl":"https:\/\/fastcar.shop\/wp-content\/uploads\/2023\/02\/Lucas-Fishing-Reel-Oil.jpg","datePublished":"2023-02-27T10:11:29+00:00","dateModified":"2026-01-10T15:37:24+00:00","breadcrumb":{"@id":"https:\/\/fastcar.shop\/product\/lucas-fishing-reel-oil-1fl-oz-29-6ml\/#breadcrumb"},"inLanguage":"lt-LT","potentialAction":[{"@type":"ReadAction","target":["https:\/\/fastcar.shop\/product\/lucas-fishing-reel-oil-1fl-oz-29-6ml\/"]}]},{"@type":"ImageObject","inLanguage":"lt-LT","@id":"https:\/\/fastcar.shop\/product\/lucas-fishing-reel-oil-1fl-oz-29-6ml\/#primaryimage","url":"https:\/\/fastcar.shop\/wp-content\/uploads\/2023\/02\/Lucas-Fishing-Reel-Oil.jpg","contentUrl":"https:\/\/fastcar.shop\/wp-content\/uploads\/2023\/02\/Lucas-Fishing-Reel-Oil.jpg","width":950,"height":950},{"@type":"BreadcrumbList","@id":"https:\/\/fastcar.shop\/product\/lucas-fishing-reel-oil-1fl-oz-29-6ml\/#breadcrumb","itemListElement":[{"@type":"ListItem","position":1,"name":"Home","item":"https:\/\/fastcar.shop\/"},{"@type":"ListItem","position":2,"name":"Shop","item":"https:\/\/fastcar.shop\/shop\/"},{"@type":"ListItem","position":3,"name":"LUCAS Fishing Reel Oil 1fl oz 29.6ml"}]},{"@type":"WebSite","@id":"https:\/\/fastcar.shop\/#website","url":"https:\/\/fastcar.shop\/","name":"Greit\u0173 automobili\u0173 parduotuv\u0117","description":"","publisher":{"@id":"https:\/\/fastcar.shop\/#organization"},"potentialAction":[{"@type":"SearchAction","target":{"@type":"EntryPoint","urlTemplate":"https:\/\/fastcar.shop\/?s={search_term_string}"},"query-input":{"@type":"PropertyValueSpecification","valueRequired":true,"valueName":"search_term_string"}}],"inLanguage":"lt-LT"},{"@type":"Organization","@id":"https:\/\/fastcar.shop\/#organization","name":"Fastcar.shop","url":"https:\/\/fastcar.shop\/","logo":{"@type":"ImageObject","inLanguage":"lt-LT","@id":"https:\/\/fastcar.shop\/#\/schema\/logo\/image\/","url":"https:\/\/fastcar.shop\/wp-content\/uploads\/2017\/08\/FCS_JPEG-01-scaled.jpg","contentUrl":"https:\/\/fastcar.shop\/wp-content\/uploads\/2017\/08\/FCS_JPEG-01-scaled.jpg","width":2560,"height":1379,"caption":"Fastcar.shop"},"image":{"@id":"https:\/\/fastcar.shop\/#\/schema\/logo\/image\/"},"sameAs":["https:\/\/www.facebook.com\/FastcarLt?locale=lt_LT","https:\/\/www.instagram.com\/fastcar.shop\/"]}]}},"jetpack_sharing_enabled":true,"_links":{"self":[{"href":"https:\/\/fastcar.shop\/lt\/wp-json\/wp\/v2\/product\/3960","targetHints":{"allow":["GET"]}}],"collection":[{"href":"https:\/\/fastcar.shop\/lt\/wp-json\/wp\/v2\/product"}],"about":[{"href":"https:\/\/fastcar.shop\/lt\/wp-json\/wp\/v2\/types\/product"}],"wp:featuredmedia":[{"embeddable":true,"href":"https:\/\/fastcar.shop\/lt\/wp-json\/wp\/v2\/media\/3961"}],"wp:attachment":[{"href":"https:\/\/fastcar.shop\/lt\/wp-json\/wp\/v2\/media?parent=3960"}],"wp:term":[{"taxonomy":"product_brand","embeddable":true,"href":"https:\/\/fastcar.shop\/lt\/wp-json\/wp\/v2\/product_brand?post=3960"},{"taxonomy":"product_cat","embeddable":true,"href":"https:\/\/fastcar.shop\/lt\/wp-json\/wp\/v2\/product_cat?post=3960"},{"taxonomy":"product_tag","embeddable":true,"href":"https:\/\/fastcar.shop\/lt\/wp-json\/wp\/v2\/product_tag?post=3960"}],"curies":[{"name":"wp","href":"https:\/\/api.w.org\/{rel}","templated":true}]}}