{"id":3954,"date":"2023-02-27T09:17:32","date_gmt":"2023-02-27T09:17:32","guid":{"rendered":"https:\/\/fastcar.shop\/?post_type=product&#038;p=3954"},"modified":"2023-10-26T12:57:43","modified_gmt":"2023-10-26T12:57:43","slug":"lucas-metal-polish-16fl-oz-473ml","status":"publish","type":"product","link":"https:\/\/fastcar.shop\/lt\/product\/lucas-metal-polish-16fl-oz-473ml\/","title":{"rendered":"\u201eLUCAS\u201d metal\u0173 poliravimo priemon\u0117 473ml"},"content":{"rendered":"<p style=\"text-align: left;\">Lucas Metal\u0173 poliravimo priemon\u0117 valo, poliruoja ir apsaugo aliumin\u012f bei kitus metalus, \u012fskaitant chrom\u0105, magn\u012f, ner\u016bdijant\u012f plien\u0105, sidabr\u0105, \u017ealvar\u012f ir auks\u0105. Ji suteikia gil\u0173 blizges\u012f ir maksimal\u0173 spindes\u012f su minimaliomis pastangomis. M\u016bs\u0173 greitai veikianti metal\u0173 poliravimo priemon\u0117 yra paprasta naudoti ir saugi metalams. Joje n\u0117ra r\u016bg\u0161ties ar amoniako.<\/p>\n<p style=\"text-align: left;\"><strong>Pagrindiniai privalumai<\/strong><\/p>\n<ul>\n<li style=\"text-align: left;\">Poliruoja ir valo visus metalus (aliumin\u012f, chrom\u0105, magn\u012f, ner\u016bdijant\u012f plien\u0105, sidabr\u0105, \u017ealvar\u012f, auks\u0105)<\/li>\n<li style=\"text-align: left;\">Lengva naudoti ir saugu visiems metalams<\/li>\n<li style=\"text-align: left;\">Be r\u016bg\u0161\u010di\u0173 ar amoniako<\/li>\n<\/ul>\n<p style=\"text-align: left;\"><a href=\"https:\/\/fastcar.shop\/wp-content\/uploads\/2023\/02\/TDS_Metal-Polish.pdf\">Specifikacijos <img loading=\"lazy\" decoding=\"async\" class=\"alignnone size-full wp-image-3251\" src=\"https:\/\/fastcar.shop\/wp-content\/uploads\/2022\/01\/pdf-e1641824783993.png\" alt=\"\" width=\"30\" height=\"23\" \/><\/a><\/p>","protected":false},"excerpt":{"rendered":"<p style=\"text-align: left;\">\u201eLUCAS\u201d Metal\u0173 poliravimo priemon\u0117 valo, poliruoja ir apsaugo aliumin\u012f bei kitus metalus, \u012fskaitant chrom\u0105, magn\u012f, ner\u016bdijant\u012f plien\u0105, sidabr\u0105, \u017ealvar\u012f ir auks\u0105.<\/p>","protected":false},"featured_media":3955,"template":"","meta":[],"product_brand":[],"product_cat":[892],"product_tag":[],"class_list":{"0":"post-3954","1":"product","2":"type-product","3":"status-publish","4":"has-post-thumbnail","6":"product_cat-vehicle-care","7":"product_provider-lucas-oil","9":"first","10":"instock","11":"taxable","12":"shipping-taxable","13":"purchasable","14":"product-type-simple"},"aioseo_notices":[],"yoast_head":"<!-- This site is optimized with the Yoast SEO plugin v27.3 - https:\/\/yoast.com\/product\/yoast-seo-wordpress\/ -->\n<title>LUCAS Metal Polish 16fl oz 473ml<\/title>\n<meta name=\"robots\" content=\"index, follow, max-snippet:-1, max-image-preview:large, max-video-preview:-1\" \/>\n<link rel=\"canonical\" href=\"https:\/\/fastcar.shop\/lt\/produktas\/lucas-metal-polish-16fl-oz-473ml\/\" \/>\n<meta property=\"og:locale\" content=\"lt_LT\" \/>\n<meta property=\"og:type\" content=\"article\" \/>\n<meta property=\"og:title\" content=\"LUCAS Metal Polish 16fl oz 473ml\" \/>\n<meta property=\"og:description\" content=\"Lucas Metal Polish cleans, polishes and protects aluminium and other metals including chrome, magnesium, stainless steel, silver, brass and gold.\" \/>\n<meta property=\"og:url\" content=\"https:\/\/fastcar.shop\/lt\/produktas\/lucas-metal-polish-16fl-oz-473ml\/\" \/>\n<meta property=\"og:site_name\" content=\"Fast Car Shop\" \/>\n<meta property=\"article:publisher\" content=\"https:\/\/www.facebook.com\/FastcarLt?locale=lt_LT\" \/>\n<meta property=\"article:modified_time\" content=\"2023-10-26T12:57:43+00:00\" \/>\n<meta property=\"og:image\" content=\"https:\/\/fastcar.shop\/wp-content\/uploads\/2023\/02\/Lucas-Metal-Polish.jpg\" \/>\n\t<meta property=\"og:image:width\" content=\"950\" \/>\n\t<meta property=\"og:image:height\" content=\"950\" \/>\n\t<meta property=\"og:image:type\" content=\"image\/jpeg\" \/>\n<meta name=\"twitter:card\" content=\"summary_large_image\" \/>\n<!-- \/ Yoast SEO plugin. -->","yoast_head_json":{"title":"\u201eLUCAS\u201d metal\u0173 poliravimo priemon\u0117 473ml","robots":{"index":"index","follow":"follow","max-snippet":"max-snippet:-1","max-image-preview":"max-image-preview:large","max-video-preview":"max-video-preview:-1"},"canonical":"https:\/\/fastcar.shop\/lt\/produktas\/lucas-metal-polish-16fl-oz-473ml\/","og_locale":"lt_LT","og_type":"article","og_title":"LUCAS Metal Polish 16fl oz 473ml","og_description":"Lucas Metal Polish cleans, polishes and protects aluminium and other metals including chrome, magnesium, stainless steel, silver, brass and gold.","og_url":"https:\/\/fastcar.shop\/lt\/produktas\/lucas-metal-polish-16fl-oz-473ml\/","og_site_name":"Fast Car Shop","article_publisher":"https:\/\/www.facebook.com\/FastcarLt?locale=lt_LT","article_modified_time":"2023-10-26T12:57:43+00:00","og_image":[{"width":950,"height":950,"url":"https:\/\/fastcar.shop\/wp-content\/uploads\/2023\/02\/Lucas-Metal-Polish.jpg","type":"image\/jpeg"}],"twitter_card":"summary_large_image","schema":{"@context":"https:\/\/schema.org","@graph":[{"@type":"WebPage","@id":"https:\/\/fastcar.shop\/product\/lucas-metal-polish-16fl-oz-473ml\/","url":"https:\/\/fastcar.shop\/product\/lucas-metal-polish-16fl-oz-473ml\/","name":"\u201eLUCAS\u201d metal\u0173 poliravimo priemon\u0117 473ml","isPartOf":{"@id":"https:\/\/fastcar.shop\/#website"},"primaryImageOfPage":{"@id":"https:\/\/fastcar.shop\/product\/lucas-metal-polish-16fl-oz-473ml\/#primaryimage"},"image":{"@id":"https:\/\/fastcar.shop\/product\/lucas-metal-polish-16fl-oz-473ml\/#primaryimage"},"thumbnailUrl":"https:\/\/fastcar.shop\/wp-content\/uploads\/2023\/02\/Lucas-Metal-Polish.jpg","datePublished":"2023-02-27T09:17:32+00:00","dateModified":"2023-10-26T12:57:43+00:00","breadcrumb":{"@id":"https:\/\/fastcar.shop\/product\/lucas-metal-polish-16fl-oz-473ml\/#breadcrumb"},"inLanguage":"lt-LT","potentialAction":[{"@type":"ReadAction","target":["https:\/\/fastcar.shop\/product\/lucas-metal-polish-16fl-oz-473ml\/"]}]},{"@type":"ImageObject","inLanguage":"lt-LT","@id":"https:\/\/fastcar.shop\/product\/lucas-metal-polish-16fl-oz-473ml\/#primaryimage","url":"https:\/\/fastcar.shop\/wp-content\/uploads\/2023\/02\/Lucas-Metal-Polish.jpg","contentUrl":"https:\/\/fastcar.shop\/wp-content\/uploads\/2023\/02\/Lucas-Metal-Polish.jpg","width":950,"height":950},{"@type":"BreadcrumbList","@id":"https:\/\/fastcar.shop\/product\/lucas-metal-polish-16fl-oz-473ml\/#breadcrumb","itemListElement":[{"@type":"ListItem","position":1,"name":"Home","item":"https:\/\/fastcar.shop\/"},{"@type":"ListItem","position":2,"name":"Shop","item":"https:\/\/fastcar.shop\/shop\/"},{"@type":"ListItem","position":3,"name":"LUCAS Metal Polish 16fl oz 473ml"}]},{"@type":"WebSite","@id":"https:\/\/fastcar.shop\/#website","url":"https:\/\/fastcar.shop\/","name":"Greit\u0173 automobili\u0173 parduotuv\u0117","description":"","publisher":{"@id":"https:\/\/fastcar.shop\/#organization"},"potentialAction":[{"@type":"SearchAction","target":{"@type":"EntryPoint","urlTemplate":"https:\/\/fastcar.shop\/?s={search_term_string}"},"query-input":{"@type":"PropertyValueSpecification","valueRequired":true,"valueName":"search_term_string"}}],"inLanguage":"lt-LT"},{"@type":"Organization","@id":"https:\/\/fastcar.shop\/#organization","name":"Fastcar.shop","url":"https:\/\/fastcar.shop\/","logo":{"@type":"ImageObject","inLanguage":"lt-LT","@id":"https:\/\/fastcar.shop\/#\/schema\/logo\/image\/","url":"https:\/\/fastcar.shop\/wp-content\/uploads\/2017\/08\/FCS_JPEG-01-scaled.jpg","contentUrl":"https:\/\/fastcar.shop\/wp-content\/uploads\/2017\/08\/FCS_JPEG-01-scaled.jpg","width":2560,"height":1379,"caption":"Fastcar.shop"},"image":{"@id":"https:\/\/fastcar.shop\/#\/schema\/logo\/image\/"},"sameAs":["https:\/\/www.facebook.com\/FastcarLt?locale=lt_LT","https:\/\/www.instagram.com\/fastcar.shop\/"]}]}},"jetpack_sharing_enabled":true,"_links":{"self":[{"href":"https:\/\/fastcar.shop\/lt\/wp-json\/wp\/v2\/product\/3954","targetHints":{"allow":["GET"]}}],"collection":[{"href":"https:\/\/fastcar.shop\/lt\/wp-json\/wp\/v2\/product"}],"about":[{"href":"https:\/\/fastcar.shop\/lt\/wp-json\/wp\/v2\/types\/product"}],"wp:featuredmedia":[{"embeddable":true,"href":"https:\/\/fastcar.shop\/lt\/wp-json\/wp\/v2\/media\/3955"}],"wp:attachment":[{"href":"https:\/\/fastcar.shop\/lt\/wp-json\/wp\/v2\/media?parent=3954"}],"wp:term":[{"taxonomy":"product_brand","embeddable":true,"href":"https:\/\/fastcar.shop\/lt\/wp-json\/wp\/v2\/product_brand?post=3954"},{"taxonomy":"product_cat","embeddable":true,"href":"https:\/\/fastcar.shop\/lt\/wp-json\/wp\/v2\/product_cat?post=3954"},{"taxonomy":"product_tag","embeddable":true,"href":"https:\/\/fastcar.shop\/lt\/wp-json\/wp\/v2\/product_tag?post=3954"}],"curies":[{"name":"wp","href":"https:\/\/api.w.org\/{rel}","templated":true}]}}