{"id":3952,"date":"2023-02-27T09:02:46","date_gmt":"2023-02-27T09:02:46","guid":{"rendered":"https:\/\/fastcar.shop\/?post_type=product&#038;p=3952"},"modified":"2026-03-08T14:26:29","modified_gmt":"2026-03-08T12:26:29","slug":"lucas-slick-mist-complete-detail-kit-3x-24fl-oz-710ml","status":"publish","type":"product","link":"https:\/\/fastcar.shop\/lt\/product\/lucas-slick-mist-complete-detail-kit-3x-24fl-oz-710ml\/","title":{"rendered":"\u201eLUCAS Slick Mist\u201d pilnas automobilio prie\u017ei\u016bros rinkinys 3x710ml"},"content":{"rendered":"<p style=\"text-align: left;\">\u201eLUCAS Slick Mist\u201d pilnas automobilio prie\u017ei\u016bros rinkinys yra pur\u0161kiamasis prie\u017ei\u016bros rinkinys, specialiai sukurtas Lucas Oil Products, skirtas valyti ir apsaugoti taip, kaip niekada anks\u010diau naudojote.<\/p>\n<p style=\"text-align: left;\"><strong>Pagrindiniai privalumai<\/strong><\/p>\n<ul>\n<li style=\"text-align: left;\">Taikymo paprastumas<\/li>\n<li style=\"text-align: left;\">Atkuria Interjer\u0105<\/li>\n<li style=\"text-align: left;\">Puikiai tinka automobiliams, sunkve\u017eimiams, valtims ir l\u0117ktuvams<\/li>\n<li style=\"text-align: left;\">\u0160vie\u010dia ir apsaugo vienu lengvu aplikavimu<\/li>\n<li style=\"text-align: left;\">Neriebi formul\u0117<\/li>\n<li style=\"text-align: left;\">Atsparus dir\u017eams<\/li>\n<li style=\"text-align: left;\">Greitai ir lengvai<\/li>\n<li style=\"text-align: left;\">Atsparus UV spinduliams \/ apsauga<\/li>\n<li style=\"text-align: left;\">Ilgai besit\u0119siantis<\/li>\n<\/ul>","protected":false},"excerpt":{"rendered":"<p style=\"text-align: left;\">\u201eLUCAS Slick Mist\u201d pilnas automobilio prie\u017ei\u016bros rinkinys  yra pur\u0161kiamasis prie\u017ei\u016bros rinkinys, specialiai sukurtas Lucas Oil Products, skirtas valyti ir apsaugoti taip, kaip niekada anks\u010diau naudojote.<\/p>","protected":false},"featured_media":4259,"template":"","meta":[],"product_brand":[],"product_cat":[892],"product_tag":[],"class_list":{"0":"post-3952","1":"product","2":"type-product","3":"status-publish","4":"has-post-thumbnail","6":"product_cat-vehicle-care","7":"product_provider-lucas-oil","9":"first","10":"instock","11":"sale","12":"taxable","13":"shipping-taxable","14":"purchasable","15":"product-type-simple"},"aioseo_notices":[],"yoast_head":"<!-- This site is optimized with the Yoast SEO plugin v27.3 - https:\/\/yoast.com\/product\/yoast-seo-wordpress\/ -->\n<title>LUCAS Slick Mist Complete Detail Kit 3x 24fl oz 710ml<\/title>\n<meta name=\"robots\" content=\"index, follow, max-snippet:-1, max-image-preview:large, max-video-preview:-1\" \/>\n<link rel=\"canonical\" href=\"https:\/\/fastcar.shop\/lt\/produktas\/lucas-slick-mist-complete-detail-kit-3x-24fl-oz-710ml\/\" \/>\n<meta property=\"og:locale\" content=\"lt_LT\" \/>\n<meta property=\"og:type\" content=\"article\" \/>\n<meta property=\"og:title\" content=\"LUCAS Slick Mist Complete Detail Kit 3x 24fl oz 710ml\" \/>\n<meta property=\"og:description\" content=\"Lucas Slick Mist Detailer Kit is a spray treatment set exclusively formulated by Lucas Oil Products designed to clean and protect like nothing you&#039;ve ever used.\" \/>\n<meta property=\"og:url\" content=\"https:\/\/fastcar.shop\/lt\/produktas\/lucas-slick-mist-complete-detail-kit-3x-24fl-oz-710ml\/\" \/>\n<meta property=\"og:site_name\" content=\"Fast Car Shop\" \/>\n<meta property=\"article:publisher\" content=\"https:\/\/www.facebook.com\/FastcarLt?locale=lt_LT\" \/>\n<meta property=\"article:modified_time\" content=\"2026-03-08T12:26:29+00:00\" \/>\n<meta property=\"og:image\" content=\"https:\/\/fastcar.shop\/wp-content\/uploads\/2023\/02\/Lucas-Slick-Mist-Detailing-Kit.jpg\" \/>\n\t<meta property=\"og:image:width\" content=\"800\" \/>\n\t<meta property=\"og:image:height\" content=\"950\" \/>\n\t<meta property=\"og:image:type\" content=\"image\/jpeg\" \/>\n<meta name=\"twitter:card\" content=\"summary_large_image\" \/>\n<!-- \/ Yoast SEO plugin. -->","yoast_head_json":{"title":"\u201eLUCAS Slick Mist\u201d pilnas automobilio prie\u017ei\u016bros rinkinys 3x710ml","robots":{"index":"index","follow":"follow","max-snippet":"max-snippet:-1","max-image-preview":"max-image-preview:large","max-video-preview":"max-video-preview:-1"},"canonical":"https:\/\/fastcar.shop\/lt\/produktas\/lucas-slick-mist-complete-detail-kit-3x-24fl-oz-710ml\/","og_locale":"lt_LT","og_type":"article","og_title":"LUCAS Slick Mist Complete Detail Kit 3x 24fl oz 710ml","og_description":"Lucas Slick Mist Detailer Kit is a spray treatment set exclusively formulated by Lucas Oil Products designed to clean and protect like nothing you've ever used.","og_url":"https:\/\/fastcar.shop\/lt\/produktas\/lucas-slick-mist-complete-detail-kit-3x-24fl-oz-710ml\/","og_site_name":"Fast Car Shop","article_publisher":"https:\/\/www.facebook.com\/FastcarLt?locale=lt_LT","article_modified_time":"2026-03-08T12:26:29+00:00","og_image":[{"width":800,"height":950,"url":"https:\/\/fastcar.shop\/wp-content\/uploads\/2023\/02\/Lucas-Slick-Mist-Detailing-Kit.jpg","type":"image\/jpeg"}],"twitter_card":"summary_large_image","schema":{"@context":"https:\/\/schema.org","@graph":[{"@type":"WebPage","@id":"https:\/\/fastcar.shop\/product\/lucas-slick-mist-complete-detail-kit-3x-24fl-oz-710ml\/","url":"https:\/\/fastcar.shop\/product\/lucas-slick-mist-complete-detail-kit-3x-24fl-oz-710ml\/","name":"\u201eLUCAS Slick Mist\u201d pilnas automobilio prie\u017ei\u016bros rinkinys 3x710ml","isPartOf":{"@id":"https:\/\/fastcar.shop\/#website"},"primaryImageOfPage":{"@id":"https:\/\/fastcar.shop\/product\/lucas-slick-mist-complete-detail-kit-3x-24fl-oz-710ml\/#primaryimage"},"image":{"@id":"https:\/\/fastcar.shop\/product\/lucas-slick-mist-complete-detail-kit-3x-24fl-oz-710ml\/#primaryimage"},"thumbnailUrl":"https:\/\/fastcar.shop\/wp-content\/uploads\/2023\/02\/Lucas-Slick-Mist-Detailing-Kit.jpg","datePublished":"2023-02-27T09:02:46+00:00","dateModified":"2026-03-08T12:26:29+00:00","breadcrumb":{"@id":"https:\/\/fastcar.shop\/product\/lucas-slick-mist-complete-detail-kit-3x-24fl-oz-710ml\/#breadcrumb"},"inLanguage":"lt-LT","potentialAction":[{"@type":"ReadAction","target":["https:\/\/fastcar.shop\/product\/lucas-slick-mist-complete-detail-kit-3x-24fl-oz-710ml\/"]}]},{"@type":"ImageObject","inLanguage":"lt-LT","@id":"https:\/\/fastcar.shop\/product\/lucas-slick-mist-complete-detail-kit-3x-24fl-oz-710ml\/#primaryimage","url":"https:\/\/fastcar.shop\/wp-content\/uploads\/2023\/02\/Lucas-Slick-Mist-Detailing-Kit.jpg","contentUrl":"https:\/\/fastcar.shop\/wp-content\/uploads\/2023\/02\/Lucas-Slick-Mist-Detailing-Kit.jpg","width":800,"height":950},{"@type":"BreadcrumbList","@id":"https:\/\/fastcar.shop\/product\/lucas-slick-mist-complete-detail-kit-3x-24fl-oz-710ml\/#breadcrumb","itemListElement":[{"@type":"ListItem","position":1,"name":"Home","item":"https:\/\/fastcar.shop\/"},{"@type":"ListItem","position":2,"name":"Shop","item":"https:\/\/fastcar.shop\/shop\/"},{"@type":"ListItem","position":3,"name":"LUCAS Slick Mist Complete Detail Kit 3x 24fl oz 710ml"}]},{"@type":"WebSite","@id":"https:\/\/fastcar.shop\/#website","url":"https:\/\/fastcar.shop\/","name":"Greit\u0173 automobili\u0173 parduotuv\u0117","description":"","publisher":{"@id":"https:\/\/fastcar.shop\/#organization"},"potentialAction":[{"@type":"SearchAction","target":{"@type":"EntryPoint","urlTemplate":"https:\/\/fastcar.shop\/?s={search_term_string}"},"query-input":{"@type":"PropertyValueSpecification","valueRequired":true,"valueName":"search_term_string"}}],"inLanguage":"lt-LT"},{"@type":"Organization","@id":"https:\/\/fastcar.shop\/#organization","name":"Fastcar.shop","url":"https:\/\/fastcar.shop\/","logo":{"@type":"ImageObject","inLanguage":"lt-LT","@id":"https:\/\/fastcar.shop\/#\/schema\/logo\/image\/","url":"https:\/\/fastcar.shop\/wp-content\/uploads\/2017\/08\/FCS_JPEG-01-scaled.jpg","contentUrl":"https:\/\/fastcar.shop\/wp-content\/uploads\/2017\/08\/FCS_JPEG-01-scaled.jpg","width":2560,"height":1379,"caption":"Fastcar.shop"},"image":{"@id":"https:\/\/fastcar.shop\/#\/schema\/logo\/image\/"},"sameAs":["https:\/\/www.facebook.com\/FastcarLt?locale=lt_LT","https:\/\/www.instagram.com\/fastcar.shop\/"]}]}},"jetpack_sharing_enabled":true,"_links":{"self":[{"href":"https:\/\/fastcar.shop\/lt\/wp-json\/wp\/v2\/product\/3952","targetHints":{"allow":["GET"]}}],"collection":[{"href":"https:\/\/fastcar.shop\/lt\/wp-json\/wp\/v2\/product"}],"about":[{"href":"https:\/\/fastcar.shop\/lt\/wp-json\/wp\/v2\/types\/product"}],"wp:featuredmedia":[{"embeddable":true,"href":"https:\/\/fastcar.shop\/lt\/wp-json\/wp\/v2\/media\/4259"}],"wp:attachment":[{"href":"https:\/\/fastcar.shop\/lt\/wp-json\/wp\/v2\/media?parent=3952"}],"wp:term":[{"taxonomy":"product_brand","embeddable":true,"href":"https:\/\/fastcar.shop\/lt\/wp-json\/wp\/v2\/product_brand?post=3952"},{"taxonomy":"product_cat","embeddable":true,"href":"https:\/\/fastcar.shop\/lt\/wp-json\/wp\/v2\/product_cat?post=3952"},{"taxonomy":"product_tag","embeddable":true,"href":"https:\/\/fastcar.shop\/lt\/wp-json\/wp\/v2\/product_tag?post=3952"}],"curies":[{"name":"wp","href":"https:\/\/api.w.org\/{rel}","templated":true}]}}