{"id":3949,"date":"2023-02-27T08:52:35","date_gmt":"2023-02-27T08:52:35","guid":{"rendered":"https:\/\/fastcar.shop\/?post_type=product&#038;p=3949"},"modified":"2026-02-11T13:57:07","modified_gmt":"2026-02-11T11:57:07","slug":"lucas-slick-mist-ceramic-speed-wax-24fl-oz-710ml","status":"publish","type":"product","link":"https:\/\/fastcar.shop\/lt\/product\/lucas-slick-mist-ceramic-speed-wax-24fl-oz-710ml\/","title":{"rendered":"\u201eLUCAS Slick Mist\u201d keraminis greito veikimo va\u0161kas 710ml"},"content":{"rendered":"<div class=\"col-lg-6 col-md-6 col-sm-12\">\n<p style=\"text-align: left;\">Slick Mist Ceramic Speed Wax yra profesionali Si02 hibridin\u0117 keramin\u0117 danga automobilio lakui ir ilgaam\u017eis apsauginis sluoksnis, kur\u012f gali naudoti bet kas. J\u0105 galima naudoti taip pat ant gelinio sluoksnio, stiklo ir chromuot\u0173 pavir\u0161i\u0173. Pur\u0161kimo perteklius nesugadins gumini\u0173 ir plastikini\u0173 apdailos juost\u0173. Taip pat puikiai tinka aliuminio pavir\u0161iams, vinilo pl\u0117vel\u0117ms, PPF (pl\u0117veli\u0173 apsauginiams sluoksniams), matinio pavir\u0161iaus danga ir keramikos apdorotiems pavir\u0161iams. Rekomenduojama naudoti kas vien\u0105 arba du m\u0117nesius. 100% suderinama su Lucas Slick Mist Speed Wax.<\/p>\n<p style=\"text-align: left;\">Nenaudokite joki\u0173 Slick Mist produkt\u0173 ant grind\u0173, laivo valdymo mechanizm\u0173 (PEDAL\u0172, RANKEN\u0172, VAIR\u0172), motocikl\u0173 s\u0117dyni\u0173 ar padang\u0173, dvira\u010di\u0173 s\u0117dyni\u0173 ar padang\u0173, stabd\u017ei\u0173 b\u0117gi\u0173 ir bet koki\u0173 kit\u0173 pavir\u0161i\u0173, kur slidumas gal\u0117t\u0173 b\u016bti pavojingas.<\/p>\n<p style=\"text-align: left;\"><strong>Pagrindiniai privalumai<\/strong><\/p>\n<ul>\n<li style=\"text-align: left;\">Profesionali Si02 hibridin\u0117 keramin\u0117 danga automobilio lakui<\/li>\n<li style=\"text-align: left;\">Labai blizgus i\u0161vaizdos, la\u0161\u0117jimas ir apsauga<\/li>\n<li style=\"text-align: left;\">Ilgalaikis, momentiniai rezultatai<\/li>\n<li style=\"text-align: left;\">Atsparumas UV spinduliams<\/li>\n<li style=\"text-align: left;\">Lengva naudoti<\/li>\n<li style=\"text-align: left;\">Visi\u0161kai i\u0161silygina per kelias valandas<\/li>\n<li style=\"text-align: left;\">Pur\u0161kimo perteklius nesugadins gumini\u0173 ir plastikini\u0173 apdailos juost\u0173<\/li>\n<li style=\"text-align: left;\">Saugu PPF, vinilo pl\u0117vel\u0117ms, matinio pavir\u0161iaus dangai, keramikos apdorotiems pavir\u0161iams, geliniam sluoksniui, stiklui ir chromuotiems pavir\u0161iams<\/li>\n<li style=\"text-align: left;\">Suderinama su Lucas Slick Mist greito veikimo va\u0161ku<\/li>\n<\/ul>\n<p style=\"text-align: left;\"><a href=\"https:\/\/fastcar.shop\/wp-content\/uploads\/2023\/02\/PDS_Slick_Mist_Ceramic_Speed_Wax.pdf\">Specifikacijos <img loading=\"lazy\" decoding=\"async\" class=\"alignnone size-full wp-image-3251\" src=\"https:\/\/fastcar.shop\/wp-content\/uploads\/2022\/01\/pdf-e1641824783993.png\" alt=\"\" width=\"30\" height=\"23\" \/><\/a><\/p>\n<\/div>","protected":false},"excerpt":{"rendered":"<p style=\"text-align: left;\">Slick Mist Ceramic Speed Wax yra profesionali danga automobilio lakui ir ilgaam\u017eis apsauginis sluoksnis, kur\u012f gali naudoti bet kas.<\/p>","protected":false},"featured_media":3950,"template":"","meta":[],"product_brand":[],"product_cat":[892],"product_tag":[],"class_list":{"0":"post-3949","1":"product","2":"type-product","3":"status-publish","4":"has-post-thumbnail","6":"product_cat-vehicle-care","7":"product_provider-lucas-oil","9":"first","10":"instock","11":"taxable","12":"shipping-taxable","13":"purchasable","14":"product-type-simple"},"aioseo_notices":[],"yoast_head":"<!-- This site is optimized with the Yoast SEO plugin v27.3 - https:\/\/yoast.com\/product\/yoast-seo-wordpress\/ -->\n<title>LUCAS Slick Mist Ceramic Speed Wax 24fl oz 710ml<\/title>\n<meta name=\"robots\" content=\"index, follow, max-snippet:-1, max-image-preview:large, max-video-preview:-1\" \/>\n<link rel=\"canonical\" href=\"https:\/\/fastcar.shop\/lt\/produktas\/lucas-slick-mist-ceramic-speed-wax-24fl-oz-710ml\/\" \/>\n<meta property=\"og:locale\" content=\"lt_LT\" \/>\n<meta property=\"og:type\" content=\"article\" \/>\n<meta property=\"og:title\" content=\"LUCAS Slick Mist Ceramic Speed Wax 24fl oz 710ml\" \/>\n<meta property=\"og:description\" content=\"Slick Mist Ceramic Speed Wax is a Professional Paint Sealant and Durable Protectant anyone can use.\" \/>\n<meta property=\"og:url\" content=\"https:\/\/fastcar.shop\/lt\/produktas\/lucas-slick-mist-ceramic-speed-wax-24fl-oz-710ml\/\" \/>\n<meta property=\"og:site_name\" content=\"Fast Car Shop\" \/>\n<meta property=\"article:publisher\" content=\"https:\/\/www.facebook.com\/FastcarLt?locale=lt_LT\" \/>\n<meta property=\"article:modified_time\" content=\"2026-02-11T11:57:07+00:00\" \/>\n<meta property=\"og:image\" content=\"https:\/\/fastcar.shop\/wp-content\/uploads\/2023\/02\/Lucas-Slick-Mist-Ceramic-Speed-Wax.jpg\" \/>\n\t<meta property=\"og:image:width\" content=\"950\" \/>\n\t<meta property=\"og:image:height\" content=\"950\" \/>\n\t<meta property=\"og:image:type\" content=\"image\/jpeg\" \/>\n<meta name=\"twitter:card\" content=\"summary_large_image\" \/>\n<meta name=\"twitter:label1\" content=\"Est. reading time\" \/>\n\t<meta name=\"twitter:data1\" content=\"1 minut\u0117\" \/>\n<!-- \/ Yoast SEO plugin. -->","yoast_head_json":{"title":"\u201eLUCAS Slick Mist\u201d keraminis greito veikimo va\u0161kas 710ml","robots":{"index":"index","follow":"follow","max-snippet":"max-snippet:-1","max-image-preview":"max-image-preview:large","max-video-preview":"max-video-preview:-1"},"canonical":"https:\/\/fastcar.shop\/lt\/produktas\/lucas-slick-mist-ceramic-speed-wax-24fl-oz-710ml\/","og_locale":"lt_LT","og_type":"article","og_title":"LUCAS Slick Mist Ceramic Speed Wax 24fl oz 710ml","og_description":"Slick Mist Ceramic Speed Wax is a Professional Paint Sealant and Durable Protectant anyone can use.","og_url":"https:\/\/fastcar.shop\/lt\/produktas\/lucas-slick-mist-ceramic-speed-wax-24fl-oz-710ml\/","og_site_name":"Fast Car Shop","article_publisher":"https:\/\/www.facebook.com\/FastcarLt?locale=lt_LT","article_modified_time":"2026-02-11T11:57:07+00:00","og_image":[{"width":950,"height":950,"url":"https:\/\/fastcar.shop\/wp-content\/uploads\/2023\/02\/Lucas-Slick-Mist-Ceramic-Speed-Wax.jpg","type":"image\/jpeg"}],"twitter_card":"summary_large_image","twitter_misc":{"Est. reading time":"1 minut\u0117"},"schema":{"@context":"https:\/\/schema.org","@graph":[{"@type":"WebPage","@id":"https:\/\/fastcar.shop\/product\/lucas-slick-mist-ceramic-speed-wax-24fl-oz-710ml\/","url":"https:\/\/fastcar.shop\/product\/lucas-slick-mist-ceramic-speed-wax-24fl-oz-710ml\/","name":"\u201eLUCAS Slick Mist\u201d keraminis greito veikimo va\u0161kas 710ml","isPartOf":{"@id":"https:\/\/fastcar.shop\/#website"},"primaryImageOfPage":{"@id":"https:\/\/fastcar.shop\/product\/lucas-slick-mist-ceramic-speed-wax-24fl-oz-710ml\/#primaryimage"},"image":{"@id":"https:\/\/fastcar.shop\/product\/lucas-slick-mist-ceramic-speed-wax-24fl-oz-710ml\/#primaryimage"},"thumbnailUrl":"https:\/\/fastcar.shop\/wp-content\/uploads\/2023\/02\/Lucas-Slick-Mist-Ceramic-Speed-Wax.jpg","datePublished":"2023-02-27T08:52:35+00:00","dateModified":"2026-02-11T11:57:07+00:00","breadcrumb":{"@id":"https:\/\/fastcar.shop\/product\/lucas-slick-mist-ceramic-speed-wax-24fl-oz-710ml\/#breadcrumb"},"inLanguage":"lt-LT","potentialAction":[{"@type":"ReadAction","target":["https:\/\/fastcar.shop\/product\/lucas-slick-mist-ceramic-speed-wax-24fl-oz-710ml\/"]}]},{"@type":"ImageObject","inLanguage":"lt-LT","@id":"https:\/\/fastcar.shop\/product\/lucas-slick-mist-ceramic-speed-wax-24fl-oz-710ml\/#primaryimage","url":"https:\/\/fastcar.shop\/wp-content\/uploads\/2023\/02\/Lucas-Slick-Mist-Ceramic-Speed-Wax.jpg","contentUrl":"https:\/\/fastcar.shop\/wp-content\/uploads\/2023\/02\/Lucas-Slick-Mist-Ceramic-Speed-Wax.jpg","width":950,"height":950},{"@type":"BreadcrumbList","@id":"https:\/\/fastcar.shop\/product\/lucas-slick-mist-ceramic-speed-wax-24fl-oz-710ml\/#breadcrumb","itemListElement":[{"@type":"ListItem","position":1,"name":"Home","item":"https:\/\/fastcar.shop\/"},{"@type":"ListItem","position":2,"name":"Shop","item":"https:\/\/fastcar.shop\/shop\/"},{"@type":"ListItem","position":3,"name":"LUCAS Slick Mist Ceramic Speed Wax 24fl oz 710ml"}]},{"@type":"WebSite","@id":"https:\/\/fastcar.shop\/#website","url":"https:\/\/fastcar.shop\/","name":"Greit\u0173 automobili\u0173 parduotuv\u0117","description":"","publisher":{"@id":"https:\/\/fastcar.shop\/#organization"},"potentialAction":[{"@type":"SearchAction","target":{"@type":"EntryPoint","urlTemplate":"https:\/\/fastcar.shop\/?s={search_term_string}"},"query-input":{"@type":"PropertyValueSpecification","valueRequired":true,"valueName":"search_term_string"}}],"inLanguage":"lt-LT"},{"@type":"Organization","@id":"https:\/\/fastcar.shop\/#organization","name":"Fastcar.shop","url":"https:\/\/fastcar.shop\/","logo":{"@type":"ImageObject","inLanguage":"lt-LT","@id":"https:\/\/fastcar.shop\/#\/schema\/logo\/image\/","url":"https:\/\/fastcar.shop\/wp-content\/uploads\/2017\/08\/FCS_JPEG-01-scaled.jpg","contentUrl":"https:\/\/fastcar.shop\/wp-content\/uploads\/2017\/08\/FCS_JPEG-01-scaled.jpg","width":2560,"height":1379,"caption":"Fastcar.shop"},"image":{"@id":"https:\/\/fastcar.shop\/#\/schema\/logo\/image\/"},"sameAs":["https:\/\/www.facebook.com\/FastcarLt?locale=lt_LT","https:\/\/www.instagram.com\/fastcar.shop\/"]}]}},"jetpack_sharing_enabled":true,"_links":{"self":[{"href":"https:\/\/fastcar.shop\/lt\/wp-json\/wp\/v2\/product\/3949","targetHints":{"allow":["GET"]}}],"collection":[{"href":"https:\/\/fastcar.shop\/lt\/wp-json\/wp\/v2\/product"}],"about":[{"href":"https:\/\/fastcar.shop\/lt\/wp-json\/wp\/v2\/types\/product"}],"wp:featuredmedia":[{"embeddable":true,"href":"https:\/\/fastcar.shop\/lt\/wp-json\/wp\/v2\/media\/3950"}],"wp:attachment":[{"href":"https:\/\/fastcar.shop\/lt\/wp-json\/wp\/v2\/media?parent=3949"}],"wp:term":[{"taxonomy":"product_brand","embeddable":true,"href":"https:\/\/fastcar.shop\/lt\/wp-json\/wp\/v2\/product_brand?post=3949"},{"taxonomy":"product_cat","embeddable":true,"href":"https:\/\/fastcar.shop\/lt\/wp-json\/wp\/v2\/product_cat?post=3949"},{"taxonomy":"product_tag","embeddable":true,"href":"https:\/\/fastcar.shop\/lt\/wp-json\/wp\/v2\/product_tag?post=3949"}],"curies":[{"name":"wp","href":"https:\/\/api.w.org\/{rel}","templated":true}]}}