{"id":3943,"date":"2023-02-23T10:11:30","date_gmt":"2023-02-23T10:11:30","guid":{"rendered":"https:\/\/fastcar.shop\/?post_type=product&#038;p=3943"},"modified":"2026-02-11T13:58:23","modified_gmt":"2026-02-11T11:58:23","slug":"lucas-synthetic-engine-motor-oil-sae-5w20-1-quart-946ml","status":"publish","type":"product","link":"https:\/\/fastcar.shop\/lt\/product\/lucas-synthetic-engine-motor-oil-sae-5w20-1-quart-946ml\/","title":{"rendered":"LUCAS Sintetin\u0117 Variklio Alyva SAE 5W20 946ml"},"content":{"rendered":"<p style=\"text-align: left;\">\"Lucas Oil\" degal\u0173 taupymo technologija buvo sukurta per daugel\u012f met\u0173 kuriant ilgaam\u017eius, ma\u017eos trinties tepalus lenktyni\u0173 pramonei. Puikus u\u017evedimas \u017eemoje temperat\u016broje ir pumpavimas. Skirtas naudoti 4, 6 ir 8 cilindr\u0173 varikliuose. Kad susid\u0117v\u0117j\u0119 varikliai nustot\u0173 r\u016bkti, stuksenti ir sunaudot\u0173 daugiau alyvos, \u012fpilkite \"Lucas Heavy Duty Oil Stabilizer\".<\/p>\n<p style=\"text-align: left;\"><strong>Pagrindiniai privalumai<\/strong><\/p>\n<ul>\n<li style=\"text-align: left;\">Patobulinta apsauga nuo i\u0161ankstinio u\u017esidegimo esant ma\u017eam grei\u010diui (LSPI)<\/li>\n<li style=\"text-align: left;\">Geresn\u0117 degal\u0173 ekonomija<\/li>\n<li style=\"text-align: left;\">Turbokompresoriaus apsauga turbokompresoriniuose benzininiuose tiesioginio \u012fpur\u0161kimo (TGDI) varikliuose, taip pat \u012frodytas na\u0161umas hibridiniuose varikliuose.<\/li>\n<li style=\"text-align: left;\">Geresn\u0117 apsauga nuo d\u0117v\u0117jimosi<\/li>\n<li style=\"text-align: left;\">Ma\u017eesnis dumblo susidarymas ir lako nuos\u0117d\u0173 susidarymas \"start-stop\" varikliuose<\/li>\n<\/ul>\n<p style=\"text-align: left;\"><a href=\"https:\/\/fastcar.shop\/wp-content\/uploads\/2023\/02\/PDS_SAE-5W-20-Motor-Oil.pdf\">Specifikacijos <img loading=\"lazy\" decoding=\"async\" class=\"alignnone size-full wp-image-3251\" src=\"https:\/\/fastcar.shop\/wp-content\/uploads\/2022\/01\/pdf-e1641824783993.png\" alt=\"\" width=\"30\" height=\"23\" \/><\/a><\/p>","protected":false},"excerpt":{"rendered":"<p style=\"text-align: left;\">\"Lucas Synthetic SAE 5W-20\" variklin\u0117 alyva - tai degalus taupanti formul\u0117, pagr\u012fsta moderniausi\u0173 pried\u0173 paketu. Ji sukurta taip, kad b\u016bt\u0173 u\u017etikrintas maksimalus cilindr\u0173 suspaudimas ir minimali vidin\u0117 trintis.<\/p>","protected":false},"featured_media":3945,"template":"","meta":[],"product_brand":[],"product_cat":[1786,885],"product_tag":[],"class_list":{"0":"post-3943","1":"product","2":"type-product","3":"status-publish","4":"has-post-thumbnail","6":"product_cat-engine-oil","7":"product_cat-oils_lubricants","8":"product_provider-lucas-oil","10":"first","11":"instock","12":"taxable","13":"shipping-taxable","14":"purchasable","15":"product-type-simple"},"aioseo_notices":[],"yoast_head":"<!-- This site is optimized with the Yoast SEO plugin v27.5 - https:\/\/yoast.com\/product\/yoast-seo-wordpress\/ -->\n<title>LUCAS Synthetic Engine Motor Oil SAE 5W20 1 Quart 946ml<\/title>\n<meta name=\"robots\" content=\"index, follow, max-snippet:-1, max-image-preview:large, max-video-preview:-1\" \/>\n<link rel=\"canonical\" href=\"https:\/\/fastcar.shop\/lt\/produktas\/lucas-synthetic-engine-motor-oil-sae-5w20-1-quart-946ml\/\" \/>\n<meta property=\"og:locale\" content=\"lt_LT\" \/>\n<meta property=\"og:type\" content=\"article\" \/>\n<meta property=\"og:title\" content=\"LUCAS Synthetic Engine Motor Oil SAE 5W20 1 Quart 946ml\" \/>\n<meta property=\"og:description\" content=\"Lucas Synthetic SAE 5W-20 Motor Oil is a FUEL SAVING formula based on a state-of-the-art additive package. It is designed for maximum cylinder compression and minimum internal friction.\" \/>\n<meta property=\"og:url\" content=\"https:\/\/fastcar.shop\/lt\/produktas\/lucas-synthetic-engine-motor-oil-sae-5w20-1-quart-946ml\/\" \/>\n<meta property=\"og:site_name\" content=\"Fast Car Shop\" \/>\n<meta property=\"article:publisher\" content=\"https:\/\/www.facebook.com\/FastcarLt?locale=lt_LT\" \/>\n<meta property=\"article:modified_time\" content=\"2026-02-11T11:58:23+00:00\" \/>\n<meta property=\"og:image\" content=\"https:\/\/fastcar.shop\/wp-content\/uploads\/2023\/02\/Lucas-5W-20-Motor-Oil-1Qt-e1677150036897.jpg\" \/>\n\t<meta property=\"og:image:width\" content=\"737\" \/>\n\t<meta property=\"og:image:height\" content=\"1060\" \/>\n\t<meta property=\"og:image:type\" content=\"image\/jpeg\" \/>\n<meta name=\"twitter:card\" content=\"summary_large_image\" \/>\n<!-- \/ Yoast SEO plugin. -->","yoast_head_json":{"title":"LUCAS Sintetin\u0117 Variklio Alyva SAE 5W20 946ml","robots":{"index":"index","follow":"follow","max-snippet":"max-snippet:-1","max-image-preview":"max-image-preview:large","max-video-preview":"max-video-preview:-1"},"canonical":"https:\/\/fastcar.shop\/lt\/produktas\/lucas-synthetic-engine-motor-oil-sae-5w20-1-quart-946ml\/","og_locale":"lt_LT","og_type":"article","og_title":"LUCAS Synthetic Engine Motor Oil SAE 5W20 1 Quart 946ml","og_description":"Lucas Synthetic SAE 5W-20 Motor Oil is a FUEL SAVING formula based on a state-of-the-art additive package. It is designed for maximum cylinder compression and minimum internal friction.","og_url":"https:\/\/fastcar.shop\/lt\/produktas\/lucas-synthetic-engine-motor-oil-sae-5w20-1-quart-946ml\/","og_site_name":"Fast Car Shop","article_publisher":"https:\/\/www.facebook.com\/FastcarLt?locale=lt_LT","article_modified_time":"2026-02-11T11:58:23+00:00","og_image":[{"width":737,"height":1060,"url":"https:\/\/fastcar.shop\/wp-content\/uploads\/2023\/02\/Lucas-5W-20-Motor-Oil-1Qt-e1677150036897.jpg","type":"image\/jpeg"}],"twitter_card":"summary_large_image","schema":{"@context":"https:\/\/schema.org","@graph":[{"@type":"WebPage","@id":"https:\/\/fastcar.shop\/product\/lucas-synthetic-engine-motor-oil-sae-5w20-1-quart-946ml\/","url":"https:\/\/fastcar.shop\/product\/lucas-synthetic-engine-motor-oil-sae-5w20-1-quart-946ml\/","name":"LUCAS Sintetin\u0117 Variklio Alyva SAE 5W20 946ml","isPartOf":{"@id":"https:\/\/fastcar.shop\/#website"},"primaryImageOfPage":{"@id":"https:\/\/fastcar.shop\/product\/lucas-synthetic-engine-motor-oil-sae-5w20-1-quart-946ml\/#primaryimage"},"image":{"@id":"https:\/\/fastcar.shop\/product\/lucas-synthetic-engine-motor-oil-sae-5w20-1-quart-946ml\/#primaryimage"},"thumbnailUrl":"https:\/\/fastcar.shop\/wp-content\/uploads\/2023\/02\/Lucas-5W-20-Motor-Oil-1Qt-e1677150036897.jpg","datePublished":"2023-02-23T10:11:30+00:00","dateModified":"2026-02-11T11:58:23+00:00","breadcrumb":{"@id":"https:\/\/fastcar.shop\/product\/lucas-synthetic-engine-motor-oil-sae-5w20-1-quart-946ml\/#breadcrumb"},"inLanguage":"lt-LT","potentialAction":[{"@type":"ReadAction","target":["https:\/\/fastcar.shop\/product\/lucas-synthetic-engine-motor-oil-sae-5w20-1-quart-946ml\/"]}]},{"@type":"ImageObject","inLanguage":"lt-LT","@id":"https:\/\/fastcar.shop\/product\/lucas-synthetic-engine-motor-oil-sae-5w20-1-quart-946ml\/#primaryimage","url":"https:\/\/fastcar.shop\/wp-content\/uploads\/2023\/02\/Lucas-5W-20-Motor-Oil-1Qt-e1677150036897.jpg","contentUrl":"https:\/\/fastcar.shop\/wp-content\/uploads\/2023\/02\/Lucas-5W-20-Motor-Oil-1Qt-e1677150036897.jpg","width":737,"height":1060},{"@type":"BreadcrumbList","@id":"https:\/\/fastcar.shop\/product\/lucas-synthetic-engine-motor-oil-sae-5w20-1-quart-946ml\/#breadcrumb","itemListElement":[{"@type":"ListItem","position":1,"name":"Home","item":"https:\/\/fastcar.shop\/"},{"@type":"ListItem","position":2,"name":"Shop","item":"https:\/\/fastcar.shop\/shop\/"},{"@type":"ListItem","position":3,"name":"LUCAS Synthetic Engine Motor Oil SAE 5W20 1 Quart 946ml"}]},{"@type":"WebSite","@id":"https:\/\/fastcar.shop\/#website","url":"https:\/\/fastcar.shop\/","name":"Greit\u0173 automobili\u0173 parduotuv\u0117","description":"","publisher":{"@id":"https:\/\/fastcar.shop\/#organization"},"potentialAction":[{"@type":"SearchAction","target":{"@type":"EntryPoint","urlTemplate":"https:\/\/fastcar.shop\/?s={search_term_string}"},"query-input":{"@type":"PropertyValueSpecification","valueRequired":true,"valueName":"search_term_string"}}],"inLanguage":"lt-LT"},{"@type":"Organization","@id":"https:\/\/fastcar.shop\/#organization","name":"Fastcar.shop","url":"https:\/\/fastcar.shop\/","logo":{"@type":"ImageObject","inLanguage":"lt-LT","@id":"https:\/\/fastcar.shop\/#\/schema\/logo\/image\/","url":"https:\/\/fastcar.shop\/wp-content\/uploads\/2017\/08\/FCS_JPEG-01-scaled.jpg","contentUrl":"https:\/\/fastcar.shop\/wp-content\/uploads\/2017\/08\/FCS_JPEG-01-scaled.jpg","width":2560,"height":1379,"caption":"Fastcar.shop"},"image":{"@id":"https:\/\/fastcar.shop\/#\/schema\/logo\/image\/"},"sameAs":["https:\/\/www.facebook.com\/FastcarLt?locale=lt_LT","https:\/\/www.instagram.com\/fastcar.shop\/"]}]}},"jetpack_sharing_enabled":true,"_links":{"self":[{"href":"https:\/\/fastcar.shop\/lt\/wp-json\/wp\/v2\/product\/3943","targetHints":{"allow":["GET"]}}],"collection":[{"href":"https:\/\/fastcar.shop\/lt\/wp-json\/wp\/v2\/product"}],"about":[{"href":"https:\/\/fastcar.shop\/lt\/wp-json\/wp\/v2\/types\/product"}],"wp:featuredmedia":[{"embeddable":true,"href":"https:\/\/fastcar.shop\/lt\/wp-json\/wp\/v2\/media\/3945"}],"wp:attachment":[{"href":"https:\/\/fastcar.shop\/lt\/wp-json\/wp\/v2\/media?parent=3943"}],"wp:term":[{"taxonomy":"product_brand","embeddable":true,"href":"https:\/\/fastcar.shop\/lt\/wp-json\/wp\/v2\/product_brand?post=3943"},{"taxonomy":"product_cat","embeddable":true,"href":"https:\/\/fastcar.shop\/lt\/wp-json\/wp\/v2\/product_cat?post=3943"},{"taxonomy":"product_tag","embeddable":true,"href":"https:\/\/fastcar.shop\/lt\/wp-json\/wp\/v2\/product_tag?post=3943"}],"curies":[{"name":"wp","href":"https:\/\/api.w.org\/{rel}","templated":true}]}}