{"id":3934,"date":"2023-02-22T13:23:18","date_gmt":"2023-02-22T13:23:18","guid":{"rendered":"https:\/\/fastcar.shop\/?post_type=product&#038;p=3934"},"modified":"2026-02-11T13:58:48","modified_gmt":"2026-02-11T11:58:48","slug":"lucas-synthetic-engine-motor-oil-sae-5w20-5l","status":"publish","type":"product","link":"https:\/\/fastcar.shop\/lt\/product\/lucas-synthetic-engine-motor-oil-sae-5w20-5l\/","title":{"rendered":"LUCAS Sintetin\u0117 Variklio Alyva SAE 5W20 5L"},"content":{"rendered":"<p style=\"text-align: left;\">\u012erodyta, kad \u201eLucas\u201c didelio na\u0161umo sintetin\u0117s Europos varikli\u0173 alyvos atlaiko sunkiausias kelio ar trasos s\u0105lygas. Auk\u0161tos kokyb\u0117s sintetini\u0173 alyv\u0173 ir patentuoto pried\u0173 paketo mi\u0161inys u\u017etikrina maksimali\u0105 apsaug\u0105 nuo didelio kar\u0161\u010dio ir trinties, \u012fskaitant saus\u0105 paleidim\u0105 \u0161altu oru. \u201eLucas European Motor Oil\u201c leid\u017eia varikliams veikti v\u0117siau ir stipriau bei padidinti interval\u0105 tarp alyvos keitim\u0173. Puikiai tinka benzininiams, dyzeliniams ir turbininiams varikliams.<\/p>\n<p style=\"text-align: left;\"><a href=\"https:\/\/fastcar.shop\/wp-content\/uploads\/2023\/02\/PDS_SAE-5W-20-Motor-Oil.pdf\">Specifikacijos <img loading=\"lazy\" decoding=\"async\" class=\"alignnone size-full wp-image-3251\" src=\"https:\/\/fastcar.shop\/wp-content\/uploads\/2022\/01\/pdf-e1641824783993.png\" alt=\"\" width=\"30\" height=\"23\" \/><\/a><\/p>","protected":false},"excerpt":{"rendered":"<p style=\"text-align: left;\">\u012erodyta, kad \u201eLucas\u201c didelio na\u0161umo sintetin\u0117s Europos varikli\u0173 alyvos atlaiko sunkiausias kelio ar trasos s\u0105lygas.<\/p>","protected":false},"featured_media":3942,"template":"","meta":[],"product_brand":[],"product_cat":[1786,885],"product_tag":[],"class_list":{"0":"post-3934","1":"product","2":"type-product","3":"status-publish","4":"has-post-thumbnail","6":"product_cat-engine-oil","7":"product_cat-oils_lubricants","8":"product_provider-lucas-oil","10":"first","11":"instock","12":"taxable","13":"shipping-taxable","14":"purchasable","15":"product-type-simple"},"aioseo_notices":[],"yoast_head":"<!-- This site is optimized with the Yoast SEO plugin v27.3 - https:\/\/yoast.com\/product\/yoast-seo-wordpress\/ -->\n<title>LUCAS Synthetic Engine Motor Oil SAE 5W20 5L<\/title>\n<meta name=\"robots\" content=\"index, follow, max-snippet:-1, max-image-preview:large, max-video-preview:-1\" \/>\n<link rel=\"canonical\" href=\"https:\/\/fastcar.shop\/lt\/produktas\/lucas-synthetic-engine-motor-oil-sae-5w20-5l\/\" \/>\n<meta property=\"og:locale\" content=\"lt_LT\" \/>\n<meta property=\"og:type\" content=\"article\" \/>\n<meta property=\"og:title\" content=\"LUCAS Synthetic Engine Motor Oil SAE 5W20 5L\" \/>\n<meta property=\"og:description\" content=\"Lucas High Performance European Synthetic Motor Oils are proven to withstand the toughest conditions on the road or the track.\" \/>\n<meta property=\"og:url\" content=\"https:\/\/fastcar.shop\/lt\/produktas\/lucas-synthetic-engine-motor-oil-sae-5w20-5l\/\" \/>\n<meta property=\"og:site_name\" content=\"Fast Car Shop\" \/>\n<meta property=\"article:publisher\" content=\"https:\/\/www.facebook.com\/FastcarLt?locale=lt_LT\" \/>\n<meta property=\"article:modified_time\" content=\"2026-02-11T11:58:48+00:00\" \/>\n<meta property=\"og:image\" content=\"https:\/\/fastcar.shop\/wp-content\/uploads\/2023\/02\/Untitled-3.jpg\" \/>\n\t<meta property=\"og:image:width\" content=\"1600\" \/>\n\t<meta property=\"og:image:height\" content=\"1900\" \/>\n\t<meta property=\"og:image:type\" content=\"image\/jpeg\" \/>\n<meta name=\"twitter:card\" content=\"summary_large_image\" \/>\n<!-- \/ Yoast SEO plugin. -->","yoast_head_json":{"title":"LUCAS Sintetin\u0117 Variklio Alyva SAE 5W20 5L","robots":{"index":"index","follow":"follow","max-snippet":"max-snippet:-1","max-image-preview":"max-image-preview:large","max-video-preview":"max-video-preview:-1"},"canonical":"https:\/\/fastcar.shop\/lt\/produktas\/lucas-synthetic-engine-motor-oil-sae-5w20-5l\/","og_locale":"lt_LT","og_type":"article","og_title":"LUCAS Synthetic Engine Motor Oil SAE 5W20 5L","og_description":"Lucas High Performance European Synthetic Motor Oils are proven to withstand the toughest conditions on the road or the track.","og_url":"https:\/\/fastcar.shop\/lt\/produktas\/lucas-synthetic-engine-motor-oil-sae-5w20-5l\/","og_site_name":"Fast Car Shop","article_publisher":"https:\/\/www.facebook.com\/FastcarLt?locale=lt_LT","article_modified_time":"2026-02-11T11:58:48+00:00","og_image":[{"width":1600,"height":1900,"url":"https:\/\/fastcar.shop\/wp-content\/uploads\/2023\/02\/Untitled-3.jpg","type":"image\/jpeg"}],"twitter_card":"summary_large_image","schema":{"@context":"https:\/\/schema.org","@graph":[{"@type":"WebPage","@id":"https:\/\/fastcar.shop\/product\/lucas-synthetic-engine-motor-oil-sae-5w20-5l\/","url":"https:\/\/fastcar.shop\/product\/lucas-synthetic-engine-motor-oil-sae-5w20-5l\/","name":"LUCAS Sintetin\u0117 Variklio Alyva SAE 5W20 5L","isPartOf":{"@id":"https:\/\/fastcar.shop\/#website"},"primaryImageOfPage":{"@id":"https:\/\/fastcar.shop\/product\/lucas-synthetic-engine-motor-oil-sae-5w20-5l\/#primaryimage"},"image":{"@id":"https:\/\/fastcar.shop\/product\/lucas-synthetic-engine-motor-oil-sae-5w20-5l\/#primaryimage"},"thumbnailUrl":"https:\/\/fastcar.shop\/wp-content\/uploads\/2023\/02\/Untitled-3.jpg","datePublished":"2023-02-22T13:23:18+00:00","dateModified":"2026-02-11T11:58:48+00:00","breadcrumb":{"@id":"https:\/\/fastcar.shop\/product\/lucas-synthetic-engine-motor-oil-sae-5w20-5l\/#breadcrumb"},"inLanguage":"lt-LT","potentialAction":[{"@type":"ReadAction","target":["https:\/\/fastcar.shop\/product\/lucas-synthetic-engine-motor-oil-sae-5w20-5l\/"]}]},{"@type":"ImageObject","inLanguage":"lt-LT","@id":"https:\/\/fastcar.shop\/product\/lucas-synthetic-engine-motor-oil-sae-5w20-5l\/#primaryimage","url":"https:\/\/fastcar.shop\/wp-content\/uploads\/2023\/02\/Untitled-3.jpg","contentUrl":"https:\/\/fastcar.shop\/wp-content\/uploads\/2023\/02\/Untitled-3.jpg","width":1600,"height":1900},{"@type":"BreadcrumbList","@id":"https:\/\/fastcar.shop\/product\/lucas-synthetic-engine-motor-oil-sae-5w20-5l\/#breadcrumb","itemListElement":[{"@type":"ListItem","position":1,"name":"Home","item":"https:\/\/fastcar.shop\/"},{"@type":"ListItem","position":2,"name":"Shop","item":"https:\/\/fastcar.shop\/shop\/"},{"@type":"ListItem","position":3,"name":"LUCAS Synthetic Engine Motor Oil SAE 5W20 5L"}]},{"@type":"WebSite","@id":"https:\/\/fastcar.shop\/#website","url":"https:\/\/fastcar.shop\/","name":"Greit\u0173 automobili\u0173 parduotuv\u0117","description":"","publisher":{"@id":"https:\/\/fastcar.shop\/#organization"},"potentialAction":[{"@type":"SearchAction","target":{"@type":"EntryPoint","urlTemplate":"https:\/\/fastcar.shop\/?s={search_term_string}"},"query-input":{"@type":"PropertyValueSpecification","valueRequired":true,"valueName":"search_term_string"}}],"inLanguage":"lt-LT"},{"@type":"Organization","@id":"https:\/\/fastcar.shop\/#organization","name":"Fastcar.shop","url":"https:\/\/fastcar.shop\/","logo":{"@type":"ImageObject","inLanguage":"lt-LT","@id":"https:\/\/fastcar.shop\/#\/schema\/logo\/image\/","url":"https:\/\/fastcar.shop\/wp-content\/uploads\/2017\/08\/FCS_JPEG-01-scaled.jpg","contentUrl":"https:\/\/fastcar.shop\/wp-content\/uploads\/2017\/08\/FCS_JPEG-01-scaled.jpg","width":2560,"height":1379,"caption":"Fastcar.shop"},"image":{"@id":"https:\/\/fastcar.shop\/#\/schema\/logo\/image\/"},"sameAs":["https:\/\/www.facebook.com\/FastcarLt?locale=lt_LT","https:\/\/www.instagram.com\/fastcar.shop\/"]}]}},"jetpack_sharing_enabled":true,"_links":{"self":[{"href":"https:\/\/fastcar.shop\/lt\/wp-json\/wp\/v2\/product\/3934","targetHints":{"allow":["GET"]}}],"collection":[{"href":"https:\/\/fastcar.shop\/lt\/wp-json\/wp\/v2\/product"}],"about":[{"href":"https:\/\/fastcar.shop\/lt\/wp-json\/wp\/v2\/types\/product"}],"wp:featuredmedia":[{"embeddable":true,"href":"https:\/\/fastcar.shop\/lt\/wp-json\/wp\/v2\/media\/3942"}],"wp:attachment":[{"href":"https:\/\/fastcar.shop\/lt\/wp-json\/wp\/v2\/media?parent=3934"}],"wp:term":[{"taxonomy":"product_brand","embeddable":true,"href":"https:\/\/fastcar.shop\/lt\/wp-json\/wp\/v2\/product_brand?post=3934"},{"taxonomy":"product_cat","embeddable":true,"href":"https:\/\/fastcar.shop\/lt\/wp-json\/wp\/v2\/product_cat?post=3934"},{"taxonomy":"product_tag","embeddable":true,"href":"https:\/\/fastcar.shop\/lt\/wp-json\/wp\/v2\/product_tag?post=3934"}],"curies":[{"name":"wp","href":"https:\/\/api.w.org\/{rel}","templated":true}]}}