{"id":3930,"date":"2023-02-22T12:27:44","date_gmt":"2023-02-22T12:27:44","guid":{"rendered":"https:\/\/fastcar.shop\/?post_type=product&#038;p=3930"},"modified":"2023-10-26T13:02:45","modified_gmt":"2023-10-26T13:02:45","slug":"lucas-hydraulic-power-steering-fluid-12fl-oz-355ml","status":"publish","type":"product","link":"https:\/\/fastcar.shop\/lt\/product\/lucas-hydraulic-power-steering-fluid-12fl-oz-355ml\/","title":{"rendered":"LUCAS Vairo stiprintuvo skystis 355ml"},"content":{"rendered":"<p style=\"text-align: left;\">\"Lucas\" vairo stiprintuvo skystis yra bendros paskirties produktas. Jo sud\u0117tyje yra speciali\u0173 bazini\u0173 alyv\u0173 ir pried\u0173, kurie padidina tepimo savybes ir padeda sustabdyti nusid\u0117v\u0117jim\u0105 bei pagerinti veikim\u0105. Jo sud\u0117tyje yra \u0161velni\u0173 sandarikli\u0173 brinkimo med\u017eiag\u0173, kurios kondicionuoja o-\u017eiedus ir sandariklius, kad b\u016bt\u0173 i\u0161vengta nedideli\u0173 nuot\u0117ki\u0173. Tai palaikys skland\u0173 vairo stiprintuvo veikim\u0105 ir pad\u0117s sustabdyti siurblio girg\u017ed\u0117jim\u0105. \"Lucas\" vairo stiprintuvo skys\u010dio sud\u0117tyje yra papildom\u0173 oksidacijos inhibitori\u0173 ir put\u0173 inhibitori\u0173, padedan\u010di\u0173 prailginti skys\u010dio tarnavimo laik\u0105.<\/p>\n<p style=\"text-align: left;\"><strong>Pagrindiniai privalumai<\/strong><\/p>\n<ul>\n<li style=\"text-align: left;\">Padidina tepalo kiek\u012f, kad sustabdyt\u0173 nusid\u0117v\u0117jim\u0105 ir pagerint\u0173 veikim\u0105<\/li>\n<li style=\"text-align: left;\">U\u017esandarina ir padeda i\u0161vengti nedideli\u0173 nuot\u0117ki\u0173<\/li>\n<li style=\"text-align: left;\">Put\u0173 susidarymo inhibitoriai padeda prailginti skys\u010dio tarnavimo laik\u0105<\/li>\n<\/ul>\n<p style=\"text-align: left;\"><a href=\"https:\/\/fastcar.shop\/wp-content\/uploads\/2023\/02\/Lucas-Power-Steering-Fluid-10823-10824-TDS.pdf\">Specifikacijos <img loading=\"lazy\" decoding=\"async\" class=\"alignnone size-full wp-image-3251\" src=\"https:\/\/fastcar.shop\/wp-content\/uploads\/2022\/01\/pdf-e1641824783993.png\" alt=\"\" width=\"30\" height=\"23\" \/><\/a><\/p>\n<p>&nbsp;<\/p>","protected":false},"excerpt":{"rendered":"<p style=\"text-align: left;\">\"Lucas\" vairo stiprintuvo skystis yra bendros paskirties produktas. Jo sud\u0117tyje yra speciali\u0173 bazini\u0173 alyv\u0173 ir pried\u0173, kurie padidina tepimo savybes ir padeda sustabdyti nusid\u0117v\u0117jim\u0105 bei pagerinti veikim\u0105.<\/p>","protected":false},"featured_media":3932,"template":"","meta":[],"product_brand":[],"product_cat":[1791,885],"product_tag":[],"class_list":{"0":"post-3930","1":"product","2":"type-product","3":"status-publish","4":"has-post-thumbnail","6":"product_cat-problem-solvers-utility-lubricants","7":"product_cat-oils_lubricants","8":"product_provider-lucas-oil","10":"first","11":"instock","12":"taxable","13":"shipping-taxable","14":"purchasable","15":"product-type-simple"},"aioseo_notices":[],"yoast_head":"<!-- This site is optimized with the Yoast SEO plugin v27.5 - https:\/\/yoast.com\/product\/yoast-seo-wordpress\/ -->\n<title>LUCAS Hydraulic Power Steering Fluid 12fl oz 355ml<\/title>\n<meta name=\"robots\" content=\"index, follow, max-snippet:-1, max-image-preview:large, max-video-preview:-1\" \/>\n<link rel=\"canonical\" href=\"https:\/\/fastcar.shop\/lt\/produktas\/lucas-hydraulic-power-steering-fluid-12fl-oz-355ml\/\" \/>\n<meta property=\"og:locale\" content=\"lt_LT\" \/>\n<meta property=\"og:type\" content=\"article\" \/>\n<meta property=\"og:title\" content=\"LUCAS Hydraulic Power Steering Fluid 12fl oz 355ml\" \/>\n<meta property=\"og:description\" content=\"Lucas Power Steering Fluid is a general purpose product. It is formulated with special base oils and additives that add lubricity to help stop wear and improve performance.\" \/>\n<meta property=\"og:url\" content=\"https:\/\/fastcar.shop\/lt\/produktas\/lucas-hydraulic-power-steering-fluid-12fl-oz-355ml\/\" \/>\n<meta property=\"og:site_name\" content=\"Fast Car Shop\" \/>\n<meta property=\"article:publisher\" content=\"https:\/\/www.facebook.com\/FastcarLt?locale=lt_LT\" \/>\n<meta property=\"article:modified_time\" content=\"2023-10-26T13:02:45+00:00\" \/>\n<meta property=\"og:image\" content=\"https:\/\/fastcar.shop\/wp-content\/uploads\/2023\/02\/Lucas-Power-Steering-Fluid.jpg\" \/>\n\t<meta property=\"og:image:width\" content=\"950\" \/>\n\t<meta property=\"og:image:height\" content=\"950\" \/>\n\t<meta property=\"og:image:type\" content=\"image\/jpeg\" \/>\n<meta name=\"twitter:card\" content=\"summary_large_image\" \/>\n<!-- \/ Yoast SEO plugin. -->","yoast_head_json":{"title":"LUCAS Vairo stiprintuvo skystis 355ml","robots":{"index":"index","follow":"follow","max-snippet":"max-snippet:-1","max-image-preview":"max-image-preview:large","max-video-preview":"max-video-preview:-1"},"canonical":"https:\/\/fastcar.shop\/lt\/produktas\/lucas-hydraulic-power-steering-fluid-12fl-oz-355ml\/","og_locale":"lt_LT","og_type":"article","og_title":"LUCAS Hydraulic Power Steering Fluid 12fl oz 355ml","og_description":"Lucas Power Steering Fluid is a general purpose product. It is formulated with special base oils and additives that add lubricity to help stop wear and improve performance.","og_url":"https:\/\/fastcar.shop\/lt\/produktas\/lucas-hydraulic-power-steering-fluid-12fl-oz-355ml\/","og_site_name":"Fast Car Shop","article_publisher":"https:\/\/www.facebook.com\/FastcarLt?locale=lt_LT","article_modified_time":"2023-10-26T13:02:45+00:00","og_image":[{"width":950,"height":950,"url":"https:\/\/fastcar.shop\/wp-content\/uploads\/2023\/02\/Lucas-Power-Steering-Fluid.jpg","type":"image\/jpeg"}],"twitter_card":"summary_large_image","schema":{"@context":"https:\/\/schema.org","@graph":[{"@type":"WebPage","@id":"https:\/\/fastcar.shop\/product\/lucas-hydraulic-power-steering-fluid-12fl-oz-355ml\/","url":"https:\/\/fastcar.shop\/product\/lucas-hydraulic-power-steering-fluid-12fl-oz-355ml\/","name":"LUCAS Vairo stiprintuvo skystis 355ml","isPartOf":{"@id":"https:\/\/fastcar.shop\/#website"},"primaryImageOfPage":{"@id":"https:\/\/fastcar.shop\/product\/lucas-hydraulic-power-steering-fluid-12fl-oz-355ml\/#primaryimage"},"image":{"@id":"https:\/\/fastcar.shop\/product\/lucas-hydraulic-power-steering-fluid-12fl-oz-355ml\/#primaryimage"},"thumbnailUrl":"https:\/\/fastcar.shop\/wp-content\/uploads\/2023\/02\/Lucas-Power-Steering-Fluid.jpg","datePublished":"2023-02-22T12:27:44+00:00","dateModified":"2023-10-26T13:02:45+00:00","breadcrumb":{"@id":"https:\/\/fastcar.shop\/product\/lucas-hydraulic-power-steering-fluid-12fl-oz-355ml\/#breadcrumb"},"inLanguage":"lt-LT","potentialAction":[{"@type":"ReadAction","target":["https:\/\/fastcar.shop\/product\/lucas-hydraulic-power-steering-fluid-12fl-oz-355ml\/"]}]},{"@type":"ImageObject","inLanguage":"lt-LT","@id":"https:\/\/fastcar.shop\/product\/lucas-hydraulic-power-steering-fluid-12fl-oz-355ml\/#primaryimage","url":"https:\/\/fastcar.shop\/wp-content\/uploads\/2023\/02\/Lucas-Power-Steering-Fluid.jpg","contentUrl":"https:\/\/fastcar.shop\/wp-content\/uploads\/2023\/02\/Lucas-Power-Steering-Fluid.jpg","width":950,"height":950},{"@type":"BreadcrumbList","@id":"https:\/\/fastcar.shop\/product\/lucas-hydraulic-power-steering-fluid-12fl-oz-355ml\/#breadcrumb","itemListElement":[{"@type":"ListItem","position":1,"name":"Home","item":"https:\/\/fastcar.shop\/"},{"@type":"ListItem","position":2,"name":"Shop","item":"https:\/\/fastcar.shop\/shop\/"},{"@type":"ListItem","position":3,"name":"LUCAS Hydraulic Power Steering Fluid 12fl oz 355ml"}]},{"@type":"WebSite","@id":"https:\/\/fastcar.shop\/#website","url":"https:\/\/fastcar.shop\/","name":"Greit\u0173 automobili\u0173 parduotuv\u0117","description":"","publisher":{"@id":"https:\/\/fastcar.shop\/#organization"},"potentialAction":[{"@type":"SearchAction","target":{"@type":"EntryPoint","urlTemplate":"https:\/\/fastcar.shop\/?s={search_term_string}"},"query-input":{"@type":"PropertyValueSpecification","valueRequired":true,"valueName":"search_term_string"}}],"inLanguage":"lt-LT"},{"@type":"Organization","@id":"https:\/\/fastcar.shop\/#organization","name":"Fastcar.shop","url":"https:\/\/fastcar.shop\/","logo":{"@type":"ImageObject","inLanguage":"lt-LT","@id":"https:\/\/fastcar.shop\/#\/schema\/logo\/image\/","url":"https:\/\/fastcar.shop\/wp-content\/uploads\/2017\/08\/FCS_JPEG-01-scaled.jpg","contentUrl":"https:\/\/fastcar.shop\/wp-content\/uploads\/2017\/08\/FCS_JPEG-01-scaled.jpg","width":2560,"height":1379,"caption":"Fastcar.shop"},"image":{"@id":"https:\/\/fastcar.shop\/#\/schema\/logo\/image\/"},"sameAs":["https:\/\/www.facebook.com\/FastcarLt?locale=lt_LT","https:\/\/www.instagram.com\/fastcar.shop\/"]}]}},"jetpack_sharing_enabled":true,"_links":{"self":[{"href":"https:\/\/fastcar.shop\/lt\/wp-json\/wp\/v2\/product\/3930","targetHints":{"allow":["GET"]}}],"collection":[{"href":"https:\/\/fastcar.shop\/lt\/wp-json\/wp\/v2\/product"}],"about":[{"href":"https:\/\/fastcar.shop\/lt\/wp-json\/wp\/v2\/types\/product"}],"wp:featuredmedia":[{"embeddable":true,"href":"https:\/\/fastcar.shop\/lt\/wp-json\/wp\/v2\/media\/3932"}],"wp:attachment":[{"href":"https:\/\/fastcar.shop\/lt\/wp-json\/wp\/v2\/media?parent=3930"}],"wp:term":[{"taxonomy":"product_brand","embeddable":true,"href":"https:\/\/fastcar.shop\/lt\/wp-json\/wp\/v2\/product_brand?post=3930"},{"taxonomy":"product_cat","embeddable":true,"href":"https:\/\/fastcar.shop\/lt\/wp-json\/wp\/v2\/product_cat?post=3930"},{"taxonomy":"product_tag","embeddable":true,"href":"https:\/\/fastcar.shop\/lt\/wp-json\/wp\/v2\/product_tag?post=3930"}],"curies":[{"name":"wp","href":"https:\/\/api.w.org\/{rel}","templated":true}]}}