{"id":3925,"date":"2023-02-22T11:29:36","date_gmt":"2023-02-22T11:29:36","guid":{"rendered":"https:\/\/fastcar.shop\/?post_type=product&#038;p=3925"},"modified":"2026-02-11T14:01:40","modified_gmt":"2026-02-11T12:01:40","slug":"lucas-heavy-duty-engine-oil-stabiliser-12fl-oz-355ml","status":"publish","type":"product","link":"https:\/\/fastcar.shop\/lt\/product\/lucas-heavy-duty-engine-oil-stabiliser-12fl-oz-355ml\/","title":{"rendered":"LUCAS variklio alyvos stabilizatorius"},"content":{"rendered":"<p style=\"text-align: left;\">Grynos naftos daugiafunkcinis aliejinis priedas. Ma\u017eina triuk\u0161m\u0105, kar\u0161t\u012f ir nusid\u0117v\u0117jim\u0105 mechanin\u0117se pavar\u0173 d\u0117\u017e\u0117se ir diferencialuose. Numeris vienas sunkiosios ir auk\u0161tos kokyb\u0117s pramon\u0117s \u0161akose.<\/p>\n<p style=\"text-align: left;\">\"Lucas Oil Stabilizer\" - tai 100 % naftos produktas, sukurtas sausam u\u017evedimui pa\u0161alinti ir trin\u010diai, kar\u0161\u010diui bei nusid\u0117v\u0117jimui ma\u017einti bet kokio tipo varikliuose. Jis suteikia variklin\u0117ms alyvoms didesn\u012f tepimo laipsn\u012f, tod\u0117l suma\u017e\u0117ja alyvos s\u0105naudos ir darbin\u0117 temperat\u016bra. Naudokite \"Lucas Oil Stabilizer\" pavar\u0173 alyvoje, kad sustabdytum\u0117te nuot\u0117k\u012f, suma\u017eintum\u0117te darbin\u0119 temperat\u016br\u0105 ir pailgintum\u0117te pavar\u0173 alyvos tarnavimo laik\u0105. Kadangi tai gryna nafta, j\u0105 galima saugiai mai\u0161yti su visais kitais automobiliniais tepalais, net sintetiniais, ATF ir mineraline alyva. Ji palaiko sen\u0173 varikli\u0173 gyvybingum\u0105 ir nauj\u0173 varikli\u0173 naujum\u0105.<\/p>\n<p style=\"text-align: left;\">\"Ford Powerstroke\" varikliams si\u016blome vien\u0105 litr\u0105 \"Pure Synthetic Oil Stabilizer\" per vien\u0105 alyvos keitim\u0105.<\/p>\n<p style=\"text-align: left;\"><strong>Pagrindiniai privalumai<\/strong><\/p>\n<ul>\n<li style=\"text-align: left;\">Alyvos tarnavimo laikas pailg\u0117ja bent 50 %.<\/li>\n<li style=\"text-align: left;\">Ma\u017eesn\u0117s alyvos s\u0105naudos<\/li>\n<li style=\"text-align: left;\">Pa\u0161alinamas sausas u\u017evedimas<\/li>\n<li style=\"text-align: left;\">Didina alyvos sl\u0117g\u012f<\/li>\n<li style=\"text-align: left;\">Didesn\u0117 galia ir didesnis kilometr\u0173 skai\u010dius per galon\u0105 (MPG)<\/li>\n<li style=\"text-align: left;\">Taip pat tinka naudoti motociklams su \u0161lapia sankaba ir (arba) integruota pavar\u0173 d\u0117\u017ee, kai mi\u0161inio kiekis yra 10 %.<\/li>\n<\/ul>\n<p style=\"text-align: left;\"><a href=\"https:\/\/fastcar.shop\/wp-content\/uploads\/2023\/02\/LUCAS-TDS_Heavy_Duty_Oil_Stabilizer.pdf\">Specifikacijos <img loading=\"lazy\" decoding=\"async\" class=\"alignnone size-full wp-image-3251\" src=\"https:\/\/fastcar.shop\/wp-content\/uploads\/2022\/01\/pdf-e1641824783993.png\" alt=\"\" width=\"30\" height=\"23\" \/><\/a><\/p>","protected":false},"excerpt":{"rendered":"<p style=\"text-align: left;\">\"Lucas Oil Stabilizer\" - tai 100 % naftos produktas, sukurtas sausam u\u017evedimui pa\u0161alinti ir trin\u010diai, kar\u0161\u010diui bei nusid\u0117v\u0117jimui ma\u017einti bet kokio tipo varikliuose. Jis suteikia variklin\u0117ms alyvoms didesn\u012f tepimo laipsn\u012f, tod\u0117l suma\u017e\u0117ja alyvos s\u0105naudos ir darbin\u0117 temperat\u016bra.<\/p>","protected":false},"featured_media":3929,"template":"","meta":[],"product_brand":[],"product_cat":[1787,1791,885],"product_tag":[],"class_list":{"0":"post-3925","1":"product","2":"type-product","3":"status-publish","4":"has-post-thumbnail","6":"product_cat-engine-oil-additives","7":"product_cat-problem-solvers-utility-lubricants","8":"product_cat-oils_lubricants","9":"product_provider-lucas-oil","11":"first","12":"outofstock","13":"taxable","14":"shipping-taxable","15":"purchasable","16":"product-type-variable","17":"has-default-attributes"},"aioseo_notices":[],"yoast_head":"<!-- This site is optimized with the Yoast SEO plugin v27.4 - https:\/\/yoast.com\/product\/yoast-seo-wordpress\/ -->\n<title>LUCAS Heavy Duty Engine Oil Stabilizer<\/title>\n<meta name=\"robots\" content=\"index, follow, max-snippet:-1, max-image-preview:large, max-video-preview:-1\" \/>\n<link rel=\"canonical\" href=\"https:\/\/fastcar.shop\/lt\/produktas\/lucas-heavy-duty-engine-oil-stabiliser-12fl-oz-355ml\/\" \/>\n<meta property=\"og:locale\" content=\"lt_LT\" \/>\n<meta property=\"og:type\" content=\"article\" \/>\n<meta property=\"og:title\" content=\"LUCAS Heavy Duty Engine Oil Stabilizer\" \/>\n<meta property=\"og:description\" content=\"Lucas Oil Stabilizer is a 100% petroleum product formulated to eliminate dry starts and reduce friction, heat and wear in any type of engine. It allows motor oils a higher degree of lubricity which reduces oil consumption and operating temperatures.\" \/>\n<meta property=\"og:url\" content=\"https:\/\/fastcar.shop\/lt\/produktas\/lucas-heavy-duty-engine-oil-stabiliser-12fl-oz-355ml\/\" \/>\n<meta property=\"og:site_name\" content=\"Fast Car Shop\" \/>\n<meta property=\"article:publisher\" content=\"https:\/\/www.facebook.com\/FastcarLt?locale=lt_LT\" \/>\n<meta property=\"article:modified_time\" content=\"2026-02-11T12:01:40+00:00\" \/>\n<meta property=\"og:image\" content=\"https:\/\/fastcar.shop\/wp-content\/uploads\/2023\/02\/LUCAS-Heavy-Duty-Engine-Oil-Stabiliser-1.jpg\" \/>\n\t<meta property=\"og:image:width\" content=\"900\" \/>\n\t<meta property=\"og:image:height\" content=\"1150\" \/>\n\t<meta property=\"og:image:type\" content=\"image\/jpeg\" \/>\n<meta name=\"twitter:card\" content=\"summary_large_image\" \/>\n<meta name=\"twitter:label1\" content=\"Est. reading time\" \/>\n\t<meta name=\"twitter:data1\" content=\"2 minut\u0117s\" \/>\n<!-- \/ Yoast SEO plugin. -->","yoast_head_json":{"title":"LUCAS variklio alyvos stabilizatorius","robots":{"index":"index","follow":"follow","max-snippet":"max-snippet:-1","max-image-preview":"max-image-preview:large","max-video-preview":"max-video-preview:-1"},"canonical":"https:\/\/fastcar.shop\/lt\/produktas\/lucas-heavy-duty-engine-oil-stabiliser-12fl-oz-355ml\/","og_locale":"lt_LT","og_type":"article","og_title":"LUCAS Heavy Duty Engine Oil Stabilizer","og_description":"Lucas Oil Stabilizer is a 100% petroleum product formulated to eliminate dry starts and reduce friction, heat and wear in any type of engine. It allows motor oils a higher degree of lubricity which reduces oil consumption and operating temperatures.","og_url":"https:\/\/fastcar.shop\/lt\/produktas\/lucas-heavy-duty-engine-oil-stabiliser-12fl-oz-355ml\/","og_site_name":"Fast Car Shop","article_publisher":"https:\/\/www.facebook.com\/FastcarLt?locale=lt_LT","article_modified_time":"2026-02-11T12:01:40+00:00","og_image":[{"width":900,"height":1150,"url":"https:\/\/fastcar.shop\/wp-content\/uploads\/2023\/02\/LUCAS-Heavy-Duty-Engine-Oil-Stabiliser-1.jpg","type":"image\/jpeg"}],"twitter_card":"summary_large_image","twitter_misc":{"Est. reading time":"2 minut\u0117s"},"schema":{"@context":"https:\/\/schema.org","@graph":[{"@type":"WebPage","@id":"https:\/\/fastcar.shop\/product\/lucas-heavy-duty-engine-oil-stabiliser-12fl-oz-355ml\/","url":"https:\/\/fastcar.shop\/product\/lucas-heavy-duty-engine-oil-stabiliser-12fl-oz-355ml\/","name":"LUCAS variklio alyvos stabilizatorius","isPartOf":{"@id":"https:\/\/fastcar.shop\/#website"},"primaryImageOfPage":{"@id":"https:\/\/fastcar.shop\/product\/lucas-heavy-duty-engine-oil-stabiliser-12fl-oz-355ml\/#primaryimage"},"image":{"@id":"https:\/\/fastcar.shop\/product\/lucas-heavy-duty-engine-oil-stabiliser-12fl-oz-355ml\/#primaryimage"},"thumbnailUrl":"https:\/\/fastcar.shop\/wp-content\/uploads\/2023\/02\/LUCAS-Heavy-Duty-Engine-Oil-Stabiliser-1.jpg","datePublished":"2023-02-22T11:29:36+00:00","dateModified":"2026-02-11T12:01:40+00:00","breadcrumb":{"@id":"https:\/\/fastcar.shop\/product\/lucas-heavy-duty-engine-oil-stabiliser-12fl-oz-355ml\/#breadcrumb"},"inLanguage":"lt-LT","potentialAction":[{"@type":"ReadAction","target":["https:\/\/fastcar.shop\/product\/lucas-heavy-duty-engine-oil-stabiliser-12fl-oz-355ml\/"]}]},{"@type":"ImageObject","inLanguage":"lt-LT","@id":"https:\/\/fastcar.shop\/product\/lucas-heavy-duty-engine-oil-stabiliser-12fl-oz-355ml\/#primaryimage","url":"https:\/\/fastcar.shop\/wp-content\/uploads\/2023\/02\/LUCAS-Heavy-Duty-Engine-Oil-Stabiliser-1.jpg","contentUrl":"https:\/\/fastcar.shop\/wp-content\/uploads\/2023\/02\/LUCAS-Heavy-Duty-Engine-Oil-Stabiliser-1.jpg","width":900,"height":1150},{"@type":"BreadcrumbList","@id":"https:\/\/fastcar.shop\/product\/lucas-heavy-duty-engine-oil-stabiliser-12fl-oz-355ml\/#breadcrumb","itemListElement":[{"@type":"ListItem","position":1,"name":"Home","item":"https:\/\/fastcar.shop\/"},{"@type":"ListItem","position":2,"name":"Shop","item":"https:\/\/fastcar.shop\/shop\/"},{"@type":"ListItem","position":3,"name":"LUCAS Heavy Duty Engine Oil Stabilizer"}]},{"@type":"WebSite","@id":"https:\/\/fastcar.shop\/#website","url":"https:\/\/fastcar.shop\/","name":"Greit\u0173 automobili\u0173 parduotuv\u0117","description":"","publisher":{"@id":"https:\/\/fastcar.shop\/#organization"},"potentialAction":[{"@type":"SearchAction","target":{"@type":"EntryPoint","urlTemplate":"https:\/\/fastcar.shop\/?s={search_term_string}"},"query-input":{"@type":"PropertyValueSpecification","valueRequired":true,"valueName":"search_term_string"}}],"inLanguage":"lt-LT"},{"@type":"Organization","@id":"https:\/\/fastcar.shop\/#organization","name":"Fastcar.shop","url":"https:\/\/fastcar.shop\/","logo":{"@type":"ImageObject","inLanguage":"lt-LT","@id":"https:\/\/fastcar.shop\/#\/schema\/logo\/image\/","url":"https:\/\/fastcar.shop\/wp-content\/uploads\/2017\/08\/FCS_JPEG-01-scaled.jpg","contentUrl":"https:\/\/fastcar.shop\/wp-content\/uploads\/2017\/08\/FCS_JPEG-01-scaled.jpg","width":2560,"height":1379,"caption":"Fastcar.shop"},"image":{"@id":"https:\/\/fastcar.shop\/#\/schema\/logo\/image\/"},"sameAs":["https:\/\/www.facebook.com\/FastcarLt?locale=lt_LT","https:\/\/www.instagram.com\/fastcar.shop\/"]}]}},"jetpack_sharing_enabled":true,"_links":{"self":[{"href":"https:\/\/fastcar.shop\/lt\/wp-json\/wp\/v2\/product\/3925","targetHints":{"allow":["GET"]}}],"collection":[{"href":"https:\/\/fastcar.shop\/lt\/wp-json\/wp\/v2\/product"}],"about":[{"href":"https:\/\/fastcar.shop\/lt\/wp-json\/wp\/v2\/types\/product"}],"wp:featuredmedia":[{"embeddable":true,"href":"https:\/\/fastcar.shop\/lt\/wp-json\/wp\/v2\/media\/3929"}],"wp:attachment":[{"href":"https:\/\/fastcar.shop\/lt\/wp-json\/wp\/v2\/media?parent=3925"}],"wp:term":[{"taxonomy":"product_brand","embeddable":true,"href":"https:\/\/fastcar.shop\/lt\/wp-json\/wp\/v2\/product_brand?post=3925"},{"taxonomy":"product_cat","embeddable":true,"href":"https:\/\/fastcar.shop\/lt\/wp-json\/wp\/v2\/product_cat?post=3925"},{"taxonomy":"product_tag","embeddable":true,"href":"https:\/\/fastcar.shop\/lt\/wp-json\/wp\/v2\/product_tag?post=3925"}],"curies":[{"name":"wp","href":"https:\/\/api.w.org\/{rel}","templated":true}]}}