{"id":3881,"date":"2022-12-20T09:09:09","date_gmt":"2022-12-20T09:09:09","guid":{"rendered":"https:\/\/fastcar.shop\/?post_type=product&#038;p=3881"},"modified":"2026-02-11T15:11:23","modified_gmt":"2026-02-11T13:11:23","slug":"renegade-upper-top-lube-for-methanol-nitro-fuel-16fl-oz-473ml","status":"publish","type":"product","link":"https:\/\/fastcar.shop\/lt\/product\/renegade-upper-top-lube-for-methanol-nitro-fuel-16fl-oz-473ml\/","title":{"rendered":"RENEGADE Alyvos lubrikantas Methanolio ir Nitro kuro sistemoms 473ml"},"content":{"rendered":"<p style=\"text-align: left;\"><strong>I\u0161sami informacija:<\/strong><\/p>\n<ul>\n<li class=\"is-root\" style=\"text-align: left;\">Auk\u0161\u010diausios kokyb\u0117s lubrikantas<\/li>\n<li class=\"is-root\" style=\"text-align: left;\">I\u0161skirtinis tepimas<\/li>\n<li class=\"is-root\" style=\"text-align: left;\">Degimo metu sutepa cilindro sieneles<\/li>\n<li class=\"is-root\" style=\"text-align: left;\">Sintetin\u0117 bepelen\u0117 formul\u0117 \u2013 nepalieka nuos\u0117d\u0173 ir \u0161variai nudega<\/li>\n<li class=\"is-root\" style=\"text-align: left;\">Pagerina arklio galias ir sukimo moment\u0105<\/li>\n<li class=\"is-root\" style=\"text-align: left;\">Labai koncentruotas<\/li>\n<li class=\"is-root\" style=\"text-align: left;\">Pa\u0161alina kuro i\u0161plovim\u0105<\/li>\n<\/ul>","protected":false},"excerpt":{"rendered":"<p style=\"text-align: left;\">\u0160is didelio efektyvumo lenktyninis metanolio \/ nitro lubrikanto koncentratas yra unikalios formul\u0117s, naudojant sintetin\u0119 bepelen\u0119 formul\u0119, kad labai suma\u017eint\u0173 nuos\u0117d\u0173 susidarym\u0105.<\/p>","protected":false},"featured_media":3882,"template":"","meta":[],"product_brand":[],"product_cat":[1792,1772,16,885],"product_tag":[],"class_list":{"0":"post-3881","1":"product","2":"type-product","3":"status-publish","4":"has-post-thumbnail","6":"product_cat-racing","7":"product_cat-renegade-pro-methanol","8":"product_cat-race-fuel","9":"product_cat-oils_lubricants","10":"product_provider-renegade","12":"first","13":"instock","14":"taxable","15":"shipping-taxable","16":"purchasable","17":"product-type-simple"},"aioseo_notices":[],"yoast_head":"<!-- This site is optimized with the Yoast SEO plugin v27.3 - https:\/\/yoast.com\/product\/yoast-seo-wordpress\/ -->\n<title>Renegade Upper Top Lube For Methanol &amp; Nitro Fuel 16fl Oz 473ml<\/title>\n<meta name=\"robots\" content=\"index, follow, max-snippet:-1, max-image-preview:large, max-video-preview:-1\" \/>\n<link rel=\"canonical\" href=\"https:\/\/fastcar.shop\/lt\/produktas\/renegade-upper-top-lube-for-methanol-nitro-fuel-16fl-oz-473ml\/\" \/>\n<meta property=\"og:locale\" content=\"lt_LT\" \/>\n<meta property=\"og:type\" content=\"article\" \/>\n<meta property=\"og:title\" content=\"Renegade Upper Top Lube For Methanol &amp; Nitro Fuel 16fl Oz 473ml\" \/>\n<meta property=\"og:description\" content=\"This high performance racing methanol\/nitro lube is uniquely formulated using a synthetic ashless formula to greatly decrease deposits.\" \/>\n<meta property=\"og:url\" content=\"https:\/\/fastcar.shop\/lt\/produktas\/renegade-upper-top-lube-for-methanol-nitro-fuel-16fl-oz-473ml\/\" \/>\n<meta property=\"og:site_name\" content=\"Fast Car Shop\" \/>\n<meta property=\"article:publisher\" content=\"https:\/\/www.facebook.com\/FastcarLt?locale=lt_LT\" \/>\n<meta property=\"article:modified_time\" content=\"2026-02-11T13:11:23+00:00\" \/>\n<meta property=\"og:image\" content=\"https:\/\/fastcar.shop\/wp-content\/uploads\/2022\/12\/renegade_toplube.jpg\" \/>\n\t<meta property=\"og:image:width\" content=\"1280\" \/>\n\t<meta property=\"og:image:height\" content=\"1280\" \/>\n\t<meta property=\"og:image:type\" content=\"image\/jpeg\" \/>\n<meta name=\"twitter:card\" content=\"summary_large_image\" \/>\n<!-- \/ Yoast SEO plugin. -->","yoast_head_json":{"title":"Renegade Upper Top Lube For Methanol & Nitro Fuel 16fl Oz 473ml","robots":{"index":"index","follow":"follow","max-snippet":"max-snippet:-1","max-image-preview":"max-image-preview:large","max-video-preview":"max-video-preview:-1"},"canonical":"https:\/\/fastcar.shop\/lt\/produktas\/renegade-upper-top-lube-for-methanol-nitro-fuel-16fl-oz-473ml\/","og_locale":"lt_LT","og_type":"article","og_title":"Renegade Upper Top Lube For Methanol & Nitro Fuel 16fl Oz 473ml","og_description":"This high performance racing methanol\/nitro lube is uniquely formulated using a synthetic ashless formula to greatly decrease deposits.","og_url":"https:\/\/fastcar.shop\/lt\/produktas\/renegade-upper-top-lube-for-methanol-nitro-fuel-16fl-oz-473ml\/","og_site_name":"Fast Car Shop","article_publisher":"https:\/\/www.facebook.com\/FastcarLt?locale=lt_LT","article_modified_time":"2026-02-11T13:11:23+00:00","og_image":[{"width":1280,"height":1280,"url":"https:\/\/fastcar.shop\/wp-content\/uploads\/2022\/12\/renegade_toplube.jpg","type":"image\/jpeg"}],"twitter_card":"summary_large_image","schema":{"@context":"https:\/\/schema.org","@graph":[{"@type":"WebPage","@id":"https:\/\/fastcar.shop\/product\/renegade-upper-top-lube-for-methanol-nitro-fuel-16fl-oz-473ml\/","url":"https:\/\/fastcar.shop\/product\/renegade-upper-top-lube-for-methanol-nitro-fuel-16fl-oz-473ml\/","name":"Renegade Upper Top Lube For Methanol & Nitro Fuel 16fl Oz 473ml","isPartOf":{"@id":"https:\/\/fastcar.shop\/#website"},"primaryImageOfPage":{"@id":"https:\/\/fastcar.shop\/product\/renegade-upper-top-lube-for-methanol-nitro-fuel-16fl-oz-473ml\/#primaryimage"},"image":{"@id":"https:\/\/fastcar.shop\/product\/renegade-upper-top-lube-for-methanol-nitro-fuel-16fl-oz-473ml\/#primaryimage"},"thumbnailUrl":"https:\/\/fastcar.shop\/wp-content\/uploads\/2022\/12\/renegade_toplube.jpg","datePublished":"2022-12-20T09:09:09+00:00","dateModified":"2026-02-11T13:11:23+00:00","breadcrumb":{"@id":"https:\/\/fastcar.shop\/product\/renegade-upper-top-lube-for-methanol-nitro-fuel-16fl-oz-473ml\/#breadcrumb"},"inLanguage":"lt-LT","potentialAction":[{"@type":"ReadAction","target":["https:\/\/fastcar.shop\/product\/renegade-upper-top-lube-for-methanol-nitro-fuel-16fl-oz-473ml\/"]}]},{"@type":"ImageObject","inLanguage":"lt-LT","@id":"https:\/\/fastcar.shop\/product\/renegade-upper-top-lube-for-methanol-nitro-fuel-16fl-oz-473ml\/#primaryimage","url":"https:\/\/fastcar.shop\/wp-content\/uploads\/2022\/12\/renegade_toplube.jpg","contentUrl":"https:\/\/fastcar.shop\/wp-content\/uploads\/2022\/12\/renegade_toplube.jpg","width":1280,"height":1280},{"@type":"BreadcrumbList","@id":"https:\/\/fastcar.shop\/product\/renegade-upper-top-lube-for-methanol-nitro-fuel-16fl-oz-473ml\/#breadcrumb","itemListElement":[{"@type":"ListItem","position":1,"name":"Home","item":"https:\/\/fastcar.shop\/"},{"@type":"ListItem","position":2,"name":"Shop","item":"https:\/\/fastcar.shop\/shop\/"},{"@type":"ListItem","position":3,"name":"Renegade Upper Top Lube For Methanol &#038; Nitro Fuel 16fl Oz 473ml"}]},{"@type":"WebSite","@id":"https:\/\/fastcar.shop\/#website","url":"https:\/\/fastcar.shop\/","name":"Greit\u0173 automobili\u0173 parduotuv\u0117","description":"","publisher":{"@id":"https:\/\/fastcar.shop\/#organization"},"potentialAction":[{"@type":"SearchAction","target":{"@type":"EntryPoint","urlTemplate":"https:\/\/fastcar.shop\/?s={search_term_string}"},"query-input":{"@type":"PropertyValueSpecification","valueRequired":true,"valueName":"search_term_string"}}],"inLanguage":"lt-LT"},{"@type":"Organization","@id":"https:\/\/fastcar.shop\/#organization","name":"Fastcar.shop","url":"https:\/\/fastcar.shop\/","logo":{"@type":"ImageObject","inLanguage":"lt-LT","@id":"https:\/\/fastcar.shop\/#\/schema\/logo\/image\/","url":"https:\/\/fastcar.shop\/wp-content\/uploads\/2017\/08\/FCS_JPEG-01-scaled.jpg","contentUrl":"https:\/\/fastcar.shop\/wp-content\/uploads\/2017\/08\/FCS_JPEG-01-scaled.jpg","width":2560,"height":1379,"caption":"Fastcar.shop"},"image":{"@id":"https:\/\/fastcar.shop\/#\/schema\/logo\/image\/"},"sameAs":["https:\/\/www.facebook.com\/FastcarLt?locale=lt_LT","https:\/\/www.instagram.com\/fastcar.shop\/"]}]}},"jetpack_sharing_enabled":true,"_links":{"self":[{"href":"https:\/\/fastcar.shop\/lt\/wp-json\/wp\/v2\/product\/3881","targetHints":{"allow":["GET"]}}],"collection":[{"href":"https:\/\/fastcar.shop\/lt\/wp-json\/wp\/v2\/product"}],"about":[{"href":"https:\/\/fastcar.shop\/lt\/wp-json\/wp\/v2\/types\/product"}],"wp:featuredmedia":[{"embeddable":true,"href":"https:\/\/fastcar.shop\/lt\/wp-json\/wp\/v2\/media\/3882"}],"wp:attachment":[{"href":"https:\/\/fastcar.shop\/lt\/wp-json\/wp\/v2\/media?parent=3881"}],"wp:term":[{"taxonomy":"product_brand","embeddable":true,"href":"https:\/\/fastcar.shop\/lt\/wp-json\/wp\/v2\/product_brand?post=3881"},{"taxonomy":"product_cat","embeddable":true,"href":"https:\/\/fastcar.shop\/lt\/wp-json\/wp\/v2\/product_cat?post=3881"},{"taxonomy":"product_tag","embeddable":true,"href":"https:\/\/fastcar.shop\/lt\/wp-json\/wp\/v2\/product_tag?post=3881"}],"curies":[{"name":"wp","href":"https:\/\/api.w.org\/{rel}","templated":true}]}}