{"id":3877,"date":"2022-12-20T08:27:02","date_gmt":"2022-12-20T08:27:02","guid":{"rendered":"https:\/\/fastcar.shop\/?post_type=product&#038;p=3877"},"modified":"2026-02-11T15:11:36","modified_gmt":"2026-02-11T13:11:36","slug":"renegade-motorsport-fuel-jug-20l-and-filler-tube","status":"publish","type":"product","link":"https:\/\/fastcar.shop\/lt\/product\/renegade-motorsport-fuel-jug-20l-and-filler-tube\/","title":{"rendered":"RENEGADE MOTORSPORT kuro indas 20L su \u012fpilimo vamzdeliu"},"content":{"rendered":"<ul>\n<li style=\"text-align: left;\">Pagaminta i\u0161 chemikalams atsparaus didelio tankio polietileno<\/li>\n<li style=\"text-align: left;\">Didelio stiprumo pramoninis dizainas gali atlaikyti grubiausi\u0105 apdorojim\u0105<\/li>\n<li style=\"text-align: left;\">Nel\u016b\u017etantis daugiafunkcis dangtelis su integruotu guminiu \u017eiediniu sandarikliu<\/li>\n<li style=\"text-align: left;\">Trij\u0173 briaun\u0173 dugnas, u\u017etikrinantis tvirtum\u0105, taip pat yra daugialyp\u0117s i\u0161pylimo rankena<\/li>\n<li style=\"text-align: left;\">Dvigubos k\u016bno juostos apsaugo nuo k\u016bno patinimo ir i\u0161laiko tikslius skys\u010di\u0173 lygio \u017eym\u0117jimus<\/li>\n<li style=\"text-align: left;\">Skys\u010di\u0173 lygio \u017eym\u0117jimas JAV galonais ir litrais<\/li>\n<li style=\"text-align: left;\">Kiekvienas indas praeina pro keli\u0173 etap\u0173 tikrinimus, \u012fskaitant sl\u0117gio bandym\u0105<\/li>\n<\/ul>","protected":false},"excerpt":{"rendered":"<p style=\"text-align: left;\">\"Renegade Racing Fuel\" 20 litr\u0173 motorsporto indas. Pridedamas u\u017epildo vamzdelis.<\/p>","protected":false},"featured_media":3878,"template":"","meta":[],"product_brand":[],"product_cat":[1792,16],"product_tag":[],"class_list":{"0":"post-3877","1":"product","2":"type-product","3":"status-publish","4":"has-post-thumbnail","6":"product_cat-racing","7":"product_cat-race-fuel","8":"product_provider-renegade","10":"first","11":"instock","12":"taxable","13":"shipping-taxable","14":"purchasable","15":"product-type-simple"},"aioseo_notices":[],"yoast_head":"<!-- This site is optimized with the Yoast SEO plugin v27.3 - https:\/\/yoast.com\/product\/yoast-seo-wordpress\/ -->\n<title>Renegade Motorsport Fuel Jug 20L and Filler Tube<\/title>\n<meta name=\"robots\" content=\"index, follow, max-snippet:-1, max-image-preview:large, max-video-preview:-1\" \/>\n<link rel=\"canonical\" href=\"https:\/\/fastcar.shop\/lt\/produktas\/renegade-motorsport-fuel-jug-20l-and-filler-tube\/\" \/>\n<meta property=\"og:locale\" content=\"lt_LT\" \/>\n<meta property=\"og:type\" content=\"article\" \/>\n<meta property=\"og:title\" content=\"Renegade Motorsport Fuel Jug 20L and Filler Tube\" \/>\n<meta property=\"og:description\" content=\"Renegade Racing Fuel&#039;s 20 liter Motorsport Container\/Jug. The filler tube is included.\" \/>\n<meta property=\"og:url\" content=\"https:\/\/fastcar.shop\/lt\/produktas\/renegade-motorsport-fuel-jug-20l-and-filler-tube\/\" \/>\n<meta property=\"og:site_name\" content=\"Fast Car Shop\" \/>\n<meta property=\"article:publisher\" content=\"https:\/\/www.facebook.com\/FastcarLt?locale=lt_LT\" \/>\n<meta property=\"article:modified_time\" content=\"2026-02-11T13:11:36+00:00\" \/>\n<meta property=\"og:image\" content=\"https:\/\/fastcar.shop\/wp-content\/uploads\/2022\/12\/renegade_motorsport_jug_yellow.jpg\" \/>\n\t<meta property=\"og:image:width\" content=\"500\" \/>\n\t<meta property=\"og:image:height\" content=\"500\" \/>\n\t<meta property=\"og:image:type\" content=\"image\/jpeg\" \/>\n<meta name=\"twitter:card\" content=\"summary_large_image\" \/>\n<!-- \/ Yoast SEO plugin. -->","yoast_head_json":{"title":"RENEGADE MOTORSPORT kuro indas 20L su \u012fpilimo vamzdeliu","robots":{"index":"index","follow":"follow","max-snippet":"max-snippet:-1","max-image-preview":"max-image-preview:large","max-video-preview":"max-video-preview:-1"},"canonical":"https:\/\/fastcar.shop\/lt\/produktas\/renegade-motorsport-fuel-jug-20l-and-filler-tube\/","og_locale":"lt_LT","og_type":"article","og_title":"Renegade Motorsport Fuel Jug 20L and Filler Tube","og_description":"Renegade Racing Fuel's 20 liter Motorsport Container\/Jug. The filler tube is included.","og_url":"https:\/\/fastcar.shop\/lt\/produktas\/renegade-motorsport-fuel-jug-20l-and-filler-tube\/","og_site_name":"Fast Car Shop","article_publisher":"https:\/\/www.facebook.com\/FastcarLt?locale=lt_LT","article_modified_time":"2026-02-11T13:11:36+00:00","og_image":[{"width":500,"height":500,"url":"https:\/\/fastcar.shop\/wp-content\/uploads\/2022\/12\/renegade_motorsport_jug_yellow.jpg","type":"image\/jpeg"}],"twitter_card":"summary_large_image","schema":{"@context":"https:\/\/schema.org","@graph":[{"@type":"WebPage","@id":"https:\/\/fastcar.shop\/product\/renegade-motorsport-fuel-jug-20l-and-filler-tube\/","url":"https:\/\/fastcar.shop\/product\/renegade-motorsport-fuel-jug-20l-and-filler-tube\/","name":"RENEGADE MOTORSPORT kuro indas 20L su \u012fpilimo vamzdeliu","isPartOf":{"@id":"https:\/\/fastcar.shop\/#website"},"primaryImageOfPage":{"@id":"https:\/\/fastcar.shop\/product\/renegade-motorsport-fuel-jug-20l-and-filler-tube\/#primaryimage"},"image":{"@id":"https:\/\/fastcar.shop\/product\/renegade-motorsport-fuel-jug-20l-and-filler-tube\/#primaryimage"},"thumbnailUrl":"https:\/\/fastcar.shop\/wp-content\/uploads\/2022\/12\/renegade_motorsport_jug_yellow.jpg","datePublished":"2022-12-20T08:27:02+00:00","dateModified":"2026-02-11T13:11:36+00:00","breadcrumb":{"@id":"https:\/\/fastcar.shop\/product\/renegade-motorsport-fuel-jug-20l-and-filler-tube\/#breadcrumb"},"inLanguage":"lt-LT","potentialAction":[{"@type":"ReadAction","target":["https:\/\/fastcar.shop\/product\/renegade-motorsport-fuel-jug-20l-and-filler-tube\/"]}]},{"@type":"ImageObject","inLanguage":"lt-LT","@id":"https:\/\/fastcar.shop\/product\/renegade-motorsport-fuel-jug-20l-and-filler-tube\/#primaryimage","url":"https:\/\/fastcar.shop\/wp-content\/uploads\/2022\/12\/renegade_motorsport_jug_yellow.jpg","contentUrl":"https:\/\/fastcar.shop\/wp-content\/uploads\/2022\/12\/renegade_motorsport_jug_yellow.jpg","width":500,"height":500},{"@type":"BreadcrumbList","@id":"https:\/\/fastcar.shop\/product\/renegade-motorsport-fuel-jug-20l-and-filler-tube\/#breadcrumb","itemListElement":[{"@type":"ListItem","position":1,"name":"Home","item":"https:\/\/fastcar.shop\/"},{"@type":"ListItem","position":2,"name":"Shop","item":"https:\/\/fastcar.shop\/shop\/"},{"@type":"ListItem","position":3,"name":"Renegade Motorsport Fuel Jug 20L and Filler Tube"}]},{"@type":"WebSite","@id":"https:\/\/fastcar.shop\/#website","url":"https:\/\/fastcar.shop\/","name":"Greit\u0173 automobili\u0173 parduotuv\u0117","description":"","publisher":{"@id":"https:\/\/fastcar.shop\/#organization"},"potentialAction":[{"@type":"SearchAction","target":{"@type":"EntryPoint","urlTemplate":"https:\/\/fastcar.shop\/?s={search_term_string}"},"query-input":{"@type":"PropertyValueSpecification","valueRequired":true,"valueName":"search_term_string"}}],"inLanguage":"lt-LT"},{"@type":"Organization","@id":"https:\/\/fastcar.shop\/#organization","name":"Fastcar.shop","url":"https:\/\/fastcar.shop\/","logo":{"@type":"ImageObject","inLanguage":"lt-LT","@id":"https:\/\/fastcar.shop\/#\/schema\/logo\/image\/","url":"https:\/\/fastcar.shop\/wp-content\/uploads\/2017\/08\/FCS_JPEG-01-scaled.jpg","contentUrl":"https:\/\/fastcar.shop\/wp-content\/uploads\/2017\/08\/FCS_JPEG-01-scaled.jpg","width":2560,"height":1379,"caption":"Fastcar.shop"},"image":{"@id":"https:\/\/fastcar.shop\/#\/schema\/logo\/image\/"},"sameAs":["https:\/\/www.facebook.com\/FastcarLt?locale=lt_LT","https:\/\/www.instagram.com\/fastcar.shop\/"]}]}},"jetpack_sharing_enabled":true,"_links":{"self":[{"href":"https:\/\/fastcar.shop\/lt\/wp-json\/wp\/v2\/product\/3877","targetHints":{"allow":["GET"]}}],"collection":[{"href":"https:\/\/fastcar.shop\/lt\/wp-json\/wp\/v2\/product"}],"about":[{"href":"https:\/\/fastcar.shop\/lt\/wp-json\/wp\/v2\/types\/product"}],"wp:featuredmedia":[{"embeddable":true,"href":"https:\/\/fastcar.shop\/lt\/wp-json\/wp\/v2\/media\/3878"}],"wp:attachment":[{"href":"https:\/\/fastcar.shop\/lt\/wp-json\/wp\/v2\/media?parent=3877"}],"wp:term":[{"taxonomy":"product_brand","embeddable":true,"href":"https:\/\/fastcar.shop\/lt\/wp-json\/wp\/v2\/product_brand?post=3877"},{"taxonomy":"product_cat","embeddable":true,"href":"https:\/\/fastcar.shop\/lt\/wp-json\/wp\/v2\/product_cat?post=3877"},{"taxonomy":"product_tag","embeddable":true,"href":"https:\/\/fastcar.shop\/lt\/wp-json\/wp\/v2\/product_tag?post=3877"}],"curies":[{"name":"wp","href":"https:\/\/api.w.org\/{rel}","templated":true}]}}