{"id":3869,"date":"2022-12-19T10:12:15","date_gmt":"2022-12-19T10:12:15","guid":{"rendered":"https:\/\/fastcar.shop\/?post_type=product&#038;p=3869"},"modified":"2026-02-11T15:12:44","modified_gmt":"2026-02-11T13:12:44","slug":"renegade-ratman-the-juice-boost-octane-power-1-quart-946ml","status":"publish","type":"product","link":"https:\/\/fastcar.shop\/lt\/product\/renegade-ratman-the-juice-boost-octane-power-1-quart-946ml\/","title":{"rendered":"RENEGADE RATMAN THE JUICE BOOST oktan\u0173 skai\u010di\u0173 padidinantis ir galios didinantis priedas 946ml"},"content":{"rendered":"<p style=\"text-align: left;\">\"Renegade RATMAN Boost Juice\" yra didelio na\u0161umo oktanin\u012f skai\u010di\u0173 didinantis produktas, kuris leis j\u016bs\u0173 variklio na\u0161umui atskleisti vis\u0105 savo potencial\u0105. Naudodamas t\u0105 pa\u010di\u0105 technologij\u0105, kaip ir m\u016bs\u0173 didelio na\u0161umo lenktyni\u0173 degalai, RATMAN Boost Juice ne tik u\u017etikrina reikiam\u0105 oktanin\u012f skai\u010di\u0173, bet ir degim\u0105 gerinan\u010di\u0105 chemij\u0105 kartu su degal\u0173 sistemos valikliais, kurie u\u017etikrina, kad j\u016bs\u0173 variklis veikt\u0173 v\u0117siau, \u0161variau ir nuosekliau. \"RATMAN Boost Juice\" yra saugi O2 jutikliui ir nepakenks kataliziniams konverteriams. Nesvarbu, ar jums reikia padidinti apsuk\u0173 skai\u010di\u0173, ar padidinti pagreit\u012f, \"RATMAN Boost Juice\" jums pad\u0117s.<\/p>\n<p style=\"text-align: left;\"><strong>I\u0161sami informacija:<\/strong><\/p>\n<ul>\n<li style=\"text-align: left;\">Talpa 946ml<\/li>\n<li style=\"text-align: left;\">O2 jutiklis saugus<\/li>\n<li style=\"text-align: left;\">Nepakenks kataliziniams konverteriams<\/li>\n<li style=\"text-align: left;\">U\u017etikrina, kad j\u016bs\u0173 variklis veikt\u0173 v\u0117siau, \u0161variau ir nuosekliau<\/li>\n<\/ul>","protected":false},"excerpt":{"rendered":"<p style=\"text-align: left;\">\"RATMAN Boost Juice\" padidins j\u016bs\u0173 oktanin\u012f skai\u010di\u0173 iki 20!<\/p>","protected":false},"featured_media":3870,"template":"","meta":[],"product_brand":[],"product_cat":[1788,1792,16],"product_tag":[],"class_list":{"0":"post-3869","1":"product","2":"type-product","3":"status-publish","4":"has-post-thumbnail","6":"product_cat-fuel-treatments","7":"product_cat-racing","8":"product_cat-race-fuel","9":"product_provider-renegade","11":"first","12":"instock","13":"taxable","14":"shipping-taxable","15":"purchasable","16":"product-type-simple"},"aioseo_notices":[],"yoast_head":"<!-- This site is optimized with the Yoast SEO plugin v27.3 - https:\/\/yoast.com\/product\/yoast-seo-wordpress\/ -->\n<title>Renegade Ratman The Juice Boost Octane + Power 1 Quart 946ml<\/title>\n<meta name=\"robots\" content=\"index, follow, max-snippet:-1, max-image-preview:large, max-video-preview:-1\" \/>\n<link rel=\"canonical\" href=\"https:\/\/fastcar.shop\/lt\/produktas\/renegade-ratman-the-juice-boost-octane-power-1-quart-946ml\/\" \/>\n<meta property=\"og:locale\" content=\"lt_LT\" \/>\n<meta property=\"og:type\" content=\"article\" \/>\n<meta property=\"og:title\" content=\"Renegade Ratman The Juice Boost Octane + Power 1 Quart 946ml\" \/>\n<meta property=\"og:description\" content=\"RATMAN Boost Juice will increase your octane number by up to 20!\" \/>\n<meta property=\"og:url\" content=\"https:\/\/fastcar.shop\/lt\/produktas\/renegade-ratman-the-juice-boost-octane-power-1-quart-946ml\/\" \/>\n<meta property=\"og:site_name\" content=\"Fast Car Shop\" \/>\n<meta property=\"article:publisher\" content=\"https:\/\/www.facebook.com\/FastcarLt?locale=lt_LT\" \/>\n<meta property=\"article:modified_time\" content=\"2026-02-11T13:12:44+00:00\" \/>\n<meta property=\"og:image\" content=\"https:\/\/fastcar.shop\/wp-content\/uploads\/2022\/12\/boostjuice_ratman.jpg\" \/>\n\t<meta property=\"og:image:width\" content=\"1500\" \/>\n\t<meta property=\"og:image:height\" content=\"1500\" \/>\n\t<meta property=\"og:image:type\" content=\"image\/jpeg\" \/>\n<meta name=\"twitter:card\" content=\"summary_large_image\" \/>\n<meta name=\"twitter:label1\" content=\"Est. reading time\" \/>\n\t<meta name=\"twitter:data1\" content=\"1 minut\u0117\" \/>\n<!-- \/ Yoast SEO plugin. -->","yoast_head_json":{"title":"RENEGADE RATMAN THE JUICE BOOST oktan\u0173 skai\u010di\u0173 padidinantis ir galios didinantis priedas 946ml","robots":{"index":"index","follow":"follow","max-snippet":"max-snippet:-1","max-image-preview":"max-image-preview:large","max-video-preview":"max-video-preview:-1"},"canonical":"https:\/\/fastcar.shop\/lt\/produktas\/renegade-ratman-the-juice-boost-octane-power-1-quart-946ml\/","og_locale":"lt_LT","og_type":"article","og_title":"Renegade Ratman The Juice Boost Octane + Power 1 Quart 946ml","og_description":"RATMAN Boost Juice will increase your octane number by up to 20!","og_url":"https:\/\/fastcar.shop\/lt\/produktas\/renegade-ratman-the-juice-boost-octane-power-1-quart-946ml\/","og_site_name":"Fast Car Shop","article_publisher":"https:\/\/www.facebook.com\/FastcarLt?locale=lt_LT","article_modified_time":"2026-02-11T13:12:44+00:00","og_image":[{"width":1500,"height":1500,"url":"https:\/\/fastcar.shop\/wp-content\/uploads\/2022\/12\/boostjuice_ratman.jpg","type":"image\/jpeg"}],"twitter_card":"summary_large_image","twitter_misc":{"Est. reading time":"1 minut\u0117"},"schema":{"@context":"https:\/\/schema.org","@graph":[{"@type":"WebPage","@id":"https:\/\/fastcar.shop\/product\/renegade-ratman-the-juice-boost-octane-power-1-quart-946ml\/","url":"https:\/\/fastcar.shop\/product\/renegade-ratman-the-juice-boost-octane-power-1-quart-946ml\/","name":"RENEGADE RATMAN THE JUICE BOOST oktan\u0173 skai\u010di\u0173 padidinantis ir galios didinantis priedas 946ml","isPartOf":{"@id":"https:\/\/fastcar.shop\/#website"},"primaryImageOfPage":{"@id":"https:\/\/fastcar.shop\/product\/renegade-ratman-the-juice-boost-octane-power-1-quart-946ml\/#primaryimage"},"image":{"@id":"https:\/\/fastcar.shop\/product\/renegade-ratman-the-juice-boost-octane-power-1-quart-946ml\/#primaryimage"},"thumbnailUrl":"https:\/\/fastcar.shop\/wp-content\/uploads\/2022\/12\/boostjuice_ratman.jpg","datePublished":"2022-12-19T10:12:15+00:00","dateModified":"2026-02-11T13:12:44+00:00","breadcrumb":{"@id":"https:\/\/fastcar.shop\/product\/renegade-ratman-the-juice-boost-octane-power-1-quart-946ml\/#breadcrumb"},"inLanguage":"lt-LT","potentialAction":[{"@type":"ReadAction","target":["https:\/\/fastcar.shop\/product\/renegade-ratman-the-juice-boost-octane-power-1-quart-946ml\/"]}]},{"@type":"ImageObject","inLanguage":"lt-LT","@id":"https:\/\/fastcar.shop\/product\/renegade-ratman-the-juice-boost-octane-power-1-quart-946ml\/#primaryimage","url":"https:\/\/fastcar.shop\/wp-content\/uploads\/2022\/12\/boostjuice_ratman.jpg","contentUrl":"https:\/\/fastcar.shop\/wp-content\/uploads\/2022\/12\/boostjuice_ratman.jpg","width":1500,"height":1500},{"@type":"BreadcrumbList","@id":"https:\/\/fastcar.shop\/product\/renegade-ratman-the-juice-boost-octane-power-1-quart-946ml\/#breadcrumb","itemListElement":[{"@type":"ListItem","position":1,"name":"Home","item":"https:\/\/fastcar.shop\/"},{"@type":"ListItem","position":2,"name":"Shop","item":"https:\/\/fastcar.shop\/shop\/"},{"@type":"ListItem","position":3,"name":"Renegade Ratman The Juice Boost Octane + Power 1 Quart 946ml"}]},{"@type":"WebSite","@id":"https:\/\/fastcar.shop\/#website","url":"https:\/\/fastcar.shop\/","name":"Greit\u0173 automobili\u0173 parduotuv\u0117","description":"","publisher":{"@id":"https:\/\/fastcar.shop\/#organization"},"potentialAction":[{"@type":"SearchAction","target":{"@type":"EntryPoint","urlTemplate":"https:\/\/fastcar.shop\/?s={search_term_string}"},"query-input":{"@type":"PropertyValueSpecification","valueRequired":true,"valueName":"search_term_string"}}],"inLanguage":"lt-LT"},{"@type":"Organization","@id":"https:\/\/fastcar.shop\/#organization","name":"Fastcar.shop","url":"https:\/\/fastcar.shop\/","logo":{"@type":"ImageObject","inLanguage":"lt-LT","@id":"https:\/\/fastcar.shop\/#\/schema\/logo\/image\/","url":"https:\/\/fastcar.shop\/wp-content\/uploads\/2017\/08\/FCS_JPEG-01-scaled.jpg","contentUrl":"https:\/\/fastcar.shop\/wp-content\/uploads\/2017\/08\/FCS_JPEG-01-scaled.jpg","width":2560,"height":1379,"caption":"Fastcar.shop"},"image":{"@id":"https:\/\/fastcar.shop\/#\/schema\/logo\/image\/"},"sameAs":["https:\/\/www.facebook.com\/FastcarLt?locale=lt_LT","https:\/\/www.instagram.com\/fastcar.shop\/"]}]}},"jetpack_sharing_enabled":true,"_links":{"self":[{"href":"https:\/\/fastcar.shop\/lt\/wp-json\/wp\/v2\/product\/3869","targetHints":{"allow":["GET"]}}],"collection":[{"href":"https:\/\/fastcar.shop\/lt\/wp-json\/wp\/v2\/product"}],"about":[{"href":"https:\/\/fastcar.shop\/lt\/wp-json\/wp\/v2\/types\/product"}],"wp:featuredmedia":[{"embeddable":true,"href":"https:\/\/fastcar.shop\/lt\/wp-json\/wp\/v2\/media\/3870"}],"wp:attachment":[{"href":"https:\/\/fastcar.shop\/lt\/wp-json\/wp\/v2\/media?parent=3869"}],"wp:term":[{"taxonomy":"product_brand","embeddable":true,"href":"https:\/\/fastcar.shop\/lt\/wp-json\/wp\/v2\/product_brand?post=3869"},{"taxonomy":"product_cat","embeddable":true,"href":"https:\/\/fastcar.shop\/lt\/wp-json\/wp\/v2\/product_cat?post=3869"},{"taxonomy":"product_tag","embeddable":true,"href":"https:\/\/fastcar.shop\/lt\/wp-json\/wp\/v2\/product_tag?post=3869"}],"curies":[{"name":"wp","href":"https:\/\/api.w.org\/{rel}","templated":true}]}}