{"id":3770,"date":"2022-06-09T10:21:38","date_gmt":"2022-06-09T10:21:38","guid":{"rendered":"https:\/\/fastcar.shop\/?post_type=product&#038;p=3770"},"modified":"2024-12-11T12:45:19","modified_gmt":"2024-12-11T10:45:19","slug":"renegade-boost-19l","status":"publish","type":"product","link":"https:\/\/fastcar.shop\/lt\/product\/renegade-boost-19l\/","title":{"rendered":"Renegade Boost 19L"},"content":{"rendered":"<p style=\"text-align: left;\">Kai siekiate maksimalios galios i\u0161 savo auk\u0161t\u0173 s\u016bki\u0173 da\u017eni\u0173 turbininio, didelio suspaudimo azoto arba nat\u016bralaus \u012fp\u016btimo lenktyninio variklio, \"RATMAN Boost\" yra atsakymas. \u0160ie didelio oktaninio skai\u010diaus deguonies prisotinti degalai u\u017etikrins tok\u012f cilindr\u0173 sl\u0117g\u012f, koks b\u016bdingas \u0161iuolaikiniams varikliams su stiprintuvais, ir kartu i\u0161laikys \u0161alt\u0105, \u0161var\u0173, nuosekl\u0173 degim\u0105, kuriuo pasi\u017eymi \"Renegade\" degalai.<\/p>","protected":false},"excerpt":{"rendered":"<p style=\"text-align: left;\">I\u0161sami informacija:<\/p>\n<p style=\"text-align: left;\">Oktaninis skai\u010dius \u2013 R+M\/2 124+<br \/>\nVariklio oktaninis skai\u010dius n\u0117ra<br \/>\nTyrimas Oktanas n\/a<br \/>\nSavitasis sunkis 0,71<br \/>\nRVP 6.7<br \/>\nDeguonimi 5%<br \/>\n\u0160vinas Taip<br \/>\nStoicho santykis 14,34:1<br \/>\nSpalva \u0160viesi ro\u017e\u0117<\/p>\n<p style=\"text-align: left;\">Tipin\u0117 oktanin\u0117 vert\u0117<\/p>","protected":false},"featured_media":3124,"template":"","meta":[],"product_brand":[],"product_cat":[1771,16],"product_tag":[],"class_list":{"0":"post-3770","1":"product","2":"type-product","3":"status-publish","4":"has-post-thumbnail","6":"product_cat-renegade-race-fuel-leaded","7":"product_cat-race-fuel","8":"product_provider-renegade","10":"first","11":"instock","12":"sold-individually","13":"taxable","14":"shipping-taxable","15":"purchasable","16":"product-type-simple"},"aioseo_notices":[],"yoast_head":"<!-- This site is optimized with the Yoast SEO plugin v27.4 - https:\/\/yoast.com\/product\/yoast-seo-wordpress\/ -->\n<title>Renegade Boost 19L<\/title>\n<meta name=\"description\" content=\"When you are looking for maximum power from your high RPM turbo or high compression nitrous or naturally aspirated race engine, RATMAN Boost is the answer.\" \/>\n<meta name=\"robots\" content=\"index, follow, max-snippet:-1, max-image-preview:large, max-video-preview:-1\" \/>\n<link rel=\"canonical\" href=\"https:\/\/fastcar.shop\/lt\/produktas\/renegade-boost-19l\/\" \/>\n<meta property=\"og:locale\" content=\"lt_LT\" \/>\n<meta property=\"og:type\" content=\"article\" \/>\n<meta property=\"og:title\" content=\"Renegade Boost 19L\" \/>\n<meta property=\"og:description\" content=\"When you are looking for maximum power from your high RPM turbo or high compression nitrous or naturally aspirated race engine, RATMAN Boost is the answer.\" \/>\n<meta property=\"og:url\" content=\"https:\/\/fastcar.shop\/lt\/produktas\/renegade-boost-19l\/\" \/>\n<meta property=\"og:site_name\" content=\"Fast Car Shop\" \/>\n<meta property=\"article:publisher\" content=\"https:\/\/www.facebook.com\/FastcarLt?locale=lt_LT\" \/>\n<meta property=\"article:modified_time\" content=\"2024-12-11T10:45:19+00:00\" \/>\n<meta property=\"og:image\" content=\"https:\/\/fastcar.shop\/wp-content\/uploads\/2013\/06\/pail-2020-1024x1024-1.jpg\" \/>\n\t<meta property=\"og:image:width\" content=\"1024\" \/>\n\t<meta property=\"og:image:height\" content=\"1024\" \/>\n\t<meta property=\"og:image:type\" content=\"image\/jpeg\" \/>\n<meta name=\"twitter:card\" content=\"summary_large_image\" \/>\n<meta name=\"twitter:label1\" content=\"Est. reading time\" \/>\n\t<meta name=\"twitter:data1\" content=\"1 minut\u0117\" \/>\n<!-- \/ Yoast SEO plugin. -->","yoast_head_json":{"title":"Renegade Boost 19L","description":"When you are looking for maximum power from your high RPM turbo or high compression nitrous or naturally aspirated race engine, RATMAN Boost is the answer.","robots":{"index":"index","follow":"follow","max-snippet":"max-snippet:-1","max-image-preview":"max-image-preview:large","max-video-preview":"max-video-preview:-1"},"canonical":"https:\/\/fastcar.shop\/lt\/produktas\/renegade-boost-19l\/","og_locale":"lt_LT","og_type":"article","og_title":"Renegade Boost 19L","og_description":"When you are looking for maximum power from your high RPM turbo or high compression nitrous or naturally aspirated race engine, RATMAN Boost is the answer.","og_url":"https:\/\/fastcar.shop\/lt\/produktas\/renegade-boost-19l\/","og_site_name":"Fast Car Shop","article_publisher":"https:\/\/www.facebook.com\/FastcarLt?locale=lt_LT","article_modified_time":"2024-12-11T10:45:19+00:00","og_image":[{"width":1024,"height":1024,"url":"https:\/\/fastcar.shop\/wp-content\/uploads\/2013\/06\/pail-2020-1024x1024-1.jpg","type":"image\/jpeg"}],"twitter_card":"summary_large_image","twitter_misc":{"Est. reading time":"1 minut\u0117"},"schema":{"@context":"https:\/\/schema.org","@graph":[{"@type":"WebPage","@id":"https:\/\/fastcar.shop\/product\/renegade-boost-19l\/","url":"https:\/\/fastcar.shop\/product\/renegade-boost-19l\/","name":"Renegade Boost 19L","isPartOf":{"@id":"https:\/\/fastcar.shop\/#website"},"primaryImageOfPage":{"@id":"https:\/\/fastcar.shop\/product\/renegade-boost-19l\/#primaryimage"},"image":{"@id":"https:\/\/fastcar.shop\/product\/renegade-boost-19l\/#primaryimage"},"thumbnailUrl":"https:\/\/fastcar.shop\/wp-content\/uploads\/2013\/06\/pail-2020-1024x1024-1.jpg","datePublished":"2022-06-09T10:21:38+00:00","dateModified":"2024-12-11T10:45:19+00:00","description":"When you are looking for maximum power from your high RPM turbo or high compression nitrous or naturally aspirated race engine, RATMAN Boost is the answer.","breadcrumb":{"@id":"https:\/\/fastcar.shop\/product\/renegade-boost-19l\/#breadcrumb"},"inLanguage":"lt-LT","potentialAction":[{"@type":"ReadAction","target":["https:\/\/fastcar.shop\/product\/renegade-boost-19l\/"]}]},{"@type":"ImageObject","inLanguage":"lt-LT","@id":"https:\/\/fastcar.shop\/product\/renegade-boost-19l\/#primaryimage","url":"https:\/\/fastcar.shop\/wp-content\/uploads\/2013\/06\/pail-2020-1024x1024-1.jpg","contentUrl":"https:\/\/fastcar.shop\/wp-content\/uploads\/2013\/06\/pail-2020-1024x1024-1.jpg","width":1024,"height":1024},{"@type":"BreadcrumbList","@id":"https:\/\/fastcar.shop\/product\/renegade-boost-19l\/#breadcrumb","itemListElement":[{"@type":"ListItem","position":1,"name":"Home","item":"https:\/\/fastcar.shop\/"},{"@type":"ListItem","position":2,"name":"Shop","item":"https:\/\/fastcar.shop\/shop\/"},{"@type":"ListItem","position":3,"name":"Renegade Boost 19L"}]},{"@type":"WebSite","@id":"https:\/\/fastcar.shop\/#website","url":"https:\/\/fastcar.shop\/","name":"Greit\u0173 automobili\u0173 parduotuv\u0117","description":"","publisher":{"@id":"https:\/\/fastcar.shop\/#organization"},"potentialAction":[{"@type":"SearchAction","target":{"@type":"EntryPoint","urlTemplate":"https:\/\/fastcar.shop\/?s={search_term_string}"},"query-input":{"@type":"PropertyValueSpecification","valueRequired":true,"valueName":"search_term_string"}}],"inLanguage":"lt-LT"},{"@type":"Organization","@id":"https:\/\/fastcar.shop\/#organization","name":"Fastcar.shop","url":"https:\/\/fastcar.shop\/","logo":{"@type":"ImageObject","inLanguage":"lt-LT","@id":"https:\/\/fastcar.shop\/#\/schema\/logo\/image\/","url":"https:\/\/fastcar.shop\/wp-content\/uploads\/2017\/08\/FCS_JPEG-01-scaled.jpg","contentUrl":"https:\/\/fastcar.shop\/wp-content\/uploads\/2017\/08\/FCS_JPEG-01-scaled.jpg","width":2560,"height":1379,"caption":"Fastcar.shop"},"image":{"@id":"https:\/\/fastcar.shop\/#\/schema\/logo\/image\/"},"sameAs":["https:\/\/www.facebook.com\/FastcarLt?locale=lt_LT","https:\/\/www.instagram.com\/fastcar.shop\/"]}]}},"jetpack_sharing_enabled":true,"_links":{"self":[{"href":"https:\/\/fastcar.shop\/lt\/wp-json\/wp\/v2\/product\/3770","targetHints":{"allow":["GET"]}}],"collection":[{"href":"https:\/\/fastcar.shop\/lt\/wp-json\/wp\/v2\/product"}],"about":[{"href":"https:\/\/fastcar.shop\/lt\/wp-json\/wp\/v2\/types\/product"}],"wp:featuredmedia":[{"embeddable":true,"href":"https:\/\/fastcar.shop\/lt\/wp-json\/wp\/v2\/media\/3124"}],"wp:attachment":[{"href":"https:\/\/fastcar.shop\/lt\/wp-json\/wp\/v2\/media?parent=3770"}],"wp:term":[{"taxonomy":"product_brand","embeddable":true,"href":"https:\/\/fastcar.shop\/lt\/wp-json\/wp\/v2\/product_brand?post=3770"},{"taxonomy":"product_cat","embeddable":true,"href":"https:\/\/fastcar.shop\/lt\/wp-json\/wp\/v2\/product_cat?post=3770"},{"taxonomy":"product_tag","embeddable":true,"href":"https:\/\/fastcar.shop\/lt\/wp-json\/wp\/v2\/product_tag?post=3770"}],"curies":[{"name":"wp","href":"https:\/\/api.w.org\/{rel}","templated":true}]}}