{"id":3768,"date":"2022-06-09T10:00:23","date_gmt":"2022-06-09T10:00:23","guid":{"rendered":"https:\/\/fastcar.shop\/?post_type=product&#038;p=3768"},"modified":"2026-03-20T10:59:23","modified_gmt":"2026-03-20T08:59:23","slug":"renegade-pro-120-nitrous-19l","status":"publish","type":"product","link":"https:\/\/fastcar.shop\/lt\/product\/renegade-pro-120-nitrous-19l\/","title":{"rendered":"Renegade Pro 120+ Nitrous 19L"},"content":{"rendered":"<p style=\"text-align: left;\">Vyresnysis m\u016bs\u0173 120+ kuro brolis, \u0161is kuras turi m\u016bs\u0173 patentuot\u0105 pried\u0173 paket\u0105, kuris padeda tepti vo\u017etuvus ir cilindrus nitro sistemoms, taip pat padeda i\u0161vengti nitro implozij\u0173.<\/p>\n<p style=\"text-align: left;\">\u0160i formul\u0117 suteikia papildom\u0105 apsaug\u0105 itin egzoti\u0161koms konfig\u016bracijoms, kurios naudoja nitro.<\/p>","protected":false},"excerpt":{"rendered":"<p style=\"text-align: left;\">I\u0161sami informacija:<\/p>\n<p style=\"text-align: left;\">Oktanas \u2013 R+M\/2 120<br \/>\nVariklio oktaninis skai\u010dius 117*<br \/>\nTyrimo oktaninis skai\u010dius 123<br \/>\nSavitasis sunkis 0,702<br \/>\nRVP 4.35<br \/>\nPrisotintas deguonimi Nr<br \/>\n\u0160vinas Taip<br \/>\nStoicho santykis 15,0:1<br \/>\nSpalva Oran\u017ein\u0117<\/p>\n<p style=\"text-align: left;\">* I\u0161bandyta net 120 MON<\/p>\n<p style=\"text-align: left;\">Tipin\u0117 oktanin\u0117 vert\u0117<\/p>","protected":false},"featured_media":3124,"template":"","meta":[],"product_brand":[],"product_cat":[1771,16],"product_tag":[],"class_list":{"0":"post-3768","1":"product","2":"type-product","3":"status-publish","4":"has-post-thumbnail","6":"product_cat-renegade-race-fuel-leaded","7":"product_cat-race-fuel","8":"product_provider-renegade","10":"first","11":"outofstock","12":"taxable","13":"shipping-taxable","14":"purchasable","15":"product-type-simple"},"aioseo_notices":[],"yoast_head":"<!-- This site is optimized with the Yoast SEO plugin v27.3 - https:\/\/yoast.com\/product\/yoast-seo-wordpress\/ -->\n<title>Renegade Pro 120+ Nitrous 19L<\/title>\n<meta name=\"robots\" content=\"index, follow, max-snippet:-1, max-image-preview:large, max-video-preview:-1\" \/>\n<link rel=\"canonical\" href=\"https:\/\/fastcar.shop\/lt\/produktas\/renegade-pro-120-nitrous-19l\/\" \/>\n<meta property=\"og:locale\" content=\"lt_LT\" \/>\n<meta property=\"og:type\" content=\"article\" \/>\n<meta property=\"og:title\" content=\"Renegade Pro 120+ Nitrous 19L\" \/>\n<meta property=\"og:description\" content=\"Details: Octane \u2013 R+M\/2 120 Motor Octane 117* Research Octane 123 Specific Gravity 0.702 RVP 4.35 Oxygenated No Leaded Yes Stoich Ratio 15.0:1 Color Orange *Has tested as high as 120 MON Typical Octane Value\" \/>\n<meta property=\"og:url\" content=\"https:\/\/fastcar.shop\/lt\/produktas\/renegade-pro-120-nitrous-19l\/\" \/>\n<meta property=\"og:site_name\" content=\"Fast Car Shop\" \/>\n<meta property=\"article:publisher\" content=\"https:\/\/www.facebook.com\/FastcarLt?locale=lt_LT\" \/>\n<meta property=\"article:modified_time\" content=\"2026-03-20T08:59:23+00:00\" \/>\n<meta property=\"og:image\" content=\"https:\/\/fastcar.shop\/wp-content\/uploads\/2013\/06\/pail-2020-1024x1024-1.jpg\" \/>\n\t<meta property=\"og:image:width\" content=\"1024\" \/>\n\t<meta property=\"og:image:height\" content=\"1024\" \/>\n\t<meta property=\"og:image:type\" content=\"image\/jpeg\" \/>\n<meta name=\"twitter:card\" content=\"summary_large_image\" \/>\n<meta name=\"twitter:label1\" content=\"Est. reading time\" \/>\n\t<meta name=\"twitter:data1\" content=\"1 minut\u0117\" \/>\n<!-- \/ Yoast SEO plugin. -->","yoast_head_json":{"title":"Renegade Pro 120+ Nitrous 19L","robots":{"index":"index","follow":"follow","max-snippet":"max-snippet:-1","max-image-preview":"max-image-preview:large","max-video-preview":"max-video-preview:-1"},"canonical":"https:\/\/fastcar.shop\/lt\/produktas\/renegade-pro-120-nitrous-19l\/","og_locale":"lt_LT","og_type":"article","og_title":"Renegade Pro 120+ Nitrous 19L","og_description":"Details: Octane \u2013 R+M\/2 120 Motor Octane 117* Research Octane 123 Specific Gravity 0.702 RVP 4.35 Oxygenated No Leaded Yes Stoich Ratio 15.0:1 Color Orange *Has tested as high as 120 MON Typical Octane Value","og_url":"https:\/\/fastcar.shop\/lt\/produktas\/renegade-pro-120-nitrous-19l\/","og_site_name":"Fast Car Shop","article_publisher":"https:\/\/www.facebook.com\/FastcarLt?locale=lt_LT","article_modified_time":"2026-03-20T08:59:23+00:00","og_image":[{"width":1024,"height":1024,"url":"https:\/\/fastcar.shop\/wp-content\/uploads\/2013\/06\/pail-2020-1024x1024-1.jpg","type":"image\/jpeg"}],"twitter_card":"summary_large_image","twitter_misc":{"Est. reading time":"1 minut\u0117"},"schema":{"@context":"https:\/\/schema.org","@graph":[{"@type":"WebPage","@id":"https:\/\/fastcar.shop\/product\/renegade-pro-120-nitrous-19l\/","url":"https:\/\/fastcar.shop\/product\/renegade-pro-120-nitrous-19l\/","name":"Renegade Pro 120+ Nitrous 19L","isPartOf":{"@id":"https:\/\/fastcar.shop\/#website"},"primaryImageOfPage":{"@id":"https:\/\/fastcar.shop\/product\/renegade-pro-120-nitrous-19l\/#primaryimage"},"image":{"@id":"https:\/\/fastcar.shop\/product\/renegade-pro-120-nitrous-19l\/#primaryimage"},"thumbnailUrl":"https:\/\/fastcar.shop\/wp-content\/uploads\/2013\/06\/pail-2020-1024x1024-1.jpg","datePublished":"2022-06-09T10:00:23+00:00","dateModified":"2026-03-20T08:59:23+00:00","breadcrumb":{"@id":"https:\/\/fastcar.shop\/product\/renegade-pro-120-nitrous-19l\/#breadcrumb"},"inLanguage":"lt-LT","potentialAction":[{"@type":"ReadAction","target":["https:\/\/fastcar.shop\/product\/renegade-pro-120-nitrous-19l\/"]}]},{"@type":"ImageObject","inLanguage":"lt-LT","@id":"https:\/\/fastcar.shop\/product\/renegade-pro-120-nitrous-19l\/#primaryimage","url":"https:\/\/fastcar.shop\/wp-content\/uploads\/2013\/06\/pail-2020-1024x1024-1.jpg","contentUrl":"https:\/\/fastcar.shop\/wp-content\/uploads\/2013\/06\/pail-2020-1024x1024-1.jpg","width":1024,"height":1024},{"@type":"BreadcrumbList","@id":"https:\/\/fastcar.shop\/product\/renegade-pro-120-nitrous-19l\/#breadcrumb","itemListElement":[{"@type":"ListItem","position":1,"name":"Home","item":"https:\/\/fastcar.shop\/"},{"@type":"ListItem","position":2,"name":"Shop","item":"https:\/\/fastcar.shop\/shop\/"},{"@type":"ListItem","position":3,"name":"Renegade Pro 120+ Nitrous 19L"}]},{"@type":"WebSite","@id":"https:\/\/fastcar.shop\/#website","url":"https:\/\/fastcar.shop\/","name":"Greit\u0173 automobili\u0173 parduotuv\u0117","description":"","publisher":{"@id":"https:\/\/fastcar.shop\/#organization"},"potentialAction":[{"@type":"SearchAction","target":{"@type":"EntryPoint","urlTemplate":"https:\/\/fastcar.shop\/?s={search_term_string}"},"query-input":{"@type":"PropertyValueSpecification","valueRequired":true,"valueName":"search_term_string"}}],"inLanguage":"lt-LT"},{"@type":"Organization","@id":"https:\/\/fastcar.shop\/#organization","name":"Fastcar.shop","url":"https:\/\/fastcar.shop\/","logo":{"@type":"ImageObject","inLanguage":"lt-LT","@id":"https:\/\/fastcar.shop\/#\/schema\/logo\/image\/","url":"https:\/\/fastcar.shop\/wp-content\/uploads\/2017\/08\/FCS_JPEG-01-scaled.jpg","contentUrl":"https:\/\/fastcar.shop\/wp-content\/uploads\/2017\/08\/FCS_JPEG-01-scaled.jpg","width":2560,"height":1379,"caption":"Fastcar.shop"},"image":{"@id":"https:\/\/fastcar.shop\/#\/schema\/logo\/image\/"},"sameAs":["https:\/\/www.facebook.com\/FastcarLt?locale=lt_LT","https:\/\/www.instagram.com\/fastcar.shop\/"]}]}},"jetpack_sharing_enabled":true,"_links":{"self":[{"href":"https:\/\/fastcar.shop\/lt\/wp-json\/wp\/v2\/product\/3768","targetHints":{"allow":["GET"]}}],"collection":[{"href":"https:\/\/fastcar.shop\/lt\/wp-json\/wp\/v2\/product"}],"about":[{"href":"https:\/\/fastcar.shop\/lt\/wp-json\/wp\/v2\/types\/product"}],"wp:featuredmedia":[{"embeddable":true,"href":"https:\/\/fastcar.shop\/lt\/wp-json\/wp\/v2\/media\/3124"}],"wp:attachment":[{"href":"https:\/\/fastcar.shop\/lt\/wp-json\/wp\/v2\/media?parent=3768"}],"wp:term":[{"taxonomy":"product_brand","embeddable":true,"href":"https:\/\/fastcar.shop\/lt\/wp-json\/wp\/v2\/product_brand?post=3768"},{"taxonomy":"product_cat","embeddable":true,"href":"https:\/\/fastcar.shop\/lt\/wp-json\/wp\/v2\/product_cat?post=3768"},{"taxonomy":"product_tag","embeddable":true,"href":"https:\/\/fastcar.shop\/lt\/wp-json\/wp\/v2\/product_tag?post=3768"}],"curies":[{"name":"wp","href":"https:\/\/api.w.org\/{rel}","templated":true}]}}