{"id":3682,"date":"2022-05-22T15:14:44","date_gmt":"2022-05-22T15:14:44","guid":{"rendered":"https:\/\/fastcar.shop\/?post_type=product&#038;p=3682"},"modified":"2026-02-11T14:05:18","modified_gmt":"2026-02-11T12:05:18","slug":"lucas-synthetic-engine-motor-oil-sae-5w50-1-quart-946ml","status":"publish","type":"product","link":"https:\/\/fastcar.shop\/lt\/product\/lucas-synthetic-engine-motor-oil-sae-5w50-1-quart-946ml\/","title":{"rendered":"LUCAS sintetin\u0117 variklio alyva SAE 5W50 946ml"},"content":{"rendered":"<p style=\"text-align: left;\">Auk\u0161tos kokyb\u0117s sintetin\u0117 Lucas alyva u\u017etikrina pastov\u0173 klampum\u0105, reikaling\u0105 \u0161iuolaikiniams auk\u0161t\u0173j\u0173 technologij\u0173 varikliams. Jis yra sumai\u0161ytas su i\u0161skirtiniu pried\u0173 paketu, kuriame yra tepimo ir sukibim\u0105 ma\u017einan\u010di\u0173 med\u017eiag\u0173, kurios kontroliuoja pasiprie\u0161inim\u0105 kaip nulin\u0117s mas\u0117s alyva ir apsaugo metal\u0105 kaip sunki keli\u0173 klampumo alyva. Puikiai tinka \u012fprastam naudojimui greitkeliu. Pasirinkite savo taikymui rekomenduojam\u0105 alyvos svor\u012f.<\/p>\n<p style=\"text-align: left;\"><strong>Pagrindiniai privalumai<\/strong><\/p>\n<ul style=\"text-align: left;\">\n<li>Atspari nuos\u0117d\u0173 susidarymui, \u012fskaitant kompresorius ir turbokompresorius.<\/li>\n<li>U\u017evedant u\u017etikrina greit\u0105 variklio dali\u0173 sraut\u0105.<\/li>\n<li>Veiksmingai sutepa pla\u010diame temperat\u016br\u0173 diapazone.<\/li>\n<\/ul>\n<p style=\"text-align: left;\">Rekomenduojama naudoti \u201eFord GT 350\u201c, \u201eShelby GT500\u201c, \u201eBoss 302\u201c, \u201eModern Hemi\u201c ir LS varikliuose, kuriuose naudojami galios didintuvai ir vir\u0161utin\u0117s kameros.<\/p>\n<p style=\"text-align: left;\"><a href=\"https:\/\/fastcar.shop\/wp-content\/uploads\/2022\/05\/Lucas-5W-50-Motor-Oil-10101-TDS.pdf\">Specifikacijos <img loading=\"lazy\" decoding=\"async\" class=\"alignnone size-full wp-image-3251\" src=\"https:\/\/fastcar.shop\/wp-content\/uploads\/2022\/01\/pdf-e1641824783993.png\" alt=\"\" width=\"30\" height=\"23\" \/><\/a><\/p>","protected":false},"excerpt":{"rendered":"<p style=\"text-align: left;\">Lucas Synthetic SAE 5W-50 yra visi\u0161kai sintetin\u0117 formul\u0117, sumai\u0161yta su efektyviais priedais, kad apsaugot\u0173 nuo nusid\u0117v\u0117jimo ir oksidacijos esant sunkioms eksploatavimo s\u0105lygoms.<\/p>","protected":false},"featured_media":3687,"template":"","meta":[],"product_brand":[],"product_cat":[1786,885],"product_tag":[],"class_list":{"0":"post-3682","1":"product","2":"type-product","3":"status-publish","4":"has-post-thumbnail","6":"product_cat-engine-oil","7":"product_cat-oils_lubricants","8":"product_provider-lucas-oil","10":"first","11":"instock","12":"taxable","13":"shipping-taxable","14":"purchasable","15":"product-type-simple"},"aioseo_notices":[],"yoast_head":"<!-- This site is optimized with the Yoast SEO plugin v27.4 - https:\/\/yoast.com\/product\/yoast-seo-wordpress\/ -->\n<title>LUCAS Synthetic Engine Motor Oil SAE 5W50 1 Quart 946ml<\/title>\n<meta name=\"robots\" content=\"index, follow, max-snippet:-1, max-image-preview:large, max-video-preview:-1\" \/>\n<link rel=\"canonical\" href=\"https:\/\/fastcar.shop\/lt\/produktas\/lucas-synthetic-engine-motor-oil-sae-5w50-1-quart-946ml\/\" \/>\n<meta property=\"og:locale\" content=\"lt_LT\" \/>\n<meta property=\"og:type\" content=\"article\" \/>\n<meta property=\"og:title\" content=\"LUCAS Synthetic Engine Motor Oil SAE 5W50 1 Quart 946ml\" \/>\n<meta property=\"og:description\" content=\"Lucas Synthetic SAE 5W-50 is full synthetic formulation blended with performance additives to provide wear and oxidation protection under severe operating conditions.\" \/>\n<meta property=\"og:url\" content=\"https:\/\/fastcar.shop\/lt\/produktas\/lucas-synthetic-engine-motor-oil-sae-5w50-1-quart-946ml\/\" \/>\n<meta property=\"og:site_name\" content=\"Fast Car Shop\" \/>\n<meta property=\"article:publisher\" content=\"https:\/\/www.facebook.com\/FastcarLt?locale=lt_LT\" \/>\n<meta property=\"article:modified_time\" content=\"2026-02-11T12:05:18+00:00\" \/>\n<meta property=\"og:image\" content=\"https:\/\/fastcar.shop\/wp-content\/uploads\/2022\/05\/5w50-lucas-oil.jpg\" \/>\n\t<meta property=\"og:image:width\" content=\"1600\" \/>\n\t<meta property=\"og:image:height\" content=\"1600\" \/>\n\t<meta property=\"og:image:type\" content=\"image\/jpeg\" \/>\n<meta name=\"twitter:card\" content=\"summary_large_image\" \/>\n<meta name=\"twitter:label1\" content=\"Est. reading time\" \/>\n\t<meta name=\"twitter:data1\" content=\"1 minut\u0117\" \/>\n<!-- \/ Yoast SEO plugin. -->","yoast_head_json":{"title":"LUCAS sintetin\u0117 variklio alyva SAE 5W50 946ml","robots":{"index":"index","follow":"follow","max-snippet":"max-snippet:-1","max-image-preview":"max-image-preview:large","max-video-preview":"max-video-preview:-1"},"canonical":"https:\/\/fastcar.shop\/lt\/produktas\/lucas-synthetic-engine-motor-oil-sae-5w50-1-quart-946ml\/","og_locale":"lt_LT","og_type":"article","og_title":"LUCAS Synthetic Engine Motor Oil SAE 5W50 1 Quart 946ml","og_description":"Lucas Synthetic SAE 5W-50 is full synthetic formulation blended with performance additives to provide wear and oxidation protection under severe operating conditions.","og_url":"https:\/\/fastcar.shop\/lt\/produktas\/lucas-synthetic-engine-motor-oil-sae-5w50-1-quart-946ml\/","og_site_name":"Fast Car Shop","article_publisher":"https:\/\/www.facebook.com\/FastcarLt?locale=lt_LT","article_modified_time":"2026-02-11T12:05:18+00:00","og_image":[{"width":1600,"height":1600,"url":"https:\/\/fastcar.shop\/wp-content\/uploads\/2022\/05\/5w50-lucas-oil.jpg","type":"image\/jpeg"}],"twitter_card":"summary_large_image","twitter_misc":{"Est. reading time":"1 minut\u0117"},"schema":{"@context":"https:\/\/schema.org","@graph":[{"@type":"WebPage","@id":"https:\/\/fastcar.shop\/product\/lucas-synthetic-engine-motor-oil-sae-5w50-1-quart-946ml\/","url":"https:\/\/fastcar.shop\/product\/lucas-synthetic-engine-motor-oil-sae-5w50-1-quart-946ml\/","name":"LUCAS sintetin\u0117 variklio alyva SAE 5W50 946ml","isPartOf":{"@id":"https:\/\/fastcar.shop\/#website"},"primaryImageOfPage":{"@id":"https:\/\/fastcar.shop\/product\/lucas-synthetic-engine-motor-oil-sae-5w50-1-quart-946ml\/#primaryimage"},"image":{"@id":"https:\/\/fastcar.shop\/product\/lucas-synthetic-engine-motor-oil-sae-5w50-1-quart-946ml\/#primaryimage"},"thumbnailUrl":"https:\/\/fastcar.shop\/wp-content\/uploads\/2022\/05\/5w50-lucas-oil.jpg","datePublished":"2022-05-22T15:14:44+00:00","dateModified":"2026-02-11T12:05:18+00:00","breadcrumb":{"@id":"https:\/\/fastcar.shop\/product\/lucas-synthetic-engine-motor-oil-sae-5w50-1-quart-946ml\/#breadcrumb"},"inLanguage":"lt-LT","potentialAction":[{"@type":"ReadAction","target":["https:\/\/fastcar.shop\/product\/lucas-synthetic-engine-motor-oil-sae-5w50-1-quart-946ml\/"]}]},{"@type":"ImageObject","inLanguage":"lt-LT","@id":"https:\/\/fastcar.shop\/product\/lucas-synthetic-engine-motor-oil-sae-5w50-1-quart-946ml\/#primaryimage","url":"https:\/\/fastcar.shop\/wp-content\/uploads\/2022\/05\/5w50-lucas-oil.jpg","contentUrl":"https:\/\/fastcar.shop\/wp-content\/uploads\/2022\/05\/5w50-lucas-oil.jpg","width":1600,"height":1600},{"@type":"BreadcrumbList","@id":"https:\/\/fastcar.shop\/product\/lucas-synthetic-engine-motor-oil-sae-5w50-1-quart-946ml\/#breadcrumb","itemListElement":[{"@type":"ListItem","position":1,"name":"Home","item":"https:\/\/fastcar.shop\/"},{"@type":"ListItem","position":2,"name":"Shop","item":"https:\/\/fastcar.shop\/shop\/"},{"@type":"ListItem","position":3,"name":"LUCAS Synthetic Engine Motor Oil SAE 5W50 1 Quart 946ml"}]},{"@type":"WebSite","@id":"https:\/\/fastcar.shop\/#website","url":"https:\/\/fastcar.shop\/","name":"Greit\u0173 automobili\u0173 parduotuv\u0117","description":"","publisher":{"@id":"https:\/\/fastcar.shop\/#organization"},"potentialAction":[{"@type":"SearchAction","target":{"@type":"EntryPoint","urlTemplate":"https:\/\/fastcar.shop\/?s={search_term_string}"},"query-input":{"@type":"PropertyValueSpecification","valueRequired":true,"valueName":"search_term_string"}}],"inLanguage":"lt-LT"},{"@type":"Organization","@id":"https:\/\/fastcar.shop\/#organization","name":"Fastcar.shop","url":"https:\/\/fastcar.shop\/","logo":{"@type":"ImageObject","inLanguage":"lt-LT","@id":"https:\/\/fastcar.shop\/#\/schema\/logo\/image\/","url":"https:\/\/fastcar.shop\/wp-content\/uploads\/2017\/08\/FCS_JPEG-01-scaled.jpg","contentUrl":"https:\/\/fastcar.shop\/wp-content\/uploads\/2017\/08\/FCS_JPEG-01-scaled.jpg","width":2560,"height":1379,"caption":"Fastcar.shop"},"image":{"@id":"https:\/\/fastcar.shop\/#\/schema\/logo\/image\/"},"sameAs":["https:\/\/www.facebook.com\/FastcarLt?locale=lt_LT","https:\/\/www.instagram.com\/fastcar.shop\/"]}]}},"jetpack_sharing_enabled":true,"_links":{"self":[{"href":"https:\/\/fastcar.shop\/lt\/wp-json\/wp\/v2\/product\/3682","targetHints":{"allow":["GET"]}}],"collection":[{"href":"https:\/\/fastcar.shop\/lt\/wp-json\/wp\/v2\/product"}],"about":[{"href":"https:\/\/fastcar.shop\/lt\/wp-json\/wp\/v2\/types\/product"}],"wp:featuredmedia":[{"embeddable":true,"href":"https:\/\/fastcar.shop\/lt\/wp-json\/wp\/v2\/media\/3687"}],"wp:attachment":[{"href":"https:\/\/fastcar.shop\/lt\/wp-json\/wp\/v2\/media?parent=3682"}],"wp:term":[{"taxonomy":"product_brand","embeddable":true,"href":"https:\/\/fastcar.shop\/lt\/wp-json\/wp\/v2\/product_brand?post=3682"},{"taxonomy":"product_cat","embeddable":true,"href":"https:\/\/fastcar.shop\/lt\/wp-json\/wp\/v2\/product_cat?post=3682"},{"taxonomy":"product_tag","embeddable":true,"href":"https:\/\/fastcar.shop\/lt\/wp-json\/wp\/v2\/product_tag?post=3682"}],"curies":[{"name":"wp","href":"https:\/\/api.w.org\/{rel}","templated":true}]}}