{"id":3632,"date":"2022-05-16T20:19:12","date_gmt":"2022-05-16T20:19:12","guid":{"rendered":"https:\/\/fastcar.shop\/?post_type=product&#038;p=3632"},"modified":"2026-03-15T09:13:35","modified_gmt":"2026-03-15T07:13:35","slug":"lucas-break-in-run-in-racing-engine-oil-sae-20w50-5-quarts-4-73l","status":"publish","type":"product","link":"https:\/\/fastcar.shop\/lt\/product\/lucas-break-in-run-in-racing-engine-oil-sae-20w50-5-quarts-4-73l\/","title":{"rendered":"LUCAS Break-In Run-In lenktyni\u0173 variklio alyva SAE 20W50"},"content":{"rendered":"<p style=\"text-align: left;\">Pradinis naujo variklio paleidimas yra labai svarbus jo veikimui ir gyvenimo trukmei. Kaip gerai ir kaip greitai \u017eiedai u\u017esikim\u0161, gali skirtis tarp laim\u0117jimo ir pralaim\u0117jimo. Suderinamas su etanoliu, metanoliu ir didelio oktaninio skai\u010diaus lenktynin\u0117mis dujomis.<\/p>\n<p style=\"text-align: left;\"><strong>Pagrindiniai privalumai<\/strong><\/p>\n<div class=\"col-lg-6 col-md-6 col-sm-12\">\n<ul>\n<li style=\"text-align: left;\">Greitesnis ir efektyvesnis \u017eiedinis sandariklis<\/li>\n<li style=\"text-align: left;\">Auk\u0161tesnio lygio cinko ir fosforo maksimali apsauga<\/li>\n<li style=\"text-align: left;\">B\u016btina naudoti plok\u0161\u010dio srieginio skirstomojo veleno \u012fsilau\u017eimui<\/li>\n<li style=\"text-align: left;\">Ma\u017eiau prap\u016btimo rei\u0161kia daugiau galios ir geresnio \u017eiedo sandarinimo<\/li>\n<li style=\"text-align: left;\">Nereikalauja molio papild\u0173 ir joki\u0173 papildom\u0173 pried\u0173<\/li>\n<li style=\"text-align: left;\">Suderinamas su metanoliu ir didelio oktaninio skai\u010diaus lenktyniniu kuru<\/li>\n<li style=\"text-align: left;\">Rekomenduojame naudoti pirminio \u012fsilau\u017eimo metu tiek plok\u0161\u010di\u0105 sriegin\u012f, tiek ritinin\u012f skirstom\u0105j\u012f velen\u0105, kad b\u016bt\u0173 u\u017etikrinta maksimali apsauga ir na\u0161umas<\/li>\n<li style=\"text-align: left;\">Puikus na\u0161umas trasoje prie\u0161 perjungiant varikl\u012f \u012f \u012fprast\u0105 arba sintetin\u012f tik lenktyni\u0173 linij\u0105<\/li>\n<\/ul>\n<p style=\"text-align: left;\"><a href=\"https:\/\/fastcar.shop\/wp-content\/uploads\/2022\/05\/lucas_SAE20Break-InOils-1.pdf\">Specifikacijos <img loading=\"lazy\" decoding=\"async\" class=\"alignnone size-full wp-image-3251\" src=\"https:\/\/fastcar.shop\/wp-content\/uploads\/2022\/01\/pdf-e1641824783993.png\" alt=\"\" width=\"30\" height=\"23\" \/><\/a><\/p>\n<\/div>","protected":false},"excerpt":{"rendered":"<p style=\"text-align: left;\">Pradinis naujo variklio paleidimas yra labai svarbus jo veikimui ir gyvenimo trukmei.<\/p>","protected":false},"featured_media":4265,"template":"","meta":[],"product_brand":[],"product_cat":[1786,1792,885],"product_tag":[],"class_list":{"0":"post-3632","1":"product","2":"type-product","3":"status-publish","4":"has-post-thumbnail","6":"product_cat-engine-oil","7":"product_cat-racing","8":"product_cat-oils_lubricants","9":"product_provider-lucas-oil","11":"first","12":"instock","13":"taxable","14":"shipping-taxable","15":"purchasable","16":"product-type-variable"},"aioseo_notices":[],"yoast_head":"<!-- This site is optimized with the Yoast SEO plugin v27.4 - https:\/\/yoast.com\/product\/yoast-seo-wordpress\/ -->\n<title>LUCAS Break-In Run-In Racing Engine Oil SAE 20W50<\/title>\n<meta name=\"robots\" content=\"index, follow, max-snippet:-1, max-image-preview:large, max-video-preview:-1\" \/>\n<link rel=\"canonical\" href=\"https:\/\/fastcar.shop\/lt\/produktas\/lucas-break-in-run-in-racing-engine-oil-sae-20w50-5-quarts-4-73l\/\" \/>\n<meta property=\"og:locale\" content=\"lt_LT\" \/>\n<meta property=\"og:type\" content=\"article\" \/>\n<meta property=\"og:title\" content=\"LUCAS Break-In Run-In Racing Engine Oil SAE 20W50\" \/>\n<meta property=\"og:description\" content=\"The initial start up of a new engine is critical to its performance and life expectancy.\" \/>\n<meta property=\"og:url\" content=\"https:\/\/fastcar.shop\/lt\/produktas\/lucas-break-in-run-in-racing-engine-oil-sae-20w50-5-quarts-4-73l\/\" \/>\n<meta property=\"og:site_name\" content=\"Fast Car Shop\" \/>\n<meta property=\"article:publisher\" content=\"https:\/\/www.facebook.com\/FastcarLt?locale=lt_LT\" \/>\n<meta property=\"article:modified_time\" content=\"2026-03-15T07:13:35+00:00\" \/>\n<meta property=\"og:image\" content=\"https:\/\/fastcar.shop\/wp-content\/uploads\/2023\/12\/BreakIn-Oil-20W-50-1qt.jpg\" \/>\n\t<meta property=\"og:image:width\" content=\"950\" \/>\n\t<meta property=\"og:image:height\" content=\"950\" \/>\n\t<meta property=\"og:image:type\" content=\"image\/jpeg\" \/>\n<meta name=\"twitter:card\" content=\"summary_large_image\" \/>\n<meta name=\"twitter:label1\" content=\"Est. reading time\" \/>\n\t<meta name=\"twitter:data1\" content=\"1 minut\u0117\" \/>\n<!-- \/ Yoast SEO plugin. -->","yoast_head_json":{"title":"LUCAS Break-In Run-In lenktyni\u0173 variklio alyva SAE 20W50","robots":{"index":"index","follow":"follow","max-snippet":"max-snippet:-1","max-image-preview":"max-image-preview:large","max-video-preview":"max-video-preview:-1"},"canonical":"https:\/\/fastcar.shop\/lt\/produktas\/lucas-break-in-run-in-racing-engine-oil-sae-20w50-5-quarts-4-73l\/","og_locale":"lt_LT","og_type":"article","og_title":"LUCAS Break-In Run-In Racing Engine Oil SAE 20W50","og_description":"The initial start up of a new engine is critical to its performance and life expectancy.","og_url":"https:\/\/fastcar.shop\/lt\/produktas\/lucas-break-in-run-in-racing-engine-oil-sae-20w50-5-quarts-4-73l\/","og_site_name":"Fast Car Shop","article_publisher":"https:\/\/www.facebook.com\/FastcarLt?locale=lt_LT","article_modified_time":"2026-03-15T07:13:35+00:00","og_image":[{"width":950,"height":950,"url":"https:\/\/fastcar.shop\/wp-content\/uploads\/2023\/12\/BreakIn-Oil-20W-50-1qt.jpg","type":"image\/jpeg"}],"twitter_card":"summary_large_image","twitter_misc":{"Est. reading time":"1 minut\u0117"},"schema":{"@context":"https:\/\/schema.org","@graph":[{"@type":"WebPage","@id":"https:\/\/fastcar.shop\/product\/lucas-break-in-run-in-racing-engine-oil-sae-20w50-5-quarts-4-73l\/","url":"https:\/\/fastcar.shop\/product\/lucas-break-in-run-in-racing-engine-oil-sae-20w50-5-quarts-4-73l\/","name":"LUCAS Break-In Run-In lenktyni\u0173 variklio alyva SAE 20W50","isPartOf":{"@id":"https:\/\/fastcar.shop\/#website"},"primaryImageOfPage":{"@id":"https:\/\/fastcar.shop\/product\/lucas-break-in-run-in-racing-engine-oil-sae-20w50-5-quarts-4-73l\/#primaryimage"},"image":{"@id":"https:\/\/fastcar.shop\/product\/lucas-break-in-run-in-racing-engine-oil-sae-20w50-5-quarts-4-73l\/#primaryimage"},"thumbnailUrl":"https:\/\/fastcar.shop\/wp-content\/uploads\/2023\/12\/BreakIn-Oil-20W-50-1qt.jpg","datePublished":"2022-05-16T20:19:12+00:00","dateModified":"2026-03-15T07:13:35+00:00","breadcrumb":{"@id":"https:\/\/fastcar.shop\/product\/lucas-break-in-run-in-racing-engine-oil-sae-20w50-5-quarts-4-73l\/#breadcrumb"},"inLanguage":"lt-LT","potentialAction":[{"@type":"ReadAction","target":["https:\/\/fastcar.shop\/product\/lucas-break-in-run-in-racing-engine-oil-sae-20w50-5-quarts-4-73l\/"]}]},{"@type":"ImageObject","inLanguage":"lt-LT","@id":"https:\/\/fastcar.shop\/product\/lucas-break-in-run-in-racing-engine-oil-sae-20w50-5-quarts-4-73l\/#primaryimage","url":"https:\/\/fastcar.shop\/wp-content\/uploads\/2023\/12\/BreakIn-Oil-20W-50-1qt.jpg","contentUrl":"https:\/\/fastcar.shop\/wp-content\/uploads\/2023\/12\/BreakIn-Oil-20W-50-1qt.jpg","width":950,"height":950},{"@type":"BreadcrumbList","@id":"https:\/\/fastcar.shop\/product\/lucas-break-in-run-in-racing-engine-oil-sae-20w50-5-quarts-4-73l\/#breadcrumb","itemListElement":[{"@type":"ListItem","position":1,"name":"Home","item":"https:\/\/fastcar.shop\/"},{"@type":"ListItem","position":2,"name":"Shop","item":"https:\/\/fastcar.shop\/shop\/"},{"@type":"ListItem","position":3,"name":"LUCAS Break-In Run-In Racing Engine Oil SAE 20W50"}]},{"@type":"WebSite","@id":"https:\/\/fastcar.shop\/#website","url":"https:\/\/fastcar.shop\/","name":"Greit\u0173 automobili\u0173 parduotuv\u0117","description":"","publisher":{"@id":"https:\/\/fastcar.shop\/#organization"},"potentialAction":[{"@type":"SearchAction","target":{"@type":"EntryPoint","urlTemplate":"https:\/\/fastcar.shop\/?s={search_term_string}"},"query-input":{"@type":"PropertyValueSpecification","valueRequired":true,"valueName":"search_term_string"}}],"inLanguage":"lt-LT"},{"@type":"Organization","@id":"https:\/\/fastcar.shop\/#organization","name":"Fastcar.shop","url":"https:\/\/fastcar.shop\/","logo":{"@type":"ImageObject","inLanguage":"lt-LT","@id":"https:\/\/fastcar.shop\/#\/schema\/logo\/image\/","url":"https:\/\/fastcar.shop\/wp-content\/uploads\/2017\/08\/FCS_JPEG-01-scaled.jpg","contentUrl":"https:\/\/fastcar.shop\/wp-content\/uploads\/2017\/08\/FCS_JPEG-01-scaled.jpg","width":2560,"height":1379,"caption":"Fastcar.shop"},"image":{"@id":"https:\/\/fastcar.shop\/#\/schema\/logo\/image\/"},"sameAs":["https:\/\/www.facebook.com\/FastcarLt?locale=lt_LT","https:\/\/www.instagram.com\/fastcar.shop\/"]}]}},"jetpack_sharing_enabled":true,"_links":{"self":[{"href":"https:\/\/fastcar.shop\/lt\/wp-json\/wp\/v2\/product\/3632","targetHints":{"allow":["GET"]}}],"collection":[{"href":"https:\/\/fastcar.shop\/lt\/wp-json\/wp\/v2\/product"}],"about":[{"href":"https:\/\/fastcar.shop\/lt\/wp-json\/wp\/v2\/types\/product"}],"wp:featuredmedia":[{"embeddable":true,"href":"https:\/\/fastcar.shop\/lt\/wp-json\/wp\/v2\/media\/4265"}],"wp:attachment":[{"href":"https:\/\/fastcar.shop\/lt\/wp-json\/wp\/v2\/media?parent=3632"}],"wp:term":[{"taxonomy":"product_brand","embeddable":true,"href":"https:\/\/fastcar.shop\/lt\/wp-json\/wp\/v2\/product_brand?post=3632"},{"taxonomy":"product_cat","embeddable":true,"href":"https:\/\/fastcar.shop\/lt\/wp-json\/wp\/v2\/product_cat?post=3632"},{"taxonomy":"product_tag","embeddable":true,"href":"https:\/\/fastcar.shop\/lt\/wp-json\/wp\/v2\/product_tag?post=3632"}],"curies":[{"name":"wp","href":"https:\/\/api.w.org\/{rel}","templated":true}]}}