{"id":3609,"date":"2022-05-15T21:17:21","date_gmt":"2022-05-15T21:17:21","guid":{"rendered":"https:\/\/fastcar.shop\/?post_type=product&#038;p=3609"},"modified":"2023-10-26T13:26:51","modified_gmt":"2023-10-26T13:26:51","slug":"lucas-synthetic-racing-engine-motor-oil-sae-5w30","status":"publish","type":"product","link":"https:\/\/fastcar.shop\/lt\/product\/lucas-synthetic-racing-engine-motor-oil-sae-5w30\/","title":{"rendered":"LUCAS sintetin\u0117 lenktyni\u0173 variklio alyva SAE 5W30"},"content":{"rendered":"<p style=\"text-align: left;\">\u201eLucas High Performance Racing Only Motor Oil\u201c yra specialiai sukurtas produktas, skirtas didelio na\u0161umo lenktyni\u0173 pramonei. Jis sumai\u0161ytas su i\u0161skirtiniu pried\u0173 paketu, \u012f kur\u012f \u012feina tepimo agentai ir anti-u\u017efiksavimo priemon\u0117s, kurios kontroliuoja pasiprie\u0161inim\u0105 kaip nulinio svorio alyva ir apsaugo metal\u0105 kaip sunki keli\u0173 klampumo alyva. Jis puikiai tinka didelio apsisukim\u0173 da\u017enio ir didel\u0117s arklio galios varikliams. Nor\u0117dami gauti tikslesn\u0117s informacijos apie kiekvien\u0105 lenktynin\u0119 alyv\u0105, per\u017ei\u016br\u0117kite m\u016bs\u0173 gaminio specifikacij\u0173 lapus.<\/p>\n<p style=\"text-align: left;\"><strong>Pagrindiniai privalumai<\/strong><\/p>\n<ul>\n<li style=\"text-align: left;\">Stiprintas didelis cinko kiekis<\/li>\n<li style=\"text-align: left;\">Puikiai tinka varikliams su dideliu s\u016bki\u0173 da\u017eniu<\/li>\n<li style=\"text-align: left;\">Papildoma apsauga<\/li>\n<li style=\"text-align: left;\">\u017demesn\u0117 alyvos temperat\u016bra<\/li>\n<li style=\"text-align: left;\">Ma\u017eiau vilkite, kad gautum\u0117te daugiau arklio gali\u0173!<\/li>\n<li style=\"text-align: left;\">Suderinamas su metanoliu arba lenktynin\u0117mis dujomis<\/li>\n<\/ul>\n<p style=\"text-align: left;\"><a href=\"https:\/\/fastcar.shop\/wp-content\/uploads\/2022\/05\/lucas_RO-Syn-5W30.pdf\">Specifikacijos <img loading=\"lazy\" decoding=\"async\" class=\"alignnone size-full wp-image-3251\" src=\"https:\/\/fastcar.shop\/wp-content\/uploads\/2022\/01\/pdf-e1641824783993.png\" alt=\"\" width=\"30\" height=\"23\" \/><\/a><\/p>","protected":false},"excerpt":{"rendered":"<p style=\"text-align: left;\">\u201eLucas High Performance Racing Only Motor Oil\u201c yra specialiai sukurtas produktas, skirtas didelio na\u0161umo lenktyni\u0173 pramonei.<\/p>","protected":false},"featured_media":3611,"template":"","meta":[],"product_brand":[],"product_cat":[1786,1792,885],"product_tag":[],"class_list":{"0":"post-3609","1":"product","2":"type-product","3":"status-publish","4":"has-post-thumbnail","6":"product_cat-engine-oil","7":"product_cat-racing","8":"product_cat-oils_lubricants","9":"product_provider-lucas-oil","11":"first","12":"instock","13":"taxable","14":"shipping-taxable","15":"purchasable","16":"product-type-variable"},"aioseo_notices":[],"yoast_head":"<!-- This site is optimized with the Yoast SEO plugin v27.3 - https:\/\/yoast.com\/product\/yoast-seo-wordpress\/ -->\n<title>LUCAS Synthetic Racing Engine Motor Oil SAE 5W30<\/title>\n<meta name=\"robots\" content=\"index, follow, max-snippet:-1, max-image-preview:large, max-video-preview:-1\" \/>\n<link rel=\"canonical\" href=\"https:\/\/fastcar.shop\/lt\/produktas\/lucas-synthetic-racing-engine-motor-oil-sae-5w30\/\" \/>\n<meta property=\"og:locale\" content=\"lt_LT\" \/>\n<meta property=\"og:type\" content=\"article\" \/>\n<meta property=\"og:title\" content=\"LUCAS Synthetic Racing Engine Motor Oil SAE 5W30\" \/>\n<meta property=\"og:description\" content=\"Lucas High Performance Racing Only Motor Oil is a purpose built product designed for the high performance racing industry.\" \/>\n<meta property=\"og:url\" content=\"https:\/\/fastcar.shop\/lt\/produktas\/lucas-synthetic-racing-engine-motor-oil-sae-5w30\/\" \/>\n<meta property=\"og:site_name\" content=\"Fast Car Shop\" \/>\n<meta property=\"article:publisher\" content=\"https:\/\/www.facebook.com\/FastcarLt?locale=lt_LT\" \/>\n<meta property=\"article:modified_time\" content=\"2023-10-26T13:26:51+00:00\" \/>\n<meta property=\"og:image\" content=\"https:\/\/fastcar.shop\/wp-content\/uploads\/2022\/05\/10855_Synthetic5W30RacingOil_1QT-e1640881726679.jpg\" \/>\n\t<meta property=\"og:image:width\" content=\"950\" \/>\n\t<meta property=\"og:image:height\" content=\"950\" \/>\n\t<meta property=\"og:image:type\" content=\"image\/jpeg\" \/>\n<meta name=\"twitter:card\" content=\"summary_large_image\" \/>\n<meta name=\"twitter:label1\" content=\"Est. reading time\" \/>\n\t<meta name=\"twitter:data1\" content=\"1 minut\u0117\" \/>\n<!-- \/ Yoast SEO plugin. -->","yoast_head_json":{"title":"LUCAS sintetin\u0117 lenktyni\u0173 variklio alyva SAE 5W30","robots":{"index":"index","follow":"follow","max-snippet":"max-snippet:-1","max-image-preview":"max-image-preview:large","max-video-preview":"max-video-preview:-1"},"canonical":"https:\/\/fastcar.shop\/lt\/produktas\/lucas-synthetic-racing-engine-motor-oil-sae-5w30\/","og_locale":"lt_LT","og_type":"article","og_title":"LUCAS Synthetic Racing Engine Motor Oil SAE 5W30","og_description":"Lucas High Performance Racing Only Motor Oil is a purpose built product designed for the high performance racing industry.","og_url":"https:\/\/fastcar.shop\/lt\/produktas\/lucas-synthetic-racing-engine-motor-oil-sae-5w30\/","og_site_name":"Fast Car Shop","article_publisher":"https:\/\/www.facebook.com\/FastcarLt?locale=lt_LT","article_modified_time":"2023-10-26T13:26:51+00:00","og_image":[{"width":950,"height":950,"url":"https:\/\/fastcar.shop\/wp-content\/uploads\/2022\/05\/10855_Synthetic5W30RacingOil_1QT-e1640881726679.jpg","type":"image\/jpeg"}],"twitter_card":"summary_large_image","twitter_misc":{"Est. reading time":"1 minut\u0117"},"schema":{"@context":"https:\/\/schema.org","@graph":[{"@type":"WebPage","@id":"https:\/\/fastcar.shop\/product\/lucas-synthetic-racing-engine-motor-oil-sae-5w30\/","url":"https:\/\/fastcar.shop\/product\/lucas-synthetic-racing-engine-motor-oil-sae-5w30\/","name":"LUCAS sintetin\u0117 lenktyni\u0173 variklio alyva SAE 5W30","isPartOf":{"@id":"https:\/\/fastcar.shop\/#website"},"primaryImageOfPage":{"@id":"https:\/\/fastcar.shop\/product\/lucas-synthetic-racing-engine-motor-oil-sae-5w30\/#primaryimage"},"image":{"@id":"https:\/\/fastcar.shop\/product\/lucas-synthetic-racing-engine-motor-oil-sae-5w30\/#primaryimage"},"thumbnailUrl":"https:\/\/fastcar.shop\/wp-content\/uploads\/2022\/05\/10855_Synthetic5W30RacingOil_1QT-e1640881726679.jpg","datePublished":"2022-05-15T21:17:21+00:00","dateModified":"2023-10-26T13:26:51+00:00","breadcrumb":{"@id":"https:\/\/fastcar.shop\/product\/lucas-synthetic-racing-engine-motor-oil-sae-5w30\/#breadcrumb"},"inLanguage":"lt-LT","potentialAction":[{"@type":"ReadAction","target":["https:\/\/fastcar.shop\/product\/lucas-synthetic-racing-engine-motor-oil-sae-5w30\/"]}]},{"@type":"ImageObject","inLanguage":"lt-LT","@id":"https:\/\/fastcar.shop\/product\/lucas-synthetic-racing-engine-motor-oil-sae-5w30\/#primaryimage","url":"https:\/\/fastcar.shop\/wp-content\/uploads\/2022\/05\/10855_Synthetic5W30RacingOil_1QT-e1640881726679.jpg","contentUrl":"https:\/\/fastcar.shop\/wp-content\/uploads\/2022\/05\/10855_Synthetic5W30RacingOil_1QT-e1640881726679.jpg","width":950,"height":950},{"@type":"BreadcrumbList","@id":"https:\/\/fastcar.shop\/product\/lucas-synthetic-racing-engine-motor-oil-sae-5w30\/#breadcrumb","itemListElement":[{"@type":"ListItem","position":1,"name":"Home","item":"https:\/\/fastcar.shop\/"},{"@type":"ListItem","position":2,"name":"Shop","item":"https:\/\/fastcar.shop\/shop\/"},{"@type":"ListItem","position":3,"name":"LUCAS Synthetic Racing Engine Motor Oil SAE 5W30"}]},{"@type":"WebSite","@id":"https:\/\/fastcar.shop\/#website","url":"https:\/\/fastcar.shop\/","name":"Greit\u0173 automobili\u0173 parduotuv\u0117","description":"","publisher":{"@id":"https:\/\/fastcar.shop\/#organization"},"potentialAction":[{"@type":"SearchAction","target":{"@type":"EntryPoint","urlTemplate":"https:\/\/fastcar.shop\/?s={search_term_string}"},"query-input":{"@type":"PropertyValueSpecification","valueRequired":true,"valueName":"search_term_string"}}],"inLanguage":"lt-LT"},{"@type":"Organization","@id":"https:\/\/fastcar.shop\/#organization","name":"Fastcar.shop","url":"https:\/\/fastcar.shop\/","logo":{"@type":"ImageObject","inLanguage":"lt-LT","@id":"https:\/\/fastcar.shop\/#\/schema\/logo\/image\/","url":"https:\/\/fastcar.shop\/wp-content\/uploads\/2017\/08\/FCS_JPEG-01-scaled.jpg","contentUrl":"https:\/\/fastcar.shop\/wp-content\/uploads\/2017\/08\/FCS_JPEG-01-scaled.jpg","width":2560,"height":1379,"caption":"Fastcar.shop"},"image":{"@id":"https:\/\/fastcar.shop\/#\/schema\/logo\/image\/"},"sameAs":["https:\/\/www.facebook.com\/FastcarLt?locale=lt_LT","https:\/\/www.instagram.com\/fastcar.shop\/"]}]}},"jetpack_sharing_enabled":true,"_links":{"self":[{"href":"https:\/\/fastcar.shop\/lt\/wp-json\/wp\/v2\/product\/3609","targetHints":{"allow":["GET"]}}],"collection":[{"href":"https:\/\/fastcar.shop\/lt\/wp-json\/wp\/v2\/product"}],"about":[{"href":"https:\/\/fastcar.shop\/lt\/wp-json\/wp\/v2\/types\/product"}],"wp:featuredmedia":[{"embeddable":true,"href":"https:\/\/fastcar.shop\/lt\/wp-json\/wp\/v2\/media\/3611"}],"wp:attachment":[{"href":"https:\/\/fastcar.shop\/lt\/wp-json\/wp\/v2\/media?parent=3609"}],"wp:term":[{"taxonomy":"product_brand","embeddable":true,"href":"https:\/\/fastcar.shop\/lt\/wp-json\/wp\/v2\/product_brand?post=3609"},{"taxonomy":"product_cat","embeddable":true,"href":"https:\/\/fastcar.shop\/lt\/wp-json\/wp\/v2\/product_cat?post=3609"},{"taxonomy":"product_tag","embeddable":true,"href":"https:\/\/fastcar.shop\/lt\/wp-json\/wp\/v2\/product_tag?post=3609"}],"curies":[{"name":"wp","href":"https:\/\/api.w.org\/{rel}","templated":true}]}}