{"id":3600,"date":"2022-05-15T16:22:03","date_gmt":"2022-05-15T16:22:03","guid":{"rendered":"https:\/\/fastcar.shop\/?post_type=product&#038;p=3600"},"modified":"2023-08-23T08:00:10","modified_gmt":"2023-08-23T08:00:10","slug":"lucas-multi-vehicle-automatic-transmission-fluid-atf-1-quart-946ml","status":"publish","type":"product","link":"https:\/\/fastcar.shop\/lt\/product\/lucas-multi-vehicle-automatic-transmission-fluid-atf-1-quart-946ml\/","title":{"rendered":"LUCAS keli\u0173 transporto priemoni\u0173 automatin\u0117s pavar\u0173 d\u0117\u017e\u0117s skystis 946ml"},"content":{"rendered":"<p style=\"text-align: left;\">\u201eLucas Oil Multi-Vehicle ATF\u201c u\u017etikrina \u0161iandieninei transmisijai puik\u0173 stabilum\u0105 oksidacijai, atsparum\u0105 putoms, r\u016bd\u017ei\u0173 ir korozijos slopinimo savybes, apsaug\u0105 nuo nusid\u0117v\u0117jimo ir atsparum\u0105 kar\u0161\u010diui, tuo pa\u010diu u\u017etikrinant skland\u0173 pavar\u0173 perjungim\u0105 ir pa\u0161alinant triuk\u0161m\u0105.<\/p>\n<p style=\"text-align: left;\">Pagrindiniai privalumai<\/p>\n<div class=\"col-lg-6 col-md-6 col-sm-12\">\n<ul>\n<li style=\"text-align: left;\">U\u017etikrina skland\u0173 pavar\u0173 perjungim\u0105<\/li>\n<li style=\"text-align: left;\">Puikus atsparumas kar\u0161\u010diui<\/li>\n<li style=\"text-align: left;\">Puikus sandarinimo kondicionavimas<\/li>\n<li style=\"text-align: left;\">Rekomenduojama naudoti tiek naujose, tiek senesn\u0117se transporto priemon\u0117se<\/li>\n<li style=\"text-align: left;\">Tinka Japonijos ir Europos transmisijai<\/li>\n<li style=\"text-align: left;\">Suderinamas su sintetiniais ir \u012fprastais skys\u010diais<\/li>\n<\/ul>\n<p style=\"text-align: left;\"><a href=\"https:\/\/fastcar.shop\/wp-content\/uploads\/2022\/05\/LUCAS_Multi-Vehicle-Automatic-TransFluid.pdf\">Specifikacijos <img loading=\"lazy\" decoding=\"async\" class=\"alignnone size-full wp-image-3251\" src=\"https:\/\/fastcar.shop\/wp-content\/uploads\/2022\/01\/pdf-e1641824783993.png\" alt=\"\" width=\"30\" height=\"23\" \/><\/a><\/p>\n<\/div>","protected":false},"excerpt":{"rendered":"<p style=\"text-align: left;\">Sukurtas atlaikyti auk\u0161t\u0105 temperat\u016br\u0105 ir sl\u0117g\u012f. Puikiai tinka didelio na\u0161umo transmisijai. Labai prailgina transmisijos ir skys\u010dio tarnavimo laik\u0105. Tikras pinig\u0173 taupytojas.<\/p>","protected":false},"featured_media":3602,"template":"","meta":[],"product_brand":[],"product_cat":[1793,885],"product_tag":[],"class_list":{"0":"post-3600","1":"product","2":"type-product","3":"status-publish","4":"has-post-thumbnail","6":"product_cat-transmission-products","7":"product_cat-oils_lubricants","8":"product_provider-lucas-oil","10":"first","11":"instock","12":"taxable","13":"shipping-taxable","14":"purchasable","15":"product-type-simple"},"aioseo_notices":[],"yoast_head":"<!-- This site is optimized with the Yoast SEO plugin v27.3 - https:\/\/yoast.com\/product\/yoast-seo-wordpress\/ -->\n<title>LUCAS Multi Vehicle Automatic Transmission Fluid ATF 1 Quart 946ml<\/title>\n<meta name=\"robots\" content=\"index, follow, max-snippet:-1, max-image-preview:large, max-video-preview:-1\" \/>\n<link rel=\"canonical\" href=\"https:\/\/fastcar.shop\/lt\/produktas\/lucas-multi-vehicle-automatic-transmission-fluid-atf-1-quart-946ml\/\" \/>\n<meta property=\"og:locale\" content=\"lt_LT\" \/>\n<meta property=\"og:type\" content=\"article\" \/>\n<meta property=\"og:title\" content=\"LUCAS Multi Vehicle Automatic Transmission Fluid ATF 1 Quart 946ml\" \/>\n<meta property=\"og:description\" content=\"Designed to withstand high temperatures and pressure. Excellent for high performance transmissions. Greatly extends transmission life and fluid life. A real money-saver.\" \/>\n<meta property=\"og:url\" content=\"https:\/\/fastcar.shop\/lt\/produktas\/lucas-multi-vehicle-automatic-transmission-fluid-atf-1-quart-946ml\/\" \/>\n<meta property=\"og:site_name\" content=\"Fast Car Shop\" \/>\n<meta property=\"article:publisher\" content=\"https:\/\/www.facebook.com\/FastcarLt?locale=lt_LT\" \/>\n<meta property=\"article:modified_time\" content=\"2023-08-23T08:00:10+00:00\" \/>\n<meta property=\"og:image\" content=\"https:\/\/fastcar.shop\/wp-content\/uploads\/2022\/05\/10418_MultiVehicleATF_800x950-1-e1640771779657.jpg\" \/>\n\t<meta property=\"og:image:width\" content=\"950\" \/>\n\t<meta property=\"og:image:height\" content=\"950\" \/>\n\t<meta property=\"og:image:type\" content=\"image\/jpeg\" \/>\n<meta name=\"twitter:card\" content=\"summary_large_image\" \/>\n<!-- \/ Yoast SEO plugin. -->","yoast_head_json":{"title":"LUCAS keli\u0173 transporto priemoni\u0173 automatin\u0117s pavar\u0173 d\u0117\u017e\u0117s skystis 946ml","robots":{"index":"index","follow":"follow","max-snippet":"max-snippet:-1","max-image-preview":"max-image-preview:large","max-video-preview":"max-video-preview:-1"},"canonical":"https:\/\/fastcar.shop\/lt\/produktas\/lucas-multi-vehicle-automatic-transmission-fluid-atf-1-quart-946ml\/","og_locale":"lt_LT","og_type":"article","og_title":"LUCAS Multi Vehicle Automatic Transmission Fluid ATF 1 Quart 946ml","og_description":"Designed to withstand high temperatures and pressure. Excellent for high performance transmissions. Greatly extends transmission life and fluid life. A real money-saver.","og_url":"https:\/\/fastcar.shop\/lt\/produktas\/lucas-multi-vehicle-automatic-transmission-fluid-atf-1-quart-946ml\/","og_site_name":"Fast Car Shop","article_publisher":"https:\/\/www.facebook.com\/FastcarLt?locale=lt_LT","article_modified_time":"2023-08-23T08:00:10+00:00","og_image":[{"width":950,"height":950,"url":"https:\/\/fastcar.shop\/wp-content\/uploads\/2022\/05\/10418_MultiVehicleATF_800x950-1-e1640771779657.jpg","type":"image\/jpeg"}],"twitter_card":"summary_large_image","schema":{"@context":"https:\/\/schema.org","@graph":[{"@type":"WebPage","@id":"https:\/\/fastcar.shop\/product\/lucas-multi-vehicle-automatic-transmission-fluid-atf-1-quart-946ml\/","url":"https:\/\/fastcar.shop\/product\/lucas-multi-vehicle-automatic-transmission-fluid-atf-1-quart-946ml\/","name":"LUCAS keli\u0173 transporto priemoni\u0173 automatin\u0117s pavar\u0173 d\u0117\u017e\u0117s skystis 946ml","isPartOf":{"@id":"https:\/\/fastcar.shop\/#website"},"primaryImageOfPage":{"@id":"https:\/\/fastcar.shop\/product\/lucas-multi-vehicle-automatic-transmission-fluid-atf-1-quart-946ml\/#primaryimage"},"image":{"@id":"https:\/\/fastcar.shop\/product\/lucas-multi-vehicle-automatic-transmission-fluid-atf-1-quart-946ml\/#primaryimage"},"thumbnailUrl":"https:\/\/fastcar.shop\/wp-content\/uploads\/2022\/05\/10418_MultiVehicleATF_800x950-1-e1640771779657.jpg","datePublished":"2022-05-15T16:22:03+00:00","dateModified":"2023-08-23T08:00:10+00:00","breadcrumb":{"@id":"https:\/\/fastcar.shop\/product\/lucas-multi-vehicle-automatic-transmission-fluid-atf-1-quart-946ml\/#breadcrumb"},"inLanguage":"lt-LT","potentialAction":[{"@type":"ReadAction","target":["https:\/\/fastcar.shop\/product\/lucas-multi-vehicle-automatic-transmission-fluid-atf-1-quart-946ml\/"]}]},{"@type":"ImageObject","inLanguage":"lt-LT","@id":"https:\/\/fastcar.shop\/product\/lucas-multi-vehicle-automatic-transmission-fluid-atf-1-quart-946ml\/#primaryimage","url":"https:\/\/fastcar.shop\/wp-content\/uploads\/2022\/05\/10418_MultiVehicleATF_800x950-1-e1640771779657.jpg","contentUrl":"https:\/\/fastcar.shop\/wp-content\/uploads\/2022\/05\/10418_MultiVehicleATF_800x950-1-e1640771779657.jpg","width":950,"height":950},{"@type":"BreadcrumbList","@id":"https:\/\/fastcar.shop\/product\/lucas-multi-vehicle-automatic-transmission-fluid-atf-1-quart-946ml\/#breadcrumb","itemListElement":[{"@type":"ListItem","position":1,"name":"Home","item":"https:\/\/fastcar.shop\/"},{"@type":"ListItem","position":2,"name":"Shop","item":"https:\/\/fastcar.shop\/shop\/"},{"@type":"ListItem","position":3,"name":"LUCAS Multi Vehicle Automatic Transmission Fluid ATF 1 Quart 946ml"}]},{"@type":"WebSite","@id":"https:\/\/fastcar.shop\/#website","url":"https:\/\/fastcar.shop\/","name":"Greit\u0173 automobili\u0173 parduotuv\u0117","description":"","publisher":{"@id":"https:\/\/fastcar.shop\/#organization"},"potentialAction":[{"@type":"SearchAction","target":{"@type":"EntryPoint","urlTemplate":"https:\/\/fastcar.shop\/?s={search_term_string}"},"query-input":{"@type":"PropertyValueSpecification","valueRequired":true,"valueName":"search_term_string"}}],"inLanguage":"lt-LT"},{"@type":"Organization","@id":"https:\/\/fastcar.shop\/#organization","name":"Fastcar.shop","url":"https:\/\/fastcar.shop\/","logo":{"@type":"ImageObject","inLanguage":"lt-LT","@id":"https:\/\/fastcar.shop\/#\/schema\/logo\/image\/","url":"https:\/\/fastcar.shop\/wp-content\/uploads\/2017\/08\/FCS_JPEG-01-scaled.jpg","contentUrl":"https:\/\/fastcar.shop\/wp-content\/uploads\/2017\/08\/FCS_JPEG-01-scaled.jpg","width":2560,"height":1379,"caption":"Fastcar.shop"},"image":{"@id":"https:\/\/fastcar.shop\/#\/schema\/logo\/image\/"},"sameAs":["https:\/\/www.facebook.com\/FastcarLt?locale=lt_LT","https:\/\/www.instagram.com\/fastcar.shop\/"]}]}},"jetpack_sharing_enabled":true,"_links":{"self":[{"href":"https:\/\/fastcar.shop\/lt\/wp-json\/wp\/v2\/product\/3600","targetHints":{"allow":["GET"]}}],"collection":[{"href":"https:\/\/fastcar.shop\/lt\/wp-json\/wp\/v2\/product"}],"about":[{"href":"https:\/\/fastcar.shop\/lt\/wp-json\/wp\/v2\/types\/product"}],"wp:featuredmedia":[{"embeddable":true,"href":"https:\/\/fastcar.shop\/lt\/wp-json\/wp\/v2\/media\/3602"}],"wp:attachment":[{"href":"https:\/\/fastcar.shop\/lt\/wp-json\/wp\/v2\/media?parent=3600"}],"wp:term":[{"taxonomy":"product_brand","embeddable":true,"href":"https:\/\/fastcar.shop\/lt\/wp-json\/wp\/v2\/product_brand?post=3600"},{"taxonomy":"product_cat","embeddable":true,"href":"https:\/\/fastcar.shop\/lt\/wp-json\/wp\/v2\/product_cat?post=3600"},{"taxonomy":"product_tag","embeddable":true,"href":"https:\/\/fastcar.shop\/lt\/wp-json\/wp\/v2\/product_tag?post=3600"}],"curies":[{"name":"wp","href":"https:\/\/api.w.org\/{rel}","templated":true}]}}