{"id":3596,"date":"2022-05-15T16:14:38","date_gmt":"2022-05-15T16:14:38","guid":{"rendered":"https:\/\/fastcar.shop\/?post_type=product&#038;p=3596"},"modified":"2026-03-20T20:54:32","modified_gmt":"2026-03-20T18:54:32","slug":"lucas-synthetic-gear-oil-sae-75w140-1-quart-946ml","status":"publish","type":"product","link":"https:\/\/fastcar.shop\/lt\/product\/lucas-synthetic-gear-oil-sae-75w140-1-quart-946ml\/","title":{"rendered":"LUCAS sintetin\u0117 pavar\u0173 d\u0117\u017e\u0117s alyva SAE 75W140 946 ml"},"content":{"rendered":"<p style=\"text-align: left;\">\u201eLucas Pure\u201c sintetin\u0117s pavar\u0173 d\u0117\u017e\u0117s alyvos yra itin glotn\u016bs, ilgai i\u0161liekantys tepalai, sukurti ypa\u010d dideliems ar didelio na\u0161umo darbams, kai \u012fprasti pavar\u0173 d\u0117\u017e\u0117s tepalai n\u0117ra pakankamai geri. Juose yra specialus pried\u0173 paketas, kuris padidina tepim\u0105 ir u\u017etikrina ma\u017eesn\u012f pavaros triuk\u0161m\u0105 bei ilgesn\u012f guolio tarnavimo laik\u0105. Sukurta atlaikyti auk\u0161t\u0105 temperat\u016br\u0105 neprarandant tepimo. Puikiai tinka naudoti riboto slydimo diferencialuose.<\/p>\n<p style=\"text-align: left;\"><strong>Pagrindiniai privalumai<\/strong><\/p>\n<ul>\n<li style=\"text-align: left;\">Itin glotnus, ilgai i\u0161liekantis lubrikantas<\/li>\n<li style=\"text-align: left;\">U\u017etikrina ma\u017eesn\u012f pavaros triuk\u0161m\u0105 ir ilgesn\u012f guolio tarnavimo laik\u0105<\/li>\n<li style=\"text-align: left;\">Atlaiko auk\u0161t\u0105 temperat\u016br\u0105, i\u0161laikant tepim\u0105<\/li>\n<\/ul>\n<p style=\"text-align: left;\"><a href=\"https:\/\/fastcar.shop\/wp-content\/uploads\/2022\/05\/Lucas-Synthetic_SAE_75W_140_Gear_Oil_UK_EN.pdf\">Specifikacijos <img loading=\"lazy\" decoding=\"async\" class=\"alignnone size-full wp-image-3251\" src=\"https:\/\/fastcar.shop\/wp-content\/uploads\/2022\/01\/pdf-e1641824783993.png\" alt=\"\" width=\"30\" height=\"23\" \/><\/a><\/p>","protected":false},"excerpt":{"rendered":"<p style=\"text-align: left;\">\u201eLucas 75W-140\u201c naudojasi \u201eLucas\u201c sukurta technologija, kuri suk\u016br\u0117 \u201eLucas Heavy Duty Oil Stabiliser\u201c \u2013 svarbiausi\u0105 papildom\u0105 alyv\u0105 sunkiosios pramon\u0117s pramon\u0117je.<\/p>","protected":false},"featured_media":3598,"template":"","meta":[],"product_brand":[],"product_cat":[1789,1792,885],"product_tag":[],"class_list":{"0":"post-3596","1":"product","2":"type-product","3":"status-publish","4":"has-post-thumbnail","6":"product_cat-gear-oil","7":"product_cat-racing","8":"product_cat-oils_lubricants","9":"product_provider-lucas-oil","11":"first","12":"instock","13":"taxable","14":"shipping-taxable","15":"purchasable","16":"product-type-simple"},"aioseo_notices":[],"yoast_head":"<!-- This site is optimized with the Yoast SEO plugin v27.3 - https:\/\/yoast.com\/product\/yoast-seo-wordpress\/ -->\n<title>LUCAS Synthetic Gear Oil SAE 75W140 1 Quart 946ml<\/title>\n<meta name=\"robots\" content=\"index, follow, max-snippet:-1, max-image-preview:large, max-video-preview:-1\" \/>\n<link rel=\"canonical\" href=\"https:\/\/fastcar.shop\/lt\/produktas\/lucas-synthetic-gear-oil-sae-75w140-1-quart-946ml\/\" \/>\n<meta property=\"og:locale\" content=\"lt_LT\" \/>\n<meta property=\"og:type\" content=\"article\" \/>\n<meta property=\"og:title\" content=\"LUCAS Synthetic Gear Oil SAE 75W140 1 Quart 946ml\" \/>\n<meta property=\"og:description\" content=\"The Lucas 75W-140 enjoys the technology Lucas developed in making the \u201cLucas Heavy Duty Oil Stabiliser\u201d, the number one supplemental oil in the heavy duty industry.\" \/>\n<meta property=\"og:url\" content=\"https:\/\/fastcar.shop\/lt\/produktas\/lucas-synthetic-gear-oil-sae-75w140-1-quart-946ml\/\" \/>\n<meta property=\"og:site_name\" content=\"Fast Car Shop\" \/>\n<meta property=\"article:publisher\" content=\"https:\/\/www.facebook.com\/FastcarLt?locale=lt_LT\" \/>\n<meta property=\"article:modified_time\" content=\"2026-03-20T18:54:32+00:00\" \/>\n<meta property=\"og:image\" content=\"https:\/\/fastcar.shop\/wp-content\/uploads\/2022\/05\/02_75W140GearOil_Quart-e1640628030470.jpg\" \/>\n\t<meta property=\"og:image:width\" content=\"950\" \/>\n\t<meta property=\"og:image:height\" content=\"950\" \/>\n\t<meta property=\"og:image:type\" content=\"image\/jpeg\" \/>\n<meta name=\"twitter:card\" content=\"summary_large_image\" \/>\n<!-- \/ Yoast SEO plugin. -->","yoast_head_json":{"title":"LUCAS sintetin\u0117 pavar\u0173 d\u0117\u017e\u0117s alyva SAE 75W140 946 ml","robots":{"index":"index","follow":"follow","max-snippet":"max-snippet:-1","max-image-preview":"max-image-preview:large","max-video-preview":"max-video-preview:-1"},"canonical":"https:\/\/fastcar.shop\/lt\/produktas\/lucas-synthetic-gear-oil-sae-75w140-1-quart-946ml\/","og_locale":"lt_LT","og_type":"article","og_title":"LUCAS Synthetic Gear Oil SAE 75W140 1 Quart 946ml","og_description":"The Lucas 75W-140 enjoys the technology Lucas developed in making the \u201cLucas Heavy Duty Oil Stabiliser\u201d, the number one supplemental oil in the heavy duty industry.","og_url":"https:\/\/fastcar.shop\/lt\/produktas\/lucas-synthetic-gear-oil-sae-75w140-1-quart-946ml\/","og_site_name":"Fast Car Shop","article_publisher":"https:\/\/www.facebook.com\/FastcarLt?locale=lt_LT","article_modified_time":"2026-03-20T18:54:32+00:00","og_image":[{"width":950,"height":950,"url":"https:\/\/fastcar.shop\/wp-content\/uploads\/2022\/05\/02_75W140GearOil_Quart-e1640628030470.jpg","type":"image\/jpeg"}],"twitter_card":"summary_large_image","schema":{"@context":"https:\/\/schema.org","@graph":[{"@type":"WebPage","@id":"https:\/\/fastcar.shop\/product\/lucas-synthetic-gear-oil-sae-75w140-1-quart-946ml\/","url":"https:\/\/fastcar.shop\/product\/lucas-synthetic-gear-oil-sae-75w140-1-quart-946ml\/","name":"LUCAS sintetin\u0117 pavar\u0173 d\u0117\u017e\u0117s alyva SAE 75W140 946 ml","isPartOf":{"@id":"https:\/\/fastcar.shop\/#website"},"primaryImageOfPage":{"@id":"https:\/\/fastcar.shop\/product\/lucas-synthetic-gear-oil-sae-75w140-1-quart-946ml\/#primaryimage"},"image":{"@id":"https:\/\/fastcar.shop\/product\/lucas-synthetic-gear-oil-sae-75w140-1-quart-946ml\/#primaryimage"},"thumbnailUrl":"https:\/\/fastcar.shop\/wp-content\/uploads\/2022\/05\/02_75W140GearOil_Quart-e1640628030470.jpg","datePublished":"2022-05-15T16:14:38+00:00","dateModified":"2026-03-20T18:54:32+00:00","breadcrumb":{"@id":"https:\/\/fastcar.shop\/product\/lucas-synthetic-gear-oil-sae-75w140-1-quart-946ml\/#breadcrumb"},"inLanguage":"lt-LT","potentialAction":[{"@type":"ReadAction","target":["https:\/\/fastcar.shop\/product\/lucas-synthetic-gear-oil-sae-75w140-1-quart-946ml\/"]}]},{"@type":"ImageObject","inLanguage":"lt-LT","@id":"https:\/\/fastcar.shop\/product\/lucas-synthetic-gear-oil-sae-75w140-1-quart-946ml\/#primaryimage","url":"https:\/\/fastcar.shop\/wp-content\/uploads\/2022\/05\/02_75W140GearOil_Quart-e1640628030470.jpg","contentUrl":"https:\/\/fastcar.shop\/wp-content\/uploads\/2022\/05\/02_75W140GearOil_Quart-e1640628030470.jpg","width":950,"height":950},{"@type":"BreadcrumbList","@id":"https:\/\/fastcar.shop\/product\/lucas-synthetic-gear-oil-sae-75w140-1-quart-946ml\/#breadcrumb","itemListElement":[{"@type":"ListItem","position":1,"name":"Home","item":"https:\/\/fastcar.shop\/"},{"@type":"ListItem","position":2,"name":"Shop","item":"https:\/\/fastcar.shop\/shop\/"},{"@type":"ListItem","position":3,"name":"LUCAS Synthetic Gear Oil SAE 75W140 1 Quart 946ml"}]},{"@type":"WebSite","@id":"https:\/\/fastcar.shop\/#website","url":"https:\/\/fastcar.shop\/","name":"Greit\u0173 automobili\u0173 parduotuv\u0117","description":"","publisher":{"@id":"https:\/\/fastcar.shop\/#organization"},"potentialAction":[{"@type":"SearchAction","target":{"@type":"EntryPoint","urlTemplate":"https:\/\/fastcar.shop\/?s={search_term_string}"},"query-input":{"@type":"PropertyValueSpecification","valueRequired":true,"valueName":"search_term_string"}}],"inLanguage":"lt-LT"},{"@type":"Organization","@id":"https:\/\/fastcar.shop\/#organization","name":"Fastcar.shop","url":"https:\/\/fastcar.shop\/","logo":{"@type":"ImageObject","inLanguage":"lt-LT","@id":"https:\/\/fastcar.shop\/#\/schema\/logo\/image\/","url":"https:\/\/fastcar.shop\/wp-content\/uploads\/2017\/08\/FCS_JPEG-01-scaled.jpg","contentUrl":"https:\/\/fastcar.shop\/wp-content\/uploads\/2017\/08\/FCS_JPEG-01-scaled.jpg","width":2560,"height":1379,"caption":"Fastcar.shop"},"image":{"@id":"https:\/\/fastcar.shop\/#\/schema\/logo\/image\/"},"sameAs":["https:\/\/www.facebook.com\/FastcarLt?locale=lt_LT","https:\/\/www.instagram.com\/fastcar.shop\/"]}]}},"jetpack_sharing_enabled":true,"_links":{"self":[{"href":"https:\/\/fastcar.shop\/lt\/wp-json\/wp\/v2\/product\/3596","targetHints":{"allow":["GET"]}}],"collection":[{"href":"https:\/\/fastcar.shop\/lt\/wp-json\/wp\/v2\/product"}],"about":[{"href":"https:\/\/fastcar.shop\/lt\/wp-json\/wp\/v2\/types\/product"}],"wp:featuredmedia":[{"embeddable":true,"href":"https:\/\/fastcar.shop\/lt\/wp-json\/wp\/v2\/media\/3598"}],"wp:attachment":[{"href":"https:\/\/fastcar.shop\/lt\/wp-json\/wp\/v2\/media?parent=3596"}],"wp:term":[{"taxonomy":"product_brand","embeddable":true,"href":"https:\/\/fastcar.shop\/lt\/wp-json\/wp\/v2\/product_brand?post=3596"},{"taxonomy":"product_cat","embeddable":true,"href":"https:\/\/fastcar.shop\/lt\/wp-json\/wp\/v2\/product_cat?post=3596"},{"taxonomy":"product_tag","embeddable":true,"href":"https:\/\/fastcar.shop\/lt\/wp-json\/wp\/v2\/product_tag?post=3596"}],"curies":[{"name":"wp","href":"https:\/\/api.w.org\/{rel}","templated":true}]}}