{"id":3586,"date":"2022-05-15T15:09:33","date_gmt":"2022-05-15T15:09:33","guid":{"rendered":"https:\/\/fastcar.shop\/?post_type=product&#038;p=3586"},"modified":"2026-02-11T14:42:43","modified_gmt":"2026-02-11T12:42:43","slug":"lucas-heavy-duty-gear-oil-sae-80w90-1-quart-32fl-oz-946ml","status":"publish","type":"product","link":"https:\/\/fastcar.shop\/lt\/product\/lucas-heavy-duty-gear-oil-sae-80w90-1-quart-32fl-oz-946ml\/","title":{"rendered":"LUCAS Sintetin\u0117 Transmisij\u0173 Alyva SAE 80W90 946ml"},"content":{"rendered":"<p style=\"text-align: left;\">Pavar\u0173 alyvas reik\u0117jo tobulinti daugel\u012f met\u0173, ypa\u010d didelio na\u0161umo pramon\u0117je. \u201eLucas 80W-90\u201c naudojasi \u201eLucas\u201c sukurta technologija, kuri yra \u201eLucas Heavy Duty Oil Stabiliser\u201c \u2013 pagrindin\u0117 alyva sunkiosios pramon\u0117s pramon\u0117je. \u0160i pavar\u0173 d\u0117\u017e\u0117s alyvos formul\u0117 yra praturtinta specialiomis dilimui stabdan\u010diomis ir tepimo priemon\u0117mis, kurios kontroliuoja susid\u0117v\u0117jim\u0105 ir pasiprie\u0161inim\u0105, taip pat specialiais priedais, kontroliuojan\u010diais \u0161ilum\u0105. \u0160i\u0173 savybi\u0173 n\u0117ra \u012fprastose pavar\u0173 d\u0117\u017e\u0117se. \u0160i pavar\u0173 alyva puikiai tinka tiek lenktyniniams automobiliams, tiek bet kokiam sunkiam naudojimui, kur paprastos pavar\u0173 alyvos nepakanka.<\/p>\n<p style=\"text-align: left;\"><strong>Pagrindiniai privalumai<\/strong><\/p>\n<ul>\n<li style=\"text-align: left;\">Sud\u0117tyje yra speciali\u0173 d\u0117v\u0117jimosi ir tepimo priemoni\u0173<\/li>\n<li style=\"text-align: left;\">Padeda kontroliuoti \u0161ilum\u0105<\/li>\n<li style=\"text-align: left;\">Puikiai tinka didelio na\u0161umo ir dideli\u0173 apkrov\u0173 darbams<\/li>\n<\/ul>\n<p style=\"text-align: left;\"><a href=\"https:\/\/fastcar.shop\/wp-content\/uploads\/2022\/05\/Lucas-SAE-80W-90.pdf\">Specifikacijos <img loading=\"lazy\" decoding=\"async\" class=\"alignnone size-full wp-image-3251\" src=\"https:\/\/fastcar.shop\/wp-content\/uploads\/2022\/01\/pdf-e1641824783993.png\" alt=\"\" width=\"30\" height=\"23\" \/><\/a><\/p>","protected":false},"excerpt":{"rendered":"<p style=\"text-align: left;\">\u201eLucas 80W-90\u201c naudojasi \u201eLucas\u201c sukurta technologija, kuri yra \u201eLucas Heavy Duty Oil Stabiliser\u201c \u2013 pagrindin\u0117 alyva sunkiosios pramon\u0117s pramon\u0117je.<\/p>","protected":false},"featured_media":3588,"template":"","meta":[],"product_brand":[],"product_cat":[1789,885],"product_tag":[],"class_list":{"0":"post-3586","1":"product","2":"type-product","3":"status-publish","4":"has-post-thumbnail","6":"product_cat-gear-oil","7":"product_cat-oils_lubricants","8":"product_provider-lucas-oil","10":"first","11":"instock","12":"taxable","13":"shipping-taxable","14":"purchasable","15":"product-type-simple"},"aioseo_notices":[],"yoast_head":"<!-- This site is optimized with the Yoast SEO plugin v27.3 - https:\/\/yoast.com\/product\/yoast-seo-wordpress\/ -->\n<title>LUCAS Heavy Duty Gear Oil SAE 80W90 1 Quart 32fl oz 946ml<\/title>\n<meta name=\"robots\" content=\"index, follow, max-snippet:-1, max-image-preview:large, max-video-preview:-1\" \/>\n<link rel=\"canonical\" href=\"https:\/\/fastcar.shop\/lt\/produktas\/lucas-heavy-duty-gear-oil-sae-80w90-1-quart-32fl-oz-946ml\/\" \/>\n<meta property=\"og:locale\" content=\"lt_LT\" \/>\n<meta property=\"og:type\" content=\"article\" \/>\n<meta property=\"og:title\" content=\"LUCAS Heavy Duty Gear Oil SAE 80W90 1 Quart 32fl oz 946ml\" \/>\n<meta property=\"og:description\" content=\"The Lucas 80W-90 enjoys the technology Lucas developed in making the \u201cLucas Heavy Duty Oil Stabiliser\u201d, the number one supplemental oil in the heavy duty industry.\" \/>\n<meta property=\"og:url\" content=\"https:\/\/fastcar.shop\/lt\/produktas\/lucas-heavy-duty-gear-oil-sae-80w90-1-quart-32fl-oz-946ml\/\" \/>\n<meta property=\"og:site_name\" content=\"Fast Car Shop\" \/>\n<meta property=\"article:publisher\" content=\"https:\/\/www.facebook.com\/FastcarLt?locale=lt_LT\" \/>\n<meta property=\"article:modified_time\" content=\"2026-02-11T12:42:43+00:00\" \/>\n<meta property=\"og:image\" content=\"https:\/\/fastcar.shop\/wp-content\/uploads\/2022\/05\/02_80W-90GearOil_Quart-e1640620217372.jpg\" \/>\n\t<meta property=\"og:image:width\" content=\"950\" \/>\n\t<meta property=\"og:image:height\" content=\"950\" \/>\n\t<meta property=\"og:image:type\" content=\"image\/jpeg\" \/>\n<meta name=\"twitter:card\" content=\"summary_large_image\" \/>\n<meta name=\"twitter:label1\" content=\"Est. reading time\" \/>\n\t<meta name=\"twitter:data1\" content=\"1 minut\u0117\" \/>\n<!-- \/ Yoast SEO plugin. -->","yoast_head_json":{"title":"LUCAS Sintetin\u0117 Transmisij\u0173 Alyva SAE 80W90 946ml","robots":{"index":"index","follow":"follow","max-snippet":"max-snippet:-1","max-image-preview":"max-image-preview:large","max-video-preview":"max-video-preview:-1"},"canonical":"https:\/\/fastcar.shop\/lt\/produktas\/lucas-heavy-duty-gear-oil-sae-80w90-1-quart-32fl-oz-946ml\/","og_locale":"lt_LT","og_type":"article","og_title":"LUCAS Heavy Duty Gear Oil SAE 80W90 1 Quart 32fl oz 946ml","og_description":"The Lucas 80W-90 enjoys the technology Lucas developed in making the \u201cLucas Heavy Duty Oil Stabiliser\u201d, the number one supplemental oil in the heavy duty industry.","og_url":"https:\/\/fastcar.shop\/lt\/produktas\/lucas-heavy-duty-gear-oil-sae-80w90-1-quart-32fl-oz-946ml\/","og_site_name":"Fast Car Shop","article_publisher":"https:\/\/www.facebook.com\/FastcarLt?locale=lt_LT","article_modified_time":"2026-02-11T12:42:43+00:00","og_image":[{"width":950,"height":950,"url":"https:\/\/fastcar.shop\/wp-content\/uploads\/2022\/05\/02_80W-90GearOil_Quart-e1640620217372.jpg","type":"image\/jpeg"}],"twitter_card":"summary_large_image","twitter_misc":{"Est. reading time":"1 minut\u0117"},"schema":{"@context":"https:\/\/schema.org","@graph":[{"@type":"WebPage","@id":"https:\/\/fastcar.shop\/product\/lucas-heavy-duty-gear-oil-sae-80w90-1-quart-32fl-oz-946ml\/","url":"https:\/\/fastcar.shop\/product\/lucas-heavy-duty-gear-oil-sae-80w90-1-quart-32fl-oz-946ml\/","name":"LUCAS Sintetin\u0117 Transmisij\u0173 Alyva SAE 80W90 946ml","isPartOf":{"@id":"https:\/\/fastcar.shop\/#website"},"primaryImageOfPage":{"@id":"https:\/\/fastcar.shop\/product\/lucas-heavy-duty-gear-oil-sae-80w90-1-quart-32fl-oz-946ml\/#primaryimage"},"image":{"@id":"https:\/\/fastcar.shop\/product\/lucas-heavy-duty-gear-oil-sae-80w90-1-quart-32fl-oz-946ml\/#primaryimage"},"thumbnailUrl":"https:\/\/fastcar.shop\/wp-content\/uploads\/2022\/05\/02_80W-90GearOil_Quart-e1640620217372.jpg","datePublished":"2022-05-15T15:09:33+00:00","dateModified":"2026-02-11T12:42:43+00:00","breadcrumb":{"@id":"https:\/\/fastcar.shop\/product\/lucas-heavy-duty-gear-oil-sae-80w90-1-quart-32fl-oz-946ml\/#breadcrumb"},"inLanguage":"lt-LT","potentialAction":[{"@type":"ReadAction","target":["https:\/\/fastcar.shop\/product\/lucas-heavy-duty-gear-oil-sae-80w90-1-quart-32fl-oz-946ml\/"]}]},{"@type":"ImageObject","inLanguage":"lt-LT","@id":"https:\/\/fastcar.shop\/product\/lucas-heavy-duty-gear-oil-sae-80w90-1-quart-32fl-oz-946ml\/#primaryimage","url":"https:\/\/fastcar.shop\/wp-content\/uploads\/2022\/05\/02_80W-90GearOil_Quart-e1640620217372.jpg","contentUrl":"https:\/\/fastcar.shop\/wp-content\/uploads\/2022\/05\/02_80W-90GearOil_Quart-e1640620217372.jpg","width":950,"height":950},{"@type":"BreadcrumbList","@id":"https:\/\/fastcar.shop\/product\/lucas-heavy-duty-gear-oil-sae-80w90-1-quart-32fl-oz-946ml\/#breadcrumb","itemListElement":[{"@type":"ListItem","position":1,"name":"Home","item":"https:\/\/fastcar.shop\/"},{"@type":"ListItem","position":2,"name":"Shop","item":"https:\/\/fastcar.shop\/shop\/"},{"@type":"ListItem","position":3,"name":"LUCAS Heavy Duty Gear Oil SAE 80W90 1 Quart 32fl oz 946ml"}]},{"@type":"WebSite","@id":"https:\/\/fastcar.shop\/#website","url":"https:\/\/fastcar.shop\/","name":"Greit\u0173 automobili\u0173 parduotuv\u0117","description":"","publisher":{"@id":"https:\/\/fastcar.shop\/#organization"},"potentialAction":[{"@type":"SearchAction","target":{"@type":"EntryPoint","urlTemplate":"https:\/\/fastcar.shop\/?s={search_term_string}"},"query-input":{"@type":"PropertyValueSpecification","valueRequired":true,"valueName":"search_term_string"}}],"inLanguage":"lt-LT"},{"@type":"Organization","@id":"https:\/\/fastcar.shop\/#organization","name":"Fastcar.shop","url":"https:\/\/fastcar.shop\/","logo":{"@type":"ImageObject","inLanguage":"lt-LT","@id":"https:\/\/fastcar.shop\/#\/schema\/logo\/image\/","url":"https:\/\/fastcar.shop\/wp-content\/uploads\/2017\/08\/FCS_JPEG-01-scaled.jpg","contentUrl":"https:\/\/fastcar.shop\/wp-content\/uploads\/2017\/08\/FCS_JPEG-01-scaled.jpg","width":2560,"height":1379,"caption":"Fastcar.shop"},"image":{"@id":"https:\/\/fastcar.shop\/#\/schema\/logo\/image\/"},"sameAs":["https:\/\/www.facebook.com\/FastcarLt?locale=lt_LT","https:\/\/www.instagram.com\/fastcar.shop\/"]}]}},"jetpack_sharing_enabled":true,"_links":{"self":[{"href":"https:\/\/fastcar.shop\/lt\/wp-json\/wp\/v2\/product\/3586","targetHints":{"allow":["GET"]}}],"collection":[{"href":"https:\/\/fastcar.shop\/lt\/wp-json\/wp\/v2\/product"}],"about":[{"href":"https:\/\/fastcar.shop\/lt\/wp-json\/wp\/v2\/types\/product"}],"wp:featuredmedia":[{"embeddable":true,"href":"https:\/\/fastcar.shop\/lt\/wp-json\/wp\/v2\/media\/3588"}],"wp:attachment":[{"href":"https:\/\/fastcar.shop\/lt\/wp-json\/wp\/v2\/media?parent=3586"}],"wp:term":[{"taxonomy":"product_brand","embeddable":true,"href":"https:\/\/fastcar.shop\/lt\/wp-json\/wp\/v2\/product_brand?post=3586"},{"taxonomy":"product_cat","embeddable":true,"href":"https:\/\/fastcar.shop\/lt\/wp-json\/wp\/v2\/product_cat?post=3586"},{"taxonomy":"product_tag","embeddable":true,"href":"https:\/\/fastcar.shop\/lt\/wp-json\/wp\/v2\/product_tag?post=3586"}],"curies":[{"name":"wp","href":"https:\/\/api.w.org\/{rel}","templated":true}]}}