{"id":3583,"date":"2022-05-14T22:10:34","date_gmt":"2022-05-14T22:10:34","guid":{"rendered":"https:\/\/fastcar.shop\/?post_type=product&#038;p=3583"},"modified":"2025-11-11T14:36:17","modified_gmt":"2025-11-11T12:36:17","slug":"lucas-brake-parts-cleaner-aerosol-500ml","status":"publish","type":"product","link":"https:\/\/fastcar.shop\/lt\/product\/lucas-brake-parts-cleaner-aerosol-500ml\/","title":{"rendered":"LUCAS stabd\u017ei\u0173 dali\u0173 valiklis aerozolis 500ml"},"content":{"rendered":"<div class=\"col-lg-6 col-md-6 col-sm-12\">\n<p style=\"text-align: left;\">Lucas Brake Parts Cleaner pagamintas i\u0161 auk\u0161\u010diausios kokyb\u0117s komponent\u0173, kad b\u016bt\u0173 u\u017etikrintas puikus veikimas nepaliekant joki\u0173 liku\u010di\u0173. Jis efektyviai pa\u0161alina stabd\u017ei\u0173 skyst\u012f, tepal\u0105, stabd\u017ei\u0173 dulkes ir kitus ter\u0161alus nuo stabd\u017ei\u0173 antd\u0117kl\u0173, trinkeli\u0173, cilindr\u0173, spyruokli\u0173 ir b\u016bgn\u0173. Profesionalus stiprumas ir galingas pur\u0161kimo modelis pagerina gaminio veikim\u0105. Skirta naudoti su visais ABS, diskiniais ir b\u016bgniniais stabd\u017eiais. Numal\u0161ina triuk\u0161m\u0105, susijus\u012f su perteklin\u0117mis stabd\u017ei\u0173 dulk\u0117mis.<\/p>\n<p style=\"text-align: left;\">Nor\u0117dami pa\u0161alinti stabd\u017ei\u0173 skyst\u012f, tepal\u0105, dulkes ir kitus ter\u0161alus, gausiai purk\u0161kite ant valom\u0173 viet\u0173. Naudokite gerai v\u0117dinamoje vietoje ir d\u0117v\u0117kite apsauginius akinius. Apsaugokite gum\u0105, da\u017eytus pavir\u0161ius ir plastik\u0105 nuo pursl\u0173 pertekliaus. Nenaudokite ant polikarbonato arba stirenuoto plastiko.<\/p>\n<p style=\"text-align: left;\"><strong>Pagrindiniai privalumai<\/strong><\/p>\n<ul>\n<li style=\"text-align: left;\">Auk\u0161tos kokyb\u0117s komponentai, u\u017etikrinantys puik\u0173 na\u0161um\u0105<\/li>\n<li style=\"text-align: left;\">Efektyviai pa\u0161alina stabd\u017ei\u0173 skyst\u012f, riebalus, dulkes ir kt<\/li>\n<li style=\"text-align: left;\">Skirta naudoti su visais ABS, diskiniais ir b\u016bgniniais stabd\u017eiais<\/li>\n<li style=\"text-align: left;\">Numal\u0161ina triuk\u0161m\u0105, susijus\u012f su perteklin\u0117mis stabd\u017ei\u0173 dulk\u0117mis<\/li>\n<\/ul>\n<p style=\"text-align: left;\"><a href=\"https:\/\/fastcar.shop\/wp-content\/uploads\/2022\/05\/lucas-TDS_brakes-part-cleaner.pdf\">Specifikacijos <img loading=\"lazy\" decoding=\"async\" class=\"alignnone size-full wp-image-3251\" src=\"https:\/\/fastcar.shop\/wp-content\/uploads\/2022\/01\/pdf-e1641824783993.png\" alt=\"\" width=\"30\" height=\"23\" \/><\/a><\/p>\n<\/div>","protected":false},"excerpt":{"rendered":"<p style=\"text-align: left;\">Lucas nechloruotas stabd\u017ei\u0173 dali\u0173 valiklis pagamintas i\u0161 auk\u0161\u010diausios kokyb\u0117s komponent\u0173, kad b\u016bt\u0173 u\u017etikrintas puikus veikimas nepaliekant joki\u0173 liku\u010di\u0173.<\/p>","protected":false},"featured_media":3585,"template":"","meta":[],"product_brand":[],"product_cat":[1791,885],"product_tag":[],"class_list":{"0":"post-3583","1":"product","2":"type-product","3":"status-publish","4":"has-post-thumbnail","6":"product_cat-problem-solvers-utility-lubricants","7":"product_cat-oils_lubricants","8":"product_provider-lucas-oil","10":"first","11":"instock","12":"taxable","13":"shipping-taxable","14":"purchasable","15":"product-type-simple"},"aioseo_notices":[],"yoast_head":"<!-- This site is optimized with the Yoast SEO plugin v27.3 - https:\/\/yoast.com\/product\/yoast-seo-wordpress\/ -->\n<title>LUCAS Brake Parts Cleaner Aerosol 500ml<\/title>\n<meta name=\"robots\" content=\"index, follow, max-snippet:-1, max-image-preview:large, max-video-preview:-1\" \/>\n<link rel=\"canonical\" href=\"https:\/\/fastcar.shop\/lt\/produktas\/lucas-brake-parts-cleaner-aerosol-500ml\/\" \/>\n<meta property=\"og:locale\" content=\"lt_LT\" \/>\n<meta property=\"og:type\" content=\"article\" \/>\n<meta property=\"og:title\" content=\"LUCAS Brake Parts Cleaner Aerosol 500ml\" \/>\n<meta property=\"og:description\" content=\"Lucas Non-Chlorinated Brake Parts Cleaner is manufactured with the highest quality components to provide excellent performance without leaving any residue.\" \/>\n<meta property=\"og:url\" content=\"https:\/\/fastcar.shop\/lt\/produktas\/lucas-brake-parts-cleaner-aerosol-500ml\/\" \/>\n<meta property=\"og:site_name\" content=\"Fast Car Shop\" \/>\n<meta property=\"article:publisher\" content=\"https:\/\/www.facebook.com\/FastcarLt?locale=lt_LT\" \/>\n<meta property=\"article:modified_time\" content=\"2025-11-11T12:36:17+00:00\" \/>\n<meta property=\"og:image\" content=\"https:\/\/fastcar.shop\/wp-content\/uploads\/2022\/05\/lucas-40906_BrakeCleaner_800x950-1-e1640254563299.jpg\" \/>\n\t<meta property=\"og:image:width\" content=\"950\" \/>\n\t<meta property=\"og:image:height\" content=\"950\" \/>\n\t<meta property=\"og:image:type\" content=\"image\/jpeg\" \/>\n<meta name=\"twitter:card\" content=\"summary_large_image\" \/>\n<meta name=\"twitter:label1\" content=\"Est. reading time\" \/>\n\t<meta name=\"twitter:data1\" content=\"2 minut\u0117s\" \/>\n<!-- \/ Yoast SEO plugin. -->","yoast_head_json":{"title":"LUCAS stabd\u017ei\u0173 dali\u0173 valiklis aerozolis 500ml","robots":{"index":"index","follow":"follow","max-snippet":"max-snippet:-1","max-image-preview":"max-image-preview:large","max-video-preview":"max-video-preview:-1"},"canonical":"https:\/\/fastcar.shop\/lt\/produktas\/lucas-brake-parts-cleaner-aerosol-500ml\/","og_locale":"lt_LT","og_type":"article","og_title":"LUCAS Brake Parts Cleaner Aerosol 500ml","og_description":"Lucas Non-Chlorinated Brake Parts Cleaner is manufactured with the highest quality components to provide excellent performance without leaving any residue.","og_url":"https:\/\/fastcar.shop\/lt\/produktas\/lucas-brake-parts-cleaner-aerosol-500ml\/","og_site_name":"Fast Car Shop","article_publisher":"https:\/\/www.facebook.com\/FastcarLt?locale=lt_LT","article_modified_time":"2025-11-11T12:36:17+00:00","og_image":[{"width":950,"height":950,"url":"https:\/\/fastcar.shop\/wp-content\/uploads\/2022\/05\/lucas-40906_BrakeCleaner_800x950-1-e1640254563299.jpg","type":"image\/jpeg"}],"twitter_card":"summary_large_image","twitter_misc":{"Est. reading time":"2 minut\u0117s"},"schema":{"@context":"https:\/\/schema.org","@graph":[{"@type":"WebPage","@id":"https:\/\/fastcar.shop\/product\/lucas-brake-parts-cleaner-aerosol-500ml\/","url":"https:\/\/fastcar.shop\/product\/lucas-brake-parts-cleaner-aerosol-500ml\/","name":"LUCAS stabd\u017ei\u0173 dali\u0173 valiklis aerozolis 500ml","isPartOf":{"@id":"https:\/\/fastcar.shop\/#website"},"primaryImageOfPage":{"@id":"https:\/\/fastcar.shop\/product\/lucas-brake-parts-cleaner-aerosol-500ml\/#primaryimage"},"image":{"@id":"https:\/\/fastcar.shop\/product\/lucas-brake-parts-cleaner-aerosol-500ml\/#primaryimage"},"thumbnailUrl":"https:\/\/fastcar.shop\/wp-content\/uploads\/2022\/05\/lucas-40906_BrakeCleaner_800x950-1-e1640254563299.jpg","datePublished":"2022-05-14T22:10:34+00:00","dateModified":"2025-11-11T12:36:17+00:00","breadcrumb":{"@id":"https:\/\/fastcar.shop\/product\/lucas-brake-parts-cleaner-aerosol-500ml\/#breadcrumb"},"inLanguage":"lt-LT","potentialAction":[{"@type":"ReadAction","target":["https:\/\/fastcar.shop\/product\/lucas-brake-parts-cleaner-aerosol-500ml\/"]}]},{"@type":"ImageObject","inLanguage":"lt-LT","@id":"https:\/\/fastcar.shop\/product\/lucas-brake-parts-cleaner-aerosol-500ml\/#primaryimage","url":"https:\/\/fastcar.shop\/wp-content\/uploads\/2022\/05\/lucas-40906_BrakeCleaner_800x950-1-e1640254563299.jpg","contentUrl":"https:\/\/fastcar.shop\/wp-content\/uploads\/2022\/05\/lucas-40906_BrakeCleaner_800x950-1-e1640254563299.jpg","width":950,"height":950},{"@type":"BreadcrumbList","@id":"https:\/\/fastcar.shop\/product\/lucas-brake-parts-cleaner-aerosol-500ml\/#breadcrumb","itemListElement":[{"@type":"ListItem","position":1,"name":"Home","item":"https:\/\/fastcar.shop\/"},{"@type":"ListItem","position":2,"name":"Shop","item":"https:\/\/fastcar.shop\/shop\/"},{"@type":"ListItem","position":3,"name":"LUCAS Brake Parts Cleaner Aerosol 500ml"}]},{"@type":"WebSite","@id":"https:\/\/fastcar.shop\/#website","url":"https:\/\/fastcar.shop\/","name":"Greit\u0173 automobili\u0173 parduotuv\u0117","description":"","publisher":{"@id":"https:\/\/fastcar.shop\/#organization"},"potentialAction":[{"@type":"SearchAction","target":{"@type":"EntryPoint","urlTemplate":"https:\/\/fastcar.shop\/?s={search_term_string}"},"query-input":{"@type":"PropertyValueSpecification","valueRequired":true,"valueName":"search_term_string"}}],"inLanguage":"lt-LT"},{"@type":"Organization","@id":"https:\/\/fastcar.shop\/#organization","name":"Fastcar.shop","url":"https:\/\/fastcar.shop\/","logo":{"@type":"ImageObject","inLanguage":"lt-LT","@id":"https:\/\/fastcar.shop\/#\/schema\/logo\/image\/","url":"https:\/\/fastcar.shop\/wp-content\/uploads\/2017\/08\/FCS_JPEG-01-scaled.jpg","contentUrl":"https:\/\/fastcar.shop\/wp-content\/uploads\/2017\/08\/FCS_JPEG-01-scaled.jpg","width":2560,"height":1379,"caption":"Fastcar.shop"},"image":{"@id":"https:\/\/fastcar.shop\/#\/schema\/logo\/image\/"},"sameAs":["https:\/\/www.facebook.com\/FastcarLt?locale=lt_LT","https:\/\/www.instagram.com\/fastcar.shop\/"]}]}},"jetpack_sharing_enabled":true,"_links":{"self":[{"href":"https:\/\/fastcar.shop\/lt\/wp-json\/wp\/v2\/product\/3583","targetHints":{"allow":["GET"]}}],"collection":[{"href":"https:\/\/fastcar.shop\/lt\/wp-json\/wp\/v2\/product"}],"about":[{"href":"https:\/\/fastcar.shop\/lt\/wp-json\/wp\/v2\/types\/product"}],"wp:featuredmedia":[{"embeddable":true,"href":"https:\/\/fastcar.shop\/lt\/wp-json\/wp\/v2\/media\/3585"}],"wp:attachment":[{"href":"https:\/\/fastcar.shop\/lt\/wp-json\/wp\/v2\/media?parent=3583"}],"wp:term":[{"taxonomy":"product_brand","embeddable":true,"href":"https:\/\/fastcar.shop\/lt\/wp-json\/wp\/v2\/product_brand?post=3583"},{"taxonomy":"product_cat","embeddable":true,"href":"https:\/\/fastcar.shop\/lt\/wp-json\/wp\/v2\/product_cat?post=3583"},{"taxonomy":"product_tag","embeddable":true,"href":"https:\/\/fastcar.shop\/lt\/wp-json\/wp\/v2\/product_tag?post=3583"}],"curies":[{"name":"wp","href":"https:\/\/api.w.org\/{rel}","templated":true}]}}