{"id":3580,"date":"2022-05-14T21:19:00","date_gmt":"2022-05-14T21:19:00","guid":{"rendered":"https:\/\/fastcar.shop\/?post_type=product&#038;p=3580"},"modified":"2026-02-11T14:43:49","modified_gmt":"2026-02-11T12:43:49","slug":"lucas-slick-mist-interior-detailer-24fl-oz-710ml","status":"publish","type":"product","link":"https:\/\/fastcar.shop\/lt\/product\/lucas-slick-mist-interior-detailer-24fl-oz-710ml\/","title":{"rendered":"\u201eLUCAS Slick Mist\u201d salono valiklis 710ml"},"content":{"rendered":"<p style=\"text-align: left;\">\u201eLUCAS Slick Mist\u201d salono valiklis yra \u201eLucas Oil Products\u201c sukurta pur\u0161kiama priemon\u0117, skirta valyti ir apsaugoti taip, kaip niekada nenaudojote. Jei reikia, pur\u0161kite ant vidini\u0173 pavir\u0161i\u0173, toki\u0173 kaip plastikas, vinilas, oda, guma ir metalas, kad atrodyt\u0173 kaip naujas. Valo ir apsaugo prietais\u0173 skydelius, pultus, duris ir apdail\u0105. Taip pat puikiai tinka buitiniams baldams.<\/p>\n<p style=\"text-align: left;\"><strong>Pagrindiniai privalumai<\/strong><\/p>\n<div class=\"col-lg-6 col-md-6 col-sm-12\">\n<ul>\n<li style=\"text-align: left;\">Taikymo paprastumas<\/li>\n<li style=\"text-align: left;\">Atkuria Interjer\u0105<\/li>\n<li style=\"text-align: left;\">Puikiai tinka automobiliams, sunkve\u017eimiams, valtims ir l\u0117ktuvams<\/li>\n<li style=\"text-align: left;\">\u0160vie\u010dia ir apsaugo vienu lengvu aplikavimu<\/li>\n<li style=\"text-align: left;\">Perpur\u0161kimas n\u0117ra problema<\/li>\n<li style=\"text-align: left;\">Vandens pagrindu<\/li>\n<li style=\"text-align: left;\">Neriebi formul\u0117<\/li>\n<li style=\"text-align: left;\">pH neutralus (7-8)<\/li>\n<li style=\"text-align: left;\">Atsparus dir\u017eams<\/li>\n<li style=\"text-align: left;\">Greitai ir lengvai<\/li>\n<li style=\"text-align: left;\">Atsparus UV spinduliams \/ apsauga<\/li>\n<li style=\"text-align: left;\">Ilgai besit\u0119siantis<\/li>\n<\/ul>\n<p style=\"text-align: left;\"><a href=\"https:\/\/fastcar.shop\/wp-content\/uploads\/2022\/05\/lucas_SM_Interior-Detailer.pdf\">Specifikacijos <img loading=\"lazy\" decoding=\"async\" class=\"alignnone size-full wp-image-3251\" src=\"https:\/\/fastcar.shop\/wp-content\/uploads\/2022\/01\/pdf-e1641824783993.png\" alt=\"\" width=\"30\" height=\"23\" \/><\/a><\/p>\n<\/div>","protected":false},"excerpt":{"rendered":"<p style=\"text-align: left;\">\u201eLUCAS Slick Mist\u201d salono valiklis yra \u201eLucas Oil Products\u201c sukurta pur\u0161kiama priemon\u0117, skirta valyti ir apsaugoti taip, kaip niekada nenaudojote.<\/p>","protected":false},"featured_media":3582,"template":"","meta":[],"product_brand":[],"product_cat":[892],"product_tag":[],"class_list":{"0":"post-3580","1":"product","2":"type-product","3":"status-publish","4":"has-post-thumbnail","6":"product_cat-vehicle-care","7":"product_provider-lucas-oil","9":"first","10":"instock","11":"taxable","12":"shipping-taxable","13":"purchasable","14":"product-type-simple"},"aioseo_notices":[],"yoast_head":"<!-- This site is optimized with the Yoast SEO plugin v27.3 - https:\/\/yoast.com\/product\/yoast-seo-wordpress\/ -->\n<title>LUCAS Slick Mist Interior Detailer 24fl oz 710ml<\/title>\n<meta name=\"robots\" content=\"index, follow, max-snippet:-1, max-image-preview:large, max-video-preview:-1\" \/>\n<link rel=\"canonical\" href=\"https:\/\/fastcar.shop\/lt\/produktas\/lucas-slick-mist-interior-detailer-24fl-oz-710ml\/\" \/>\n<meta property=\"og:locale\" content=\"lt_LT\" \/>\n<meta property=\"og:type\" content=\"article\" \/>\n<meta property=\"og:title\" content=\"LUCAS Slick Mist Interior Detailer 24fl oz 710ml\" \/>\n<meta property=\"og:description\" content=\"Lucas Slick Mist Interior Detailer is a spray treatment exclusively formulated by Lucas Oil Products designed to clean and protect like nothing you\u2019ve ever used.\" \/>\n<meta property=\"og:url\" content=\"https:\/\/fastcar.shop\/lt\/produktas\/lucas-slick-mist-interior-detailer-24fl-oz-710ml\/\" \/>\n<meta property=\"og:site_name\" content=\"Fast Car Shop\" \/>\n<meta property=\"article:publisher\" content=\"https:\/\/www.facebook.com\/FastcarLt?locale=lt_LT\" \/>\n<meta property=\"article:modified_time\" content=\"2026-02-11T12:43:49+00:00\" \/>\n<meta property=\"og:image\" content=\"https:\/\/fastcar.shop\/wp-content\/uploads\/2022\/05\/105we14_InteriorDetailer_800x950-e1640784203969.jpg\" \/>\n\t<meta property=\"og:image:width\" content=\"950\" \/>\n\t<meta property=\"og:image:height\" content=\"950\" \/>\n\t<meta property=\"og:image:type\" content=\"image\/jpeg\" \/>\n<meta name=\"twitter:card\" content=\"summary_large_image\" \/>\n<meta name=\"twitter:label1\" content=\"Est. reading time\" \/>\n\t<meta name=\"twitter:data1\" content=\"1 minut\u0117\" \/>\n<!-- \/ Yoast SEO plugin. -->","yoast_head_json":{"title":"\u201eLUCAS Slick Mist\u201d salono valiklis 710ml","robots":{"index":"index","follow":"follow","max-snippet":"max-snippet:-1","max-image-preview":"max-image-preview:large","max-video-preview":"max-video-preview:-1"},"canonical":"https:\/\/fastcar.shop\/lt\/produktas\/lucas-slick-mist-interior-detailer-24fl-oz-710ml\/","og_locale":"lt_LT","og_type":"article","og_title":"LUCAS Slick Mist Interior Detailer 24fl oz 710ml","og_description":"Lucas Slick Mist Interior Detailer is a spray treatment exclusively formulated by Lucas Oil Products designed to clean and protect like nothing you\u2019ve ever used.","og_url":"https:\/\/fastcar.shop\/lt\/produktas\/lucas-slick-mist-interior-detailer-24fl-oz-710ml\/","og_site_name":"Fast Car Shop","article_publisher":"https:\/\/www.facebook.com\/FastcarLt?locale=lt_LT","article_modified_time":"2026-02-11T12:43:49+00:00","og_image":[{"width":950,"height":950,"url":"https:\/\/fastcar.shop\/wp-content\/uploads\/2022\/05\/105we14_InteriorDetailer_800x950-e1640784203969.jpg","type":"image\/jpeg"}],"twitter_card":"summary_large_image","twitter_misc":{"Est. reading time":"1 minut\u0117"},"schema":{"@context":"https:\/\/schema.org","@graph":[{"@type":"WebPage","@id":"https:\/\/fastcar.shop\/product\/lucas-slick-mist-interior-detailer-24fl-oz-710ml\/","url":"https:\/\/fastcar.shop\/product\/lucas-slick-mist-interior-detailer-24fl-oz-710ml\/","name":"\u201eLUCAS Slick Mist\u201d salono valiklis 710ml","isPartOf":{"@id":"https:\/\/fastcar.shop\/#website"},"primaryImageOfPage":{"@id":"https:\/\/fastcar.shop\/product\/lucas-slick-mist-interior-detailer-24fl-oz-710ml\/#primaryimage"},"image":{"@id":"https:\/\/fastcar.shop\/product\/lucas-slick-mist-interior-detailer-24fl-oz-710ml\/#primaryimage"},"thumbnailUrl":"https:\/\/fastcar.shop\/wp-content\/uploads\/2022\/05\/105we14_InteriorDetailer_800x950-e1640784203969.jpg","datePublished":"2022-05-14T21:19:00+00:00","dateModified":"2026-02-11T12:43:49+00:00","breadcrumb":{"@id":"https:\/\/fastcar.shop\/product\/lucas-slick-mist-interior-detailer-24fl-oz-710ml\/#breadcrumb"},"inLanguage":"lt-LT","potentialAction":[{"@type":"ReadAction","target":["https:\/\/fastcar.shop\/product\/lucas-slick-mist-interior-detailer-24fl-oz-710ml\/"]}]},{"@type":"ImageObject","inLanguage":"lt-LT","@id":"https:\/\/fastcar.shop\/product\/lucas-slick-mist-interior-detailer-24fl-oz-710ml\/#primaryimage","url":"https:\/\/fastcar.shop\/wp-content\/uploads\/2022\/05\/105we14_InteriorDetailer_800x950-e1640784203969.jpg","contentUrl":"https:\/\/fastcar.shop\/wp-content\/uploads\/2022\/05\/105we14_InteriorDetailer_800x950-e1640784203969.jpg","width":950,"height":950},{"@type":"BreadcrumbList","@id":"https:\/\/fastcar.shop\/product\/lucas-slick-mist-interior-detailer-24fl-oz-710ml\/#breadcrumb","itemListElement":[{"@type":"ListItem","position":1,"name":"Home","item":"https:\/\/fastcar.shop\/"},{"@type":"ListItem","position":2,"name":"Shop","item":"https:\/\/fastcar.shop\/shop\/"},{"@type":"ListItem","position":3,"name":"LUCAS Slick Mist Interior Detailer 24fl oz 710ml"}]},{"@type":"WebSite","@id":"https:\/\/fastcar.shop\/#website","url":"https:\/\/fastcar.shop\/","name":"Greit\u0173 automobili\u0173 parduotuv\u0117","description":"","publisher":{"@id":"https:\/\/fastcar.shop\/#organization"},"potentialAction":[{"@type":"SearchAction","target":{"@type":"EntryPoint","urlTemplate":"https:\/\/fastcar.shop\/?s={search_term_string}"},"query-input":{"@type":"PropertyValueSpecification","valueRequired":true,"valueName":"search_term_string"}}],"inLanguage":"lt-LT"},{"@type":"Organization","@id":"https:\/\/fastcar.shop\/#organization","name":"Fastcar.shop","url":"https:\/\/fastcar.shop\/","logo":{"@type":"ImageObject","inLanguage":"lt-LT","@id":"https:\/\/fastcar.shop\/#\/schema\/logo\/image\/","url":"https:\/\/fastcar.shop\/wp-content\/uploads\/2017\/08\/FCS_JPEG-01-scaled.jpg","contentUrl":"https:\/\/fastcar.shop\/wp-content\/uploads\/2017\/08\/FCS_JPEG-01-scaled.jpg","width":2560,"height":1379,"caption":"Fastcar.shop"},"image":{"@id":"https:\/\/fastcar.shop\/#\/schema\/logo\/image\/"},"sameAs":["https:\/\/www.facebook.com\/FastcarLt?locale=lt_LT","https:\/\/www.instagram.com\/fastcar.shop\/"]}]}},"jetpack_sharing_enabled":true,"_links":{"self":[{"href":"https:\/\/fastcar.shop\/lt\/wp-json\/wp\/v2\/product\/3580","targetHints":{"allow":["GET"]}}],"collection":[{"href":"https:\/\/fastcar.shop\/lt\/wp-json\/wp\/v2\/product"}],"about":[{"href":"https:\/\/fastcar.shop\/lt\/wp-json\/wp\/v2\/types\/product"}],"wp:featuredmedia":[{"embeddable":true,"href":"https:\/\/fastcar.shop\/lt\/wp-json\/wp\/v2\/media\/3582"}],"wp:attachment":[{"href":"https:\/\/fastcar.shop\/lt\/wp-json\/wp\/v2\/media?parent=3580"}],"wp:term":[{"taxonomy":"product_brand","embeddable":true,"href":"https:\/\/fastcar.shop\/lt\/wp-json\/wp\/v2\/product_brand?post=3580"},{"taxonomy":"product_cat","embeddable":true,"href":"https:\/\/fastcar.shop\/lt\/wp-json\/wp\/v2\/product_cat?post=3580"},{"taxonomy":"product_tag","embeddable":true,"href":"https:\/\/fastcar.shop\/lt\/wp-json\/wp\/v2\/product_tag?post=3580"}],"curies":[{"name":"wp","href":"https:\/\/api.w.org\/{rel}","templated":true}]}}