{"id":3571,"date":"2022-05-14T20:44:36","date_gmt":"2022-05-14T20:44:36","guid":{"rendered":"https:\/\/fastcar.shop\/?post_type=product&#038;p=3571"},"modified":"2026-02-11T14:45:03","modified_gmt":"2026-02-11T12:45:03","slug":"lucas-slick-mist-wax-24fl-oz-710ml","status":"publish","type":"product","link":"https:\/\/fastcar.shop\/lt\/product\/lucas-slick-mist-wax-24fl-oz-710ml\/","title":{"rendered":"\u201eLUCAS Slick Mist\u201d va\u0161kas 710ml"},"content":{"rendered":"<p style=\"text-align: left;\">\u201eLUCAS Slick Mist\u201d va\u0161kas \u2013 tai polimerini\u0173 da\u017e\u0173 blizgimo priemon\u0117, kuri\u0105 taip pat galima naudoti ir ant stiklo, chromo ir vinilo. \u201eSlick Mist\u201cnaudojamas kaip tradicinis va\u0161kas, kuriuo automobilio detal\u0117s ir pavir\u0161iai, kad b\u016bt\u0173 lengviau poliruoti, padengiami po skalavimo prie\u0161 d\u017eiovinim\u0105. Tereikia padengti dr\u0117gn\u0105 arba saus\u0105 pavir\u0161i\u0173 ir nupoliruoti. \u201eSlick Mist\u201c u\u017etikrina ne tik ilgalaik\u0119 pavir\u0161iaus apsaug\u0105, bet ir lygesn\u012f ir blizgesn\u012f pavir\u0161i\u0173 nei konkurent\u0173 si\u016blomi gaminiai. Naudojant \u201eSlick Mist\u201c, bet koks automobilis greitai blizg\u0117s kaip naujas!<\/p>\n<p style=\"text-align: left;\"><strong>Pagrindiniai privalumai<\/strong><\/p>\n<ul>\n<li style=\"text-align: left;\">Auk\u0161\u010diausios kokyb\u0117s da\u017e\u0173 blizgesio stiprintuvas<\/li>\n<li style=\"text-align: left;\">Puikiai tinka automobiliams, sunkve\u017eimiams, valtims ir l\u0117ktuvams<\/li>\n<li style=\"text-align: left;\">\u0160vie\u010dia ir apsaugo vienu lengvu aplikavimu<\/li>\n<li style=\"text-align: left;\">Puik\u016bs chromo, stiklo ir vinilo lipduk\u0173 rezultatai<\/li>\n<li style=\"text-align: left;\">Naudokite ant \u0161lapi\u0173 arba saus\u0173 pavir\u0161i\u0173<\/li>\n<li style=\"text-align: left;\">Greitai ir lengvai<\/li>\n<li style=\"text-align: left;\">Taikymo paprastumas<\/li>\n<\/ul>\n<p style=\"text-align: left;\"><a href=\"https:\/\/fastcar.shop\/wp-content\/uploads\/2022\/05\/lucas_Slick_Mist-SW.pdf\">Specifikacijos <img loading=\"lazy\" decoding=\"async\" class=\"alignnone size-full wp-image-3251\" src=\"https:\/\/fastcar.shop\/wp-content\/uploads\/2022\/01\/pdf-e1641824783993.png\" alt=\"\" width=\"30\" height=\"23\" \/><\/a><\/p>","protected":false},"excerpt":{"rendered":"<p style=\"text-align: left;\">\u201eLUCAS Slick Mist\u201d va\u0161kas yra polimerinis da\u017e\u0173 blizgesio stiprintuvas, kur\u012f galima naudoti ant kit\u0173 pavir\u0161i\u0173, pavyzd\u017eiui, stiklo, chromo ir vinilo lipduk\u0173. Naudokite Slick Mist kaip tradicin\u012f va\u0161k\u0105.<\/p>","protected":false},"featured_media":3573,"template":"","meta":[],"product_brand":[],"product_cat":[892],"product_tag":[],"class_list":{"0":"post-3571","1":"product","2":"type-product","3":"status-publish","4":"has-post-thumbnail","6":"product_cat-vehicle-care","7":"product_provider-lucas-oil","9":"first","10":"instock","11":"taxable","12":"shipping-taxable","13":"purchasable","14":"product-type-simple"},"aioseo_notices":[],"yoast_head":"<!-- This site is optimized with the Yoast SEO plugin v27.4 - https:\/\/yoast.com\/product\/yoast-seo-wordpress\/ -->\n<title>LUCAS Slick Mist Wax 24fl oz 710ml<\/title>\n<meta name=\"robots\" content=\"index, follow, max-snippet:-1, max-image-preview:large, max-video-preview:-1\" \/>\n<link rel=\"canonical\" href=\"https:\/\/fastcar.shop\/lt\/produktas\/lucas-slick-mist-wax-24fl-oz-710ml\/\" \/>\n<meta property=\"og:locale\" content=\"lt_LT\" \/>\n<meta property=\"og:type\" content=\"article\" \/>\n<meta property=\"og:title\" content=\"LUCAS Slick Mist Wax 24fl oz 710ml\" \/>\n<meta property=\"og:description\" content=\"Lucas Oil Slick Mist is a polymer paint gloss intensifier, which can be used on other surfaces such as glass, chrome and vinyl decals. Use Slick Mist as a traditional wax.\" \/>\n<meta property=\"og:url\" content=\"https:\/\/fastcar.shop\/lt\/produktas\/lucas-slick-mist-wax-24fl-oz-710ml\/\" \/>\n<meta property=\"og:site_name\" content=\"Fast Car Shop\" \/>\n<meta property=\"article:publisher\" content=\"https:\/\/www.facebook.com\/FastcarLt?locale=lt_LT\" \/>\n<meta property=\"article:modified_time\" content=\"2026-02-11T12:45:03+00:00\" \/>\n<meta property=\"og:image\" content=\"https:\/\/fastcar.shop\/wp-content\/uploads\/2022\/05\/01-slickmist-speedwax-e1640782831785.jpg\" \/>\n\t<meta property=\"og:image:width\" content=\"950\" \/>\n\t<meta property=\"og:image:height\" content=\"950\" \/>\n\t<meta property=\"og:image:type\" content=\"image\/jpeg\" \/>\n<meta name=\"twitter:card\" content=\"summary_large_image\" \/>\n<meta name=\"twitter:label1\" content=\"Est. reading time\" \/>\n\t<meta name=\"twitter:data1\" content=\"1 minut\u0117\" \/>\n<!-- \/ Yoast SEO plugin. -->","yoast_head_json":{"title":"\u201eLUCAS Slick Mist\u201d va\u0161kas 710ml","robots":{"index":"index","follow":"follow","max-snippet":"max-snippet:-1","max-image-preview":"max-image-preview:large","max-video-preview":"max-video-preview:-1"},"canonical":"https:\/\/fastcar.shop\/lt\/produktas\/lucas-slick-mist-wax-24fl-oz-710ml\/","og_locale":"lt_LT","og_type":"article","og_title":"LUCAS Slick Mist Wax 24fl oz 710ml","og_description":"Lucas Oil Slick Mist is a polymer paint gloss intensifier, which can be used on other surfaces such as glass, chrome and vinyl decals. Use Slick Mist as a traditional wax.","og_url":"https:\/\/fastcar.shop\/lt\/produktas\/lucas-slick-mist-wax-24fl-oz-710ml\/","og_site_name":"Fast Car Shop","article_publisher":"https:\/\/www.facebook.com\/FastcarLt?locale=lt_LT","article_modified_time":"2026-02-11T12:45:03+00:00","og_image":[{"width":950,"height":950,"url":"https:\/\/fastcar.shop\/wp-content\/uploads\/2022\/05\/01-slickmist-speedwax-e1640782831785.jpg","type":"image\/jpeg"}],"twitter_card":"summary_large_image","twitter_misc":{"Est. reading time":"1 minut\u0117"},"schema":{"@context":"https:\/\/schema.org","@graph":[{"@type":"WebPage","@id":"https:\/\/fastcar.shop\/product\/lucas-slick-mist-wax-24fl-oz-710ml\/","url":"https:\/\/fastcar.shop\/product\/lucas-slick-mist-wax-24fl-oz-710ml\/","name":"\u201eLUCAS Slick Mist\u201d va\u0161kas 710ml","isPartOf":{"@id":"https:\/\/fastcar.shop\/#website"},"primaryImageOfPage":{"@id":"https:\/\/fastcar.shop\/product\/lucas-slick-mist-wax-24fl-oz-710ml\/#primaryimage"},"image":{"@id":"https:\/\/fastcar.shop\/product\/lucas-slick-mist-wax-24fl-oz-710ml\/#primaryimage"},"thumbnailUrl":"https:\/\/fastcar.shop\/wp-content\/uploads\/2022\/05\/01-slickmist-speedwax-e1640782831785.jpg","datePublished":"2022-05-14T20:44:36+00:00","dateModified":"2026-02-11T12:45:03+00:00","breadcrumb":{"@id":"https:\/\/fastcar.shop\/product\/lucas-slick-mist-wax-24fl-oz-710ml\/#breadcrumb"},"inLanguage":"lt-LT","potentialAction":[{"@type":"ReadAction","target":["https:\/\/fastcar.shop\/product\/lucas-slick-mist-wax-24fl-oz-710ml\/"]}]},{"@type":"ImageObject","inLanguage":"lt-LT","@id":"https:\/\/fastcar.shop\/product\/lucas-slick-mist-wax-24fl-oz-710ml\/#primaryimage","url":"https:\/\/fastcar.shop\/wp-content\/uploads\/2022\/05\/01-slickmist-speedwax-e1640782831785.jpg","contentUrl":"https:\/\/fastcar.shop\/wp-content\/uploads\/2022\/05\/01-slickmist-speedwax-e1640782831785.jpg","width":950,"height":950},{"@type":"BreadcrumbList","@id":"https:\/\/fastcar.shop\/product\/lucas-slick-mist-wax-24fl-oz-710ml\/#breadcrumb","itemListElement":[{"@type":"ListItem","position":1,"name":"Home","item":"https:\/\/fastcar.shop\/"},{"@type":"ListItem","position":2,"name":"Shop","item":"https:\/\/fastcar.shop\/shop\/"},{"@type":"ListItem","position":3,"name":"LUCAS Slick Mist Wax 24fl oz 710ml"}]},{"@type":"WebSite","@id":"https:\/\/fastcar.shop\/#website","url":"https:\/\/fastcar.shop\/","name":"Greit\u0173 automobili\u0173 parduotuv\u0117","description":"","publisher":{"@id":"https:\/\/fastcar.shop\/#organization"},"potentialAction":[{"@type":"SearchAction","target":{"@type":"EntryPoint","urlTemplate":"https:\/\/fastcar.shop\/?s={search_term_string}"},"query-input":{"@type":"PropertyValueSpecification","valueRequired":true,"valueName":"search_term_string"}}],"inLanguage":"lt-LT"},{"@type":"Organization","@id":"https:\/\/fastcar.shop\/#organization","name":"Fastcar.shop","url":"https:\/\/fastcar.shop\/","logo":{"@type":"ImageObject","inLanguage":"lt-LT","@id":"https:\/\/fastcar.shop\/#\/schema\/logo\/image\/","url":"https:\/\/fastcar.shop\/wp-content\/uploads\/2017\/08\/FCS_JPEG-01-scaled.jpg","contentUrl":"https:\/\/fastcar.shop\/wp-content\/uploads\/2017\/08\/FCS_JPEG-01-scaled.jpg","width":2560,"height":1379,"caption":"Fastcar.shop"},"image":{"@id":"https:\/\/fastcar.shop\/#\/schema\/logo\/image\/"},"sameAs":["https:\/\/www.facebook.com\/FastcarLt?locale=lt_LT","https:\/\/www.instagram.com\/fastcar.shop\/"]}]}},"jetpack_sharing_enabled":true,"_links":{"self":[{"href":"https:\/\/fastcar.shop\/lt\/wp-json\/wp\/v2\/product\/3571","targetHints":{"allow":["GET"]}}],"collection":[{"href":"https:\/\/fastcar.shop\/lt\/wp-json\/wp\/v2\/product"}],"about":[{"href":"https:\/\/fastcar.shop\/lt\/wp-json\/wp\/v2\/types\/product"}],"wp:featuredmedia":[{"embeddable":true,"href":"https:\/\/fastcar.shop\/lt\/wp-json\/wp\/v2\/media\/3573"}],"wp:attachment":[{"href":"https:\/\/fastcar.shop\/lt\/wp-json\/wp\/v2\/media?parent=3571"}],"wp:term":[{"taxonomy":"product_brand","embeddable":true,"href":"https:\/\/fastcar.shop\/lt\/wp-json\/wp\/v2\/product_brand?post=3571"},{"taxonomy":"product_cat","embeddable":true,"href":"https:\/\/fastcar.shop\/lt\/wp-json\/wp\/v2\/product_cat?post=3571"},{"taxonomy":"product_tag","embeddable":true,"href":"https:\/\/fastcar.shop\/lt\/wp-json\/wp\/v2\/product_tag?post=3571"}],"curies":[{"name":"wp","href":"https:\/\/api.w.org\/{rel}","templated":true}]}}