{"id":3567,"date":"2022-05-14T10:11:23","date_gmt":"2022-05-14T10:11:23","guid":{"rendered":"https:\/\/fastcar.shop\/?post_type=product&#038;p=3567"},"modified":"2026-02-11T14:47:03","modified_gmt":"2026-02-11T12:47:03","slug":"lucas-super-coolant-fluid-16fl-oz-473ml","status":"publish","type":"product","link":"https:\/\/fastcar.shop\/lt\/product\/lucas-super-coolant-fluid-16fl-oz-473ml\/","title":{"rendered":"LUCAS super au\u0161inimo skystis 473ml"},"content":{"rendered":"<p style=\"text-align: left;\">\u201eLucas Super Coolant\u201c buvo moksli\u0161kai sukurta siekiant u\u017etikrinti auk\u0161\u010diausi\u0105 apsaug\u0105 automobili\u0173 ir lenktyni\u0173 au\u0161inimo sistemose. Jis apsaugo vis\u0105 sistem\u0105 nuo r\u016bd\u017ei\u0173, korozijos ir elektroliz\u0117s, \u012fskaitant aliumin\u012f.<\/p>\n<p style=\"text-align: left;\">Our unique formula prevents deposits that can cause overheating, and has been proven to reduce coolant temperatures up to 20F \/ -6C. Lower cylinder head temperatures means advanced ignition and more horsepower.<\/p>\n<p style=\"text-align: left;\"><strong>Naudojimas<\/strong><\/p>\n<p style=\"text-align: left;\">Gatv\u0117s transporto priemon\u0117ms, kurioms reikalinga apsauga nuo u\u017e\u0161alimo, \u012fpilkite 1 butel\u012f \u012f 50\/50 mi\u0161in\u012f. Lenktyn\u0117ms ir didelio na\u0161umo reikm\u0117ms \u012fpilkite 2 butelius \u012f tiesiogin\u012f vandens au\u0161inimo skyst\u012f, kad maksimaliai suma\u017eintum\u0117te temperat\u016br\u0105.<\/p>\n<p style=\"text-align: left;\">Viename buteliuke galima apdoroti 12\u201320 litr\u0173 50\/50 vandens antifrizo mi\u0161inio. Tiesioginiam vandens au\u0161inimo skys\u010diui reikalingi du buteliai. Lengviesiems automobiliams, lengviesiems sunkve\u017eimiams ir visureigiams naudoti kas 30 000 myli\u0173. Jei reikia, naudokite visas lenktynes.<\/p>\n<p style=\"text-align: left;\"><strong>Kryptys<\/strong><\/p>\n<div class=\"col-lg-6 col-md-6 col-sm-12\">\n<p style=\"text-align: left;\">Kai variklis i\u0161jungtas ir atv\u0117s\u0119s, purtykite buteliuk\u0105 ir supilkite \u012f radiatori\u0173. U\u017eveskite varikl\u012f, padidinkite \u0161ilum\u0105 ir paleiskite 10\u201315 minu\u010di\u0173, kad cirkuliuot\u0173 per vis\u0105 au\u0161inimo sistem\u0105. Jei naudojamas tiesioginis vandens au\u0161inimo skystis, rekomenduojamas vanduo i\u0161 \u010diaupo arba sumink\u0161tintas vanduo. NENAUDOKITE distiliuoto vandens, nebent jis b\u016bt\u0173 sumai\u0161ytas su 50% antifrizu.<\/p>\n<p style=\"text-align: left;\"><strong>Pagrindiniai privalumai<\/strong><\/p>\n<ul>\n<li style=\"text-align: left;\">L\u0117tina nutek\u0117jim\u0105<\/li>\n<li style=\"text-align: left;\">U\u017ekerta keli\u0105 prastovoms<\/li>\n<li style=\"text-align: left;\">Itin atsparus kar\u0161\u010diui<\/li>\n<li style=\"text-align: left;\">Labai ilgai i\u0161liekantis<\/li>\n<\/ul>\n<p style=\"text-align: left;\"><a href=\"https:\/\/fastcar.shop\/wp-content\/uploads\/2022\/05\/Lucas_SuperCoolant.pdf\">Specifikacijos <img loading=\"lazy\" decoding=\"async\" class=\"alignnone size-full wp-image-3251\" src=\"https:\/\/fastcar.shop\/wp-content\/uploads\/2022\/01\/pdf-e1641824783993.png\" alt=\"\" width=\"30\" height=\"23\" \/><\/a><\/p>\n<\/div>","protected":false},"excerpt":{"rendered":"<p style=\"text-align: left;\">\u201eLucas Super Coolant\u201c buvo moksli\u0161kai sukurta siekiant u\u017etikrinti auk\u0161\u010diausi\u0105 apsaug\u0105 automobili\u0173 ir lenktyni\u0173 au\u0161inimo sistemose.<\/p>","protected":false},"featured_media":3568,"template":"","meta":[],"product_brand":[],"product_cat":[1791,1792,885],"product_tag":[],"class_list":{"0":"post-3567","1":"product","2":"type-product","3":"status-publish","4":"has-post-thumbnail","6":"product_cat-problem-solvers-utility-lubricants","7":"product_cat-racing","8":"product_cat-oils_lubricants","9":"product_provider-lucas-oil","11":"first","12":"instock","13":"taxable","14":"shipping-taxable","15":"purchasable","16":"product-type-simple"},"aioseo_notices":[],"yoast_head":"<!-- This site is optimized with the Yoast SEO plugin v27.4 - https:\/\/yoast.com\/product\/yoast-seo-wordpress\/ -->\n<title>LUCAS Super Coolant Fluid 16fl oz 473ml<\/title>\n<meta name=\"robots\" content=\"index, follow, max-snippet:-1, max-image-preview:large, max-video-preview:-1\" \/>\n<link rel=\"canonical\" href=\"https:\/\/fastcar.shop\/lt\/produktas\/lucas-super-coolant-fluid-16fl-oz-473ml\/\" \/>\n<meta property=\"og:locale\" content=\"lt_LT\" \/>\n<meta property=\"og:type\" content=\"article\" \/>\n<meta property=\"og:title\" content=\"LUCAS Super Coolant Fluid 16fl oz 473ml\" \/>\n<meta property=\"og:description\" content=\"Lucas Super Coolant has been scientifically formulated to provide the ultimate protection in automotive and racing cooling systems.\" \/>\n<meta property=\"og:url\" content=\"https:\/\/fastcar.shop\/lt\/produktas\/lucas-super-coolant-fluid-16fl-oz-473ml\/\" \/>\n<meta property=\"og:site_name\" content=\"Fast Car Shop\" \/>\n<meta property=\"article:publisher\" content=\"https:\/\/www.facebook.com\/FastcarLt?locale=lt_LT\" \/>\n<meta property=\"article:modified_time\" content=\"2026-02-11T12:47:03+00:00\" \/>\n<meta property=\"og:image\" content=\"https:\/\/fastcar.shop\/wp-content\/uploads\/2022\/05\/super-coolant-lb-e1640616685674.jpg\" \/>\n\t<meta property=\"og:image:width\" content=\"850\" \/>\n\t<meta property=\"og:image:height\" content=\"850\" \/>\n\t<meta property=\"og:image:type\" content=\"image\/jpeg\" \/>\n<meta name=\"twitter:card\" content=\"summary_large_image\" \/>\n<meta name=\"twitter:label1\" content=\"Est. reading time\" \/>\n\t<meta name=\"twitter:data1\" content=\"1 minut\u0117\" \/>\n<!-- \/ Yoast SEO plugin. -->","yoast_head_json":{"title":"LUCAS super au\u0161inimo skystis 473ml","robots":{"index":"index","follow":"follow","max-snippet":"max-snippet:-1","max-image-preview":"max-image-preview:large","max-video-preview":"max-video-preview:-1"},"canonical":"https:\/\/fastcar.shop\/lt\/produktas\/lucas-super-coolant-fluid-16fl-oz-473ml\/","og_locale":"lt_LT","og_type":"article","og_title":"LUCAS Super Coolant Fluid 16fl oz 473ml","og_description":"Lucas Super Coolant has been scientifically formulated to provide the ultimate protection in automotive and racing cooling systems.","og_url":"https:\/\/fastcar.shop\/lt\/produktas\/lucas-super-coolant-fluid-16fl-oz-473ml\/","og_site_name":"Fast Car Shop","article_publisher":"https:\/\/www.facebook.com\/FastcarLt?locale=lt_LT","article_modified_time":"2026-02-11T12:47:03+00:00","og_image":[{"width":850,"height":850,"url":"https:\/\/fastcar.shop\/wp-content\/uploads\/2022\/05\/super-coolant-lb-e1640616685674.jpg","type":"image\/jpeg"}],"twitter_card":"summary_large_image","twitter_misc":{"Est. reading time":"1 minut\u0117"},"schema":{"@context":"https:\/\/schema.org","@graph":[{"@type":"WebPage","@id":"https:\/\/fastcar.shop\/product\/lucas-super-coolant-fluid-16fl-oz-473ml\/","url":"https:\/\/fastcar.shop\/product\/lucas-super-coolant-fluid-16fl-oz-473ml\/","name":"LUCAS super au\u0161inimo skystis 473ml","isPartOf":{"@id":"https:\/\/fastcar.shop\/#website"},"primaryImageOfPage":{"@id":"https:\/\/fastcar.shop\/product\/lucas-super-coolant-fluid-16fl-oz-473ml\/#primaryimage"},"image":{"@id":"https:\/\/fastcar.shop\/product\/lucas-super-coolant-fluid-16fl-oz-473ml\/#primaryimage"},"thumbnailUrl":"https:\/\/fastcar.shop\/wp-content\/uploads\/2022\/05\/super-coolant-lb-e1640616685674.jpg","datePublished":"2022-05-14T10:11:23+00:00","dateModified":"2026-02-11T12:47:03+00:00","breadcrumb":{"@id":"https:\/\/fastcar.shop\/product\/lucas-super-coolant-fluid-16fl-oz-473ml\/#breadcrumb"},"inLanguage":"lt-LT","potentialAction":[{"@type":"ReadAction","target":["https:\/\/fastcar.shop\/product\/lucas-super-coolant-fluid-16fl-oz-473ml\/"]}]},{"@type":"ImageObject","inLanguage":"lt-LT","@id":"https:\/\/fastcar.shop\/product\/lucas-super-coolant-fluid-16fl-oz-473ml\/#primaryimage","url":"https:\/\/fastcar.shop\/wp-content\/uploads\/2022\/05\/super-coolant-lb-e1640616685674.jpg","contentUrl":"https:\/\/fastcar.shop\/wp-content\/uploads\/2022\/05\/super-coolant-lb-e1640616685674.jpg","width":850,"height":850},{"@type":"BreadcrumbList","@id":"https:\/\/fastcar.shop\/product\/lucas-super-coolant-fluid-16fl-oz-473ml\/#breadcrumb","itemListElement":[{"@type":"ListItem","position":1,"name":"Home","item":"https:\/\/fastcar.shop\/"},{"@type":"ListItem","position":2,"name":"Shop","item":"https:\/\/fastcar.shop\/shop\/"},{"@type":"ListItem","position":3,"name":"LUCAS Super Coolant Fluid 16fl oz 473ml"}]},{"@type":"WebSite","@id":"https:\/\/fastcar.shop\/#website","url":"https:\/\/fastcar.shop\/","name":"Greit\u0173 automobili\u0173 parduotuv\u0117","description":"","publisher":{"@id":"https:\/\/fastcar.shop\/#organization"},"potentialAction":[{"@type":"SearchAction","target":{"@type":"EntryPoint","urlTemplate":"https:\/\/fastcar.shop\/?s={search_term_string}"},"query-input":{"@type":"PropertyValueSpecification","valueRequired":true,"valueName":"search_term_string"}}],"inLanguage":"lt-LT"},{"@type":"Organization","@id":"https:\/\/fastcar.shop\/#organization","name":"Fastcar.shop","url":"https:\/\/fastcar.shop\/","logo":{"@type":"ImageObject","inLanguage":"lt-LT","@id":"https:\/\/fastcar.shop\/#\/schema\/logo\/image\/","url":"https:\/\/fastcar.shop\/wp-content\/uploads\/2017\/08\/FCS_JPEG-01-scaled.jpg","contentUrl":"https:\/\/fastcar.shop\/wp-content\/uploads\/2017\/08\/FCS_JPEG-01-scaled.jpg","width":2560,"height":1379,"caption":"Fastcar.shop"},"image":{"@id":"https:\/\/fastcar.shop\/#\/schema\/logo\/image\/"},"sameAs":["https:\/\/www.facebook.com\/FastcarLt?locale=lt_LT","https:\/\/www.instagram.com\/fastcar.shop\/"]}]}},"jetpack_sharing_enabled":true,"_links":{"self":[{"href":"https:\/\/fastcar.shop\/lt\/wp-json\/wp\/v2\/product\/3567","targetHints":{"allow":["GET"]}}],"collection":[{"href":"https:\/\/fastcar.shop\/lt\/wp-json\/wp\/v2\/product"}],"about":[{"href":"https:\/\/fastcar.shop\/lt\/wp-json\/wp\/v2\/types\/product"}],"wp:featuredmedia":[{"embeddable":true,"href":"https:\/\/fastcar.shop\/lt\/wp-json\/wp\/v2\/media\/3568"}],"wp:attachment":[{"href":"https:\/\/fastcar.shop\/lt\/wp-json\/wp\/v2\/media?parent=3567"}],"wp:term":[{"taxonomy":"product_brand","embeddable":true,"href":"https:\/\/fastcar.shop\/lt\/wp-json\/wp\/v2\/product_brand?post=3567"},{"taxonomy":"product_cat","embeddable":true,"href":"https:\/\/fastcar.shop\/lt\/wp-json\/wp\/v2\/product_cat?post=3567"},{"taxonomy":"product_tag","embeddable":true,"href":"https:\/\/fastcar.shop\/lt\/wp-json\/wp\/v2\/product_tag?post=3567"}],"curies":[{"name":"wp","href":"https:\/\/api.w.org\/{rel}","templated":true}]}}