{"id":3564,"date":"2022-05-14T10:03:23","date_gmt":"2022-05-14T10:03:23","guid":{"rendered":"https:\/\/fastcar.shop\/?post_type=product&#038;p=3564"},"modified":"2025-04-30T18:27:05","modified_gmt":"2025-04-30T15:27:05","slug":"lucas-diesel-egr-turbo-cleaner-500ml","status":"publish","type":"product","link":"https:\/\/fastcar.shop\/lt\/product\/lucas-diesel-egr-turbo-cleaner-500ml\/","title":{"rendered":"LUCAS dyzelini\u0173 varikli\u0173 EGR ir turbin\u0173 valiklis 500ml"},"content":{"rendered":"<p style=\"text-align: left;\">Lucas Diesel EGR &amp; Turbo Cleaner yra galingas, tirpikli\u0173 pagrindu pagamintas aerozolio valiklis. skirtas dyzelini\u0173 varikli\u0173 oro \u012fsiurbimo sistemos valymui.<\/p>\n<p style=\"text-align: left;\"><strong>Pagrindiniai privalumai<\/strong><\/p>\n<div class=\"col-lg-6 col-md-6 col-sm-12\">\n<ul>\n<li style=\"text-align: left;\">Atkuria oro sraut\u0105 \u012f degimo kamer\u0105<\/li>\n<li style=\"text-align: left;\">Pa\u0161alina anglies, lako, dervos ir lako nuos\u0117das<\/li>\n<li style=\"text-align: left;\">Padeda atkurti variklio darb\u0105<\/li>\n<li style=\"text-align: left;\">Lengva naudoti, naudojimo laikas nuo 5 iki 10 minu\u010di\u0173<\/li>\n<li style=\"text-align: left;\">Saugus naudoti kartu su deguonies jutikliais arba kataliziniais konverteriais<\/li>\n<li style=\"text-align: left;\">Pagerina i\u0161metam\u0173j\u0173 duj\u0173 emisij\u0105 ir suma\u017eina juod\u0173j\u0173 i\u0161metam\u0173j\u0173 duj\u0173 emisij\u0105<\/li>\n<li style=\"text-align: left;\">Puikiai tinka naudoti oro \u012fsiurbimo kolektoriuje, \u012fleidimo vo\u017etuvuose ir EGR vo\u017etuvuose<\/li>\n<li style=\"text-align: left;\">Netiks kiet\u0173 katalizatori\u0173 ar dyzelini\u0173 kiet\u0173j\u0173 daleli\u0173 filtr\u0173<\/li>\n<li style=\"text-align: left;\">Pagerina degal\u0173 ekonomij\u0105<\/li>\n<li style=\"text-align: left;\">Atkuria stabili\u0105 tu\u0161\u010di\u0105j\u0105 eig\u0105<\/li>\n<\/ul>\n<p style=\"text-align: left;\"><a href=\"https:\/\/fastcar.shop\/wp-content\/uploads\/2022\/05\/SDS_Lucas-EGR.pdf\">Specifikacijos <img loading=\"lazy\" decoding=\"async\" class=\"alignnone size-full wp-image-3251\" src=\"https:\/\/fastcar.shop\/wp-content\/uploads\/2022\/01\/pdf-e1641824783993.png\" alt=\"\" width=\"30\" height=\"23\" \/><\/a><\/p>\n<\/div>","protected":false},"excerpt":{"rendered":"<p style=\"text-align: left;\">Galingas valiklis tirpiklio pagrindu, aerozolio formato. skirtas dyzelini\u0173 varikli\u0173 oro \u012fsiurbimo sistemos valymui.<\/p>","protected":false},"featured_media":3566,"template":"","meta":[],"product_brand":[],"product_cat":[1791,885],"product_tag":[],"class_list":{"0":"post-3564","1":"product","2":"type-product","3":"status-publish","4":"has-post-thumbnail","6":"product_cat-problem-solvers-utility-lubricants","7":"product_cat-oils_lubricants","8":"product_provider-lucas-oil","10":"first","11":"instock","12":"taxable","13":"shipping-taxable","14":"purchasable","15":"product-type-simple"},"aioseo_notices":[],"yoast_head":"<!-- This site is optimized with the Yoast SEO plugin v27.3 - https:\/\/yoast.com\/product\/yoast-seo-wordpress\/ -->\n<title>LUCAS Diesel EGR &amp; Turbo Cleaner 500ml<\/title>\n<meta name=\"robots\" content=\"index, follow, max-snippet:-1, max-image-preview:large, max-video-preview:-1\" \/>\n<link rel=\"canonical\" href=\"https:\/\/fastcar.shop\/lt\/produktas\/lucas-diesel-egr-turbo-cleaner-500ml\/\" \/>\n<meta property=\"og:locale\" content=\"lt_LT\" \/>\n<meta property=\"og:type\" content=\"article\" \/>\n<meta property=\"og:title\" content=\"LUCAS Diesel EGR &amp; Turbo Cleaner 500ml\" \/>\n<meta property=\"og:description\" content=\"A powerful, solvent-based cleaner, in aerosol format. designed for cleaning the air intake system of diesel engines.\" \/>\n<meta property=\"og:url\" content=\"https:\/\/fastcar.shop\/lt\/produktas\/lucas-diesel-egr-turbo-cleaner-500ml\/\" \/>\n<meta property=\"og:site_name\" content=\"Fast Car Shop\" \/>\n<meta property=\"article:publisher\" content=\"https:\/\/www.facebook.com\/FastcarLt?locale=lt_LT\" \/>\n<meta property=\"article:modified_time\" content=\"2025-04-30T15:27:05+00:00\" \/>\n<meta property=\"og:image\" content=\"https:\/\/fastcar.shop\/wp-content\/uploads\/2022\/05\/Diesel-EGR-Turbo-Cleaner-800x950-1-e1640610572870.jpg\" \/>\n\t<meta property=\"og:image:width\" content=\"950\" \/>\n\t<meta property=\"og:image:height\" content=\"950\" \/>\n\t<meta property=\"og:image:type\" content=\"image\/jpeg\" \/>\n<meta name=\"twitter:card\" content=\"summary_large_image\" \/>\n<!-- \/ Yoast SEO plugin. -->","yoast_head_json":{"title":"LUCAS Diesel EGR & Turbo Cleaner 500ml","robots":{"index":"index","follow":"follow","max-snippet":"max-snippet:-1","max-image-preview":"max-image-preview:large","max-video-preview":"max-video-preview:-1"},"canonical":"https:\/\/fastcar.shop\/lt\/produktas\/lucas-diesel-egr-turbo-cleaner-500ml\/","og_locale":"lt_LT","og_type":"article","og_title":"LUCAS Diesel EGR & Turbo Cleaner 500ml","og_description":"A powerful, solvent-based cleaner, in aerosol format. designed for cleaning the air intake system of diesel engines.","og_url":"https:\/\/fastcar.shop\/lt\/produktas\/lucas-diesel-egr-turbo-cleaner-500ml\/","og_site_name":"Fast Car Shop","article_publisher":"https:\/\/www.facebook.com\/FastcarLt?locale=lt_LT","article_modified_time":"2025-04-30T15:27:05+00:00","og_image":[{"width":950,"height":950,"url":"https:\/\/fastcar.shop\/wp-content\/uploads\/2022\/05\/Diesel-EGR-Turbo-Cleaner-800x950-1-e1640610572870.jpg","type":"image\/jpeg"}],"twitter_card":"summary_large_image","schema":{"@context":"https:\/\/schema.org","@graph":[{"@type":"WebPage","@id":"https:\/\/fastcar.shop\/product\/lucas-diesel-egr-turbo-cleaner-500ml\/","url":"https:\/\/fastcar.shop\/product\/lucas-diesel-egr-turbo-cleaner-500ml\/","name":"LUCAS Diesel EGR & Turbo Cleaner 500ml","isPartOf":{"@id":"https:\/\/fastcar.shop\/#website"},"primaryImageOfPage":{"@id":"https:\/\/fastcar.shop\/product\/lucas-diesel-egr-turbo-cleaner-500ml\/#primaryimage"},"image":{"@id":"https:\/\/fastcar.shop\/product\/lucas-diesel-egr-turbo-cleaner-500ml\/#primaryimage"},"thumbnailUrl":"https:\/\/fastcar.shop\/wp-content\/uploads\/2022\/05\/Diesel-EGR-Turbo-Cleaner-800x950-1-e1640610572870.jpg","datePublished":"2022-05-14T10:03:23+00:00","dateModified":"2025-04-30T15:27:05+00:00","breadcrumb":{"@id":"https:\/\/fastcar.shop\/product\/lucas-diesel-egr-turbo-cleaner-500ml\/#breadcrumb"},"inLanguage":"lt-LT","potentialAction":[{"@type":"ReadAction","target":["https:\/\/fastcar.shop\/product\/lucas-diesel-egr-turbo-cleaner-500ml\/"]}]},{"@type":"ImageObject","inLanguage":"lt-LT","@id":"https:\/\/fastcar.shop\/product\/lucas-diesel-egr-turbo-cleaner-500ml\/#primaryimage","url":"https:\/\/fastcar.shop\/wp-content\/uploads\/2022\/05\/Diesel-EGR-Turbo-Cleaner-800x950-1-e1640610572870.jpg","contentUrl":"https:\/\/fastcar.shop\/wp-content\/uploads\/2022\/05\/Diesel-EGR-Turbo-Cleaner-800x950-1-e1640610572870.jpg","width":950,"height":950},{"@type":"BreadcrumbList","@id":"https:\/\/fastcar.shop\/product\/lucas-diesel-egr-turbo-cleaner-500ml\/#breadcrumb","itemListElement":[{"@type":"ListItem","position":1,"name":"Home","item":"https:\/\/fastcar.shop\/"},{"@type":"ListItem","position":2,"name":"Shop","item":"https:\/\/fastcar.shop\/shop\/"},{"@type":"ListItem","position":3,"name":"LUCAS Diesel EGR &#038; Turbo Cleaner 500ml"}]},{"@type":"WebSite","@id":"https:\/\/fastcar.shop\/#website","url":"https:\/\/fastcar.shop\/","name":"Greit\u0173 automobili\u0173 parduotuv\u0117","description":"","publisher":{"@id":"https:\/\/fastcar.shop\/#organization"},"potentialAction":[{"@type":"SearchAction","target":{"@type":"EntryPoint","urlTemplate":"https:\/\/fastcar.shop\/?s={search_term_string}"},"query-input":{"@type":"PropertyValueSpecification","valueRequired":true,"valueName":"search_term_string"}}],"inLanguage":"lt-LT"},{"@type":"Organization","@id":"https:\/\/fastcar.shop\/#organization","name":"Fastcar.shop","url":"https:\/\/fastcar.shop\/","logo":{"@type":"ImageObject","inLanguage":"lt-LT","@id":"https:\/\/fastcar.shop\/#\/schema\/logo\/image\/","url":"https:\/\/fastcar.shop\/wp-content\/uploads\/2017\/08\/FCS_JPEG-01-scaled.jpg","contentUrl":"https:\/\/fastcar.shop\/wp-content\/uploads\/2017\/08\/FCS_JPEG-01-scaled.jpg","width":2560,"height":1379,"caption":"Fastcar.shop"},"image":{"@id":"https:\/\/fastcar.shop\/#\/schema\/logo\/image\/"},"sameAs":["https:\/\/www.facebook.com\/FastcarLt?locale=lt_LT","https:\/\/www.instagram.com\/fastcar.shop\/"]}]}},"jetpack_sharing_enabled":true,"_links":{"self":[{"href":"https:\/\/fastcar.shop\/lt\/wp-json\/wp\/v2\/product\/3564","targetHints":{"allow":["GET"]}}],"collection":[{"href":"https:\/\/fastcar.shop\/lt\/wp-json\/wp\/v2\/product"}],"about":[{"href":"https:\/\/fastcar.shop\/lt\/wp-json\/wp\/v2\/types\/product"}],"wp:featuredmedia":[{"embeddable":true,"href":"https:\/\/fastcar.shop\/lt\/wp-json\/wp\/v2\/media\/3566"}],"wp:attachment":[{"href":"https:\/\/fastcar.shop\/lt\/wp-json\/wp\/v2\/media?parent=3564"}],"wp:term":[{"taxonomy":"product_brand","embeddable":true,"href":"https:\/\/fastcar.shop\/lt\/wp-json\/wp\/v2\/product_brand?post=3564"},{"taxonomy":"product_cat","embeddable":true,"href":"https:\/\/fastcar.shop\/lt\/wp-json\/wp\/v2\/product_cat?post=3564"},{"taxonomy":"product_tag","embeddable":true,"href":"https:\/\/fastcar.shop\/lt\/wp-json\/wp\/v2\/product_tag?post=3564"}],"curies":[{"name":"wp","href":"https:\/\/api.w.org\/{rel}","templated":true}]}}