{"id":3557,"date":"2022-05-14T09:47:57","date_gmt":"2022-05-14T09:47:57","guid":{"rendered":"https:\/\/fastcar.shop\/?post_type=product&#038;p=3557"},"modified":"2026-02-11T14:52:15","modified_gmt":"2026-02-11T12:52:15","slug":"lucas-tool-box-buddy-aerosol-11fl-oz-325ml","status":"publish","type":"product","link":"https:\/\/fastcar.shop\/lt\/product\/lucas-tool-box-buddy-aerosol-11fl-oz-325ml\/","title":{"rendered":"LUCAS Tool Box Buddy Aerozolis 325ml"},"content":{"rendered":"<div class=\"col-lg-6 col-md-6 col-sm-12\">\n<p style=\"text-align: left;\">Ilgaam\u017eis ir itin glotnus \u2013 leid\u017eia \u012frankiams veikti lengviau ir daug ilgiau. Tool Box Buddy yra b\u016btent toks, kaip rodo pavadinimas \u2013 tai puikus tepalas, telpantis \u012f \u012franki\u0173 de\u017e\u0119.<\/p>\n<p style=\"text-align: left;\"><strong>Pagrindiniai privalumai<\/strong><\/p>\n<div class=\"col-lg-6 col-md-6 col-sm-12\">\n<ul>\n<li style=\"text-align: left;\">Sukurta i\u0161tirpinti korozij\u0105 ir r\u016bdis be d\u017eiovinimo<\/li>\n<li style=\"text-align: left;\">Suteikia mikroskopin\u0119 pl\u0117vel\u0119, kuri apsaugo nuo r\u016bd\u017ei\u0173 iki vieneri\u0173 met\u0173 viduje arba i\u0161or\u0117je<\/li>\n<li style=\"text-align: left;\">Puikiai apsaugo nuo vandens, net ir s\u016braus vandens<\/li>\n<li style=\"text-align: left;\">Ma\u017eas kvapas<\/li>\n<li style=\"text-align: left;\">Praturtintas anti-u\u017efiksuotomis med\u017eiagomis<\/li>\n<li style=\"text-align: left;\">Lengva naudoti skardin\u0119. Pur\u0161kiama bet kur, net ir auk\u0161tyn kojom<\/li>\n<li style=\"text-align: left;\">Sud\u0117tyje n\u0117ra chloro ar fluoro angliavandenili\u0173<\/li>\n<\/ul>\n<p style=\"text-align: left;\"><a href=\"https:\/\/fastcar.shop\/wp-content\/uploads\/2022\/05\/LUCAS_Box-Buddy-aerosol.pdf\">Specifikacijos <img loading=\"lazy\" decoding=\"async\" class=\"alignnone size-full wp-image-3251\" src=\"https:\/\/fastcar.shop\/wp-content\/uploads\/2022\/01\/pdf-e1641824783993.png\" alt=\"\" width=\"30\" height=\"23\" \/><\/a><\/p>\n<\/div>\n<\/div>","protected":false},"excerpt":{"rendered":"<p style=\"text-align: left;\">Naudokite ver\u017el\u0117ms, var\u017etams, vyriams, guoliams, ginklams, \u017evejybos rit\u0117ms, stumdomoms durims, motocikl\u0173 grandin\u0117ms ar milijonui kit\u0173 nam\u0173 ir parduotuvi\u0173 reikmen\u0173, kai kiti produktai n\u0117ra pakankamai geri.<\/p>","protected":false},"featured_media":3559,"template":"","meta":[],"product_brand":[],"product_cat":[1791,885],"product_tag":[],"class_list":{"0":"post-3557","1":"product","2":"type-product","3":"status-publish","4":"has-post-thumbnail","6":"product_cat-problem-solvers-utility-lubricants","7":"product_cat-oils_lubricants","8":"product_provider-lucas-oil","10":"first","11":"instock","12":"taxable","13":"shipping-taxable","14":"purchasable","15":"product-type-simple"},"aioseo_notices":[],"yoast_head":"<!-- This site is optimized with the Yoast SEO plugin v27.3 - https:\/\/yoast.com\/product\/yoast-seo-wordpress\/ -->\n<title>LUCAS Tool Box Buddy Aerosol 11fl oz 325ml<\/title>\n<meta name=\"robots\" content=\"index, follow, max-snippet:-1, max-image-preview:large, max-video-preview:-1\" \/>\n<link rel=\"canonical\" href=\"https:\/\/fastcar.shop\/lt\/produktas\/lucas-tool-box-buddy-aerosol-11fl-oz-325ml\/\" \/>\n<meta property=\"og:locale\" content=\"lt_LT\" \/>\n<meta property=\"og:type\" content=\"article\" \/>\n<meta property=\"og:title\" content=\"LUCAS Tool Box Buddy Aerosol 11fl oz 325ml\" \/>\n<meta property=\"og:description\" content=\"Use on nuts, bolts, hinges, bearings, guns, fishing reels, sliding doors, motorcycle chains or a million other home and shop uses where other products just aren\u2019t good enough.\" \/>\n<meta property=\"og:url\" content=\"https:\/\/fastcar.shop\/lt\/produktas\/lucas-tool-box-buddy-aerosol-11fl-oz-325ml\/\" \/>\n<meta property=\"og:site_name\" content=\"Fast Car Shop\" \/>\n<meta property=\"article:publisher\" content=\"https:\/\/www.facebook.com\/FastcarLt?locale=lt_LT\" \/>\n<meta property=\"article:modified_time\" content=\"2026-02-11T12:52:15+00:00\" \/>\n<meta property=\"og:image\" content=\"https:\/\/fastcar.shop\/wp-content\/uploads\/2022\/05\/10392_ToolBoxBuddyAerosol_800x950-e1640270615814.jpg\" \/>\n\t<meta property=\"og:image:width\" content=\"950\" \/>\n\t<meta property=\"og:image:height\" content=\"950\" \/>\n\t<meta property=\"og:image:type\" content=\"image\/jpeg\" \/>\n<meta name=\"twitter:card\" content=\"summary_large_image\" \/>\n<!-- \/ Yoast SEO plugin. -->","yoast_head_json":{"title":"LUCAS Tool Box Buddy Aerozolis 325ml","robots":{"index":"index","follow":"follow","max-snippet":"max-snippet:-1","max-image-preview":"max-image-preview:large","max-video-preview":"max-video-preview:-1"},"canonical":"https:\/\/fastcar.shop\/lt\/produktas\/lucas-tool-box-buddy-aerosol-11fl-oz-325ml\/","og_locale":"lt_LT","og_type":"article","og_title":"LUCAS Tool Box Buddy Aerosol 11fl oz 325ml","og_description":"Use on nuts, bolts, hinges, bearings, guns, fishing reels, sliding doors, motorcycle chains or a million other home and shop uses where other products just aren\u2019t good enough.","og_url":"https:\/\/fastcar.shop\/lt\/produktas\/lucas-tool-box-buddy-aerosol-11fl-oz-325ml\/","og_site_name":"Fast Car Shop","article_publisher":"https:\/\/www.facebook.com\/FastcarLt?locale=lt_LT","article_modified_time":"2026-02-11T12:52:15+00:00","og_image":[{"width":950,"height":950,"url":"https:\/\/fastcar.shop\/wp-content\/uploads\/2022\/05\/10392_ToolBoxBuddyAerosol_800x950-e1640270615814.jpg","type":"image\/jpeg"}],"twitter_card":"summary_large_image","schema":{"@context":"https:\/\/schema.org","@graph":[{"@type":"WebPage","@id":"https:\/\/fastcar.shop\/product\/lucas-tool-box-buddy-aerosol-11fl-oz-325ml\/","url":"https:\/\/fastcar.shop\/product\/lucas-tool-box-buddy-aerosol-11fl-oz-325ml\/","name":"LUCAS Tool Box Buddy Aerozolis 325ml","isPartOf":{"@id":"https:\/\/fastcar.shop\/#website"},"primaryImageOfPage":{"@id":"https:\/\/fastcar.shop\/product\/lucas-tool-box-buddy-aerosol-11fl-oz-325ml\/#primaryimage"},"image":{"@id":"https:\/\/fastcar.shop\/product\/lucas-tool-box-buddy-aerosol-11fl-oz-325ml\/#primaryimage"},"thumbnailUrl":"https:\/\/fastcar.shop\/wp-content\/uploads\/2022\/05\/10392_ToolBoxBuddyAerosol_800x950-e1640270615814.jpg","datePublished":"2022-05-14T09:47:57+00:00","dateModified":"2026-02-11T12:52:15+00:00","breadcrumb":{"@id":"https:\/\/fastcar.shop\/product\/lucas-tool-box-buddy-aerosol-11fl-oz-325ml\/#breadcrumb"},"inLanguage":"lt-LT","potentialAction":[{"@type":"ReadAction","target":["https:\/\/fastcar.shop\/product\/lucas-tool-box-buddy-aerosol-11fl-oz-325ml\/"]}]},{"@type":"ImageObject","inLanguage":"lt-LT","@id":"https:\/\/fastcar.shop\/product\/lucas-tool-box-buddy-aerosol-11fl-oz-325ml\/#primaryimage","url":"https:\/\/fastcar.shop\/wp-content\/uploads\/2022\/05\/10392_ToolBoxBuddyAerosol_800x950-e1640270615814.jpg","contentUrl":"https:\/\/fastcar.shop\/wp-content\/uploads\/2022\/05\/10392_ToolBoxBuddyAerosol_800x950-e1640270615814.jpg","width":950,"height":950},{"@type":"BreadcrumbList","@id":"https:\/\/fastcar.shop\/product\/lucas-tool-box-buddy-aerosol-11fl-oz-325ml\/#breadcrumb","itemListElement":[{"@type":"ListItem","position":1,"name":"Home","item":"https:\/\/fastcar.shop\/"},{"@type":"ListItem","position":2,"name":"Shop","item":"https:\/\/fastcar.shop\/shop\/"},{"@type":"ListItem","position":3,"name":"LUCAS Tool Box Buddy Aerosol 11fl oz 325ml"}]},{"@type":"WebSite","@id":"https:\/\/fastcar.shop\/#website","url":"https:\/\/fastcar.shop\/","name":"Greit\u0173 automobili\u0173 parduotuv\u0117","description":"","publisher":{"@id":"https:\/\/fastcar.shop\/#organization"},"potentialAction":[{"@type":"SearchAction","target":{"@type":"EntryPoint","urlTemplate":"https:\/\/fastcar.shop\/?s={search_term_string}"},"query-input":{"@type":"PropertyValueSpecification","valueRequired":true,"valueName":"search_term_string"}}],"inLanguage":"lt-LT"},{"@type":"Organization","@id":"https:\/\/fastcar.shop\/#organization","name":"Fastcar.shop","url":"https:\/\/fastcar.shop\/","logo":{"@type":"ImageObject","inLanguage":"lt-LT","@id":"https:\/\/fastcar.shop\/#\/schema\/logo\/image\/","url":"https:\/\/fastcar.shop\/wp-content\/uploads\/2017\/08\/FCS_JPEG-01-scaled.jpg","contentUrl":"https:\/\/fastcar.shop\/wp-content\/uploads\/2017\/08\/FCS_JPEG-01-scaled.jpg","width":2560,"height":1379,"caption":"Fastcar.shop"},"image":{"@id":"https:\/\/fastcar.shop\/#\/schema\/logo\/image\/"},"sameAs":["https:\/\/www.facebook.com\/FastcarLt?locale=lt_LT","https:\/\/www.instagram.com\/fastcar.shop\/"]}]}},"jetpack_sharing_enabled":true,"_links":{"self":[{"href":"https:\/\/fastcar.shop\/lt\/wp-json\/wp\/v2\/product\/3557","targetHints":{"allow":["GET"]}}],"collection":[{"href":"https:\/\/fastcar.shop\/lt\/wp-json\/wp\/v2\/product"}],"about":[{"href":"https:\/\/fastcar.shop\/lt\/wp-json\/wp\/v2\/types\/product"}],"wp:featuredmedia":[{"embeddable":true,"href":"https:\/\/fastcar.shop\/lt\/wp-json\/wp\/v2\/media\/3559"}],"wp:attachment":[{"href":"https:\/\/fastcar.shop\/lt\/wp-json\/wp\/v2\/media?parent=3557"}],"wp:term":[{"taxonomy":"product_brand","embeddable":true,"href":"https:\/\/fastcar.shop\/lt\/wp-json\/wp\/v2\/product_brand?post=3557"},{"taxonomy":"product_cat","embeddable":true,"href":"https:\/\/fastcar.shop\/lt\/wp-json\/wp\/v2\/product_cat?post=3557"},{"taxonomy":"product_tag","embeddable":true,"href":"https:\/\/fastcar.shop\/lt\/wp-json\/wp\/v2\/product_tag?post=3557"}],"curies":[{"name":"wp","href":"https:\/\/api.w.org\/{rel}","templated":true}]}}