{"id":3554,"date":"2022-05-14T09:41:37","date_gmt":"2022-05-14T09:41:37","guid":{"rendered":"https:\/\/fastcar.shop\/?post_type=product&#038;p=3554"},"modified":"2026-03-16T05:27:03","modified_gmt":"2026-03-16T03:27:03","slug":"lucas-transmission-fix-fluid-24fl-oz-710ml","status":"publish","type":"product","link":"https:\/\/fastcar.shop\/lt\/product\/lucas-transmission-fix-fluid-24fl-oz-710ml\/","title":{"rendered":"LUCAS Transmission Fix priemon\u0117 710ml"},"content":{"rendered":"<p style=\"text-align: left;\">\u201eLucas Transmission Fix\u201c yra netirpianti formul\u0117, kuri stabdo susid\u0117v\u0117jusi\u0173 transmisij\u0173 slydim\u0105, dvejones ir \u0161iurk\u0161t\u0173 pavar\u0173 perjungim\u0105 ir visi\u0161kai pa\u0161alina daugum\u0105 sandariklio nuot\u0117kio. Naudokite bet kurioje transmisijoje profilaktinei prie\u017ei\u016brai. Taip pat naudokite lengvose mechanin\u0117se pavar\u0173 d\u0117\u017e\u0117se, kad b\u016bt\u0173 lengviau perjungti ir pailginti transmisijos tarnavimo laik\u0105.<\/p>\n<p style=\"text-align: left;\"><strong>Pagrindiniai privalumai<\/strong><\/p>\n<ul>\n<li style=\"text-align: left;\">Sud\u0117tyje n\u0117ra tirpikli\u0173<\/li>\n<li style=\"text-align: left;\">Suma\u017eina darbin\u0119 temperat\u016br\u0105 ir nustoja putoti<\/li>\n<li style=\"text-align: left;\">Galima \u012fpilti \u012f esam\u0105 skyst\u012f jo nei\u0161leid\u017eiant<\/li>\n<li style=\"text-align: left;\">Veiksmingas itin dideliu procentu atvej\u0173<\/li>\n<\/ul>\n<p style=\"text-align: left;\"><a href=\"https:\/\/fastcar.shop\/wp-content\/uploads\/2022\/05\/Lucas-Transmission-fix.pdf\">Specifikacijos <img loading=\"lazy\" decoding=\"async\" class=\"alignnone size-full wp-image-3251\" src=\"https:\/\/fastcar.shop\/wp-content\/uploads\/2022\/01\/pdf-e1641824783993.png\" alt=\"\" width=\"30\" height=\"23\" \/><\/a><\/p>","protected":false},"excerpt":{"rendered":"<p style=\"text-align: left;\">Sukurta taip, kad sustabdyt\u0173 susid\u0117v\u0117jusi\u0173 transmisij\u0173 slydim\u0105, dvejones ir grubius pavar\u0173 perjungimus ir visi\u0161kai pa\u0161alint\u0173 daugum\u0105 sandarikli\u0173 nuot\u0117kio.<\/p>","protected":false},"featured_media":3556,"template":"","meta":[],"product_brand":[],"product_cat":[1791,885],"product_tag":[],"class_list":{"0":"post-3554","1":"product","2":"type-product","3":"status-publish","4":"has-post-thumbnail","6":"product_cat-problem-solvers-utility-lubricants","7":"product_cat-oils_lubricants","8":"product_provider-lucas-oil","10":"first","11":"instock","12":"taxable","13":"shipping-taxable","14":"purchasable","15":"product-type-simple"},"aioseo_notices":[],"yoast_head":"<!-- This site is optimized with the Yoast SEO plugin v27.3 - https:\/\/yoast.com\/product\/yoast-seo-wordpress\/ -->\n<title>LUCAS Transmission Fix Fluid 24fl oz 710ml<\/title>\n<meta name=\"robots\" content=\"index, follow, max-snippet:-1, max-image-preview:large, max-video-preview:-1\" \/>\n<link rel=\"canonical\" href=\"https:\/\/fastcar.shop\/lt\/produktas\/lucas-transmission-fix-fluid-24fl-oz-710ml\/\" \/>\n<meta property=\"og:locale\" content=\"lt_LT\" \/>\n<meta property=\"og:type\" content=\"article\" \/>\n<meta property=\"og:title\" content=\"LUCAS Transmission Fix Fluid 24fl oz 710ml\" \/>\n<meta property=\"og:description\" content=\"Designed to stop slip, hesitation and rough shifting in worn transmissions and completely eliminate most seal leaks.\" \/>\n<meta property=\"og:url\" content=\"https:\/\/fastcar.shop\/lt\/produktas\/lucas-transmission-fix-fluid-24fl-oz-710ml\/\" \/>\n<meta property=\"og:site_name\" content=\"Fast Car Shop\" \/>\n<meta property=\"article:publisher\" content=\"https:\/\/www.facebook.com\/FastcarLt?locale=lt_LT\" \/>\n<meta property=\"article:modified_time\" content=\"2026-03-16T03:27:03+00:00\" \/>\n<meta property=\"og:image\" content=\"https:\/\/fastcar.shop\/wp-content\/uploads\/2022\/05\/10009_TransFix_800x950-e1640263240304.jpg\" \/>\n\t<meta property=\"og:image:width\" content=\"950\" \/>\n\t<meta property=\"og:image:height\" content=\"950\" \/>\n\t<meta property=\"og:image:type\" content=\"image\/jpeg\" \/>\n<meta name=\"twitter:card\" content=\"summary_large_image\" \/>\n<meta name=\"twitter:label1\" content=\"Est. reading time\" \/>\n\t<meta name=\"twitter:data1\" content=\"1 minut\u0117\" \/>\n<!-- \/ Yoast SEO plugin. -->","yoast_head_json":{"title":"LUCAS Transmission Fix priemon\u0117 710ml","robots":{"index":"index","follow":"follow","max-snippet":"max-snippet:-1","max-image-preview":"max-image-preview:large","max-video-preview":"max-video-preview:-1"},"canonical":"https:\/\/fastcar.shop\/lt\/produktas\/lucas-transmission-fix-fluid-24fl-oz-710ml\/","og_locale":"lt_LT","og_type":"article","og_title":"LUCAS Transmission Fix Fluid 24fl oz 710ml","og_description":"Designed to stop slip, hesitation and rough shifting in worn transmissions and completely eliminate most seal leaks.","og_url":"https:\/\/fastcar.shop\/lt\/produktas\/lucas-transmission-fix-fluid-24fl-oz-710ml\/","og_site_name":"Fast Car Shop","article_publisher":"https:\/\/www.facebook.com\/FastcarLt?locale=lt_LT","article_modified_time":"2026-03-16T03:27:03+00:00","og_image":[{"width":950,"height":950,"url":"https:\/\/fastcar.shop\/wp-content\/uploads\/2022\/05\/10009_TransFix_800x950-e1640263240304.jpg","type":"image\/jpeg"}],"twitter_card":"summary_large_image","twitter_misc":{"Est. reading time":"1 minut\u0117"},"schema":{"@context":"https:\/\/schema.org","@graph":[{"@type":"WebPage","@id":"https:\/\/fastcar.shop\/product\/lucas-transmission-fix-fluid-24fl-oz-710ml\/","url":"https:\/\/fastcar.shop\/product\/lucas-transmission-fix-fluid-24fl-oz-710ml\/","name":"LUCAS Transmission Fix priemon\u0117 710ml","isPartOf":{"@id":"https:\/\/fastcar.shop\/#website"},"primaryImageOfPage":{"@id":"https:\/\/fastcar.shop\/product\/lucas-transmission-fix-fluid-24fl-oz-710ml\/#primaryimage"},"image":{"@id":"https:\/\/fastcar.shop\/product\/lucas-transmission-fix-fluid-24fl-oz-710ml\/#primaryimage"},"thumbnailUrl":"https:\/\/fastcar.shop\/wp-content\/uploads\/2022\/05\/10009_TransFix_800x950-e1640263240304.jpg","datePublished":"2022-05-14T09:41:37+00:00","dateModified":"2026-03-16T03:27:03+00:00","breadcrumb":{"@id":"https:\/\/fastcar.shop\/product\/lucas-transmission-fix-fluid-24fl-oz-710ml\/#breadcrumb"},"inLanguage":"lt-LT","potentialAction":[{"@type":"ReadAction","target":["https:\/\/fastcar.shop\/product\/lucas-transmission-fix-fluid-24fl-oz-710ml\/"]}]},{"@type":"ImageObject","inLanguage":"lt-LT","@id":"https:\/\/fastcar.shop\/product\/lucas-transmission-fix-fluid-24fl-oz-710ml\/#primaryimage","url":"https:\/\/fastcar.shop\/wp-content\/uploads\/2022\/05\/10009_TransFix_800x950-e1640263240304.jpg","contentUrl":"https:\/\/fastcar.shop\/wp-content\/uploads\/2022\/05\/10009_TransFix_800x950-e1640263240304.jpg","width":950,"height":950},{"@type":"BreadcrumbList","@id":"https:\/\/fastcar.shop\/product\/lucas-transmission-fix-fluid-24fl-oz-710ml\/#breadcrumb","itemListElement":[{"@type":"ListItem","position":1,"name":"Home","item":"https:\/\/fastcar.shop\/"},{"@type":"ListItem","position":2,"name":"Shop","item":"https:\/\/fastcar.shop\/shop\/"},{"@type":"ListItem","position":3,"name":"LUCAS Transmission Fix Fluid 24fl oz 710ml"}]},{"@type":"WebSite","@id":"https:\/\/fastcar.shop\/#website","url":"https:\/\/fastcar.shop\/","name":"Greit\u0173 automobili\u0173 parduotuv\u0117","description":"","publisher":{"@id":"https:\/\/fastcar.shop\/#organization"},"potentialAction":[{"@type":"SearchAction","target":{"@type":"EntryPoint","urlTemplate":"https:\/\/fastcar.shop\/?s={search_term_string}"},"query-input":{"@type":"PropertyValueSpecification","valueRequired":true,"valueName":"search_term_string"}}],"inLanguage":"lt-LT"},{"@type":"Organization","@id":"https:\/\/fastcar.shop\/#organization","name":"Fastcar.shop","url":"https:\/\/fastcar.shop\/","logo":{"@type":"ImageObject","inLanguage":"lt-LT","@id":"https:\/\/fastcar.shop\/#\/schema\/logo\/image\/","url":"https:\/\/fastcar.shop\/wp-content\/uploads\/2017\/08\/FCS_JPEG-01-scaled.jpg","contentUrl":"https:\/\/fastcar.shop\/wp-content\/uploads\/2017\/08\/FCS_JPEG-01-scaled.jpg","width":2560,"height":1379,"caption":"Fastcar.shop"},"image":{"@id":"https:\/\/fastcar.shop\/#\/schema\/logo\/image\/"},"sameAs":["https:\/\/www.facebook.com\/FastcarLt?locale=lt_LT","https:\/\/www.instagram.com\/fastcar.shop\/"]}]}},"jetpack_sharing_enabled":true,"_links":{"self":[{"href":"https:\/\/fastcar.shop\/lt\/wp-json\/wp\/v2\/product\/3554","targetHints":{"allow":["GET"]}}],"collection":[{"href":"https:\/\/fastcar.shop\/lt\/wp-json\/wp\/v2\/product"}],"about":[{"href":"https:\/\/fastcar.shop\/lt\/wp-json\/wp\/v2\/types\/product"}],"wp:featuredmedia":[{"embeddable":true,"href":"https:\/\/fastcar.shop\/lt\/wp-json\/wp\/v2\/media\/3556"}],"wp:attachment":[{"href":"https:\/\/fastcar.shop\/lt\/wp-json\/wp\/v2\/media?parent=3554"}],"wp:term":[{"taxonomy":"product_brand","embeddable":true,"href":"https:\/\/fastcar.shop\/lt\/wp-json\/wp\/v2\/product_brand?post=3554"},{"taxonomy":"product_cat","embeddable":true,"href":"https:\/\/fastcar.shop\/lt\/wp-json\/wp\/v2\/product_cat?post=3554"},{"taxonomy":"product_tag","embeddable":true,"href":"https:\/\/fastcar.shop\/lt\/wp-json\/wp\/v2\/product_tag?post=3554"}],"curies":[{"name":"wp","href":"https:\/\/api.w.org\/{rel}","templated":true}]}}