{"id":3551,"date":"2022-05-14T09:28:56","date_gmt":"2022-05-14T09:28:56","guid":{"rendered":"https:\/\/fastcar.shop\/?post_type=product&#038;p=3551"},"modified":"2026-02-15T03:27:36","modified_gmt":"2026-02-15T01:27:36","slug":"lucas-power-steering-stop-leak-fluid-12fl-oz-355ml","status":"publish","type":"product","link":"https:\/\/fastcar.shop\/lt\/product\/lucas-power-steering-stop-leak-fluid-12fl-oz-355ml\/","title":{"rendered":"LUCAS vairo stiprintuvo stabdymo skystis 355ml"},"content":{"rendered":"<p style=\"text-align: left;\">Garantuojama, kad 100% sustabdys sandariklio nuot\u0117k\u012f vairo stiprintuvuose arba gr\u0105\u017eins pinigus. Visi\u0161kai i\u0161taiso krumpliara\u010dio ir krumpliara\u010dio problemas. Jis taip pat visi\u0161kai veiksmingai suma\u017eina susid\u0117v\u0117jusi\u0173 stela\u017e\u0173 ir krumpliara\u010di\u0173 suglebim\u0105, girg\u017ed\u0117jim\u0105 ir kietas vietas. J\u016bs\u0173 rezultatai bus greiti ir ilgalaikiai.<\/p>\n<p style=\"text-align: left;\"><strong>Pagrindiniai privalumai<\/strong><\/p>\n<ul>\n<li style=\"text-align: left;\">Garantuojama, kad sustabdys sandariklio nuot\u0117k\u012f<\/li>\n<li style=\"text-align: left;\">Sustabdo stela\u017eo ir krumpliara\u010dio problemas<\/li>\n<li style=\"text-align: left;\">Labai ekonomi\u0161kas<\/li>\n<\/ul>\n<p style=\"text-align: left;\"><a href=\"https:\/\/fastcar.shop\/wp-content\/uploads\/2022\/05\/lucas-power-steering-stop-leak.pdf\">Specifikacijos <img loading=\"lazy\" decoding=\"async\" class=\"alignnone size-full wp-image-3251\" src=\"https:\/\/fastcar.shop\/wp-content\/uploads\/2022\/01\/pdf-e1641824783993.png\" alt=\"\" width=\"30\" height=\"23\" \/><\/a><\/p>","protected":false},"excerpt":{"rendered":"<p style=\"text-align: left;\">Lucas vairo stiprintuvo skystis su kondicionieriais yra sudarytas i\u0161 geriausi\u0173 bazini\u0173 alyv\u0173 ir pried\u0173, kurie pranoksta visus kitus, u\u017etikrina skland\u0173 ir tyl\u0173 veikim\u0105, o kondicionuoja sandariklius, kad i\u0161vengt\u0173 nuot\u0117kio.<\/p>","protected":false},"featured_media":3553,"template":"","meta":[],"product_brand":[],"product_cat":[1791,885],"product_tag":[],"class_list":{"0":"post-3551","1":"product","2":"type-product","3":"status-publish","4":"has-post-thumbnail","6":"product_cat-problem-solvers-utility-lubricants","7":"product_cat-oils_lubricants","8":"product_provider-lucas-oil","10":"first","11":"instock","12":"taxable","13":"shipping-taxable","14":"purchasable","15":"product-type-simple"},"aioseo_notices":[],"yoast_head":"<!-- This site is optimized with the Yoast SEO plugin v27.4 - https:\/\/yoast.com\/product\/yoast-seo-wordpress\/ -->\n<title>LUCAS Power Steering Stop Leak Fluid 12fl oz 355ml<\/title>\n<meta name=\"robots\" content=\"index, follow, max-snippet:-1, max-image-preview:large, max-video-preview:-1\" \/>\n<link rel=\"canonical\" href=\"https:\/\/fastcar.shop\/lt\/produktas\/lucas-power-steering-stop-leak-fluid-12fl-oz-355ml\/\" \/>\n<meta property=\"og:locale\" content=\"lt_LT\" \/>\n<meta property=\"og:type\" content=\"article\" \/>\n<meta property=\"og:title\" content=\"LUCAS Power Steering Stop Leak Fluid 12fl oz 355ml\" \/>\n<meta property=\"og:description\" content=\"Lucas Power Steering Fluid with Conditioners is formulated with the finest base oils and additives that outperforms all others, providing smooth, quiet operation while conditioning seals to prevent leaks.\" \/>\n<meta property=\"og:url\" content=\"https:\/\/fastcar.shop\/lt\/produktas\/lucas-power-steering-stop-leak-fluid-12fl-oz-355ml\/\" \/>\n<meta property=\"og:site_name\" content=\"Fast Car Shop\" \/>\n<meta property=\"article:publisher\" content=\"https:\/\/www.facebook.com\/FastcarLt?locale=lt_LT\" \/>\n<meta property=\"article:modified_time\" content=\"2026-02-15T01:27:36+00:00\" \/>\n<meta property=\"og:image\" content=\"https:\/\/fastcar.shop\/wp-content\/uploads\/2022\/05\/12-10008_PowerSteeringSL_800x950-e1640190923128.jpg\" \/>\n\t<meta property=\"og:image:width\" content=\"950\" \/>\n\t<meta property=\"og:image:height\" content=\"950\" \/>\n\t<meta property=\"og:image:type\" content=\"image\/jpeg\" \/>\n<meta name=\"twitter:card\" content=\"summary_large_image\" \/>\n<!-- \/ Yoast SEO plugin. -->","yoast_head_json":{"title":"LUCAS vairo stiprintuvo stabdymo skystis 355ml","robots":{"index":"index","follow":"follow","max-snippet":"max-snippet:-1","max-image-preview":"max-image-preview:large","max-video-preview":"max-video-preview:-1"},"canonical":"https:\/\/fastcar.shop\/lt\/produktas\/lucas-power-steering-stop-leak-fluid-12fl-oz-355ml\/","og_locale":"lt_LT","og_type":"article","og_title":"LUCAS Power Steering Stop Leak Fluid 12fl oz 355ml","og_description":"Lucas Power Steering Fluid with Conditioners is formulated with the finest base oils and additives that outperforms all others, providing smooth, quiet operation while conditioning seals to prevent leaks.","og_url":"https:\/\/fastcar.shop\/lt\/produktas\/lucas-power-steering-stop-leak-fluid-12fl-oz-355ml\/","og_site_name":"Fast Car Shop","article_publisher":"https:\/\/www.facebook.com\/FastcarLt?locale=lt_LT","article_modified_time":"2026-02-15T01:27:36+00:00","og_image":[{"width":950,"height":950,"url":"https:\/\/fastcar.shop\/wp-content\/uploads\/2022\/05\/12-10008_PowerSteeringSL_800x950-e1640190923128.jpg","type":"image\/jpeg"}],"twitter_card":"summary_large_image","schema":{"@context":"https:\/\/schema.org","@graph":[{"@type":"WebPage","@id":"https:\/\/fastcar.shop\/product\/lucas-power-steering-stop-leak-fluid-12fl-oz-355ml\/","url":"https:\/\/fastcar.shop\/product\/lucas-power-steering-stop-leak-fluid-12fl-oz-355ml\/","name":"LUCAS vairo stiprintuvo stabdymo skystis 355ml","isPartOf":{"@id":"https:\/\/fastcar.shop\/#website"},"primaryImageOfPage":{"@id":"https:\/\/fastcar.shop\/product\/lucas-power-steering-stop-leak-fluid-12fl-oz-355ml\/#primaryimage"},"image":{"@id":"https:\/\/fastcar.shop\/product\/lucas-power-steering-stop-leak-fluid-12fl-oz-355ml\/#primaryimage"},"thumbnailUrl":"https:\/\/fastcar.shop\/wp-content\/uploads\/2022\/05\/12-10008_PowerSteeringSL_800x950-e1640190923128.jpg","datePublished":"2022-05-14T09:28:56+00:00","dateModified":"2026-02-15T01:27:36+00:00","breadcrumb":{"@id":"https:\/\/fastcar.shop\/product\/lucas-power-steering-stop-leak-fluid-12fl-oz-355ml\/#breadcrumb"},"inLanguage":"lt-LT","potentialAction":[{"@type":"ReadAction","target":["https:\/\/fastcar.shop\/product\/lucas-power-steering-stop-leak-fluid-12fl-oz-355ml\/"]}]},{"@type":"ImageObject","inLanguage":"lt-LT","@id":"https:\/\/fastcar.shop\/product\/lucas-power-steering-stop-leak-fluid-12fl-oz-355ml\/#primaryimage","url":"https:\/\/fastcar.shop\/wp-content\/uploads\/2022\/05\/12-10008_PowerSteeringSL_800x950-e1640190923128.jpg","contentUrl":"https:\/\/fastcar.shop\/wp-content\/uploads\/2022\/05\/12-10008_PowerSteeringSL_800x950-e1640190923128.jpg","width":950,"height":950},{"@type":"BreadcrumbList","@id":"https:\/\/fastcar.shop\/product\/lucas-power-steering-stop-leak-fluid-12fl-oz-355ml\/#breadcrumb","itemListElement":[{"@type":"ListItem","position":1,"name":"Home","item":"https:\/\/fastcar.shop\/"},{"@type":"ListItem","position":2,"name":"Shop","item":"https:\/\/fastcar.shop\/shop\/"},{"@type":"ListItem","position":3,"name":"LUCAS Power Steering Stop Leak Fluid 12fl oz 355ml"}]},{"@type":"WebSite","@id":"https:\/\/fastcar.shop\/#website","url":"https:\/\/fastcar.shop\/","name":"Greit\u0173 automobili\u0173 parduotuv\u0117","description":"","publisher":{"@id":"https:\/\/fastcar.shop\/#organization"},"potentialAction":[{"@type":"SearchAction","target":{"@type":"EntryPoint","urlTemplate":"https:\/\/fastcar.shop\/?s={search_term_string}"},"query-input":{"@type":"PropertyValueSpecification","valueRequired":true,"valueName":"search_term_string"}}],"inLanguage":"lt-LT"},{"@type":"Organization","@id":"https:\/\/fastcar.shop\/#organization","name":"Fastcar.shop","url":"https:\/\/fastcar.shop\/","logo":{"@type":"ImageObject","inLanguage":"lt-LT","@id":"https:\/\/fastcar.shop\/#\/schema\/logo\/image\/","url":"https:\/\/fastcar.shop\/wp-content\/uploads\/2017\/08\/FCS_JPEG-01-scaled.jpg","contentUrl":"https:\/\/fastcar.shop\/wp-content\/uploads\/2017\/08\/FCS_JPEG-01-scaled.jpg","width":2560,"height":1379,"caption":"Fastcar.shop"},"image":{"@id":"https:\/\/fastcar.shop\/#\/schema\/logo\/image\/"},"sameAs":["https:\/\/www.facebook.com\/FastcarLt?locale=lt_LT","https:\/\/www.instagram.com\/fastcar.shop\/"]}]}},"jetpack_sharing_enabled":true,"_links":{"self":[{"href":"https:\/\/fastcar.shop\/lt\/wp-json\/wp\/v2\/product\/3551","targetHints":{"allow":["GET"]}}],"collection":[{"href":"https:\/\/fastcar.shop\/lt\/wp-json\/wp\/v2\/product"}],"about":[{"href":"https:\/\/fastcar.shop\/lt\/wp-json\/wp\/v2\/types\/product"}],"wp:featuredmedia":[{"embeddable":true,"href":"https:\/\/fastcar.shop\/lt\/wp-json\/wp\/v2\/media\/3553"}],"wp:attachment":[{"href":"https:\/\/fastcar.shop\/lt\/wp-json\/wp\/v2\/media?parent=3551"}],"wp:term":[{"taxonomy":"product_brand","embeddable":true,"href":"https:\/\/fastcar.shop\/lt\/wp-json\/wp\/v2\/product_brand?post=3551"},{"taxonomy":"product_cat","embeddable":true,"href":"https:\/\/fastcar.shop\/lt\/wp-json\/wp\/v2\/product_cat?post=3551"},{"taxonomy":"product_tag","embeddable":true,"href":"https:\/\/fastcar.shop\/lt\/wp-json\/wp\/v2\/product_tag?post=3551"}],"curies":[{"name":"wp","href":"https:\/\/api.w.org\/{rel}","templated":true}]}}