{"id":3547,"date":"2022-05-14T09:04:28","date_gmt":"2022-05-14T09:04:28","guid":{"rendered":"https:\/\/fastcar.shop\/?post_type=product&#038;p=3547"},"modified":"2026-02-11T14:55:48","modified_gmt":"2026-02-11T12:55:48","slug":"lucas-low-viscosity-synthetic-multi-vehicle-automatic-transmission-fluid-atf-1-quart-946ml","status":"publish","type":"product","link":"https:\/\/fastcar.shop\/lt\/product\/lucas-low-viscosity-synthetic-multi-vehicle-automatic-transmission-fluid-atf-1-quart-946ml\/","title":{"rendered":"LUCAS ma\u017eo klampumo sintetinis keli\u0173 transporto priemoni\u0173 automatin\u0117s transmisijos skystis 946ml"},"content":{"rendered":"<div class=\"col-lg-6 col-md-6 col-sm-12\">\n<p style=\"text-align: left;\">\u0160iandien automatini\u0173 pavar\u0173 d\u0117\u017ei\u0173 skys\u010di\u0173 rinka yra labai sud\u0117tinga. Nebuvo tiek daug met\u0173, kad buvo sunku suklysti arba pakeisti ATF, arba j\u012f papildyti. Tik\u0117tina, kad j\u016bs\u0173 transporto priemon\u0117s savininko vadove buvo nurodytas \u201eGeneral Motors Dexron\u201c arba \u201eFord\u201c Mercon ATF, o dauguma j\u016bs\u0173 vietin\u0117s automobili\u0173 dali\u0173 parduotuv\u0117s lentynoje esan\u010di\u0173 transmisijos skys\u010di\u0173 atitiko abi specifikacijas. \u0160iandien yra daugyb\u0117 specifikacij\u0173 ir originalios \u012frangos gamintoj\u0173 rekomendacij\u0173, tod\u0117l vairuotojai nesupranta, k\u0105 naudoti, tod\u0117l \u201eLucas Oil\u201c suk\u016br\u0117 keli\u0173 transporto priemoni\u0173 ATF, kad supaprastint\u0173 proces\u0105.<\/p>\n<p style=\"text-align: left;\">Dauguma \u0161iuolaikini\u0173 transmisijos skys\u010di\u0173 turi kelet\u0105 bendr\u0173 bruo\u017e\u0173: geresnis atsparumas kar\u0161\u010diui ir oksidacijai, geresnis \u0161lyties stabilumas, kad skystis laikui b\u0117gant neprarast\u0173 klampumo, ir ma\u017eesnis trinties koeficientas, reikalingas \u0161iuolaikini\u0173 automobili\u0173 sukimo momento keitikli\u0173 fiksavimui. Lucas Multi-Vehicle ATF atitinka visus \u0161iuos reikalavimus; Ta\u010diau daugelis automobili\u0173 ir pikap\u0173 dabar naudoja ATF, kurio klampumas yra ma\u017eesnis nei tradicinis skystis, o tai v\u0117l apsunkina vaizd\u0105. Ma\u017eesnio klampumo skys\u010diai paprastai u\u017etikrina \u0161iek tiek geresn\u0119 degal\u0173 ekonomij\u0105. D\u0117l \u0161ios prie\u017easties dabar turime du keli\u0173 transporto priemoni\u0173 skys\u010dius. Vienas standartinis (arba didelio klampumo), kitas skirtas transporto priemon\u0117ms, kuriose nurodytas ma\u017eo klampumo ATF naudojimas.<\/p>\n<p style=\"text-align: left;\">\u201eLucas Oil\u201c ma\u017eo klampumo keli\u0173 transporto priemoni\u0173 ATF yra sumai\u0161yta i\u0161 auk\u0161\u010diausios kokyb\u0117s API III grup\u0117s sintetini\u0173 bazini\u0173 alyv\u0173, kartu su \u0161lyties stabiliais klampos modifikatoriais ir auk\u0161tos kokyb\u0117s pried\u0173 paketu, kuriame yra anti-d\u0117v\u0117jimosi, antioksidant\u0173 ir korozijos inhibitori\u0173.<\/p>\n<p style=\"text-align: left;\"><strong>Pagrindiniai privalumai<\/strong><\/p>\n<ul>\n<li style=\"text-align: left;\">Patvar\u016bs trinties modifikatoriai u\u017etikrina skland\u0173 perjungim\u0105 be triuk\u0161mo ir tyl\u0173 u\u017esifiksuojant\u012f sukimo momento keitikl\u012f<\/li>\n<li style=\"text-align: left;\">Ma\u017eo klampumo formul\u0117, atitinkanti daugel\u012f OEM rekomendacij\u0173<\/li>\n<li style=\"text-align: left;\">Sintetin\u0117 bazin\u0117 alyva u\u017etikrina auk\u0161t\u0105 na\u0161um\u0105 ir ilg\u0105 tarnavimo laik\u0105<\/li>\n<li style=\"text-align: left;\">Atsparus nuolatiniam \u0161lyties ret\u0117jimui<\/li>\n<li style=\"text-align: left;\">Atsparus oksidacijai ir lak\u0173 bei dumblo susidarymui<\/li>\n<\/ul>\n<p style=\"text-align: left;\"><a href=\"https:\/\/fastcar.shop\/wp-content\/uploads\/2022\/05\/TDS_Synth_Low_Viscosity_Multi-Vehicle_ATF.pdf\">Specifikacijos <img loading=\"lazy\" decoding=\"async\" class=\"alignnone size-full wp-image-3251\" src=\"https:\/\/fastcar.shop\/wp-content\/uploads\/2022\/01\/pdf-e1641824783993.png\" alt=\"\" width=\"30\" height=\"23\" \/><\/a><\/p>\n<\/div>","protected":false},"excerpt":{"rendered":"<p style=\"text-align: left;\">\u201eLucas Oil\u201c rekomenduoja naudoti bet kokiai automatinei pavar\u0173 d\u0117\u017eei, kai transporto priemon\u0117s savininko vadove nurodomas ma\u017eo klampumo skystis, tiek u\u017esienio, tiek vietinis, pavyzd\u017eiui: \u201eDexron VI\u201c, \u201eMercon LV\u201c (ir SP), \u201eHonda DW-1\u201c, \u201eNissan Matic S\u201c (ir W). , Mitsubishi Dia Queen ATF J-3 ir ATF-PA ir daugelis kit\u0173*. Vairuokite u\u017etikrintai \u017einodami, kad Lucas ma\u017eo klampumo keli\u0173 transporto priemoni\u0173 ATF tinka naudoti j\u016bs\u0173 automobilyje ar sunkve\u017eimyje.<\/p>","protected":false},"featured_media":3549,"template":"","meta":[],"product_brand":[],"product_cat":[1793,885],"product_tag":[],"class_list":{"0":"post-3547","1":"product","2":"type-product","3":"status-publish","4":"has-post-thumbnail","6":"product_cat-transmission-products","7":"product_cat-oils_lubricants","8":"product_provider-lucas-oil","10":"first","11":"instock","12":"taxable","13":"shipping-taxable","14":"purchasable","15":"product-type-simple"},"aioseo_notices":[],"yoast_head":"<!-- This site is optimized with the Yoast SEO plugin v27.3 - https:\/\/yoast.com\/product\/yoast-seo-wordpress\/ -->\n<title>LUCAS Low Viscosity Synthetic Multi Vehicle Automatic Transmission Fluid ATF 1 Quart 946ml<\/title>\n<meta name=\"robots\" content=\"index, follow, max-snippet:-1, max-image-preview:large, max-video-preview:-1\" \/>\n<link rel=\"canonical\" href=\"https:\/\/fastcar.shop\/lt\/produktas\/lucas-low-viscosity-synthetic-multi-vehicle-automatic-transmission-fluid-atf-1-quart-946ml\/\" \/>\n<meta property=\"og:locale\" content=\"lt_LT\" \/>\n<meta property=\"og:type\" content=\"article\" \/>\n<meta property=\"og:title\" content=\"LUCAS Low Viscosity Synthetic Multi Vehicle Automatic Transmission Fluid ATF 1 Quart 946ml\" \/>\n<meta property=\"og:description\" content=\"Recommended by Lucas Oil for any automatic transmission application where the vehicle owner\u2019s manual specifies a low viscosity fluid, either foreign or domestic, such as: Dexron VI, Mercon LV (&amp; SP), Honda DW-1, Nissan Matic S (and W), Mitsubishi Dia Queen ATF J-3 and ATF-PA and many more*. Drive with confidence knowing that Lucas Low-Viscosity Multi-Vehicle ATF is suitable for use in your car or truck.\" \/>\n<meta property=\"og:url\" content=\"https:\/\/fastcar.shop\/lt\/produktas\/lucas-low-viscosity-synthetic-multi-vehicle-automatic-transmission-fluid-atf-1-quart-946ml\/\" \/>\n<meta property=\"og:site_name\" content=\"Fast Car Shop\" \/>\n<meta property=\"article:publisher\" content=\"https:\/\/www.facebook.com\/FastcarLt?locale=lt_LT\" \/>\n<meta property=\"article:modified_time\" content=\"2026-02-11T12:55:48+00:00\" \/>\n<meta property=\"og:image\" content=\"https:\/\/fastcar.shop\/wp-content\/uploads\/2022\/05\/11255-Low-Viscosity-Multi-Vehicle-ATF-QT.png\" \/>\n\t<meta property=\"og:image:width\" content=\"2400\" \/>\n\t<meta property=\"og:image:height\" content=\"2400\" \/>\n\t<meta property=\"og:image:type\" content=\"image\/png\" \/>\n<meta name=\"twitter:card\" content=\"summary_large_image\" \/>\n<meta name=\"twitter:label1\" content=\"Est. reading time\" \/>\n\t<meta name=\"twitter:data1\" content=\"1 minut\u0117\" \/>\n<!-- \/ Yoast SEO plugin. -->","yoast_head_json":{"title":"LUCAS ma\u017eo klampumo sintetinis keli\u0173 transporto priemoni\u0173 automatin\u0117s transmisijos skystis 946ml","robots":{"index":"index","follow":"follow","max-snippet":"max-snippet:-1","max-image-preview":"max-image-preview:large","max-video-preview":"max-video-preview:-1"},"canonical":"https:\/\/fastcar.shop\/lt\/produktas\/lucas-low-viscosity-synthetic-multi-vehicle-automatic-transmission-fluid-atf-1-quart-946ml\/","og_locale":"lt_LT","og_type":"article","og_title":"LUCAS Low Viscosity Synthetic Multi Vehicle Automatic Transmission Fluid ATF 1 Quart 946ml","og_description":"Recommended by Lucas Oil for any automatic transmission application where the vehicle owner\u2019s manual specifies a low viscosity fluid, either foreign or domestic, such as: Dexron VI, Mercon LV (&amp; SP), Honda DW-1, Nissan Matic S (and W), Mitsubishi Dia Queen ATF J-3 and ATF-PA and many more*. Drive with confidence knowing that Lucas Low-Viscosity Multi-Vehicle ATF is suitable for use in your car or truck.","og_url":"https:\/\/fastcar.shop\/lt\/produktas\/lucas-low-viscosity-synthetic-multi-vehicle-automatic-transmission-fluid-atf-1-quart-946ml\/","og_site_name":"Fast Car Shop","article_publisher":"https:\/\/www.facebook.com\/FastcarLt?locale=lt_LT","article_modified_time":"2026-02-11T12:55:48+00:00","og_image":[{"width":2400,"height":2400,"url":"https:\/\/fastcar.shop\/wp-content\/uploads\/2022\/05\/11255-Low-Viscosity-Multi-Vehicle-ATF-QT.png","type":"image\/png"}],"twitter_card":"summary_large_image","twitter_misc":{"Est. reading time":"1 minut\u0117"},"schema":{"@context":"https:\/\/schema.org","@graph":[{"@type":"WebPage","@id":"https:\/\/fastcar.shop\/product\/lucas-low-viscosity-synthetic-multi-vehicle-automatic-transmission-fluid-atf-1-quart-946ml\/","url":"https:\/\/fastcar.shop\/product\/lucas-low-viscosity-synthetic-multi-vehicle-automatic-transmission-fluid-atf-1-quart-946ml\/","name":"LUCAS ma\u017eo klampumo sintetinis keli\u0173 transporto priemoni\u0173 automatin\u0117s transmisijos skystis 946ml","isPartOf":{"@id":"https:\/\/fastcar.shop\/#website"},"primaryImageOfPage":{"@id":"https:\/\/fastcar.shop\/product\/lucas-low-viscosity-synthetic-multi-vehicle-automatic-transmission-fluid-atf-1-quart-946ml\/#primaryimage"},"image":{"@id":"https:\/\/fastcar.shop\/product\/lucas-low-viscosity-synthetic-multi-vehicle-automatic-transmission-fluid-atf-1-quart-946ml\/#primaryimage"},"thumbnailUrl":"https:\/\/fastcar.shop\/wp-content\/uploads\/2022\/05\/11255-Low-Viscosity-Multi-Vehicle-ATF-QT.png","datePublished":"2022-05-14T09:04:28+00:00","dateModified":"2026-02-11T12:55:48+00:00","breadcrumb":{"@id":"https:\/\/fastcar.shop\/product\/lucas-low-viscosity-synthetic-multi-vehicle-automatic-transmission-fluid-atf-1-quart-946ml\/#breadcrumb"},"inLanguage":"lt-LT","potentialAction":[{"@type":"ReadAction","target":["https:\/\/fastcar.shop\/product\/lucas-low-viscosity-synthetic-multi-vehicle-automatic-transmission-fluid-atf-1-quart-946ml\/"]}]},{"@type":"ImageObject","inLanguage":"lt-LT","@id":"https:\/\/fastcar.shop\/product\/lucas-low-viscosity-synthetic-multi-vehicle-automatic-transmission-fluid-atf-1-quart-946ml\/#primaryimage","url":"https:\/\/fastcar.shop\/wp-content\/uploads\/2022\/05\/11255-Low-Viscosity-Multi-Vehicle-ATF-QT.png","contentUrl":"https:\/\/fastcar.shop\/wp-content\/uploads\/2022\/05\/11255-Low-Viscosity-Multi-Vehicle-ATF-QT.png","width":2400,"height":2400},{"@type":"BreadcrumbList","@id":"https:\/\/fastcar.shop\/product\/lucas-low-viscosity-synthetic-multi-vehicle-automatic-transmission-fluid-atf-1-quart-946ml\/#breadcrumb","itemListElement":[{"@type":"ListItem","position":1,"name":"Home","item":"https:\/\/fastcar.shop\/"},{"@type":"ListItem","position":2,"name":"Shop","item":"https:\/\/fastcar.shop\/shop\/"},{"@type":"ListItem","position":3,"name":"LUCAS Low Viscosity Synthetic Multi Vehicle Automatic Transmission Fluid ATF 1 Quart 946ml"}]},{"@type":"WebSite","@id":"https:\/\/fastcar.shop\/#website","url":"https:\/\/fastcar.shop\/","name":"Greit\u0173 automobili\u0173 parduotuv\u0117","description":"","publisher":{"@id":"https:\/\/fastcar.shop\/#organization"},"potentialAction":[{"@type":"SearchAction","target":{"@type":"EntryPoint","urlTemplate":"https:\/\/fastcar.shop\/?s={search_term_string}"},"query-input":{"@type":"PropertyValueSpecification","valueRequired":true,"valueName":"search_term_string"}}],"inLanguage":"lt-LT"},{"@type":"Organization","@id":"https:\/\/fastcar.shop\/#organization","name":"Fastcar.shop","url":"https:\/\/fastcar.shop\/","logo":{"@type":"ImageObject","inLanguage":"lt-LT","@id":"https:\/\/fastcar.shop\/#\/schema\/logo\/image\/","url":"https:\/\/fastcar.shop\/wp-content\/uploads\/2017\/08\/FCS_JPEG-01-scaled.jpg","contentUrl":"https:\/\/fastcar.shop\/wp-content\/uploads\/2017\/08\/FCS_JPEG-01-scaled.jpg","width":2560,"height":1379,"caption":"Fastcar.shop"},"image":{"@id":"https:\/\/fastcar.shop\/#\/schema\/logo\/image\/"},"sameAs":["https:\/\/www.facebook.com\/FastcarLt?locale=lt_LT","https:\/\/www.instagram.com\/fastcar.shop\/"]}]}},"jetpack_sharing_enabled":true,"_links":{"self":[{"href":"https:\/\/fastcar.shop\/lt\/wp-json\/wp\/v2\/product\/3547","targetHints":{"allow":["GET"]}}],"collection":[{"href":"https:\/\/fastcar.shop\/lt\/wp-json\/wp\/v2\/product"}],"about":[{"href":"https:\/\/fastcar.shop\/lt\/wp-json\/wp\/v2\/types\/product"}],"wp:featuredmedia":[{"embeddable":true,"href":"https:\/\/fastcar.shop\/lt\/wp-json\/wp\/v2\/media\/3549"}],"wp:attachment":[{"href":"https:\/\/fastcar.shop\/lt\/wp-json\/wp\/v2\/media?parent=3547"}],"wp:term":[{"taxonomy":"product_brand","embeddable":true,"href":"https:\/\/fastcar.shop\/lt\/wp-json\/wp\/v2\/product_brand?post=3547"},{"taxonomy":"product_cat","embeddable":true,"href":"https:\/\/fastcar.shop\/lt\/wp-json\/wp\/v2\/product_cat?post=3547"},{"taxonomy":"product_tag","embeddable":true,"href":"https:\/\/fastcar.shop\/lt\/wp-json\/wp\/v2\/product_tag?post=3547"}],"curies":[{"name":"wp","href":"https:\/\/api.w.org\/{rel}","templated":true}]}}