{"id":3538,"date":"2022-05-13T21:40:29","date_gmt":"2022-05-13T21:40:29","guid":{"rendered":"https:\/\/fastcar.shop\/?post_type=product&#038;p=3538"},"modified":"2026-02-11T14:58:12","modified_gmt":"2026-02-11T12:58:12","slug":"lucas-racing-petrol-octane-booster-5-25fl-oz-155ml","status":"publish","type":"product","link":"https:\/\/fastcar.shop\/lt\/product\/lucas-racing-petrol-octane-booster-5-25fl-oz-155ml\/","title":{"rendered":"LUCAS benzino oktano didintojas 155ml"},"content":{"rendered":"<div class=\"col-lg-6 col-md-6 col-sm-12\">\n<p style=\"text-align: left;\">Lucas Octane Booster \u2013 tikras oktaninio skai\u010diaus stiprintuvas! I\u0161bandyta ir \u012frodyta, kad ji suteikia tris kartus daugiau energijos nei dauguma kit\u0173 preki\u0173 \u017eenkl\u0173. Lucas Octane Booster yra TIKRAS na\u0161umo didinimo \u012frankis! I\u0161bandyta ir \u012frodyta, kad ji suteikia tris kartus daugiau energijos nei dauguma kit\u0173 preki\u0173 \u017eenkl\u0173. Tai saugus turbinoms, deguonies jutikliams ir kataliziniams konverteriams. Sustabdo sm\u016bgius ir padidina MPG didelio suspaudimo varikliuose.<\/p>\n<p style=\"text-align: left;\">Vienas 15 oz. butelis apdoroja iki 25 galon\u0173 degal\u0173.<br \/>\nSaugus bet kokiam benzininiam varikliui.<\/p>\n<p style=\"text-align: left;\"><strong>Pagrindiniai privalumai<\/strong><\/p>\n<ul>\n<li style=\"text-align: left;\">Saugus turbinoms, deguonies jutikliams ir kataliziniams konverteriams<\/li>\n<li style=\"text-align: left;\">Tinka naudoti varikliuose su degal\u0173 \u012fpur\u0161kimu ir karbiuratoriumi<\/li>\n<li style=\"text-align: left;\">Suteikia daugiau post\u016bmio nei dauguma kit\u0173 preki\u0173 \u017eenkl\u0173<\/li>\n<li style=\"text-align: left;\">Skatina \u0161var\u0173 kuro deginim\u0105 ir suma\u017eina i\u0161metam\u0173j\u0173 ter\u0161al\u0173 kiek\u012f<\/li>\n<\/ul>\n<p style=\"text-align: left;\"><a href=\"https:\/\/fastcar.shop\/wp-content\/uploads\/2022\/05\/lucas-octane-booster.pdf\">Specifikacijos <img loading=\"lazy\" decoding=\"async\" class=\"alignnone size-full wp-image-3251\" src=\"https:\/\/fastcar.shop\/wp-content\/uploads\/2022\/01\/pdf-e1641824783993.png\" alt=\"\" width=\"30\" height=\"23\" \/><\/a><\/p>\n<\/div>","protected":false},"excerpt":{"rendered":"<p style=\"text-align: left;\">Lucas Octane Booster \u2013 tikras oktaninio skai\u010diaus stiprintuvas! I\u0161bandyta ir \u012frodyta, kad ji suteikia tris kartus daugiau energijos nei dauguma kit\u0173 preki\u0173 \u017eenkl\u0173.<\/p>","protected":false},"featured_media":3540,"template":"","meta":[],"product_brand":[],"product_cat":[1788,1792,16,885],"product_tag":[],"class_list":{"0":"post-3538","1":"product","2":"type-product","3":"status-publish","4":"has-post-thumbnail","6":"product_cat-fuel-treatments","7":"product_cat-racing","8":"product_cat-race-fuel","9":"product_cat-oils_lubricants","10":"product_provider-lucas-oil","12":"first","13":"instock","14":"taxable","15":"shipping-taxable","16":"purchasable","17":"product-type-simple"},"aioseo_notices":[],"yoast_head":"<!-- This site is optimized with the Yoast SEO plugin v27.3 - https:\/\/yoast.com\/product\/yoast-seo-wordpress\/ -->\n<title>LUCAS Racing Petrol Octane Booster 5.25fl oz 155ml<\/title>\n<meta name=\"robots\" content=\"index, follow, max-snippet:-1, max-image-preview:large, max-video-preview:-1\" \/>\n<link rel=\"canonical\" href=\"https:\/\/fastcar.shop\/lt\/produktas\/lucas-racing-petrol-octane-booster-5-25fl-oz-155ml\/\" \/>\n<meta property=\"og:locale\" content=\"lt_LT\" \/>\n<meta property=\"og:type\" content=\"article\" \/>\n<meta property=\"og:title\" content=\"LUCAS Racing Petrol Octane Booster 5.25fl oz 155ml\" \/>\n<meta property=\"og:description\" content=\"Lucas Octane Booster \u2013 A Real Octane Booster! Tested and proven to deliver three times more boost than most other brands.\" \/>\n<meta property=\"og:url\" content=\"https:\/\/fastcar.shop\/lt\/produktas\/lucas-racing-petrol-octane-booster-5-25fl-oz-155ml\/\" \/>\n<meta property=\"og:site_name\" content=\"Fast Car Shop\" \/>\n<meta property=\"article:publisher\" content=\"https:\/\/www.facebook.com\/FastcarLt?locale=lt_LT\" \/>\n<meta property=\"article:modified_time\" content=\"2026-02-11T12:58:12+00:00\" \/>\n<meta property=\"og:image\" content=\"https:\/\/fastcar.shop\/wp-content\/uploads\/2022\/05\/5-10930_OctaneBooster_800x950-e1640183229798.jpg\" \/>\n\t<meta property=\"og:image:width\" content=\"950\" \/>\n\t<meta property=\"og:image:height\" content=\"950\" \/>\n\t<meta property=\"og:image:type\" content=\"image\/jpeg\" \/>\n<meta name=\"twitter:card\" content=\"summary_large_image\" \/>\n<meta name=\"twitter:label1\" content=\"Est. reading time\" \/>\n\t<meta name=\"twitter:data1\" content=\"1 minut\u0117\" \/>\n<!-- \/ Yoast SEO plugin. -->","yoast_head_json":{"title":"LUCAS benzino oktano didintojas 155ml","robots":{"index":"index","follow":"follow","max-snippet":"max-snippet:-1","max-image-preview":"max-image-preview:large","max-video-preview":"max-video-preview:-1"},"canonical":"https:\/\/fastcar.shop\/lt\/produktas\/lucas-racing-petrol-octane-booster-5-25fl-oz-155ml\/","og_locale":"lt_LT","og_type":"article","og_title":"LUCAS Racing Petrol Octane Booster 5.25fl oz 155ml","og_description":"Lucas Octane Booster \u2013 A Real Octane Booster! Tested and proven to deliver three times more boost than most other brands.","og_url":"https:\/\/fastcar.shop\/lt\/produktas\/lucas-racing-petrol-octane-booster-5-25fl-oz-155ml\/","og_site_name":"Fast Car Shop","article_publisher":"https:\/\/www.facebook.com\/FastcarLt?locale=lt_LT","article_modified_time":"2026-02-11T12:58:12+00:00","og_image":[{"width":950,"height":950,"url":"https:\/\/fastcar.shop\/wp-content\/uploads\/2022\/05\/5-10930_OctaneBooster_800x950-e1640183229798.jpg","type":"image\/jpeg"}],"twitter_card":"summary_large_image","twitter_misc":{"Est. reading time":"1 minut\u0117"},"schema":{"@context":"https:\/\/schema.org","@graph":[{"@type":"WebPage","@id":"https:\/\/fastcar.shop\/product\/lucas-racing-petrol-octane-booster-5-25fl-oz-155ml\/","url":"https:\/\/fastcar.shop\/product\/lucas-racing-petrol-octane-booster-5-25fl-oz-155ml\/","name":"LUCAS benzino oktano didintojas 155ml","isPartOf":{"@id":"https:\/\/fastcar.shop\/#website"},"primaryImageOfPage":{"@id":"https:\/\/fastcar.shop\/product\/lucas-racing-petrol-octane-booster-5-25fl-oz-155ml\/#primaryimage"},"image":{"@id":"https:\/\/fastcar.shop\/product\/lucas-racing-petrol-octane-booster-5-25fl-oz-155ml\/#primaryimage"},"thumbnailUrl":"https:\/\/fastcar.shop\/wp-content\/uploads\/2022\/05\/5-10930_OctaneBooster_800x950-e1640183229798.jpg","datePublished":"2022-05-13T21:40:29+00:00","dateModified":"2026-02-11T12:58:12+00:00","breadcrumb":{"@id":"https:\/\/fastcar.shop\/product\/lucas-racing-petrol-octane-booster-5-25fl-oz-155ml\/#breadcrumb"},"inLanguage":"lt-LT","potentialAction":[{"@type":"ReadAction","target":["https:\/\/fastcar.shop\/product\/lucas-racing-petrol-octane-booster-5-25fl-oz-155ml\/"]}]},{"@type":"ImageObject","inLanguage":"lt-LT","@id":"https:\/\/fastcar.shop\/product\/lucas-racing-petrol-octane-booster-5-25fl-oz-155ml\/#primaryimage","url":"https:\/\/fastcar.shop\/wp-content\/uploads\/2022\/05\/5-10930_OctaneBooster_800x950-e1640183229798.jpg","contentUrl":"https:\/\/fastcar.shop\/wp-content\/uploads\/2022\/05\/5-10930_OctaneBooster_800x950-e1640183229798.jpg","width":950,"height":950},{"@type":"BreadcrumbList","@id":"https:\/\/fastcar.shop\/product\/lucas-racing-petrol-octane-booster-5-25fl-oz-155ml\/#breadcrumb","itemListElement":[{"@type":"ListItem","position":1,"name":"Home","item":"https:\/\/fastcar.shop\/"},{"@type":"ListItem","position":2,"name":"Shop","item":"https:\/\/fastcar.shop\/shop\/"},{"@type":"ListItem","position":3,"name":"LUCAS Racing Petrol Octane Booster 5.25fl oz 155ml"}]},{"@type":"WebSite","@id":"https:\/\/fastcar.shop\/#website","url":"https:\/\/fastcar.shop\/","name":"Greit\u0173 automobili\u0173 parduotuv\u0117","description":"","publisher":{"@id":"https:\/\/fastcar.shop\/#organization"},"potentialAction":[{"@type":"SearchAction","target":{"@type":"EntryPoint","urlTemplate":"https:\/\/fastcar.shop\/?s={search_term_string}"},"query-input":{"@type":"PropertyValueSpecification","valueRequired":true,"valueName":"search_term_string"}}],"inLanguage":"lt-LT"},{"@type":"Organization","@id":"https:\/\/fastcar.shop\/#organization","name":"Fastcar.shop","url":"https:\/\/fastcar.shop\/","logo":{"@type":"ImageObject","inLanguage":"lt-LT","@id":"https:\/\/fastcar.shop\/#\/schema\/logo\/image\/","url":"https:\/\/fastcar.shop\/wp-content\/uploads\/2017\/08\/FCS_JPEG-01-scaled.jpg","contentUrl":"https:\/\/fastcar.shop\/wp-content\/uploads\/2017\/08\/FCS_JPEG-01-scaled.jpg","width":2560,"height":1379,"caption":"Fastcar.shop"},"image":{"@id":"https:\/\/fastcar.shop\/#\/schema\/logo\/image\/"},"sameAs":["https:\/\/www.facebook.com\/FastcarLt?locale=lt_LT","https:\/\/www.instagram.com\/fastcar.shop\/"]}]}},"jetpack_sharing_enabled":true,"_links":{"self":[{"href":"https:\/\/fastcar.shop\/lt\/wp-json\/wp\/v2\/product\/3538","targetHints":{"allow":["GET"]}}],"collection":[{"href":"https:\/\/fastcar.shop\/lt\/wp-json\/wp\/v2\/product"}],"about":[{"href":"https:\/\/fastcar.shop\/lt\/wp-json\/wp\/v2\/types\/product"}],"wp:featuredmedia":[{"embeddable":true,"href":"https:\/\/fastcar.shop\/lt\/wp-json\/wp\/v2\/media\/3540"}],"wp:attachment":[{"href":"https:\/\/fastcar.shop\/lt\/wp-json\/wp\/v2\/media?parent=3538"}],"wp:term":[{"taxonomy":"product_brand","embeddable":true,"href":"https:\/\/fastcar.shop\/lt\/wp-json\/wp\/v2\/product_brand?post=3538"},{"taxonomy":"product_cat","embeddable":true,"href":"https:\/\/fastcar.shop\/lt\/wp-json\/wp\/v2\/product_cat?post=3538"},{"taxonomy":"product_tag","embeddable":true,"href":"https:\/\/fastcar.shop\/lt\/wp-json\/wp\/v2\/product_tag?post=3538"}],"curies":[{"name":"wp","href":"https:\/\/api.w.org\/{rel}","templated":true}]}}