{"id":3534,"date":"2022-05-13T21:00:06","date_gmt":"2022-05-13T21:00:06","guid":{"rendered":"https:\/\/fastcar.shop\/?post_type=product&#038;p=3534"},"modified":"2026-02-11T14:58:51","modified_gmt":"2026-02-11T12:58:51","slug":"lucas-complete-engine-fuel-cleaning-treatment-16fl-oz-473ml","status":"publish","type":"product","link":"https:\/\/fastcar.shop\/lt\/product\/lucas-complete-engine-fuel-cleaning-treatment-16fl-oz-473ml\/","title":{"rendered":"LUCAS Variklio Prie\u017ei\u016bros Priemon\u0117 473ml"},"content":{"rendered":"<p style=\"text-align: left;\">Lucas Complete Engine Treatment yra unikali formul\u0117, kuri valo ir sutepa kelias j\u016bs\u0173 transporto priemon\u0117s sistemas. \u012epiltas \u012f degalus, jis i\u0161valo ir sutepa visus komponentus nuo degal\u0173 bako iki cilindr\u0173. Jis pa\u0161alina nuos\u0117das, apsaugo nuo korozijos ir padeda kurui pilniau sudegti, o tai padeda suma\u017einti i\u0161metam\u0173j\u0173 ter\u0161al\u0173 kiek\u012f, pagerina degal\u0173 rid\u0105 ir padidina gali\u0105. \u012epiltas \u012f alyv\u0105, Lucas Complete Engine Treatment i\u0161valo j\u016bs\u0173 varikl\u012f ir sudaro apsaugin\u012f barjer\u0105 nuo kar\u0161\u010dio ir trinties, pagerina alyvos tek\u0117jim\u0105 \u0161altu oru ir pailgina alyvos naudojimo laik\u0105. VISIEMS VARIKLIMS IR ALYVOS TIPIEMS.<\/p>\n<p style=\"text-align: left;\"><strong>Pagrindiniai privalumai<\/strong><\/p>\n<div class=\"col-lg-6 col-md-6 col-sm-12\">\n<p style=\"text-align: left;\">Kai pridedama prie kuro:<\/p>\n<ul style=\"text-align: left;\">\n<li>I\u0161valo ir sutepa vis\u0105 kuro sistem\u0105 nuo bako iki purk\u0161tuk\u0173<\/li>\n<li>Pa\u0161alina kenksmingas nuos\u0117das ant \u012fsiurbimo vo\u017etuv\u0173 ir cilindr\u0173 galvu\u010di\u0173<\/li>\n<li>Sutepa vir\u0161utines cilindro sieneles, taip pat suspaudimo ir alyvos \u017eiedus<\/li>\n<li>Sud\u0117tyje yra speciali\u0173 Lucas pried\u0173, d\u0117l kuri\u0173 degalai gerai sudegina, tod\u0117l suma\u017e\u0117ja i\u0161metam\u0173j\u0173 ter\u0161al\u0173 kiekis ir padid\u0117ja MPG<\/li>\n<li>Slopina korozin\u012f degal\u0173 etanolio poveik\u012f<\/li>\n<\/ul>\n<p style=\"text-align: left;\">\u012epilant \u012f variklio alyv\u0105:<\/p>\n<ul>\n<li style=\"text-align: left;\">Pagerina variklio \u0161varum\u0105, suma\u017eina gumos ir lako kiek\u012f, ypa\u010d alyvos degikliuose<\/li>\n<li style=\"text-align: left;\">Suma\u017eina trint\u012f ir susid\u0117v\u0117jim\u0105<\/li>\n<li style=\"text-align: left;\">Pagerina sklandum\u0105 \u0161altoje temperat\u016broje<\/li>\n<li style=\"text-align: left;\">Sud\u0117tyje n\u0117ra alkoholio<\/li>\n<li style=\"text-align: left;\">Padeda prailginti alyvos tarnavimo laik\u0105<\/li>\n<\/ul>\n<p style=\"text-align: left;\"><a href=\"https:\/\/fastcar.shop\/wp-content\/uploads\/2022\/05\/Lucas_Complete_Engine_Treatment.pdf\">Specifikacijos <img loading=\"lazy\" decoding=\"async\" class=\"alignnone size-full wp-image-3251\" src=\"https:\/\/fastcar.shop\/wp-content\/uploads\/2022\/01\/pdf-e1641824783993.png\" alt=\"\" width=\"30\" height=\"23\" \/><\/a><\/p>\n<\/div>","protected":false},"excerpt":{"rendered":"<p style=\"text-align: left;\">Lucas Complete Engine Treatment yra unikali formul\u0117, kuri valo ir sutepa kelias j\u016bs\u0173 transporto priemon\u0117s sistemas.<\/p>","protected":false},"featured_media":3536,"template":"","meta":[],"product_brand":[],"product_cat":[1787,1788,885],"product_tag":[],"class_list":{"0":"post-3534","1":"product","2":"type-product","3":"status-publish","4":"has-post-thumbnail","6":"product_cat-engine-oil-additives","7":"product_cat-fuel-treatments","8":"product_cat-oils_lubricants","9":"product_provider-lucas-oil","11":"first","12":"instock","13":"taxable","14":"shipping-taxable","15":"purchasable","16":"product-type-simple"},"aioseo_notices":[],"yoast_head":"<!-- This site is optimized with the Yoast SEO plugin v27.3 - https:\/\/yoast.com\/product\/yoast-seo-wordpress\/ -->\n<title>LUCAS Complete Engine &amp; Fuel Cleaning Treatment 16fl oz 473ml<\/title>\n<meta name=\"robots\" content=\"index, follow, max-snippet:-1, max-image-preview:large, max-video-preview:-1\" \/>\n<link rel=\"canonical\" href=\"https:\/\/fastcar.shop\/lt\/produktas\/lucas-complete-engine-fuel-cleaning-treatment-16fl-oz-473ml\/\" \/>\n<meta property=\"og:locale\" content=\"lt_LT\" \/>\n<meta property=\"og:type\" content=\"article\" \/>\n<meta property=\"og:title\" content=\"LUCAS Complete Engine &amp; Fuel Cleaning Treatment 16fl oz 473ml\" \/>\n<meta property=\"og:description\" content=\"Lucas Complete Engine Treatment is a unique formulation that cleans and lubricates multiple systems in your vehicle.\" \/>\n<meta property=\"og:url\" content=\"https:\/\/fastcar.shop\/lt\/produktas\/lucas-complete-engine-fuel-cleaning-treatment-16fl-oz-473ml\/\" \/>\n<meta property=\"og:site_name\" content=\"Fast Car Shop\" \/>\n<meta property=\"article:publisher\" content=\"https:\/\/www.facebook.com\/FastcarLt?locale=lt_LT\" \/>\n<meta property=\"article:modified_time\" content=\"2026-02-11T12:58:51+00:00\" \/>\n<meta property=\"og:image\" content=\"https:\/\/fastcar.shop\/wp-content\/uploads\/2022\/05\/lucas-40016-complete-engine-treatment-e1640176949682.jpg\" \/>\n\t<meta property=\"og:image:width\" content=\"950\" \/>\n\t<meta property=\"og:image:height\" content=\"950\" \/>\n\t<meta property=\"og:image:type\" content=\"image\/jpeg\" \/>\n<meta name=\"twitter:card\" content=\"summary_large_image\" \/>\n<meta name=\"twitter:label1\" content=\"Est. reading time\" \/>\n\t<meta name=\"twitter:data1\" content=\"1 minut\u0117\" \/>\n<!-- \/ Yoast SEO plugin. -->","yoast_head_json":{"title":"LUCAS Complete Engine & Fuel Cleaning Treatment 16fl oz 473ml","robots":{"index":"index","follow":"follow","max-snippet":"max-snippet:-1","max-image-preview":"max-image-preview:large","max-video-preview":"max-video-preview:-1"},"canonical":"https:\/\/fastcar.shop\/lt\/produktas\/lucas-complete-engine-fuel-cleaning-treatment-16fl-oz-473ml\/","og_locale":"lt_LT","og_type":"article","og_title":"LUCAS Complete Engine & Fuel Cleaning Treatment 16fl oz 473ml","og_description":"Lucas Complete Engine Treatment is a unique formulation that cleans and lubricates multiple systems in your vehicle.","og_url":"https:\/\/fastcar.shop\/lt\/produktas\/lucas-complete-engine-fuel-cleaning-treatment-16fl-oz-473ml\/","og_site_name":"Fast Car Shop","article_publisher":"https:\/\/www.facebook.com\/FastcarLt?locale=lt_LT","article_modified_time":"2026-02-11T12:58:51+00:00","og_image":[{"width":950,"height":950,"url":"https:\/\/fastcar.shop\/wp-content\/uploads\/2022\/05\/lucas-40016-complete-engine-treatment-e1640176949682.jpg","type":"image\/jpeg"}],"twitter_card":"summary_large_image","twitter_misc":{"Est. reading time":"1 minut\u0117"},"schema":{"@context":"https:\/\/schema.org","@graph":[{"@type":"WebPage","@id":"https:\/\/fastcar.shop\/product\/lucas-complete-engine-fuel-cleaning-treatment-16fl-oz-473ml\/","url":"https:\/\/fastcar.shop\/product\/lucas-complete-engine-fuel-cleaning-treatment-16fl-oz-473ml\/","name":"LUCAS Complete Engine & Fuel Cleaning Treatment 16fl oz 473ml","isPartOf":{"@id":"https:\/\/fastcar.shop\/#website"},"primaryImageOfPage":{"@id":"https:\/\/fastcar.shop\/product\/lucas-complete-engine-fuel-cleaning-treatment-16fl-oz-473ml\/#primaryimage"},"image":{"@id":"https:\/\/fastcar.shop\/product\/lucas-complete-engine-fuel-cleaning-treatment-16fl-oz-473ml\/#primaryimage"},"thumbnailUrl":"https:\/\/fastcar.shop\/wp-content\/uploads\/2022\/05\/lucas-40016-complete-engine-treatment-e1640176949682.jpg","datePublished":"2022-05-13T21:00:06+00:00","dateModified":"2026-02-11T12:58:51+00:00","breadcrumb":{"@id":"https:\/\/fastcar.shop\/product\/lucas-complete-engine-fuel-cleaning-treatment-16fl-oz-473ml\/#breadcrumb"},"inLanguage":"lt-LT","potentialAction":[{"@type":"ReadAction","target":["https:\/\/fastcar.shop\/product\/lucas-complete-engine-fuel-cleaning-treatment-16fl-oz-473ml\/"]}]},{"@type":"ImageObject","inLanguage":"lt-LT","@id":"https:\/\/fastcar.shop\/product\/lucas-complete-engine-fuel-cleaning-treatment-16fl-oz-473ml\/#primaryimage","url":"https:\/\/fastcar.shop\/wp-content\/uploads\/2022\/05\/lucas-40016-complete-engine-treatment-e1640176949682.jpg","contentUrl":"https:\/\/fastcar.shop\/wp-content\/uploads\/2022\/05\/lucas-40016-complete-engine-treatment-e1640176949682.jpg","width":950,"height":950},{"@type":"BreadcrumbList","@id":"https:\/\/fastcar.shop\/product\/lucas-complete-engine-fuel-cleaning-treatment-16fl-oz-473ml\/#breadcrumb","itemListElement":[{"@type":"ListItem","position":1,"name":"Home","item":"https:\/\/fastcar.shop\/"},{"@type":"ListItem","position":2,"name":"Shop","item":"https:\/\/fastcar.shop\/shop\/"},{"@type":"ListItem","position":3,"name":"LUCAS Complete Engine &#038; Fuel Cleaning Treatment 16fl oz 473ml"}]},{"@type":"WebSite","@id":"https:\/\/fastcar.shop\/#website","url":"https:\/\/fastcar.shop\/","name":"Greit\u0173 automobili\u0173 parduotuv\u0117","description":"","publisher":{"@id":"https:\/\/fastcar.shop\/#organization"},"potentialAction":[{"@type":"SearchAction","target":{"@type":"EntryPoint","urlTemplate":"https:\/\/fastcar.shop\/?s={search_term_string}"},"query-input":{"@type":"PropertyValueSpecification","valueRequired":true,"valueName":"search_term_string"}}],"inLanguage":"lt-LT"},{"@type":"Organization","@id":"https:\/\/fastcar.shop\/#organization","name":"Fastcar.shop","url":"https:\/\/fastcar.shop\/","logo":{"@type":"ImageObject","inLanguage":"lt-LT","@id":"https:\/\/fastcar.shop\/#\/schema\/logo\/image\/","url":"https:\/\/fastcar.shop\/wp-content\/uploads\/2017\/08\/FCS_JPEG-01-scaled.jpg","contentUrl":"https:\/\/fastcar.shop\/wp-content\/uploads\/2017\/08\/FCS_JPEG-01-scaled.jpg","width":2560,"height":1379,"caption":"Fastcar.shop"},"image":{"@id":"https:\/\/fastcar.shop\/#\/schema\/logo\/image\/"},"sameAs":["https:\/\/www.facebook.com\/FastcarLt?locale=lt_LT","https:\/\/www.instagram.com\/fastcar.shop\/"]}]}},"jetpack_sharing_enabled":true,"_links":{"self":[{"href":"https:\/\/fastcar.shop\/lt\/wp-json\/wp\/v2\/product\/3534","targetHints":{"allow":["GET"]}}],"collection":[{"href":"https:\/\/fastcar.shop\/lt\/wp-json\/wp\/v2\/product"}],"about":[{"href":"https:\/\/fastcar.shop\/lt\/wp-json\/wp\/v2\/types\/product"}],"wp:featuredmedia":[{"embeddable":true,"href":"https:\/\/fastcar.shop\/lt\/wp-json\/wp\/v2\/media\/3536"}],"wp:attachment":[{"href":"https:\/\/fastcar.shop\/lt\/wp-json\/wp\/v2\/media?parent=3534"}],"wp:term":[{"taxonomy":"product_brand","embeddable":true,"href":"https:\/\/fastcar.shop\/lt\/wp-json\/wp\/v2\/product_brand?post=3534"},{"taxonomy":"product_cat","embeddable":true,"href":"https:\/\/fastcar.shop\/lt\/wp-json\/wp\/v2\/product_cat?post=3534"},{"taxonomy":"product_tag","embeddable":true,"href":"https:\/\/fastcar.shop\/lt\/wp-json\/wp\/v2\/product_tag?post=3534"}],"curies":[{"name":"wp","href":"https:\/\/api.w.org\/{rel}","templated":true}]}}