{"id":3530,"date":"2022-05-13T10:29:48","date_gmt":"2022-05-13T10:29:48","guid":{"rendered":"https:\/\/fastcar.shop\/?post_type=product&#038;p=3530"},"modified":"2026-02-11T14:59:20","modified_gmt":"2026-02-11T12:59:20","slug":"lucas-safeguard-ethanol-fuel-conditioner-5-25fl-oz-155ml","status":"publish","type":"product","link":"https:\/\/fastcar.shop\/lt\/product\/lucas-safeguard-ethanol-fuel-conditioner-5-25fl-oz-155ml\/","title":{"rendered":"LUCAS Safeguard etanolio kuro Kondicionierius 155ml"},"content":{"rendered":"<p style=\"text-align: left;\">\u201eLucas Safeguard\u201c etanolio degal\u0173 kondicionierius su stabilizatoriais buvo sukurtas specialiai sprend\u017eiant problemas, susijusias su etanolio pagrindu pagamint\u0173 degal\u0173 naudojimu. Tai taikoma E10, E15, E85, grynam etanoliui ir bet kokiems j\u0173 mi\u0161iniams, \u012fskaitant benzin\u0105\/benzin\u0105. M\u016bs\u0173 produktas yra visi\u0161kai tirpus visuose etanolio degaluose ir nepakenks filtrams. Lucas Safeguard etanolio degal\u0173 kondicionieriuje su stabilizatoriais yra veiksming\u0173 pried\u0173, apsaugan\u010di\u0173 nuo r\u016bd\u017ei\u0173 ir korozijos, susijusios su etanolio kuro naudojimu.<\/p>\n<p style=\"text-align: left;\"><strong>Pagrindiniai privalumai<\/strong><\/p>\n<ul>\n<li style=\"text-align: left;\">I\u0161valo purk\u0161tukus, vo\u017etuv\u0173 lizdus, degimo kameras ir kitus svarbius kuro komponentus<\/li>\n<li style=\"text-align: left;\">Stabilizuoja degalus ir apsaugo nuo lako ir dervos susidarymo etanolyje ir benzine\/benzine<\/li>\n<li style=\"text-align: left;\">Kovoja su nuos\u0117domis ir apsaugo j\u016bs\u0173 variklio alyvos tepalus nuo \u017ealingo alkoholio degimo poveikio<\/li>\n<li style=\"text-align: left;\"><b>NETINKAMAS DYZELUI<\/b><\/li>\n<\/ul>\n<p style=\"text-align: left;\"><a href=\"https:\/\/fastcar.shop\/wp-content\/uploads\/2022\/05\/lucas-TDS_Safeguard-Ethanol-Fuel-Treatment.pdf\">Specifikacijos <img loading=\"lazy\" decoding=\"async\" class=\"alignnone size-full wp-image-3251\" src=\"https:\/\/fastcar.shop\/wp-content\/uploads\/2022\/01\/pdf-e1641824783993.png\" alt=\"\" width=\"30\" height=\"23\" \/><\/a><\/p>","protected":false},"excerpt":{"rendered":"<p style=\"text-align: left;\">\u201eLucas Safeguard\u201c etanolio degal\u0173 kondicionierius su stabilizatoriais buvo sukurtas specialiai sprend\u017eiant problemas, susijusias su etanolio pagrindu pagamint\u0173 degal\u0173 naudojimu.<\/p>","protected":false},"featured_media":3532,"template":"","meta":[],"product_brand":[],"product_cat":[1788,885],"product_tag":[],"class_list":{"0":"post-3530","1":"product","2":"type-product","3":"status-publish","4":"has-post-thumbnail","6":"product_cat-fuel-treatments","7":"product_cat-oils_lubricants","8":"product_provider-lucas-oil","10":"first","11":"instock","12":"taxable","13":"shipping-taxable","14":"purchasable","15":"product-type-simple"},"aioseo_notices":[],"yoast_head":"<!-- This site is optimized with the Yoast SEO plugin v27.3 - https:\/\/yoast.com\/product\/yoast-seo-wordpress\/ -->\n<title>LUCAS Safeguard Ethanol Fuel Conditioner 5.25fl oz 155ml<\/title>\n<meta name=\"robots\" content=\"index, follow, max-snippet:-1, max-image-preview:large, max-video-preview:-1\" \/>\n<link rel=\"canonical\" href=\"https:\/\/fastcar.shop\/lt\/produktas\/lucas-safeguard-ethanol-fuel-conditioner-5-25fl-oz-155ml\/\" \/>\n<meta property=\"og:locale\" content=\"lt_LT\" \/>\n<meta property=\"og:type\" content=\"article\" \/>\n<meta property=\"og:title\" content=\"LUCAS Safeguard Ethanol Fuel Conditioner 5.25fl oz 155ml\" \/>\n<meta property=\"og:description\" content=\"Lucas Safeguard Ethanol Fuel Conditioner with Stabilisers was developed to specifically address issues associated with using ethanol based fuels.\" \/>\n<meta property=\"og:url\" content=\"https:\/\/fastcar.shop\/lt\/produktas\/lucas-safeguard-ethanol-fuel-conditioner-5-25fl-oz-155ml\/\" \/>\n<meta property=\"og:site_name\" content=\"Fast Car Shop\" \/>\n<meta property=\"article:publisher\" content=\"https:\/\/www.facebook.com\/FastcarLt?locale=lt_LT\" \/>\n<meta property=\"article:modified_time\" content=\"2026-02-11T12:59:20+00:00\" \/>\n<meta property=\"og:image\" content=\"https:\/\/fastcar.shop\/wp-content\/uploads\/2022\/05\/10670_Safeguard_800x950-sm-e1640168922983.jpg\" \/>\n\t<meta property=\"og:image:width\" content=\"950\" \/>\n\t<meta property=\"og:image:height\" content=\"950\" \/>\n\t<meta property=\"og:image:type\" content=\"image\/jpeg\" \/>\n<meta name=\"twitter:card\" content=\"summary_large_image\" \/>\n<meta name=\"twitter:label1\" content=\"Est. reading time\" \/>\n\t<meta name=\"twitter:data1\" content=\"1 minut\u0117\" \/>\n<!-- \/ Yoast SEO plugin. -->","yoast_head_json":{"title":"LUCAS Safeguard etanolio kuro Kondicionierius 155ml","robots":{"index":"index","follow":"follow","max-snippet":"max-snippet:-1","max-image-preview":"max-image-preview:large","max-video-preview":"max-video-preview:-1"},"canonical":"https:\/\/fastcar.shop\/lt\/produktas\/lucas-safeguard-ethanol-fuel-conditioner-5-25fl-oz-155ml\/","og_locale":"lt_LT","og_type":"article","og_title":"LUCAS Safeguard Ethanol Fuel Conditioner 5.25fl oz 155ml","og_description":"Lucas Safeguard Ethanol Fuel Conditioner with Stabilisers was developed to specifically address issues associated with using ethanol based fuels.","og_url":"https:\/\/fastcar.shop\/lt\/produktas\/lucas-safeguard-ethanol-fuel-conditioner-5-25fl-oz-155ml\/","og_site_name":"Fast Car Shop","article_publisher":"https:\/\/www.facebook.com\/FastcarLt?locale=lt_LT","article_modified_time":"2026-02-11T12:59:20+00:00","og_image":[{"width":950,"height":950,"url":"https:\/\/fastcar.shop\/wp-content\/uploads\/2022\/05\/10670_Safeguard_800x950-sm-e1640168922983.jpg","type":"image\/jpeg"}],"twitter_card":"summary_large_image","twitter_misc":{"Est. reading time":"1 minut\u0117"},"schema":{"@context":"https:\/\/schema.org","@graph":[{"@type":"WebPage","@id":"https:\/\/fastcar.shop\/product\/lucas-safeguard-ethanol-fuel-conditioner-5-25fl-oz-155ml\/","url":"https:\/\/fastcar.shop\/product\/lucas-safeguard-ethanol-fuel-conditioner-5-25fl-oz-155ml\/","name":"LUCAS Safeguard etanolio kuro Kondicionierius 155ml","isPartOf":{"@id":"https:\/\/fastcar.shop\/#website"},"primaryImageOfPage":{"@id":"https:\/\/fastcar.shop\/product\/lucas-safeguard-ethanol-fuel-conditioner-5-25fl-oz-155ml\/#primaryimage"},"image":{"@id":"https:\/\/fastcar.shop\/product\/lucas-safeguard-ethanol-fuel-conditioner-5-25fl-oz-155ml\/#primaryimage"},"thumbnailUrl":"https:\/\/fastcar.shop\/wp-content\/uploads\/2022\/05\/10670_Safeguard_800x950-sm-e1640168922983.jpg","datePublished":"2022-05-13T10:29:48+00:00","dateModified":"2026-02-11T12:59:20+00:00","breadcrumb":{"@id":"https:\/\/fastcar.shop\/product\/lucas-safeguard-ethanol-fuel-conditioner-5-25fl-oz-155ml\/#breadcrumb"},"inLanguage":"lt-LT","potentialAction":[{"@type":"ReadAction","target":["https:\/\/fastcar.shop\/product\/lucas-safeguard-ethanol-fuel-conditioner-5-25fl-oz-155ml\/"]}]},{"@type":"ImageObject","inLanguage":"lt-LT","@id":"https:\/\/fastcar.shop\/product\/lucas-safeguard-ethanol-fuel-conditioner-5-25fl-oz-155ml\/#primaryimage","url":"https:\/\/fastcar.shop\/wp-content\/uploads\/2022\/05\/10670_Safeguard_800x950-sm-e1640168922983.jpg","contentUrl":"https:\/\/fastcar.shop\/wp-content\/uploads\/2022\/05\/10670_Safeguard_800x950-sm-e1640168922983.jpg","width":950,"height":950},{"@type":"BreadcrumbList","@id":"https:\/\/fastcar.shop\/product\/lucas-safeguard-ethanol-fuel-conditioner-5-25fl-oz-155ml\/#breadcrumb","itemListElement":[{"@type":"ListItem","position":1,"name":"Home","item":"https:\/\/fastcar.shop\/"},{"@type":"ListItem","position":2,"name":"Shop","item":"https:\/\/fastcar.shop\/shop\/"},{"@type":"ListItem","position":3,"name":"LUCAS Safeguard Ethanol Fuel Conditioner 5.25fl oz 155ml"}]},{"@type":"WebSite","@id":"https:\/\/fastcar.shop\/#website","url":"https:\/\/fastcar.shop\/","name":"Greit\u0173 automobili\u0173 parduotuv\u0117","description":"","publisher":{"@id":"https:\/\/fastcar.shop\/#organization"},"potentialAction":[{"@type":"SearchAction","target":{"@type":"EntryPoint","urlTemplate":"https:\/\/fastcar.shop\/?s={search_term_string}"},"query-input":{"@type":"PropertyValueSpecification","valueRequired":true,"valueName":"search_term_string"}}],"inLanguage":"lt-LT"},{"@type":"Organization","@id":"https:\/\/fastcar.shop\/#organization","name":"Fastcar.shop","url":"https:\/\/fastcar.shop\/","logo":{"@type":"ImageObject","inLanguage":"lt-LT","@id":"https:\/\/fastcar.shop\/#\/schema\/logo\/image\/","url":"https:\/\/fastcar.shop\/wp-content\/uploads\/2017\/08\/FCS_JPEG-01-scaled.jpg","contentUrl":"https:\/\/fastcar.shop\/wp-content\/uploads\/2017\/08\/FCS_JPEG-01-scaled.jpg","width":2560,"height":1379,"caption":"Fastcar.shop"},"image":{"@id":"https:\/\/fastcar.shop\/#\/schema\/logo\/image\/"},"sameAs":["https:\/\/www.facebook.com\/FastcarLt?locale=lt_LT","https:\/\/www.instagram.com\/fastcar.shop\/"]}]}},"jetpack_sharing_enabled":true,"_links":{"self":[{"href":"https:\/\/fastcar.shop\/lt\/wp-json\/wp\/v2\/product\/3530","targetHints":{"allow":["GET"]}}],"collection":[{"href":"https:\/\/fastcar.shop\/lt\/wp-json\/wp\/v2\/product"}],"about":[{"href":"https:\/\/fastcar.shop\/lt\/wp-json\/wp\/v2\/types\/product"}],"wp:featuredmedia":[{"embeddable":true,"href":"https:\/\/fastcar.shop\/lt\/wp-json\/wp\/v2\/media\/3532"}],"wp:attachment":[{"href":"https:\/\/fastcar.shop\/lt\/wp-json\/wp\/v2\/media?parent=3530"}],"wp:term":[{"taxonomy":"product_brand","embeddable":true,"href":"https:\/\/fastcar.shop\/lt\/wp-json\/wp\/v2\/product_brand?post=3530"},{"taxonomy":"product_cat","embeddable":true,"href":"https:\/\/fastcar.shop\/lt\/wp-json\/wp\/v2\/product_cat?post=3530"},{"taxonomy":"product_tag","embeddable":true,"href":"https:\/\/fastcar.shop\/lt\/wp-json\/wp\/v2\/product_tag?post=3530"}],"curies":[{"name":"wp","href":"https:\/\/api.w.org\/{rel}","templated":true}]}}