{"id":3522,"date":"2022-05-13T09:48:57","date_gmt":"2022-05-13T09:48:57","guid":{"rendered":"https:\/\/fastcar.shop\/?post_type=product&#038;p=3522"},"modified":"2026-02-11T15:03:38","modified_gmt":"2026-02-11T13:03:38","slug":"lucas-deep-clean-diesel-fuel-system-cleaner-power-booster-5-25fl-oz-155ml","status":"publish","type":"product","link":"https:\/\/fastcar.shop\/lt\/product\/lucas-deep-clean-diesel-fuel-system-cleaner-power-booster-5-25fl-oz-155ml\/","title":{"rendered":"LUCAS Deep Clean dyzelinio kuro sistemos valiklis 155ml"},"content":{"rendered":"<p style=\"text-align: left;\">Tai puiki profilaktin\u0117s prie\u017ei\u016bros priemon\u0117. U\u017etikrina \u0161varesn\u012f degal\u0173 degim\u0105 ir ma\u017eesn\u012f kiet\u0173 daleli\u0173 kiek\u012f i\u0161metimo sistemoje. Taip pat pa\u0161alina jau \u012f filtr\u0105 patekusias daleles. Suma\u017eina i\u0161metam\u0173j\u0173 duj\u0173 prie\u0161sl\u0117g\u012f, tod\u0117l variklis dirba \u201elengviau\u201c ir \u017eemesn\u0117je temperat\u016broje. Taip pat suma\u017eina dilim\u0105 ir prastovas d\u0117l suod\u017ei\u0173 filtr\u0173 b\u016bkl\u0117s.<\/p>\n<p style=\"text-align: left;\"><strong>Pagrindiniai privalumai<\/strong><\/p>\n<ul>\n<li style=\"text-align: left;\">Suma\u017eina kiet\u0173 daleli\u0173 kiek\u012f filtruose<\/li>\n<li style=\"text-align: left;\">I\u0161valo degal\u0173 purk\u0161tukus<\/li>\n<li style=\"text-align: left;\">Padeda i\u0161vengti galios suma\u017e\u0117jimo<\/li>\n<li style=\"text-align: left;\">Pagerina pagreit\u0117jim\u0105<\/li>\n<\/ul>\n<p style=\"text-align: left;\"><a href=\"https:\/\/fastcar.shop\/wp-content\/uploads\/2022\/05\/Lucas-TDS_Deep-Clean-Fuel-System-Cleaner.pdf\">Specifikacijos <img loading=\"lazy\" decoding=\"async\" class=\"alignnone size-full wp-image-3251\" src=\"https:\/\/fastcar.shop\/wp-content\/uploads\/2022\/01\/pdf-e1641824783993.png\" alt=\"\" width=\"30\" height=\"23\" \/><\/a><\/p>","protected":false},"excerpt":{"rendered":"<p style=\"text-align: left;\">\u201eDiesel Deep Clean\u201c \u2013 tai nauja technologija, skirta suma\u017einti suod\u017ei\u0173 filtro prie\u017ei\u016bros kain\u0105 ir problemas.<\/p>","protected":false},"featured_media":3875,"template":"","meta":[],"product_brand":[],"product_cat":[1788,885],"product_tag":[],"class_list":{"0":"post-3522","1":"product","2":"type-product","3":"status-publish","4":"has-post-thumbnail","6":"product_cat-fuel-treatments","7":"product_cat-oils_lubricants","8":"product_provider-lucas-oil","10":"first","11":"instock","12":"taxable","13":"shipping-taxable","14":"purchasable","15":"product-type-simple"},"aioseo_notices":[],"yoast_head":"<!-- This site is optimized with the Yoast SEO plugin v27.3 - https:\/\/yoast.com\/product\/yoast-seo-wordpress\/ -->\n<title>LUCAS Deep Clean Diesel Fuel System Cleaner 5.25fl oz 155ml<\/title>\n<meta name=\"robots\" content=\"index, follow, max-snippet:-1, max-image-preview:large, max-video-preview:-1\" \/>\n<link rel=\"canonical\" href=\"https:\/\/fastcar.shop\/lt\/produktas\/lucas-deep-clean-diesel-fuel-system-cleaner-power-booster-5-25fl-oz-155ml\/\" \/>\n<meta property=\"og:locale\" content=\"lt_LT\" \/>\n<meta property=\"og:type\" content=\"article\" \/>\n<meta property=\"og:title\" content=\"LUCAS Deep Clean Diesel Fuel System Cleaner 5.25fl oz 155ml\" \/>\n<meta property=\"og:description\" content=\"Lucas Deep Clean is blended with an exclusive Lucas additive package and specific carrier fluid that contains no harmful chemicals that can be harmful or useless to an engine.\" \/>\n<meta property=\"og:url\" content=\"https:\/\/fastcar.shop\/lt\/produktas\/lucas-deep-clean-diesel-fuel-system-cleaner-power-booster-5-25fl-oz-155ml\/\" \/>\n<meta property=\"og:site_name\" content=\"Fast Car Shop\" \/>\n<meta property=\"article:publisher\" content=\"https:\/\/www.facebook.com\/FastcarLt?locale=lt_LT\" \/>\n<meta property=\"article:modified_time\" content=\"2026-02-11T13:03:38+00:00\" \/>\n<meta property=\"og:image\" content=\"https:\/\/fastcar.shop\/wp-content\/uploads\/2022\/05\/Lucas_diesel_deep_clean.jpg\" \/>\n\t<meta property=\"og:image:width\" content=\"1000\" \/>\n\t<meta property=\"og:image:height\" content=\"1150\" \/>\n\t<meta property=\"og:image:type\" content=\"image\/jpeg\" \/>\n<meta name=\"twitter:card\" content=\"summary_large_image\" \/>\n<!-- \/ Yoast SEO plugin. -->","yoast_head_json":{"title":"LUCAS Deep Clean dyzelinio kuro sistemos valiklis 155ml","robots":{"index":"index","follow":"follow","max-snippet":"max-snippet:-1","max-image-preview":"max-image-preview:large","max-video-preview":"max-video-preview:-1"},"canonical":"https:\/\/fastcar.shop\/lt\/produktas\/lucas-deep-clean-diesel-fuel-system-cleaner-power-booster-5-25fl-oz-155ml\/","og_locale":"lt_LT","og_type":"article","og_title":"LUCAS Deep Clean Diesel Fuel System Cleaner 5.25fl oz 155ml","og_description":"Lucas Deep Clean is blended with an exclusive Lucas additive package and specific carrier fluid that contains no harmful chemicals that can be harmful or useless to an engine.","og_url":"https:\/\/fastcar.shop\/lt\/produktas\/lucas-deep-clean-diesel-fuel-system-cleaner-power-booster-5-25fl-oz-155ml\/","og_site_name":"Fast Car Shop","article_publisher":"https:\/\/www.facebook.com\/FastcarLt?locale=lt_LT","article_modified_time":"2026-02-11T13:03:38+00:00","og_image":[{"width":1000,"height":1150,"url":"https:\/\/fastcar.shop\/wp-content\/uploads\/2022\/05\/Lucas_diesel_deep_clean.jpg","type":"image\/jpeg"}],"twitter_card":"summary_large_image","schema":{"@context":"https:\/\/schema.org","@graph":[{"@type":"WebPage","@id":"https:\/\/fastcar.shop\/product\/lucas-deep-clean-diesel-fuel-system-cleaner-power-booster-5-25fl-oz-155ml\/","url":"https:\/\/fastcar.shop\/product\/lucas-deep-clean-diesel-fuel-system-cleaner-power-booster-5-25fl-oz-155ml\/","name":"LUCAS Deep Clean dyzelinio kuro sistemos valiklis 155ml","isPartOf":{"@id":"https:\/\/fastcar.shop\/#website"},"primaryImageOfPage":{"@id":"https:\/\/fastcar.shop\/product\/lucas-deep-clean-diesel-fuel-system-cleaner-power-booster-5-25fl-oz-155ml\/#primaryimage"},"image":{"@id":"https:\/\/fastcar.shop\/product\/lucas-deep-clean-diesel-fuel-system-cleaner-power-booster-5-25fl-oz-155ml\/#primaryimage"},"thumbnailUrl":"https:\/\/fastcar.shop\/wp-content\/uploads\/2022\/05\/Lucas_diesel_deep_clean.jpg","datePublished":"2022-05-13T09:48:57+00:00","dateModified":"2026-02-11T13:03:38+00:00","breadcrumb":{"@id":"https:\/\/fastcar.shop\/product\/lucas-deep-clean-diesel-fuel-system-cleaner-power-booster-5-25fl-oz-155ml\/#breadcrumb"},"inLanguage":"lt-LT","potentialAction":[{"@type":"ReadAction","target":["https:\/\/fastcar.shop\/product\/lucas-deep-clean-diesel-fuel-system-cleaner-power-booster-5-25fl-oz-155ml\/"]}]},{"@type":"ImageObject","inLanguage":"lt-LT","@id":"https:\/\/fastcar.shop\/product\/lucas-deep-clean-diesel-fuel-system-cleaner-power-booster-5-25fl-oz-155ml\/#primaryimage","url":"https:\/\/fastcar.shop\/wp-content\/uploads\/2022\/05\/Lucas_diesel_deep_clean.jpg","contentUrl":"https:\/\/fastcar.shop\/wp-content\/uploads\/2022\/05\/Lucas_diesel_deep_clean.jpg","width":1000,"height":1150},{"@type":"BreadcrumbList","@id":"https:\/\/fastcar.shop\/product\/lucas-deep-clean-diesel-fuel-system-cleaner-power-booster-5-25fl-oz-155ml\/#breadcrumb","itemListElement":[{"@type":"ListItem","position":1,"name":"Home","item":"https:\/\/fastcar.shop\/"},{"@type":"ListItem","position":2,"name":"Shop","item":"https:\/\/fastcar.shop\/shop\/"},{"@type":"ListItem","position":3,"name":"LUCAS Deep Clean Diesel Fuel System Cleaner 5.25fl oz 155ml"}]},{"@type":"WebSite","@id":"https:\/\/fastcar.shop\/#website","url":"https:\/\/fastcar.shop\/","name":"Greit\u0173 automobili\u0173 parduotuv\u0117","description":"","publisher":{"@id":"https:\/\/fastcar.shop\/#organization"},"potentialAction":[{"@type":"SearchAction","target":{"@type":"EntryPoint","urlTemplate":"https:\/\/fastcar.shop\/?s={search_term_string}"},"query-input":{"@type":"PropertyValueSpecification","valueRequired":true,"valueName":"search_term_string"}}],"inLanguage":"lt-LT"},{"@type":"Organization","@id":"https:\/\/fastcar.shop\/#organization","name":"Fastcar.shop","url":"https:\/\/fastcar.shop\/","logo":{"@type":"ImageObject","inLanguage":"lt-LT","@id":"https:\/\/fastcar.shop\/#\/schema\/logo\/image\/","url":"https:\/\/fastcar.shop\/wp-content\/uploads\/2017\/08\/FCS_JPEG-01-scaled.jpg","contentUrl":"https:\/\/fastcar.shop\/wp-content\/uploads\/2017\/08\/FCS_JPEG-01-scaled.jpg","width":2560,"height":1379,"caption":"Fastcar.shop"},"image":{"@id":"https:\/\/fastcar.shop\/#\/schema\/logo\/image\/"},"sameAs":["https:\/\/www.facebook.com\/FastcarLt?locale=lt_LT","https:\/\/www.instagram.com\/fastcar.shop\/"]}]}},"jetpack_sharing_enabled":true,"_links":{"self":[{"href":"https:\/\/fastcar.shop\/lt\/wp-json\/wp\/v2\/product\/3522","targetHints":{"allow":["GET"]}}],"collection":[{"href":"https:\/\/fastcar.shop\/lt\/wp-json\/wp\/v2\/product"}],"about":[{"href":"https:\/\/fastcar.shop\/lt\/wp-json\/wp\/v2\/types\/product"}],"wp:featuredmedia":[{"embeddable":true,"href":"https:\/\/fastcar.shop\/lt\/wp-json\/wp\/v2\/media\/3875"}],"wp:attachment":[{"href":"https:\/\/fastcar.shop\/lt\/wp-json\/wp\/v2\/media?parent=3522"}],"wp:term":[{"taxonomy":"product_brand","embeddable":true,"href":"https:\/\/fastcar.shop\/lt\/wp-json\/wp\/v2\/product_brand?post=3522"},{"taxonomy":"product_cat","embeddable":true,"href":"https:\/\/fastcar.shop\/lt\/wp-json\/wp\/v2\/product_cat?post=3522"},{"taxonomy":"product_tag","embeddable":true,"href":"https:\/\/fastcar.shop\/lt\/wp-json\/wp\/v2\/product_tag?post=3522"}],"curies":[{"name":"wp","href":"https:\/\/api.w.org\/{rel}","templated":true}]}}