{"id":3515,"date":"2022-05-13T08:23:13","date_gmt":"2022-05-13T08:23:13","guid":{"rendered":"https:\/\/fastcar.shop\/?post_type=product&#038;p=3515"},"modified":"2025-12-09T08:39:30","modified_gmt":"2025-12-09T06:39:30","slug":"lucas-engine-oil-stop-leak-1-quart-32fl-oz-946ml","status":"publish","type":"product","link":"https:\/\/fastcar.shop\/lt\/product\/lucas-engine-oil-stop-leak-1-quart-32fl-oz-946ml\/","title":{"rendered":"LUCAS variklio alyvos nuot\u0117kio stabdymo priemon\u0117 946ml"},"content":{"rendered":"<div class=\"col-lg-6 col-md-6 col-sm-12\">\n<p style=\"text-align: left;\">\u201eLucas Engine Oil Stop Leak\u201c yra visi\u0161kai nauja \u201eLucas\u201c pried\u0173 ir labai specifini\u0173 bazini\u0173 med\u017eiag\u0173 formul\u0117, skirta sustabdyti sandarikli\u0173 nuot\u0117k\u012f varikliuose!<\/p>\n<ul>\n<li style=\"text-align: left;\">Suderinamas su naftin\u0117mis, pusiau sintetin\u0117mis ir visi\u0161kai sintetin\u0117mis variklin\u0117mis alyvomis<\/li>\n<li style=\"text-align: left;\">Atnaujina susid\u0117v\u0117jusius sandariklius be \u017ealos ar galimos korozijos pavojaus<\/li>\n<li style=\"text-align: left;\">Suma\u017eina variklio triuk\u0161m\u0105 ir alyvos s\u0105naudas, kartu padidindamas alyvos sl\u0117g\u012f<\/li>\n<li style=\"text-align: left;\">Sud\u0117tyje n\u0117ra kenksming\u0173 tirpikli\u0173<\/li>\n<\/ul>\n<p style=\"text-align: left;\"><a href=\"https:\/\/fastcar.shop\/wp-content\/uploads\/2022\/05\/LUCAS-TDS_Engine-Oil-Stop-Leak.pdf\">Specifikacijos <img loading=\"lazy\" decoding=\"async\" class=\"alignnone size-full wp-image-3251\" src=\"https:\/\/fastcar.shop\/wp-content\/uploads\/2022\/01\/pdf-e1641824783993.png\" alt=\"\" width=\"30\" height=\"23\" \/><\/a><\/p>\n<\/div>","protected":false},"excerpt":{"rendered":"<p style=\"text-align: left;\">\u201eLucas Engine Oil Stop Leak\u201c yra visi\u0161kai nauja \u201eLucas\u201c pried\u0173 ir labai specifini\u0173 bazini\u0173 med\u017eiag\u0173 formul\u0117, skirta sustabdyti sandarikli\u0173 nuot\u0117k\u012f varikliuose!<\/p>","protected":false},"featured_media":3516,"template":"","meta":[],"product_brand":[],"product_cat":[1787,885],"product_tag":[],"class_list":{"0":"post-3515","1":"product","2":"type-product","3":"status-publish","4":"has-post-thumbnail","6":"product_cat-engine-oil-additives","7":"product_cat-oils_lubricants","8":"product_provider-lucas-oil","10":"first","11":"instock","12":"taxable","13":"shipping-taxable","14":"purchasable","15":"product-type-simple"},"aioseo_notices":[],"yoast_head":"<!-- This site is optimized with the Yoast SEO plugin v27.6 - https:\/\/yoast.com\/product\/yoast-seo-wordpress\/ -->\n<title>LUCAS Engine Oil Stop Leak 1 Quart 32fl oz 946ml<\/title>\n<meta name=\"robots\" content=\"index, follow, max-snippet:-1, max-image-preview:large, max-video-preview:-1\" \/>\n<link rel=\"canonical\" href=\"https:\/\/fastcar.shop\/lt\/produktas\/lucas-engine-oil-stop-leak-1-quart-32fl-oz-946ml\/\" \/>\n<meta property=\"og:locale\" content=\"lt_LT\" \/>\n<meta property=\"og:type\" content=\"article\" \/>\n<meta property=\"og:title\" content=\"LUCAS Engine Oil Stop Leak 1 Quart 32fl oz 946ml\" \/>\n<meta property=\"og:description\" content=\"Lucas Engine Oil Stop Leak is an all new formulation of Lucas additives and very specific base stocks designed to stop seal leaks in engines!\" \/>\n<meta property=\"og:url\" content=\"https:\/\/fastcar.shop\/lt\/produktas\/lucas-engine-oil-stop-leak-1-quart-32fl-oz-946ml\/\" \/>\n<meta property=\"og:site_name\" content=\"Fast Car Shop\" \/>\n<meta property=\"article:publisher\" content=\"https:\/\/www.facebook.com\/FastcarLt?locale=lt_LT\" \/>\n<meta property=\"article:modified_time\" content=\"2025-12-09T06:39:30+00:00\" \/>\n<meta property=\"og:image\" content=\"https:\/\/fastcar.shop\/wp-content\/uploads\/2022\/05\/lucas-stop-leak.jpg\" \/>\n\t<meta property=\"og:image:width\" content=\"950\" \/>\n\t<meta property=\"og:image:height\" content=\"950\" \/>\n\t<meta property=\"og:image:type\" content=\"image\/jpeg\" \/>\n<meta name=\"twitter:card\" content=\"summary_large_image\" \/>\n<!-- \/ Yoast SEO plugin. -->","yoast_head_json":{"title":"LUCAS variklio alyvos nuot\u0117kio stabdymo priemon\u0117 946ml","robots":{"index":"index","follow":"follow","max-snippet":"max-snippet:-1","max-image-preview":"max-image-preview:large","max-video-preview":"max-video-preview:-1"},"canonical":"https:\/\/fastcar.shop\/lt\/produktas\/lucas-engine-oil-stop-leak-1-quart-32fl-oz-946ml\/","og_locale":"lt_LT","og_type":"article","og_title":"LUCAS Engine Oil Stop Leak 1 Quart 32fl oz 946ml","og_description":"Lucas Engine Oil Stop Leak is an all new formulation of Lucas additives and very specific base stocks designed to stop seal leaks in engines!","og_url":"https:\/\/fastcar.shop\/lt\/produktas\/lucas-engine-oil-stop-leak-1-quart-32fl-oz-946ml\/","og_site_name":"Fast Car Shop","article_publisher":"https:\/\/www.facebook.com\/FastcarLt?locale=lt_LT","article_modified_time":"2025-12-09T06:39:30+00:00","og_image":[{"width":950,"height":950,"url":"https:\/\/fastcar.shop\/wp-content\/uploads\/2022\/05\/lucas-stop-leak.jpg","type":"image\/jpeg"}],"twitter_card":"summary_large_image","schema":{"@context":"https:\/\/schema.org","@graph":[{"@type":"WebPage","@id":"https:\/\/fastcar.shop\/product\/lucas-engine-oil-stop-leak-1-quart-32fl-oz-946ml\/","url":"https:\/\/fastcar.shop\/product\/lucas-engine-oil-stop-leak-1-quart-32fl-oz-946ml\/","name":"LUCAS variklio alyvos nuot\u0117kio stabdymo priemon\u0117 946ml","isPartOf":{"@id":"https:\/\/fastcar.shop\/#website"},"primaryImageOfPage":{"@id":"https:\/\/fastcar.shop\/product\/lucas-engine-oil-stop-leak-1-quart-32fl-oz-946ml\/#primaryimage"},"image":{"@id":"https:\/\/fastcar.shop\/product\/lucas-engine-oil-stop-leak-1-quart-32fl-oz-946ml\/#primaryimage"},"thumbnailUrl":"https:\/\/fastcar.shop\/wp-content\/uploads\/2022\/05\/lucas-stop-leak.jpg","datePublished":"2022-05-13T08:23:13+00:00","dateModified":"2025-12-09T06:39:30+00:00","breadcrumb":{"@id":"https:\/\/fastcar.shop\/product\/lucas-engine-oil-stop-leak-1-quart-32fl-oz-946ml\/#breadcrumb"},"inLanguage":"lt-LT","potentialAction":[{"@type":"ReadAction","target":["https:\/\/fastcar.shop\/product\/lucas-engine-oil-stop-leak-1-quart-32fl-oz-946ml\/"]}]},{"@type":"ImageObject","inLanguage":"lt-LT","@id":"https:\/\/fastcar.shop\/product\/lucas-engine-oil-stop-leak-1-quart-32fl-oz-946ml\/#primaryimage","url":"https:\/\/fastcar.shop\/wp-content\/uploads\/2022\/05\/lucas-stop-leak.jpg","contentUrl":"https:\/\/fastcar.shop\/wp-content\/uploads\/2022\/05\/lucas-stop-leak.jpg","width":950,"height":950},{"@type":"BreadcrumbList","@id":"https:\/\/fastcar.shop\/product\/lucas-engine-oil-stop-leak-1-quart-32fl-oz-946ml\/#breadcrumb","itemListElement":[{"@type":"ListItem","position":1,"name":"Home","item":"https:\/\/fastcar.shop\/"},{"@type":"ListItem","position":2,"name":"Shop","item":"https:\/\/fastcar.shop\/shop\/"},{"@type":"ListItem","position":3,"name":"LUCAS Engine Oil Stop Leak 1 Quart 32fl oz 946ml"}]},{"@type":"WebSite","@id":"https:\/\/fastcar.shop\/#website","url":"https:\/\/fastcar.shop\/","name":"Greit\u0173 automobili\u0173 parduotuv\u0117","description":"","publisher":{"@id":"https:\/\/fastcar.shop\/#organization"},"potentialAction":[{"@type":"SearchAction","target":{"@type":"EntryPoint","urlTemplate":"https:\/\/fastcar.shop\/?s={search_term_string}"},"query-input":{"@type":"PropertyValueSpecification","valueRequired":true,"valueName":"search_term_string"}}],"inLanguage":"lt-LT"},{"@type":"Organization","@id":"https:\/\/fastcar.shop\/#organization","name":"Fastcar.shop","url":"https:\/\/fastcar.shop\/","logo":{"@type":"ImageObject","inLanguage":"lt-LT","@id":"https:\/\/fastcar.shop\/#\/schema\/logo\/image\/","url":"https:\/\/fastcar.shop\/wp-content\/uploads\/2017\/08\/FCS_JPEG-01-scaled.jpg","contentUrl":"https:\/\/fastcar.shop\/wp-content\/uploads\/2017\/08\/FCS_JPEG-01-scaled.jpg","width":2560,"height":1379,"caption":"Fastcar.shop"},"image":{"@id":"https:\/\/fastcar.shop\/#\/schema\/logo\/image\/"},"sameAs":["https:\/\/www.facebook.com\/FastcarLt?locale=lt_LT","https:\/\/www.instagram.com\/fastcar.shop\/"]}]}},"jetpack_sharing_enabled":true,"_links":{"self":[{"href":"https:\/\/fastcar.shop\/lt\/wp-json\/wp\/v2\/product\/3515","targetHints":{"allow":["GET"]}}],"collection":[{"href":"https:\/\/fastcar.shop\/lt\/wp-json\/wp\/v2\/product"}],"about":[{"href":"https:\/\/fastcar.shop\/lt\/wp-json\/wp\/v2\/types\/product"}],"wp:featuredmedia":[{"embeddable":true,"href":"https:\/\/fastcar.shop\/lt\/wp-json\/wp\/v2\/media\/3516"}],"wp:attachment":[{"href":"https:\/\/fastcar.shop\/lt\/wp-json\/wp\/v2\/media?parent=3515"}],"wp:term":[{"taxonomy":"product_brand","embeddable":true,"href":"https:\/\/fastcar.shop\/lt\/wp-json\/wp\/v2\/product_brand?post=3515"},{"taxonomy":"product_cat","embeddable":true,"href":"https:\/\/fastcar.shop\/lt\/wp-json\/wp\/v2\/product_cat?post=3515"},{"taxonomy":"product_tag","embeddable":true,"href":"https:\/\/fastcar.shop\/lt\/wp-json\/wp\/v2\/product_tag?post=3515"}],"curies":[{"name":"wp","href":"https:\/\/api.w.org\/{rel}","templated":true}]}}