{"id":3504,"date":"2022-05-03T12:18:08","date_gmt":"2022-05-03T12:18:08","guid":{"rendered":"https:\/\/fastcar.shop\/?post_type=product&#038;p=3504"},"modified":"2025-04-09T16:14:51","modified_gmt":"2025-04-09T13:14:51","slug":"stay-fast-oil-treatment-1l","status":"publish","type":"product","link":"https:\/\/fastcar.shop\/lt\/product\/stay-fast-oil-treatment-1l\/","title":{"rendered":"MILLERS OILS Stay-Fast aliejaus valiklis 1 l"},"content":{"rendered":"<p style=\"text-align: left;\">\u012epilkite \u012f \u012fprastus aliejus santykiu 1:10<\/p>\n<p style=\"text-align: left;\">Padeda suma\u017einti alyvos s\u0105naudas ir triuk\u0161m\u0105 susid\u0117v\u0117jusiuose varikliuose, pavar\u0173 d\u0117\u017e\u0117se ir pramonin\u0117je \u012frangoje.<\/p>","protected":false},"excerpt":{"rendered":"<p style=\"text-align: left;\">Millers Oils Stay-Fast Oil Treatment sustiprintas alyvos stabilizatorius.<\/p>","protected":false},"featured_media":3505,"template":"","meta":[],"product_brand":[],"product_cat":[1787,885],"product_tag":[],"class_list":{"0":"post-3504","1":"product","2":"type-product","3":"status-publish","4":"has-post-thumbnail","6":"product_cat-engine-oil-additives","7":"product_cat-oils_lubricants","8":"product_provider-millers-oils","10":"first","11":"instock","12":"taxable","13":"shipping-taxable","14":"purchasable","15":"product-type-simple"},"aioseo_notices":[],"yoast_head":"<!-- This site is optimized with the Yoast SEO plugin v27.3 - https:\/\/yoast.com\/product\/yoast-seo-wordpress\/ -->\n<title>Stay-Fast Oil Treatment 1L<\/title>\n<meta name=\"robots\" content=\"index, follow, max-snippet:-1, max-image-preview:large, max-video-preview:-1\" \/>\n<link rel=\"canonical\" href=\"https:\/\/fastcar.shop\/lt\/produktas\/stay-fast-oil-treatment-1l\/\" \/>\n<meta property=\"og:locale\" content=\"lt_LT\" \/>\n<meta property=\"og:type\" content=\"article\" \/>\n<meta property=\"og:title\" content=\"Stay-Fast Oil Treatment 1L\" \/>\n<meta property=\"og:description\" content=\"Millers Oils Stay-Fast Oil Treatment heavy duty oil stabilizer.\" \/>\n<meta property=\"og:url\" content=\"https:\/\/fastcar.shop\/lt\/produktas\/stay-fast-oil-treatment-1l\/\" \/>\n<meta property=\"og:site_name\" content=\"Fast Car Shop\" \/>\n<meta property=\"article:publisher\" content=\"https:\/\/www.facebook.com\/FastcarLt?locale=lt_LT\" \/>\n<meta property=\"article:modified_time\" content=\"2025-04-09T13:14:51+00:00\" \/>\n<meta property=\"og:image\" content=\"https:\/\/fastcar.shop\/wp-content\/uploads\/2022\/05\/millers_oils_stay_fast.jpg\" \/>\n\t<meta property=\"og:image:width\" content=\"1010\" \/>\n\t<meta property=\"og:image:height\" content=\"927\" \/>\n\t<meta property=\"og:image:type\" content=\"image\/jpeg\" \/>\n<meta name=\"twitter:card\" content=\"summary_large_image\" \/>\n<!-- \/ Yoast SEO plugin. -->","yoast_head_json":{"title":"Stay-Fast Alyvos Stabilizatorius 1L","robots":{"index":"index","follow":"follow","max-snippet":"max-snippet:-1","max-image-preview":"max-image-preview:large","max-video-preview":"max-video-preview:-1"},"canonical":"https:\/\/fastcar.shop\/lt\/produktas\/stay-fast-oil-treatment-1l\/","og_locale":"lt_LT","og_type":"article","og_title":"Stay-Fast Oil Treatment 1L","og_description":"Millers Oils Stay-Fast Oil Treatment heavy duty oil stabilizer.","og_url":"https:\/\/fastcar.shop\/lt\/produktas\/stay-fast-oil-treatment-1l\/","og_site_name":"Fast Car Shop","article_publisher":"https:\/\/www.facebook.com\/FastcarLt?locale=lt_LT","article_modified_time":"2025-04-09T13:14:51+00:00","og_image":[{"width":1010,"height":927,"url":"https:\/\/fastcar.shop\/wp-content\/uploads\/2022\/05\/millers_oils_stay_fast.jpg","type":"image\/jpeg"}],"twitter_card":"summary_large_image","schema":{"@context":"https:\/\/schema.org","@graph":[{"@type":"WebPage","@id":"https:\/\/fastcar.shop\/product\/stay-fast-oil-treatment-1l\/","url":"https:\/\/fastcar.shop\/product\/stay-fast-oil-treatment-1l\/","name":"Stay-Fast Alyvos Stabilizatorius 1L","isPartOf":{"@id":"https:\/\/fastcar.shop\/#website"},"primaryImageOfPage":{"@id":"https:\/\/fastcar.shop\/product\/stay-fast-oil-treatment-1l\/#primaryimage"},"image":{"@id":"https:\/\/fastcar.shop\/product\/stay-fast-oil-treatment-1l\/#primaryimage"},"thumbnailUrl":"https:\/\/fastcar.shop\/wp-content\/uploads\/2022\/05\/millers_oils_stay_fast.jpg","datePublished":"2022-05-03T12:18:08+00:00","dateModified":"2025-04-09T13:14:51+00:00","breadcrumb":{"@id":"https:\/\/fastcar.shop\/product\/stay-fast-oil-treatment-1l\/#breadcrumb"},"inLanguage":"lt-LT","potentialAction":[{"@type":"ReadAction","target":["https:\/\/fastcar.shop\/product\/stay-fast-oil-treatment-1l\/"]}]},{"@type":"ImageObject","inLanguage":"lt-LT","@id":"https:\/\/fastcar.shop\/product\/stay-fast-oil-treatment-1l\/#primaryimage","url":"https:\/\/fastcar.shop\/wp-content\/uploads\/2022\/05\/millers_oils_stay_fast.jpg","contentUrl":"https:\/\/fastcar.shop\/wp-content\/uploads\/2022\/05\/millers_oils_stay_fast.jpg","width":1010,"height":927},{"@type":"BreadcrumbList","@id":"https:\/\/fastcar.shop\/product\/stay-fast-oil-treatment-1l\/#breadcrumb","itemListElement":[{"@type":"ListItem","position":1,"name":"Home","item":"https:\/\/fastcar.shop\/"},{"@type":"ListItem","position":2,"name":"Shop","item":"https:\/\/fastcar.shop\/shop\/"},{"@type":"ListItem","position":3,"name":"MILLERS OILS Stay-Fast Oil Treatment 1L"}]},{"@type":"WebSite","@id":"https:\/\/fastcar.shop\/#website","url":"https:\/\/fastcar.shop\/","name":"Greit\u0173 automobili\u0173 parduotuv\u0117","description":"","publisher":{"@id":"https:\/\/fastcar.shop\/#organization"},"potentialAction":[{"@type":"SearchAction","target":{"@type":"EntryPoint","urlTemplate":"https:\/\/fastcar.shop\/?s={search_term_string}"},"query-input":{"@type":"PropertyValueSpecification","valueRequired":true,"valueName":"search_term_string"}}],"inLanguage":"lt-LT"},{"@type":"Organization","@id":"https:\/\/fastcar.shop\/#organization","name":"Fastcar.shop","url":"https:\/\/fastcar.shop\/","logo":{"@type":"ImageObject","inLanguage":"lt-LT","@id":"https:\/\/fastcar.shop\/#\/schema\/logo\/image\/","url":"https:\/\/fastcar.shop\/wp-content\/uploads\/2017\/08\/FCS_JPEG-01-scaled.jpg","contentUrl":"https:\/\/fastcar.shop\/wp-content\/uploads\/2017\/08\/FCS_JPEG-01-scaled.jpg","width":2560,"height":1379,"caption":"Fastcar.shop"},"image":{"@id":"https:\/\/fastcar.shop\/#\/schema\/logo\/image\/"},"sameAs":["https:\/\/www.facebook.com\/FastcarLt?locale=lt_LT","https:\/\/www.instagram.com\/fastcar.shop\/"]}]}},"jetpack_sharing_enabled":true,"_links":{"self":[{"href":"https:\/\/fastcar.shop\/lt\/wp-json\/wp\/v2\/product\/3504","targetHints":{"allow":["GET"]}}],"collection":[{"href":"https:\/\/fastcar.shop\/lt\/wp-json\/wp\/v2\/product"}],"about":[{"href":"https:\/\/fastcar.shop\/lt\/wp-json\/wp\/v2\/types\/product"}],"wp:featuredmedia":[{"embeddable":true,"href":"https:\/\/fastcar.shop\/lt\/wp-json\/wp\/v2\/media\/3505"}],"wp:attachment":[{"href":"https:\/\/fastcar.shop\/lt\/wp-json\/wp\/v2\/media?parent=3504"}],"wp:term":[{"taxonomy":"product_brand","embeddable":true,"href":"https:\/\/fastcar.shop\/lt\/wp-json\/wp\/v2\/product_brand?post=3504"},{"taxonomy":"product_cat","embeddable":true,"href":"https:\/\/fastcar.shop\/lt\/wp-json\/wp\/v2\/product_cat?post=3504"},{"taxonomy":"product_tag","embeddable":true,"href":"https:\/\/fastcar.shop\/lt\/wp-json\/wp\/v2\/product_tag?post=3504"}],"curies":[{"name":"wp","href":"https:\/\/api.w.org\/{rel}","templated":true}]}}