{"id":3394,"date":"2022-01-26T17:25:22","date_gmt":"2022-01-26T17:25:22","guid":{"rendered":"https:\/\/fastcar.shop\/?post_type=product&#038;p=3394"},"modified":"2025-04-09T16:15:13","modified_gmt":"2025-04-09T13:15:13","slug":"petrol-power-ecomax-multi-shot-500ml","status":"publish","type":"product","link":"https:\/\/fastcar.shop\/lt\/product\/petrol-power-ecomax-multi-shot-500ml\/","title":{"rendered":"MILLERS OILS Petrol Power Ecomax \u2013 Multi Shot 500ml"},"content":{"rendered":"<div class=\"product_single__features__title\">\n<p style=\"text-align: left;\">SAVYB\u0116S IR PRIVALUMAI<\/p>\n<\/div>\n<div class=\"product_single__features__content\">\n<div class=\"wprt-container\">\n<ul>\n<li style=\"text-align: left;\">Tinka naudoti visuose benzininiuose lengvuosiuose automobiliuose ir lengvose komercin\u0117se transporto priemon\u0117se.<\/li>\n<li style=\"text-align: left;\">Padidina degal\u0173 oktanin\u012f skai\u010di\u0173 iki 3 skai\u010di\u0173.<\/li>\n<li style=\"text-align: left;\">Padidina gali\u0105 ir mpg.<\/li>\n<li style=\"text-align: left;\">Pagerintas benzino purk\u0161tuk\u0173 efektyvumas ir \u0161vara.<\/li>\n<li style=\"text-align: left;\">Geresn\u0117 karbiuratoriaus vidini\u0173 komponent\u0173 ir purk\u0161tuk\u0173 \u0161vara.<\/li>\n<li style=\"text-align: left;\">Pagerinta \u012fleidimo kolektoriaus ir vo\u017etuvo \u0161varumo b\u016bkl\u0117.<\/li>\n<li style=\"text-align: left;\">Suma\u017eina nuos\u0117das degimo kameroje.<\/li>\n<li style=\"text-align: left;\">Padeda kontroliuoti korozij\u0105 degal\u0173 sistemoje.<\/li>\n<li style=\"text-align: left;\">I\u0161laiko katalizatoriaus efektyvum\u0105 ir padeda pagyvinti katalizinius konverterius.<\/li>\n<li style=\"text-align: left;\">Geresnis degimas ir variklio \u0161vara drasti\u0161kai suma\u017eina angliavandenili\u0173 (HC), anglies dioksido (CO2) ir azoto oksido (NOx) i\u0161metim\u0105.<\/li>\n<li style=\"text-align: left;\">Idealiai tinka valymo proced\u016brai prie\u0161 MOT bandym\u0105.<\/li>\n<\/ul>\n<p style=\"text-align: left;\"><a href=\"https:\/\/fastcar.shop\/wp-content\/uploads\/2022\/01\/Millers_oills-Petrol-Power-Ecomax-Multi-Shot.pdf\">Gaminio duomen\u0173 lapas<img loading=\"lazy\" decoding=\"async\" class=\"alignnone size-full wp-image-3251\" src=\"https:\/\/fastcar.shop\/wp-content\/uploads\/2022\/01\/pdf-e1641824783993.png\" alt=\"\" width=\"30\" height=\"23\" \/><\/a><\/p>\n<\/div>\n<\/div>","protected":false},"excerpt":{"rendered":"<p style=\"text-align: left;\">Petrol Power ECOMAX \u2013 Multi Shot yra oktaninio skai\u010diaus didinimo ir ploviklio paketas, papildantis be\u0161vin\u012f kur\u0105 3 oktaniniais skai\u010diais.<br \/>\nTinka naudoti visuose benzininiuose lengvuosiuose automobiliuose ir lengvose komercin\u0117se transporto priemon\u0117se.<br \/>\n\u012epilkite butelio turin\u012f \u012f 60 litr\u0173 benzino.<\/p>\n<p style=\"text-align: left;\">Atkreipkite d\u0117mes\u012f \u2013 \u201eBenzino Power ECOMAX One Shot Boost\u201c neapsaugo vo\u017etuvo lizdo. Senesniems automobiliams rekomenduojame:<br \/>\nMillers Oils VSPe Power Plus Fuel Treatment 250ml One Shot<br \/>\nMillers Oils VSPe Power Plus Fuel Treatment 500ml Multi Shot<\/p>\n<p style=\"text-align: left;\">Senesniems automobiliams, skirtiems va\u017eiuoti \u0161vino benzinu, rekomenduojame:<br \/>\nMillers Oils CVL Competition Valve Lubricant 250ml<\/p>","protected":false},"featured_media":3479,"template":"","meta":[],"product_brand":[],"product_cat":[1788,885],"product_tag":[],"class_list":{"0":"post-3394","1":"product","2":"type-product","3":"status-publish","4":"has-post-thumbnail","6":"product_cat-fuel-treatments","7":"product_cat-oils_lubricants","8":"product_provider-millers-oils","10":"first","11":"instock","12":"taxable","13":"shipping-taxable","14":"purchasable","15":"product-type-simple"},"aioseo_notices":[],"yoast_head":"<!-- This site is optimized with the Yoast SEO plugin v27.4 - https:\/\/yoast.com\/product\/yoast-seo-wordpress\/ -->\n<title>Petrol Power Ecomax \u2013 Multi Shot 500ml<\/title>\n<meta name=\"robots\" content=\"index, follow, max-snippet:-1, max-image-preview:large, max-video-preview:-1\" \/>\n<link rel=\"canonical\" href=\"https:\/\/fastcar.shop\/lt\/produktas\/petrol-power-ecomax-multi-shot-500ml\/\" \/>\n<meta property=\"og:locale\" content=\"lt_LT\" \/>\n<meta property=\"og:type\" content=\"article\" \/>\n<meta property=\"og:title\" content=\"Petrol Power Ecomax \u2013 Multi Shot 500ml\" \/>\n<meta property=\"og:description\" content=\"Petrol Power ECOMAX \u2013 Multi Shot is an octane booster and detergent package adding 3 octane numbers to unleaded fuel. Suitable for use in all petrol passenger car and light commercial vehicle applications. Add the contents of the bottle to 60 litres of petrol. Please Note \u2013 Petrol Power ECOMAX One Shot Boost does not provide valve seat protection.\u00a0 For older cars we recommend: Millers Oils VSPe Power Plus Fuel Treatment 250ml One Shot Millers Oils VSPe Power Plus Fuel Treatment 500ml Multi Shot For older cars designed to run on leaded petrol we recommend: Millers Oils CVL Competition Valve Lubricant 250ml\" \/>\n<meta property=\"og:url\" content=\"https:\/\/fastcar.shop\/lt\/produktas\/petrol-power-ecomax-multi-shot-500ml\/\" \/>\n<meta property=\"og:site_name\" content=\"Fast Car Shop\" \/>\n<meta property=\"article:publisher\" content=\"https:\/\/www.facebook.com\/FastcarLt?locale=lt_LT\" \/>\n<meta property=\"article:modified_time\" content=\"2025-04-09T13:15:13+00:00\" \/>\n<meta property=\"og:image\" content=\"https:\/\/fastcar.shop\/wp-content\/uploads\/2022\/01\/Millers_oils-Petrol-Power-Ecomax-500ml.jpg\" \/>\n\t<meta property=\"og:image:width\" content=\"560\" \/>\n\t<meta property=\"og:image:height\" content=\"560\" \/>\n\t<meta property=\"og:image:type\" content=\"image\/jpeg\" \/>\n<meta name=\"twitter:card\" content=\"summary_large_image\" \/>\n<meta name=\"twitter:label1\" content=\"Est. reading time\" \/>\n\t<meta name=\"twitter:data1\" content=\"1 minut\u0117\" \/>\n<!-- \/ Yoast SEO plugin. -->","yoast_head_json":{"title":"Benzino priedas Power Ecomax \u2013 Multi Shot 500ml","robots":{"index":"index","follow":"follow","max-snippet":"max-snippet:-1","max-image-preview":"max-image-preview:large","max-video-preview":"max-video-preview:-1"},"canonical":"https:\/\/fastcar.shop\/lt\/produktas\/petrol-power-ecomax-multi-shot-500ml\/","og_locale":"lt_LT","og_type":"article","og_title":"Petrol Power Ecomax \u2013 Multi Shot 500ml","og_description":"Petrol Power ECOMAX \u2013 Multi Shot is an octane booster and detergent package adding 3 octane numbers to unleaded fuel. Suitable for use in all petrol passenger car and light commercial vehicle applications. Add the contents of the bottle to 60 litres of petrol. Please Note \u2013 Petrol Power ECOMAX One Shot Boost does not provide valve seat protection.\u00a0 For older cars we recommend: Millers Oils VSPe Power Plus Fuel Treatment 250ml One Shot Millers Oils VSPe Power Plus Fuel Treatment 500ml Multi Shot For older cars designed to run on leaded petrol we recommend: Millers Oils CVL Competition Valve Lubricant 250ml","og_url":"https:\/\/fastcar.shop\/lt\/produktas\/petrol-power-ecomax-multi-shot-500ml\/","og_site_name":"Fast Car Shop","article_publisher":"https:\/\/www.facebook.com\/FastcarLt?locale=lt_LT","article_modified_time":"2025-04-09T13:15:13+00:00","og_image":[{"width":560,"height":560,"url":"https:\/\/fastcar.shop\/wp-content\/uploads\/2022\/01\/Millers_oils-Petrol-Power-Ecomax-500ml.jpg","type":"image\/jpeg"}],"twitter_card":"summary_large_image","twitter_misc":{"Est. reading time":"1 minut\u0117"},"schema":{"@context":"https:\/\/schema.org","@graph":[{"@type":"WebPage","@id":"https:\/\/fastcar.shop\/product\/petrol-power-ecomax-multi-shot-500ml\/","url":"https:\/\/fastcar.shop\/product\/petrol-power-ecomax-multi-shot-500ml\/","name":"Benzino priedas Power Ecomax \u2013 Multi Shot 500ml","isPartOf":{"@id":"https:\/\/fastcar.shop\/#website"},"primaryImageOfPage":{"@id":"https:\/\/fastcar.shop\/product\/petrol-power-ecomax-multi-shot-500ml\/#primaryimage"},"image":{"@id":"https:\/\/fastcar.shop\/product\/petrol-power-ecomax-multi-shot-500ml\/#primaryimage"},"thumbnailUrl":"https:\/\/fastcar.shop\/wp-content\/uploads\/2022\/01\/Millers_oils-Petrol-Power-Ecomax-500ml.jpg","datePublished":"2022-01-26T17:25:22+00:00","dateModified":"2025-04-09T13:15:13+00:00","breadcrumb":{"@id":"https:\/\/fastcar.shop\/product\/petrol-power-ecomax-multi-shot-500ml\/#breadcrumb"},"inLanguage":"lt-LT","potentialAction":[{"@type":"ReadAction","target":["https:\/\/fastcar.shop\/product\/petrol-power-ecomax-multi-shot-500ml\/"]}]},{"@type":"ImageObject","inLanguage":"lt-LT","@id":"https:\/\/fastcar.shop\/product\/petrol-power-ecomax-multi-shot-500ml\/#primaryimage","url":"https:\/\/fastcar.shop\/wp-content\/uploads\/2022\/01\/Millers_oils-Petrol-Power-Ecomax-500ml.jpg","contentUrl":"https:\/\/fastcar.shop\/wp-content\/uploads\/2022\/01\/Millers_oils-Petrol-Power-Ecomax-500ml.jpg","width":560,"height":560},{"@type":"BreadcrumbList","@id":"https:\/\/fastcar.shop\/product\/petrol-power-ecomax-multi-shot-500ml\/#breadcrumb","itemListElement":[{"@type":"ListItem","position":1,"name":"Home","item":"https:\/\/fastcar.shop\/"},{"@type":"ListItem","position":2,"name":"Shop","item":"https:\/\/fastcar.shop\/shop\/"},{"@type":"ListItem","position":3,"name":"MILLERS OILS Petrol Power Ecomax \u2013 Multi Shot 500ml"}]},{"@type":"WebSite","@id":"https:\/\/fastcar.shop\/#website","url":"https:\/\/fastcar.shop\/","name":"Greit\u0173 automobili\u0173 parduotuv\u0117","description":"","publisher":{"@id":"https:\/\/fastcar.shop\/#organization"},"potentialAction":[{"@type":"SearchAction","target":{"@type":"EntryPoint","urlTemplate":"https:\/\/fastcar.shop\/?s={search_term_string}"},"query-input":{"@type":"PropertyValueSpecification","valueRequired":true,"valueName":"search_term_string"}}],"inLanguage":"lt-LT"},{"@type":"Organization","@id":"https:\/\/fastcar.shop\/#organization","name":"Fastcar.shop","url":"https:\/\/fastcar.shop\/","logo":{"@type":"ImageObject","inLanguage":"lt-LT","@id":"https:\/\/fastcar.shop\/#\/schema\/logo\/image\/","url":"https:\/\/fastcar.shop\/wp-content\/uploads\/2017\/08\/FCS_JPEG-01-scaled.jpg","contentUrl":"https:\/\/fastcar.shop\/wp-content\/uploads\/2017\/08\/FCS_JPEG-01-scaled.jpg","width":2560,"height":1379,"caption":"Fastcar.shop"},"image":{"@id":"https:\/\/fastcar.shop\/#\/schema\/logo\/image\/"},"sameAs":["https:\/\/www.facebook.com\/FastcarLt?locale=lt_LT","https:\/\/www.instagram.com\/fastcar.shop\/"]}]}},"jetpack_sharing_enabled":true,"_links":{"self":[{"href":"https:\/\/fastcar.shop\/lt\/wp-json\/wp\/v2\/product\/3394","targetHints":{"allow":["GET"]}}],"collection":[{"href":"https:\/\/fastcar.shop\/lt\/wp-json\/wp\/v2\/product"}],"about":[{"href":"https:\/\/fastcar.shop\/lt\/wp-json\/wp\/v2\/types\/product"}],"wp:featuredmedia":[{"embeddable":true,"href":"https:\/\/fastcar.shop\/lt\/wp-json\/wp\/v2\/media\/3479"}],"wp:attachment":[{"href":"https:\/\/fastcar.shop\/lt\/wp-json\/wp\/v2\/media?parent=3394"}],"wp:term":[{"taxonomy":"product_brand","embeddable":true,"href":"https:\/\/fastcar.shop\/lt\/wp-json\/wp\/v2\/product_brand?post=3394"},{"taxonomy":"product_cat","embeddable":true,"href":"https:\/\/fastcar.shop\/lt\/wp-json\/wp\/v2\/product_cat?post=3394"},{"taxonomy":"product_tag","embeddable":true,"href":"https:\/\/fastcar.shop\/lt\/wp-json\/wp\/v2\/product_tag?post=3394"}],"curies":[{"name":"wp","href":"https:\/\/api.w.org\/{rel}","templated":true}]}}